{"id":9148,"date":"2024-05-17T13:53:53","date_gmt":"2024-05-17T11:53:53","guid":{"rendered":"https:\/\/plazatorosmarbella.com\/?post_type=product&#038;p=9148"},"modified":"2026-04-22T16:03:33","modified_gmt":"2026-04-22T14:03:33","slug":"bilety-vip","status":"publish","type":"product","link":"https:\/\/plazatorosmarbella.com\/pl\/producto\/bilety-vip\/","title":{"rendered":"Bilety VIP"},"content":{"rendered":"<section class=\"l-section wpb_row height_medium\"><div class=\"l-section-h i-cf\"><div class=\"g-cols vc_row via_grid cols_1 laptops-cols_inherit tablets-cols_inherit mobiles-cols_1 valign_top type_default stacking_default\"><div class=\"wpb_column vc_column_container\"><div class=\"vc_column-inner\"><\/div><\/div><\/div><\/div><\/section>\n","protected":false},"excerpt":{"rendered":"<ul>\n<li>Bilety na miejsca w lo\u017cy na pierwszym poziomie (w cieniu) peleryn<\/li>\n<li>Wej\u015bcie bez kolejki przez specjaln\u0105 bramk\u0119<\/li>\n<li>Ekskluzywny kelner dla Boxa<\/li>\n<li>Nielimitowane jedzenie i napoje premium<\/li>\n<\/ul>\n","protected":false},"featured_media":9138,"comment_status":"open","ping_status":"closed","template":"","meta":[],"product_brand":[],"product_cat":[215],"product_tag":[],"class_list":{"0":"post-9148","1":"product","2":"type-product","3":"status-publish","4":"has-post-thumbnail","6":"product_cat-bilety-vip","8":"first","9":"instock","10":"taxable","11":"shipping-taxable","12":"purchasable","13":"product-type-variable"},"yoast_head":"<!-- This site is optimized with the Yoast SEO plugin v27.4 - https:\/\/yoast.com\/product\/yoast-seo-wordpress\/ -->\n<title>Walka byk\u00f3w VIP Lo\u017ca Bilety Walka byk\u00f3w Bullring Marbella<\/title>\n<meta name=\"description\" content=\"Bilety do lo\u017cy VIP na walk\u0119 byk\u00f3w na arenie w Marbelli | Potwierdzone plakaty walk byk\u00f3w | Wybierz \u017c\u0105dan\u0105 dat\u0119\" \/>\n<meta name=\"robots\" content=\"index, follow, max-snippet:-1, max-image-preview:large, max-video-preview:-1\" \/>\n<link rel=\"canonical\" href=\"https:\/\/plazatorosmarbella.com\/pl\/producto\/bilety-vip\/\" \/>\n<meta property=\"og:locale\" content=\"pl_PL\" \/>\n<meta property=\"og:type\" content=\"article\" \/>\n<meta property=\"og:title\" content=\"Walka byk\u00f3w VIP Lo\u017ca Bilety Walka byk\u00f3w Bullring Marbella\" \/>\n<meta property=\"og:description\" content=\"Bilety do lo\u017cy VIP na walk\u0119 byk\u00f3w na arenie w Marbelli | Potwierdzone plakaty walk byk\u00f3w | Wybierz \u017c\u0105dan\u0105 dat\u0119\" \/>\n<meta property=\"og:url\" content=\"https:\/\/plazatorosmarbella.com\/pl\/producto\/bilety-vip\/\" \/>\n<meta property=\"og:site_name\" content=\"Plaza Toros Marbella\" \/>\n<meta property=\"article:modified_time\" content=\"2026-04-22T14:03:33+00:00\" \/>\n<meta property=\"og:image\" content=\"https:\/\/plazatorosmarbella.com\/wp-content\/uploads\/2024\/05\/Palcos-VIP.webp\" \/>\n\t<meta property=\"og:image:width\" content=\"900\" \/>\n\t<meta property=\"og:image:height\" content=\"900\" \/>\n\t<meta property=\"og:image:type\" content=\"image\/webp\" \/>\n<meta name=\"twitter:card\" content=\"summary_large_image\" \/>\n<meta name=\"twitter:label1\" content=\"Szacowany czas czytania\" \/>\n\t<meta name=\"twitter:data1\" content=\"1 minuta\" \/>\n<script type=\"application\/ld+json\" class=\"yoast-schema-graph\">{\"@context\":\"https:\\\/\\\/schema.org\",\"@graph\":[{\"@type\":\"WebPage\",\"@id\":\"https:\\\/\\\/plazatorosmarbella.com\\\/pl\\\/producto\\\/bilety-vip\\\/\",\"url\":\"https:\\\/\\\/plazatorosmarbella.com\\\/pl\\\/producto\\\/bilety-vip\\\/\",\"name\":\"Walka byk\u00f3w VIP Lo\u017ca Bilety Walka byk\u00f3w Bullring Marbella\",\"isPartOf\":{\"@id\":\"https:\\\/\\\/plazatorosmarbella.com\\\/pl\\\/#website\"},\"primaryImageOfPage\":{\"@id\":\"https:\\\/\\\/plazatorosmarbella.com\\\/pl\\\/producto\\\/bilety-vip\\\/#primaryimage\"},\"image\":{\"@id\":\"https:\\\/\\\/plazatorosmarbella.com\\\/pl\\\/producto\\\/bilety-vip\\\/#primaryimage\"},\"thumbnailUrl\":\"https:\\\/\\\/plazatorosmarbella.com\\\/wp-content\\\/uploads\\\/2024\\\/05\\\/Palcos-VIP.webp\",\"datePublished\":\"2024-05-17T11:53:53+00:00\",\"dateModified\":\"2026-04-22T14:03:33+00:00\",\"description\":\"Bilety do lo\u017cy VIP na walk\u0119 byk\u00f3w na arenie w Marbelli | Potwierdzone plakaty walk byk\u00f3w | Wybierz \u017c\u0105dan\u0105 dat\u0119\",\"breadcrumb\":{\"@id\":\"https:\\\/\\\/plazatorosmarbella.com\\\/pl\\\/producto\\\/bilety-vip\\\/#breadcrumb\"},\"inLanguage\":\"pl-PL\",\"potentialAction\":[{\"@type\":\"ReadAction\",\"target\":[\"https:\\\/\\\/plazatorosmarbella.com\\\/pl\\\/producto\\\/bilety-vip\\\/\"]}]},{\"@type\":\"ImageObject\",\"inLanguage\":\"pl-PL\",\"@id\":\"https:\\\/\\\/plazatorosmarbella.com\\\/pl\\\/producto\\\/bilety-vip\\\/#primaryimage\",\"url\":\"https:\\\/\\\/plazatorosmarbella.com\\\/wp-content\\\/uploads\\\/2024\\\/05\\\/Palcos-VIP.webp\",\"contentUrl\":\"https:\\\/\\\/plazatorosmarbella.com\\\/wp-content\\\/uploads\\\/2024\\\/05\\\/Palcos-VIP.webp\",\"width\":900,\"height\":900,\"caption\":\"Lo\u017ce VIP marbella bullring\"},{\"@type\":\"BreadcrumbList\",\"@id\":\"https:\\\/\\\/plazatorosmarbella.com\\\/pl\\\/producto\\\/bilety-vip\\\/#breadcrumb\",\"itemListElement\":[{\"@type\":\"ListItem\",\"position\":1,\"name\":\"Portada\",\"item\":\"https:\\\/\\\/plazatorosmarbella.com\\\/pl\\\/\"},{\"@type\":\"ListItem\",\"position\":2,\"name\":\"Sklep\",\"item\":\"https:\\\/\\\/plazatorosmarbella.com\\\/sklep\\\/\"},{\"@type\":\"ListItem\",\"position\":3,\"name\":\"Bilety VIP\"}]},{\"@type\":\"WebSite\",\"@id\":\"https:\\\/\\\/plazatorosmarbella.com\\\/pl\\\/#website\",\"url\":\"https:\\\/\\\/plazatorosmarbella.com\\\/pl\\\/\",\"name\":\"Plaza Toros Marbella\",\"description\":\"P\u00e1gina Plaza de Toros de Marbella\",\"potentialAction\":[{\"@type\":\"SearchAction\",\"target\":{\"@type\":\"EntryPoint\",\"urlTemplate\":\"https:\\\/\\\/plazatorosmarbella.com\\\/pl\\\/?s={search_term_string}\"},\"query-input\":{\"@type\":\"PropertyValueSpecification\",\"valueRequired\":true,\"valueName\":\"search_term_string\"}}],\"inLanguage\":\"pl-PL\"}]}<\/script>\n<!-- \/ Yoast SEO plugin. -->","yoast_head_json":{"title":"Walka byk\u00f3w VIP Lo\u017ca Bilety Walka byk\u00f3w Bullring Marbella","description":"Bilety do lo\u017cy VIP na walk\u0119 byk\u00f3w na arenie w Marbelli | Potwierdzone plakaty walk byk\u00f3w | Wybierz \u017c\u0105dan\u0105 dat\u0119","robots":{"index":"index","follow":"follow","max-snippet":"max-snippet:-1","max-image-preview":"max-image-preview:large","max-video-preview":"max-video-preview:-1"},"canonical":"https:\/\/plazatorosmarbella.com\/pl\/producto\/bilety-vip\/","og_locale":"pl_PL","og_type":"article","og_title":"Walka byk\u00f3w VIP Lo\u017ca Bilety Walka byk\u00f3w Bullring Marbella","og_description":"Bilety do lo\u017cy VIP na walk\u0119 byk\u00f3w na arenie w Marbelli | Potwierdzone plakaty walk byk\u00f3w | Wybierz \u017c\u0105dan\u0105 dat\u0119","og_url":"https:\/\/plazatorosmarbella.com\/pl\/producto\/bilety-vip\/","og_site_name":"Plaza Toros Marbella","article_modified_time":"2026-04-22T14:03:33+00:00","og_image":[{"width":900,"height":900,"url":"https:\/\/plazatorosmarbella.com\/wp-content\/uploads\/2024\/05\/Palcos-VIP.webp","type":"image\/webp"}],"twitter_card":"summary_large_image","twitter_misc":{"Szacowany czas czytania":"1 minuta"},"schema":{"@context":"https:\/\/schema.org","@graph":[{"@type":"WebPage","@id":"https:\/\/plazatorosmarbella.com\/pl\/producto\/bilety-vip\/","url":"https:\/\/plazatorosmarbella.com\/pl\/producto\/bilety-vip\/","name":"Walka byk\u00f3w VIP Lo\u017ca Bilety Walka byk\u00f3w Bullring Marbella","isPartOf":{"@id":"https:\/\/plazatorosmarbella.com\/pl\/#website"},"primaryImageOfPage":{"@id":"https:\/\/plazatorosmarbella.com\/pl\/producto\/bilety-vip\/#primaryimage"},"image":{"@id":"https:\/\/plazatorosmarbella.com\/pl\/producto\/bilety-vip\/#primaryimage"},"thumbnailUrl":"https:\/\/plazatorosmarbella.com\/wp-content\/uploads\/2024\/05\/Palcos-VIP.webp","datePublished":"2024-05-17T11:53:53+00:00","dateModified":"2026-04-22T14:03:33+00:00","description":"Bilety do lo\u017cy VIP na walk\u0119 byk\u00f3w na arenie w Marbelli | Potwierdzone plakaty walk byk\u00f3w | Wybierz \u017c\u0105dan\u0105 dat\u0119","breadcrumb":{"@id":"https:\/\/plazatorosmarbella.com\/pl\/producto\/bilety-vip\/#breadcrumb"},"inLanguage":"pl-PL","potentialAction":[{"@type":"ReadAction","target":["https:\/\/plazatorosmarbella.com\/pl\/producto\/bilety-vip\/"]}]},{"@type":"ImageObject","inLanguage":"pl-PL","@id":"https:\/\/plazatorosmarbella.com\/pl\/producto\/bilety-vip\/#primaryimage","url":"https:\/\/plazatorosmarbella.com\/wp-content\/uploads\/2024\/05\/Palcos-VIP.webp","contentUrl":"https:\/\/plazatorosmarbella.com\/wp-content\/uploads\/2024\/05\/Palcos-VIP.webp","width":900,"height":900,"caption":"Lo\u017ce VIP marbella bullring"},{"@type":"BreadcrumbList","@id":"https:\/\/plazatorosmarbella.com\/pl\/producto\/bilety-vip\/#breadcrumb","itemListElement":[{"@type":"ListItem","position":1,"name":"Portada","item":"https:\/\/plazatorosmarbella.com\/pl\/"},{"@type":"ListItem","position":2,"name":"Sklep","item":"https:\/\/plazatorosmarbella.com\/sklep\/"},{"@type":"ListItem","position":3,"name":"Bilety VIP"}]},{"@type":"WebSite","@id":"https:\/\/plazatorosmarbella.com\/pl\/#website","url":"https:\/\/plazatorosmarbella.com\/pl\/","name":"Plaza Toros Marbella","description":"P\u00e1gina Plaza de Toros de Marbella","potentialAction":[{"@type":"SearchAction","target":{"@type":"EntryPoint","urlTemplate":"https:\/\/plazatorosmarbella.com\/pl\/?s={search_term_string}"},"query-input":{"@type":"PropertyValueSpecification","valueRequired":true,"valueName":"search_term_string"}}],"inLanguage":"pl-PL"}]}},"_links":{"self":[{"href":"https:\/\/plazatorosmarbella.com\/pl\/wp-json\/wp\/v2\/product\/9148","targetHints":{"allow":["GET"]}}],"collection":[{"href":"https:\/\/plazatorosmarbella.com\/pl\/wp-json\/wp\/v2\/product"}],"about":[{"href":"https:\/\/plazatorosmarbella.com\/pl\/wp-json\/wp\/v2\/types\/product"}],"replies":[{"embeddable":true,"href":"https:\/\/plazatorosmarbella.com\/pl\/wp-json\/wp\/v2\/comments?post=9148"}],"wp:featuredmedia":[{"embeddable":true,"href":"https:\/\/plazatorosmarbella.com\/pl\/wp-json\/wp\/v2\/media\/9138"}],"wp:attachment":[{"href":"https:\/\/plazatorosmarbella.com\/pl\/wp-json\/wp\/v2\/media?parent=9148"}],"wp:term":[{"taxonomy":"product_brand","embeddable":true,"href":"https:\/\/plazatorosmarbella.com\/pl\/wp-json\/wp\/v2\/product_brand?post=9148"},{"taxonomy":"product_cat","embeddable":true,"href":"https:\/\/plazatorosmarbella.com\/pl\/wp-json\/wp\/v2\/product_cat?post=9148"},{"taxonomy":"product_tag","embeddable":true,"href":"https:\/\/plazatorosmarbella.com\/pl\/wp-json\/wp\/v2\/product_tag?post=9148"}],"curies":[{"name":"wp","href":"https:\/\/api.w.org\/{rel}","templated":true}]}}