{"id":10059,"date":"2026-04-20T23:56:57","date_gmt":"2026-04-20T21:56:57","guid":{"rendered":"https:\/\/plazatorosmarbella.com\/?post_type=product&#038;p=10059"},"modified":"2026-04-22T16:13:49","modified_gmt":"2026-04-22T14:13:49","slug":"walka-bykow-7-sierpnia","status":"publish","type":"product","link":"https:\/\/plazatorosmarbella.com\/pl\/producto\/walka-bykow-7-sierpnia\/","title":{"rendered":"Walka byk\u00f3w 7 sierpnia"},"content":{"rendered":"<section class=\"l-section wpb_row height_medium\"><div class=\"l-section-h i-cf\"><div class=\"g-cols vc_row via_grid cols_1 laptops-cols_inherit tablets-cols_inherit mobiles-cols_1 valign_top type_default stacking_default\"><div class=\"wpb_column vc_column_container\"><div class=\"vc_column-inner\"><div class=\"g-cols wpb_row via_grid cols_2 laptops-cols_inherit tablets-cols_inherit mobiles-cols_1 valign_top type_default stacking_default\" style=\"--columns-gap:3rem;\" id=\"espectaculo\"><div class=\"wpb_column vc_column_container\"><div class=\"vc_column-inner\"><div class=\"w-iconbox iconpos_left style_default color_primary align_left\"><div class=\"w-iconbox-icon\" style=\"font-size:2rem;\"><i class=\"fas fa-users\"><\/i><\/div><div class=\"w-iconbox-meta\"><h3 class=\"w-iconbox-title\">Bior\u0105cy udzia\u0142 pi\u0119\u015bciarze:<\/h3><div class=\"w-iconbox-text\"><p>Morante, Manzanares i Aar\u00f3n Palacio<\/p>\n<\/div><\/div><\/div><\/div><\/div><div class=\"wpb_column vc_column_container\"><div class=\"vc_column-inner\"><div class=\"w-iconbox iconpos_left style_default color_primary align_left\"><div class=\"w-iconbox-icon\" style=\"font-size:2rem;\"><i class=\"fas fa-calendar\"><\/i><\/div><div class=\"w-iconbox-meta\"><h3 class=\"w-iconbox-title\">Kiedy si\u0119 zaczyna?<\/h3><div class=\"w-iconbox-text\"><div class=\"wpb_column vc_column_container\">\n<div class=\"vc_column-inner\">\n<div class=\"w-iconbox iconpos_left style_default color_primary align_left\">\n<div class=\"w-iconbox-meta\">\n<div class=\"w-iconbox-text\">\n<p>7 sierpnia o godzinie 22:00<\/p>\n<\/div>\n<\/div>\n<\/div>\n<\/div>\n<\/div>\n<div class=\"wpb_column vc_column_container\">\n<div class=\"vc_column-inner\">\n<div class=\"w-image align_none\"><\/div>\n<\/div>\n<\/div>\n<\/div><\/div><\/div><\/div><\/div><\/div><div class=\"w-separator size_large\"><\/div><div class=\"g-cols wpb_row via_grid cols_1 laptops-cols_inherit tablets-cols_inherit mobiles-cols_1 valign_top type_default stacking_default\" style=\"--columns-gap:3rem;\" id=\"localidades\"><div class=\"wpb_column vc_column_container\"><div class=\"vc_column-inner\"><div class=\"wpb_text_column\"><div class=\"wpb_wrapper\"><h2>Rodzaje dost\u0119pnych bilet\u00f3w<\/h2>\n<p>Na arenie walk byk\u00f3w w Marbelli mo\u017cna znale\u017a\u0107 r\u00f3\u017cne rodzaje miejsc w zale\u017cno\u015bci od odleg\u0142o\u015bci od areny i jej orientacji. Niekt\u00f3re z dost\u0119pnych miejsc to:<\/p>\n<ol>\n<li><strong>Barrera:<\/strong> S\u0105 to miejsca po\u0142o\u017cone najbli\u017cej areny walk byk\u00f3w, z przodu. Oferuj\u0105 one uprzywilejowany widok na umiej\u0119tno\u015bci matador\u00f3w.<\/li>\n<li><strong>Contrabarrera:<\/strong> S\u0105 to kolejne miejsca znajduj\u0105ce si\u0119 najbli\u017cej ringu. Maj\u0105 uprzywilejowany widok, ale s\u0105 lepiej chronione.<\/li>\n<li><strong>Tendido:<\/strong> S\u0105 to miejsca po\u015brednie, z nieco wy\u017cszym widokiem i dalej od areny walk byk\u00f3w. Mimo to maj\u0105 dobry widok na aspiruj\u0105cych matador\u00f3w.<\/li>\n<\/ol>\n<p>Wreszcie, widzowie b\u0119d\u0105 mogli kupi\u0107 bilety na walki byk\u00f3w w zale\u017cno\u015bci od obszaru, w kt\u00f3rym siedz\u0105.<\/p>\n<ul>\n<li><strong>S\u0142o\u0144ce:<\/strong> S\u0105 to zazwyczaj najta\u0144sze wej\u015bcia, poniewa\u017c znajduj\u0105 si\u0119 w najbardziej nas\u0142onecznionym obszarze.<\/li>\n<li><strong>Sombra:<\/strong> S\u0105 najdro\u017csze, ale i najlepsze, poniewa\u017c zapewniaj\u0105 lepszy i wygodniejszy widok na walk\u0119 byk\u00f3w.<\/li>\n<\/ul>\n<\/div><\/div><\/div><\/div><\/div><\/div><\/div><\/div><\/div><\/section><section class=\"l-section wpb_row height_medium\"><div class=\"l-section-h i-cf\"><div class=\"g-cols vc_row via_grid cols_3 laptops-cols_inherit tablets-cols_inherit mobiles-cols_1 valign_middle type_default stacking_default\"><div class=\"wpb_column vc_column_container\"><div class=\"vc_column-inner\"><h2 class=\"w-text us_custom_3517658c\"><span class=\"w-text-h\"><span class=\"w-text-value\">Potrzebujesz pomocy?<\/span><\/span><\/h2><\/div><\/div><div class=\"wpb_column vc_column_container\"><div class=\"vc_column-inner\"><div class=\"w-iconbox iconpos_top style_default color_primary align_center\"><div class=\"w-iconbox-icon\" style=\"font-size:2rem;\"><i class=\"fas fa-envelope\"><\/i><\/div><div class=\"w-iconbox-meta\"><h4 class=\"w-iconbox-title\">E-mail<\/h4><div class=\"w-iconbox-text\"><p>info@plazatorosmarbella.com<\/p>\n<\/div><\/div><\/div><\/div><\/div><div class=\"wpb_column vc_column_container\"><div class=\"vc_column-inner\"><div class=\"w-iconbox iconpos_top style_default color_primary align_center\"><div class=\"w-iconbox-icon\" style=\"font-size:2rem;\"><i class=\"fas fa-phone\"><\/i><\/div><div class=\"w-iconbox-meta\"><h4 class=\"w-iconbox-title\">Telefon | Whatsapp<\/h4><div class=\"w-iconbox-text\"><p><a class=\"w-text-h\" href=\"tel:+34%20+34%20675%20247%20690\"><span class=\"w-text-value\">+34 +34 675 247 690<\/span><\/a><\/p>\n<\/div><\/div><\/div><\/div><\/div><\/div><\/div><\/section>\n","protected":false},"excerpt":{"rendered":"<ul>\n<li><strong>Jest to rezerwacja bilet\u00f3w nienumerowanych,<\/strong> przydzielone zostan\u0105 najlepsze dost\u0119pne miejsca.<\/li>\n<li>W <strong>przypadku zakupu kilku bilet\u00f3w<\/strong> miejsca zostan\u0105 przydzielone obok siebie.<\/li>\n<li><strong> Op\u0142aty manipulacyjne<\/strong> s\u0105 uwzgl\u0119dnione na stronie p\u0142atno\u015bci.<\/li>\n<\/ul>\n<p><a href=\"https:\/\/plazatorosmarbella.com\/fecha-de-entrega-y-comisiones\/\">Data dostawy, prowizje i zwroty<\/a><\/p>\n","protected":false},"featured_media":10171,"comment_status":"open","ping_status":"closed","template":"","meta":[],"product_brand":[],"product_cat":[236],"product_tag":[],"class_list":{"0":"post-10059","1":"product","2":"type-product","3":"status-publish","4":"has-post-thumbnail","6":"product_cat-bilety-indywidualne","8":"first","9":"instock","10":"taxable","11":"shipping-taxable","12":"purchasable","13":"product-type-variable"},"yoast_head":"<!-- This site is optimized with the Yoast SEO plugin v27.4 - https:\/\/yoast.com\/product\/yoast-seo-wordpress\/ -->\n<title>\u25b7 Walka byk\u00f3w 7 sierpnia | Marbella Bullring<\/title>\n<meta name=\"description\" content=\"Bilety w sprzeda\u017cy na walk\u0119 byk\u00f3w, kt\u00f3ra odb\u0119dzie si\u0119 7 sierpnia w Marbella Bullring [Morante, Manzanares i Aar\u00f3n Palacio].\" \/>\n<meta name=\"robots\" content=\"index, follow, max-snippet:-1, max-image-preview:large, max-video-preview:-1\" \/>\n<link rel=\"canonical\" href=\"https:\/\/plazatorosmarbella.com\/pl\/producto\/walka-bykow-7-sierpnia\/\" \/>\n<meta property=\"og:locale\" content=\"pl_PL\" \/>\n<meta property=\"og:type\" content=\"article\" \/>\n<meta property=\"og:title\" content=\"\u25b7 Walka byk\u00f3w 7 sierpnia | Marbella Bullring\" \/>\n<meta property=\"og:description\" content=\"Bilety w sprzeda\u017cy na walk\u0119 byk\u00f3w, kt\u00f3ra odb\u0119dzie si\u0119 7 sierpnia w Marbella Bullring [Morante, Manzanares i Aar\u00f3n Palacio].\" \/>\n<meta property=\"og:url\" content=\"https:\/\/plazatorosmarbella.com\/pl\/producto\/walka-bykow-7-sierpnia\/\" \/>\n<meta property=\"og:site_name\" content=\"Plaza Toros Marbella\" \/>\n<meta property=\"article:modified_time\" content=\"2026-04-22T14:13:49+00:00\" \/>\n<meta property=\"og:image\" content=\"https:\/\/plazatorosmarbella.com\/wp-content\/uploads\/2026\/04\/Corrida-toros-7-agosto.webp\" \/>\n\t<meta property=\"og:image:width\" content=\"500\" \/>\n\t<meta property=\"og:image:height\" content=\"500\" \/>\n\t<meta property=\"og:image:type\" content=\"image\/webp\" \/>\n<meta name=\"twitter:card\" content=\"summary_large_image\" \/>\n<meta name=\"twitter:label1\" content=\"Szacowany czas czytania\" \/>\n\t<meta name=\"twitter:data1\" content=\"2 minuta\" \/>\n<script type=\"application\/ld+json\" class=\"yoast-schema-graph\">{\"@context\":\"https:\\\/\\\/schema.org\",\"@graph\":[{\"@type\":\"WebPage\",\"@id\":\"https:\\\/\\\/plazatorosmarbella.com\\\/pl\\\/producto\\\/walka-bykow-7-sierpnia\\\/\",\"url\":\"https:\\\/\\\/plazatorosmarbella.com\\\/pl\\\/producto\\\/walka-bykow-7-sierpnia\\\/\",\"name\":\"\u25b7 Walka byk\u00f3w 7 sierpnia | Marbella Bullring\",\"isPartOf\":{\"@id\":\"https:\\\/\\\/plazatorosmarbella.com\\\/pl\\\/#website\"},\"primaryImageOfPage\":{\"@id\":\"https:\\\/\\\/plazatorosmarbella.com\\\/pl\\\/producto\\\/walka-bykow-7-sierpnia\\\/#primaryimage\"},\"image\":{\"@id\":\"https:\\\/\\\/plazatorosmarbella.com\\\/pl\\\/producto\\\/walka-bykow-7-sierpnia\\\/#primaryimage\"},\"thumbnailUrl\":\"https:\\\/\\\/plazatorosmarbella.com\\\/wp-content\\\/uploads\\\/2026\\\/04\\\/Corrida-toros-7-agosto.webp\",\"datePublished\":\"2026-04-20T21:56:57+00:00\",\"dateModified\":\"2026-04-22T14:13:49+00:00\",\"description\":\"Bilety w sprzeda\u017cy na walk\u0119 byk\u00f3w, kt\u00f3ra odb\u0119dzie si\u0119 7 sierpnia w Marbella Bullring [Morante, Manzanares i Aar\u00f3n Palacio].\",\"breadcrumb\":{\"@id\":\"https:\\\/\\\/plazatorosmarbella.com\\\/pl\\\/producto\\\/walka-bykow-7-sierpnia\\\/#breadcrumb\"},\"inLanguage\":\"pl-PL\",\"potentialAction\":[{\"@type\":\"ReadAction\",\"target\":[\"https:\\\/\\\/plazatorosmarbella.com\\\/pl\\\/producto\\\/walka-bykow-7-sierpnia\\\/\"]}]},{\"@type\":\"ImageObject\",\"inLanguage\":\"pl-PL\",\"@id\":\"https:\\\/\\\/plazatorosmarbella.com\\\/pl\\\/producto\\\/walka-bykow-7-sierpnia\\\/#primaryimage\",\"url\":\"https:\\\/\\\/plazatorosmarbella.com\\\/wp-content\\\/uploads\\\/2026\\\/04\\\/Corrida-toros-7-agosto.webp\",\"contentUrl\":\"https:\\\/\\\/plazatorosmarbella.com\\\/wp-content\\\/uploads\\\/2026\\\/04\\\/Corrida-toros-7-agosto.webp\",\"width\":500,\"height\":500,\"caption\":\"Walka byk\u00f3w 7 sierpnia Marbella\"},{\"@type\":\"BreadcrumbList\",\"@id\":\"https:\\\/\\\/plazatorosmarbella.com\\\/pl\\\/producto\\\/walka-bykow-7-sierpnia\\\/#breadcrumb\",\"itemListElement\":[{\"@type\":\"ListItem\",\"position\":1,\"name\":\"Portada\",\"item\":\"https:\\\/\\\/plazatorosmarbella.com\\\/pl\\\/\"},{\"@type\":\"ListItem\",\"position\":2,\"name\":\"Sklep\",\"item\":\"https:\\\/\\\/plazatorosmarbella.com\\\/sklep\\\/\"},{\"@type\":\"ListItem\",\"position\":3,\"name\":\"Walka byk\u00f3w 7 sierpnia\"}]},{\"@type\":\"WebSite\",\"@id\":\"https:\\\/\\\/plazatorosmarbella.com\\\/pl\\\/#website\",\"url\":\"https:\\\/\\\/plazatorosmarbella.com\\\/pl\\\/\",\"name\":\"Plaza Toros Marbella\",\"description\":\"P\u00e1gina Plaza de Toros de Marbella\",\"potentialAction\":[{\"@type\":\"SearchAction\",\"target\":{\"@type\":\"EntryPoint\",\"urlTemplate\":\"https:\\\/\\\/plazatorosmarbella.com\\\/pl\\\/?s={search_term_string}\"},\"query-input\":{\"@type\":\"PropertyValueSpecification\",\"valueRequired\":true,\"valueName\":\"search_term_string\"}}],\"inLanguage\":\"pl-PL\"}]}<\/script>\n<!-- \/ Yoast SEO plugin. -->","yoast_head_json":{"title":"\u25b7 Walka byk\u00f3w 7 sierpnia | Marbella Bullring","description":"Bilety w sprzeda\u017cy na walk\u0119 byk\u00f3w, kt\u00f3ra odb\u0119dzie si\u0119 7 sierpnia w Marbella Bullring [Morante, Manzanares i Aar\u00f3n Palacio].","robots":{"index":"index","follow":"follow","max-snippet":"max-snippet:-1","max-image-preview":"max-image-preview:large","max-video-preview":"max-video-preview:-1"},"canonical":"https:\/\/plazatorosmarbella.com\/pl\/producto\/walka-bykow-7-sierpnia\/","og_locale":"pl_PL","og_type":"article","og_title":"\u25b7 Walka byk\u00f3w 7 sierpnia | Marbella Bullring","og_description":"Bilety w sprzeda\u017cy na walk\u0119 byk\u00f3w, kt\u00f3ra odb\u0119dzie si\u0119 7 sierpnia w Marbella Bullring [Morante, Manzanares i Aar\u00f3n Palacio].","og_url":"https:\/\/plazatorosmarbella.com\/pl\/producto\/walka-bykow-7-sierpnia\/","og_site_name":"Plaza Toros Marbella","article_modified_time":"2026-04-22T14:13:49+00:00","og_image":[{"width":500,"height":500,"url":"https:\/\/plazatorosmarbella.com\/wp-content\/uploads\/2026\/04\/Corrida-toros-7-agosto.webp","type":"image\/webp"}],"twitter_card":"summary_large_image","twitter_misc":{"Szacowany czas czytania":"2 minuta"},"schema":{"@context":"https:\/\/schema.org","@graph":[{"@type":"WebPage","@id":"https:\/\/plazatorosmarbella.com\/pl\/producto\/walka-bykow-7-sierpnia\/","url":"https:\/\/plazatorosmarbella.com\/pl\/producto\/walka-bykow-7-sierpnia\/","name":"\u25b7 Walka byk\u00f3w 7 sierpnia | Marbella Bullring","isPartOf":{"@id":"https:\/\/plazatorosmarbella.com\/pl\/#website"},"primaryImageOfPage":{"@id":"https:\/\/plazatorosmarbella.com\/pl\/producto\/walka-bykow-7-sierpnia\/#primaryimage"},"image":{"@id":"https:\/\/plazatorosmarbella.com\/pl\/producto\/walka-bykow-7-sierpnia\/#primaryimage"},"thumbnailUrl":"https:\/\/plazatorosmarbella.com\/wp-content\/uploads\/2026\/04\/Corrida-toros-7-agosto.webp","datePublished":"2026-04-20T21:56:57+00:00","dateModified":"2026-04-22T14:13:49+00:00","description":"Bilety w sprzeda\u017cy na walk\u0119 byk\u00f3w, kt\u00f3ra odb\u0119dzie si\u0119 7 sierpnia w Marbella Bullring [Morante, Manzanares i Aar\u00f3n Palacio].","breadcrumb":{"@id":"https:\/\/plazatorosmarbella.com\/pl\/producto\/walka-bykow-7-sierpnia\/#breadcrumb"},"inLanguage":"pl-PL","potentialAction":[{"@type":"ReadAction","target":["https:\/\/plazatorosmarbella.com\/pl\/producto\/walka-bykow-7-sierpnia\/"]}]},{"@type":"ImageObject","inLanguage":"pl-PL","@id":"https:\/\/plazatorosmarbella.com\/pl\/producto\/walka-bykow-7-sierpnia\/#primaryimage","url":"https:\/\/plazatorosmarbella.com\/wp-content\/uploads\/2026\/04\/Corrida-toros-7-agosto.webp","contentUrl":"https:\/\/plazatorosmarbella.com\/wp-content\/uploads\/2026\/04\/Corrida-toros-7-agosto.webp","width":500,"height":500,"caption":"Walka byk\u00f3w 7 sierpnia Marbella"},{"@type":"BreadcrumbList","@id":"https:\/\/plazatorosmarbella.com\/pl\/producto\/walka-bykow-7-sierpnia\/#breadcrumb","itemListElement":[{"@type":"ListItem","position":1,"name":"Portada","item":"https:\/\/plazatorosmarbella.com\/pl\/"},{"@type":"ListItem","position":2,"name":"Sklep","item":"https:\/\/plazatorosmarbella.com\/sklep\/"},{"@type":"ListItem","position":3,"name":"Walka byk\u00f3w 7 sierpnia"}]},{"@type":"WebSite","@id":"https:\/\/plazatorosmarbella.com\/pl\/#website","url":"https:\/\/plazatorosmarbella.com\/pl\/","name":"Plaza Toros Marbella","description":"P\u00e1gina Plaza de Toros de Marbella","potentialAction":[{"@type":"SearchAction","target":{"@type":"EntryPoint","urlTemplate":"https:\/\/plazatorosmarbella.com\/pl\/?s={search_term_string}"},"query-input":{"@type":"PropertyValueSpecification","valueRequired":true,"valueName":"search_term_string"}}],"inLanguage":"pl-PL"}]}},"_links":{"self":[{"href":"https:\/\/plazatorosmarbella.com\/pl\/wp-json\/wp\/v2\/product\/10059","targetHints":{"allow":["GET"]}}],"collection":[{"href":"https:\/\/plazatorosmarbella.com\/pl\/wp-json\/wp\/v2\/product"}],"about":[{"href":"https:\/\/plazatorosmarbella.com\/pl\/wp-json\/wp\/v2\/types\/product"}],"replies":[{"embeddable":true,"href":"https:\/\/plazatorosmarbella.com\/pl\/wp-json\/wp\/v2\/comments?post=10059"}],"wp:featuredmedia":[{"embeddable":true,"href":"https:\/\/plazatorosmarbella.com\/pl\/wp-json\/wp\/v2\/media\/10171"}],"wp:attachment":[{"href":"https:\/\/plazatorosmarbella.com\/pl\/wp-json\/wp\/v2\/media?parent=10059"}],"wp:term":[{"taxonomy":"product_brand","embeddable":true,"href":"https:\/\/plazatorosmarbella.com\/pl\/wp-json\/wp\/v2\/product_brand?post=10059"},{"taxonomy":"product_cat","embeddable":true,"href":"https:\/\/plazatorosmarbella.com\/pl\/wp-json\/wp\/v2\/product_cat?post=10059"},{"taxonomy":"product_tag","embeddable":true,"href":"https:\/\/plazatorosmarbella.com\/pl\/wp-json\/wp\/v2\/product_tag?post=10059"}],"curies":[{"name":"wp","href":"https:\/\/api.w.org\/{rel}","templated":true}]}}