{"id":9677,"date":"2024-05-17T10:37:06","date_gmt":"2024-05-17T08:37:06","guid":{"rendered":"https:\/\/plazatorosmarbella.com\/informacje-o-miejscu\/"},"modified":"2026-04-20T16:19:01","modified_gmt":"2026-04-20T14:19:01","slug":"informacje-o-miejscu","status":"publish","type":"page","link":"https:\/\/plazatorosmarbella.com\/pl\/informacje-o-miejscu\/","title":{"rendered":"Informacje o miejscu"},"content":{"rendered":"<section class=\"l-section wpb_row height_huge width_custom color_secondary with_img\" style=\"--site-content-width:900px;\"><div class=\"l-section-img\" role=\"img\" aria-label=\"Prezydencja areny walki byk\u00f3w w Marbelli\" data-img-width=\"1200\" data-img-height=\"900\" style=\"background-image: url(https:\/\/plazatorosmarbella.com\/wp-content\/uploads\/2024\/05\/Plaza-de-toros-de-marbella.webp);\"><\/div><div class=\"l-section-overlay\" style=\"background:rgba(0,0,0,0.65)\"><\/div><div class=\"l-section-h i-cf\"><div class=\"g-cols vc_row via_grid cols_1 laptops-cols_inherit tablets-cols_inherit mobiles-cols_1 valign_top type_default stacking_default\"><div class=\"wpb_column vc_column_container\"><div class=\"vc_column-inner\"><div class=\"w-separator size_medium\"><\/div><h1 class=\"w-text us_custom_eb849559\"><span class=\"w-text-h\"><span class=\"w-text-value\">Informacje o arenie walk byk\u00f3w<\/span><\/span><\/h1><\/div><\/div><\/div><\/div><\/section><section class=\"l-section wpb_row height_medium\"><div class=\"l-section-h i-cf\"><div class=\"g-cols vc_row via_grid cols_1 laptops-cols_inherit tablets-cols_inherit mobiles-cols_1 valign_top type_default stacking_default\"><div class=\"wpb_column vc_column_container\"><div class=\"vc_column-inner\"><div class=\"wpb_text_column\"><div class=\"wpb_wrapper\"><p><strong>Witamy w Marbella Bullring<\/strong>, kultowym miejscu, kt\u00f3re nie tylko stanowi istotn\u0105 cz\u0119\u015b\u0107 andaluzyjskiej tradycji walk byk\u00f3w, ale jest tak\u017ce \u017cywym symbolem bogatej historii i kultury naszego miasta. Na tej stronie zapraszamy do zapoznania si\u0119 z fascynuj\u0105cymi cechami naszej areny walk byk\u00f3w, jej bogat\u0105 i t\u0119tni\u0105c\u0105 \u017cyciem histori\u0105 oraz ekscytuj\u0105cymi wydarzeniami, kt\u00f3re sprawi\u0142y, \u017ce sta\u0142a si\u0119 ona istotnym miejscem spotka\u0144 mi\u0142o\u015bnik\u00f3w kultury i tradycji walk byk\u00f3w.<\/p>\n<\/div><\/div><\/div><\/div><\/div><\/div><\/section><section class=\"l-section wpb_row height_auto\"><div class=\"l-section-h i-cf\"><div class=\"g-cols vc_row via_grid cols_2 laptops-cols_inherit tablets-cols_1 mobiles-cols_1 valign_middle type_default reversed stacking_default\" style=\"--columns-gap:0px;\"><div class=\"wpb_column vc_column_container us_custom_07fcfd71 has_bg_color stretched\"><div class=\"vc_column-inner\"><\/div><\/div><div class=\"wpb_column vc_column_container\"><div class=\"vc_column-inner\"><div class=\"w-separator size_huge\"><\/div><div class=\"wpb_text_column us_custom_525019aa\"><div class=\"wpb_wrapper\"><h3>Pocz\u0105tki kwadratu<\/h3>\n<p>Arena zosta\u0142a zaprojektowana <strong>przez flamandzkiego architekta Enrique P\u00e9reza Comendadora<\/strong> i <strong>zainaugurowana 11 czerwca 1964 roku<\/strong> podczas uroczysto\u015bci San Bernab\u00e9, patrona Marbelli. Arena zosta\u0142a zaprojektowana w latach 60-tych, kiedy miasto zacz\u0119\u0142o wy\u0142ania\u0107 si\u0119 jako wiod\u0105cy o\u015brodek turystyczny na Costa del Sol. <\/p>\n<p>Budowa Marbella Bullring by\u0142a motywowana ch\u0119ci\u0105 zapewnienia miastu przestrzeni po\u015bwi\u0119conej walkom byk\u00f3w, tradycji g\u0142\u0119boko zakorzenionej w kulturze andaluzyjskiej. Stworzenie areny dla byk\u00f3w by\u0142o odpowiedzi\u0105 na potrzeb\u0119 zaoferowania turystom i lokalnym mieszka\u0144com miejsca, w kt\u00f3rym mogliby cieszy\u0107 si\u0119 walkami byk\u00f3w i innymi wydarzeniami kulturalnymi.<\/p>\n<\/div><\/div><div class=\"w-separator size_huge\"><\/div><\/div><\/div><\/div><\/div><\/section><section class=\"l-section wpb_row height_medium\"><div class=\"l-section-h i-cf\"><div class=\"g-cols vc_row via_grid cols_1 laptops-cols_inherit tablets-cols_inherit mobiles-cols_1 valign_top type_default stacking_default\"><div class=\"wpb_column vc_column_container\"><div class=\"vc_column-inner\"><h2 class=\"w-text\"><span class=\"w-text-h\"><span class=\"w-text-value\">Architektura i projektowanie<\/span><\/span><\/h2><div class=\"w-separator size_large\"><\/div><div class=\"w-tabs layout_ver navwidth_auto navpos_left style_trendy switch_click\" style=\"--sections-title-size:1.6em\" data-accordion-at-width=\"1024\"><div class=\"w-tabs-list items_3 align_none\" style=\"font-family:var(--h1-font-family);font-weight:700;line-height:1.7;\"><div class=\"w-tabs-list-h\"><button class=\"w-tabs-item active defined-active\" aria-controls=\"content-i683\" aria-expanded=\"true\"><span class=\"w-tabs-item-title\">Cechy<\/span><\/button><button class=\"w-tabs-item\" aria-controls=\"content-re22\" aria-expanded=\"false\"><span class=\"w-tabs-item-title\">Pojemno\u015b\u0107<\/span><\/button><button class=\"w-tabs-item\" aria-controls=\"content-u5d0\" aria-expanded=\"false\"><span class=\"w-tabs-item-title\">Elementy<\/span><\/button><\/div><\/div><div class=\"w-tabs-sections titles-align_none icon_chevron cpos_right\"><div class=\"w-tabs-section active\" id=\"i683\"><button class=\"w-tabs-section-header active\" aria-controls=\"content-i683\" aria-expanded=\"true\"><h4 class=\"w-tabs-section-title\">Cechy<\/h4><div class=\"w-tabs-section-control\"><\/div><\/button><div  class=\"w-tabs-section-content\" id=\"content-i683\"><div class=\"w-tabs-section-content-h i-cf\"><div class=\"g-cols wpb_row via_grid cols_2 laptops-cols_inherit tablets-cols_inherit mobiles-cols_1 valign_middle type_default stacking_default\" style=\"--columns-gap:3rem;\"><div class=\"wpb_column vc_column_container\"><div class=\"vc_column-inner\"><div class=\"w-image has_ratio align_none\"><div class=\"w-image-h\"><div style=\"padding-bottom:66.6667%\"><\/div><img decoding=\"async\" width=\"1024\" height=\"768\" src=\"https:\/\/plazatorosmarbella.com\/wp-content\/uploads\/2024\/05\/Plaza-de-toros-de-marbella-1024x768.webp\" class=\"attachment-large size-large\" alt=\"Prezydencja areny walki byk\u00f3w w Marbelli\" loading=\"lazy\" \/><\/div><\/div><\/div><\/div><div class=\"wpb_column vc_column_container\"><div class=\"vc_column-inner\"><div class=\"wpb_text_column\"><div class=\"wpb_wrapper\"><h3>Projektowanie i architektura<\/h3>\n<p>Arena ma okr\u0105g\u0142y kszta\u0142t z szerokim ringiem o \u015brednicy 50 metr\u00f3w pokrytym piaskiem, co zapewnia doskona\u0142\u0105 widoczno\u015b\u0107 z ka\u017cdego miejsca. Wielopoziomowe trybuny, lo\u017ce i bariery VIP zapewniaj\u0105 komfort i najlepszy widok na widowisko. <\/p>\n<p>Fasada \u0142\u0105czy w sobie tradycyjne andaluzyjskie elementy, takie jak p\u00f3\u0142okr\u0105g\u0142e \u0142uki i kraty z kutego \u017celaza, z dominuj\u0105cymi kolorami bia\u0142ym i albero.<\/p>\n<\/div><\/div><\/div><\/div><\/div><\/div><\/div><\/div><div class=\"w-tabs-section\" id=\"re22\"><button class=\"w-tabs-section-header\" aria-controls=\"content-re22\" aria-expanded=\"false\"><h4 class=\"w-tabs-section-title\">Pojemno\u015b\u0107<\/h4><div class=\"w-tabs-section-control\"><\/div><\/button><div  class=\"w-tabs-section-content\" id=\"content-re22\"><div class=\"w-tabs-section-content-h i-cf\"><div class=\"g-cols wpb_row via_grid cols_2 laptops-cols_inherit tablets-cols_inherit mobiles-cols_1 valign_middle type_default stacking_default\" style=\"--columns-gap:3rem;\"><div class=\"wpb_column vc_column_container\"><div class=\"vc_column-inner\"><div class=\"w-image has_ratio align_none\"><div class=\"w-image-h\"><div style=\"padding-bottom:66.6667%\"><\/div><img decoding=\"async\" width=\"880\" height=\"495\" src=\"https:\/\/plazatorosmarbella.com\/wp-content\/uploads\/2024\/05\/Plaza-de-toros-marbella.webp\" class=\"attachment-large size-large\" alt=\"Exterior plaza toros de Marbella\" loading=\"lazy\" \/><\/div><\/div><\/div><\/div><div class=\"wpb_column vc_column_container\"><div class=\"vc_column-inner\"><div class=\"wpb_text_column\"><div class=\"wpb_wrapper\"><h3>Architektura placu<\/h3>\n<p>Plac mo\u017ce pomie\u015bci\u0107 oko\u0142o 7000 widz\u00f3w. Jego projekt charakteryzuje si\u0119 tradycyjnymi andaluzyjskimi liniami i kolorami. Wyr\u00f3\u017cnia si\u0119 przestronnymi miejscami do siedzenia i architektur\u0105, kt\u00f3ra zapewnia dobr\u0105 widoczno\u015b\u0107 ze wszystkich miejsc.  <\/p>\n<p>&nbsp;<\/p>\n<\/div><\/div><\/div><\/div><\/div><\/div><\/div><\/div><div class=\"w-tabs-section\" id=\"u5d0\"><button class=\"w-tabs-section-header\" aria-controls=\"content-u5d0\" aria-expanded=\"false\"><h4 class=\"w-tabs-section-title\">Elementy<\/h4><div class=\"w-tabs-section-control\"><\/div><\/button><div  class=\"w-tabs-section-content\" id=\"content-u5d0\"><div class=\"w-tabs-section-content-h i-cf\"><div class=\"g-cols wpb_row via_grid cols_2 laptops-cols_inherit tablets-cols_inherit mobiles-cols_1 valign_middle type_default stacking_default\" style=\"--columns-gap:3rem;\"><div class=\"wpb_column vc_column_container\"><div class=\"vc_column-inner\"><div class=\"w-image has_ratio align_none\"><div class=\"w-image-h\"><div style=\"padding-bottom:66.6667%\"><\/div><img decoding=\"async\" width=\"1024\" height=\"576\" src=\"https:\/\/plazatorosmarbella.com\/wp-content\/uploads\/2024\/05\/Tendidos-plaza-toros-de-Marbella-1024x576.webp\" class=\"attachment-large size-large\" alt=\"Tendidos plaza toros Marbella\" loading=\"lazy\" \/><\/div><\/div><\/div><\/div><div class=\"wpb_column vc_column_container\"><div class=\"vc_column-inner\"><div class=\"wpb_text_column\"><div class=\"wpb_wrapper\"><h3>Inne przestrzenie<\/h3>\n<p>Arena posiada wiele wej\u015b\u0107 i us\u0142ug, takich jak toalety i stoiska z jedzeniem, a tak\u017ce ambulatorium. Zaprojektowana g\u0142\u00f3wnie z my\u015bl\u0105 o walkach byk\u00f3w, jest r\u00f3wnie\u017c gospodarzem koncert\u00f3w, pokaz\u00f3w flamenco i festiwali, wyr\u00f3\u017cniaj\u0105c si\u0119 wszechstronno\u015bci\u0105 i akustyk\u0105.<\/p>\n<\/div><\/div><\/div><\/div><\/div><\/div><\/div><\/div><\/div><\/div><\/div><\/div><\/div><\/div><\/section><section class=\"l-section wpb_row height_medium\"><div class=\"l-section-h i-cf\"><div class=\"g-cols vc_row via_grid cols_1 laptops-cols_inherit tablets-cols_inherit mobiles-cols_1 valign_top type_default stacking_default\"><div class=\"wpb_column vc_column_container\"><div class=\"vc_column-inner\"><div class=\"wpb_text_column\"><div class=\"wpb_wrapper\"><h3>Dzisiejsza arena walki byk\u00f3w<\/h3>\n<p>Chocia\u017c w przesz\u0142o\u015bci na arenie byk\u00f3w odbywa\u0142y si\u0119 tylko walki byk\u00f3w, obecnie mo\u017cna uczestniczy\u0107 we wszelkiego rodzaju wydarzeniach. Arena byk\u00f3w w Marbelli zosta\u0142a przekszta\u0142cona w wielofunkcyjn\u0105 przestrze\u0144, w kt\u00f3rej fani walk byk\u00f3w i og\u00f3\u0142 spo\u0142ecze\u0144stwa mog\u0105 uczestniczy\u0107 w najlepszych pokazach w mie\u015bcie.<\/p>\n<\/div><\/div><div class=\"w-separator size_large\"><\/div><div class=\"g-cols wpb_row via_grid cols_2 laptops-cols_inherit tablets-cols_inherit mobiles-cols_1 valign_middle type_default stacking_default\" style=\"--columns-gap:3rem;\"><div class=\"wpb_column vc_column_container\"><div class=\"vc_column-inner\"><div class=\"w-image align_none\"><div class=\"w-image-h\"><img decoding=\"async\" width=\"667\" height=\"375\" src=\"https:\/\/plazatorosmarbella.com\/wp-content\/uploads\/2024\/05\/Corrida-de-toros-Marbella.jpg\" class=\"attachment-large size-large\" alt=\"Walka byk\u00f3w w Marbelli\" loading=\"lazy\" srcset=\"https:\/\/plazatorosmarbella.com\/wp-content\/uploads\/2024\/05\/Corrida-de-toros-Marbella.jpg 667w, https:\/\/plazatorosmarbella.com\/wp-content\/uploads\/2024\/05\/Corrida-de-toros-Marbella-600x337.jpg 600w, https:\/\/plazatorosmarbella.com\/wp-content\/uploads\/2024\/05\/Corrida-de-toros-Marbella-300x169.jpg 300w\" sizes=\"auto, (max-width: 667px) 100vw, 667px\" \/><\/div><\/div><\/div><\/div><div class=\"wpb_column vc_column_container\"><div class=\"vc_column-inner\"><div class=\"wpb_text_column us_custom_4481559d\"><div class=\"wpb_wrapper\"><h4>Koncerty<\/h4>\n<p>Arena byk\u00f3w staje si\u0119 scen\u0105, na kt\u00f3rej odbywaj\u0105 si\u0119 wszelkiego rodzaju pokazy, takie jak koncerty, spektakle wizualne lub imprezy w og\u00f3le. Jego wszechstronno\u015b\u0107 i du\u017ce przestrzenie pozwalaj\u0105 na organizacj\u0119 wszelkiego rodzaju wydarze\u0144.<\/p>\n<\/div><\/div><div class=\"w-separator size_medium\"><\/div><div class=\"wpb_text_column us_custom_4481559d\"><div class=\"wpb_wrapper\"><h4>Walki byk\u00f3w<\/h4>\n<p>Od 2015 r. gala byk\u00f3w w Marbelli nie go\u015bci\u0142a walk byk\u00f3w z powodu ich zakazu w mie\u015bcie, jednak w 2024 r. b\u0119d\u0105 one ponownie obchodzone. Walki byk\u00f3w powracaj\u0105 wraz z walk\u0105 byk\u00f3w zwan\u0105 &#8222;Reinauguraci\u00f3n&#8221;, kt\u00f3ra r\u00f3wnie\u017c \u015bwi\u0119tuje 60. rocznic\u0119 powstania areny byk\u00f3w.<\/p>\n<\/div><\/div><\/div><\/div><\/div><\/div><\/div><\/div><\/div><\/section><section class=\"l-section wpb_row us_custom_402551d6 height_medium width_custom color_footer-bottom with_shape\" style=\"--site-content-width:1000px;\"><div class=\"l-section-shape type_custom pos_top\" style=\"height:50%;\"><svg xmlns=\"http:\/\/www.w3.org\/2000\/svg\" viewBox=\"0 0 64 8\" preserveAspectRatio=\"none\" width=\"100%\" height=\"100%\">\r\n\t<path fill=\"currentColor\" d=\"M64 8 L0 8 L0 0 L64 0 Z\"\/>\r\n<\/svg><\/div><div class=\"l-section-h i-cf\"><div class=\"g-cols vc_row via_grid cols_1 laptops-cols_inherit tablets-cols_inherit mobiles-cols_1 valign_top type_default stacking_default\"><div class=\"wpb_column vc_column_container us_custom_9cf479d2\"><div class=\"vc_column-inner\"><div class=\"g-cols wpb_row us_custom_40059dd0 has_text_color via_grid cols_custom laptops-cols_inherit tablets-cols_3-2 mobiles-cols_1 valign_middle type_default stacking_default\" style=\"--columns-gap:2rem;--custom-columns:2.5fr 2fr 1.5fr\"><div class=\"wpb_column vc_column_container\"><div class=\"vc_column-inner\"><div class=\"w-text us_custom_f379e5e9\"><span class=\"w-text-h\"><span class=\"w-text-value\">Czy chcia\u0142by\u015b odwiedzi\u0107 aren\u0119 walk byk\u00f3w?<\/span><\/span><\/div><\/div><\/div><div class=\"wpb_column vc_column_container us_custom_e28183d5\"><div class=\"vc_column-inner\"><div class=\"w-text us_custom_e5db0a2d has_text_color\"><span class=\"w-text-h\"><span class=\"w-text-value\">Bullring w Maladze + wci\u0105gaj\u0105ca wycieczka po muzeum<\/span><\/span><\/div><div class=\"w-text\"><span class=\"w-text-h\"><span class=\"w-text-value\">Od 14<\/span><\/span><\/div><\/div><\/div><div class=\"wpb_column vc_column_container us_custom_ecbbf48f\"><div class=\"vc_column-inner\"><div class=\"w-btn-wrapper default_align_right laptops_align_right tablets_align_left mobiles_align_center\"><a class=\"w-btn us-btn-style_1 us_custom_b4198c51\" target=\"_blank\" href=\"https:\/\/lamalaguetatour.com\"><span class=\"w-btn-label\">Wi\u0119cej informacji i rezerwacje<\/span><\/a><\/div><\/div><\/div><\/div><\/div><\/div><\/div><\/div><\/section>\n","protected":false},"excerpt":{"rendered":"Informacje o arenie walk byk\u00f3wWitamy w Marbella Bullring, kultowym miejscu, kt\u00f3re nie tylko stanowi istotn\u0105 cz\u0119\u015b\u0107 andaluzyjskiej tradycji walk byk\u00f3w, ale jest tak\u017ce \u017cywym symbolem bogatej historii i kultury naszego miasta. Na tej stronie zapraszamy do zapoznania si\u0119 z fascynuj\u0105cymi cechami naszej areny walk byk\u00f3w, jej bogat\u0105 i t\u0119tni\u0105c\u0105 \u017cyciem histori\u0105 oraz ekscytuj\u0105cymi wydarzeniami, kt\u00f3re...","protected":false},"author":2,"featured_media":0,"parent":0,"menu_order":0,"comment_status":"closed","ping_status":"closed","template":"","meta":{"footnotes":""},"class_list":["post-9677","page","type-page","status-publish","hentry"],"yoast_head":"<!-- This site is optimized with the Yoast SEO plugin v27.4 - https:\/\/yoast.com\/product\/yoast-seo-wordpress\/ -->\n<title>\u25b7 Informacje o Bullring Marbella | Oficjalna strona internetowa<\/title>\n<meta name=\"description\" content=\"Dowiedz si\u0119 wszystkiego o Marbella Bullring: rok budowy, ciekawostki, do czego obecnie s\u0142u\u017cy, nadchodz\u0105ce wydarzenia.\" \/>\n<meta name=\"robots\" content=\"index, follow, max-snippet:-1, max-image-preview:large, max-video-preview:-1\" \/>\n<link rel=\"canonical\" href=\"https:\/\/plazatorosmarbella.com\/pl\/informacje-o-miejscu\/\" \/>\n<meta property=\"og:locale\" content=\"pl_PL\" \/>\n<meta property=\"og:type\" content=\"article\" \/>\n<meta property=\"og:title\" content=\"\u25b7 Informacje o Bullring Marbella | Oficjalna strona internetowa\" \/>\n<meta property=\"og:description\" content=\"Dowiedz si\u0119 wszystkiego o Marbella Bullring: rok budowy, ciekawostki, do czego obecnie s\u0142u\u017cy, nadchodz\u0105ce wydarzenia.\" \/>\n<meta property=\"og:url\" content=\"https:\/\/plazatorosmarbella.com\/pl\/informacje-o-miejscu\/\" \/>\n<meta property=\"og:site_name\" content=\"Plaza Toros Marbella\" \/>\n<meta property=\"article:modified_time\" content=\"2026-04-20T14:19:01+00:00\" \/>\n<meta name=\"twitter:card\" content=\"summary_large_image\" \/>\n<meta name=\"twitter:label1\" content=\"Szacowany czas czytania\" \/>\n\t<meta name=\"twitter:data1\" content=\"7 minut\" \/>\n<script type=\"application\/ld+json\" class=\"yoast-schema-graph\">{\"@context\":\"https:\\\/\\\/schema.org\",\"@graph\":[{\"@type\":\"WebPage\",\"@id\":\"https:\\\/\\\/plazatorosmarbella.com\\\/pl\\\/informacje-o-miejscu\\\/\",\"url\":\"https:\\\/\\\/plazatorosmarbella.com\\\/pl\\\/informacje-o-miejscu\\\/\",\"name\":\"\u25b7 Informacje o Bullring Marbella | Oficjalna strona internetowa\",\"isPartOf\":{\"@id\":\"https:\\\/\\\/plazatorosmarbella.com\\\/#website\"},\"datePublished\":\"2024-05-17T08:37:06+00:00\",\"dateModified\":\"2026-04-20T14:19:01+00:00\",\"description\":\"Dowiedz si\u0119 wszystkiego o Marbella Bullring: rok budowy, ciekawostki, do czego obecnie s\u0142u\u017cy, nadchodz\u0105ce wydarzenia.\",\"breadcrumb\":{\"@id\":\"https:\\\/\\\/plazatorosmarbella.com\\\/pl\\\/informacje-o-miejscu\\\/#breadcrumb\"},\"inLanguage\":\"pl-PL\",\"potentialAction\":[{\"@type\":\"ReadAction\",\"target\":[\"https:\\\/\\\/plazatorosmarbella.com\\\/pl\\\/informacje-o-miejscu\\\/\"]}]},{\"@type\":\"BreadcrumbList\",\"@id\":\"https:\\\/\\\/plazatorosmarbella.com\\\/pl\\\/informacje-o-miejscu\\\/#breadcrumb\",\"itemListElement\":[{\"@type\":\"ListItem\",\"position\":1,\"name\":\"Portada\",\"item\":\"https:\\\/\\\/plazatorosmarbella.com\\\/pl\\\/strona-glowna\\\/\"},{\"@type\":\"ListItem\",\"position\":2,\"name\":\"Informacje o miejscu\"}]},{\"@type\":\"WebSite\",\"@id\":\"https:\\\/\\\/plazatorosmarbella.com\\\/#website\",\"url\":\"https:\\\/\\\/plazatorosmarbella.com\\\/\",\"name\":\"Plaza Toros Marbella\",\"description\":\"P\u00e1gina Plaza de Toros de Marbella\",\"potentialAction\":[{\"@type\":\"SearchAction\",\"target\":{\"@type\":\"EntryPoint\",\"urlTemplate\":\"https:\\\/\\\/plazatorosmarbella.com\\\/?s={search_term_string}\"},\"query-input\":{\"@type\":\"PropertyValueSpecification\",\"valueRequired\":true,\"valueName\":\"search_term_string\"}}],\"inLanguage\":\"pl-PL\"}]}<\/script>\n<!-- \/ Yoast SEO plugin. -->","yoast_head_json":{"title":"\u25b7 Informacje o Bullring Marbella | Oficjalna strona internetowa","description":"Dowiedz si\u0119 wszystkiego o Marbella Bullring: rok budowy, ciekawostki, do czego obecnie s\u0142u\u017cy, nadchodz\u0105ce wydarzenia.","robots":{"index":"index","follow":"follow","max-snippet":"max-snippet:-1","max-image-preview":"max-image-preview:large","max-video-preview":"max-video-preview:-1"},"canonical":"https:\/\/plazatorosmarbella.com\/pl\/informacje-o-miejscu\/","og_locale":"pl_PL","og_type":"article","og_title":"\u25b7 Informacje o Bullring Marbella | Oficjalna strona internetowa","og_description":"Dowiedz si\u0119 wszystkiego o Marbella Bullring: rok budowy, ciekawostki, do czego obecnie s\u0142u\u017cy, nadchodz\u0105ce wydarzenia.","og_url":"https:\/\/plazatorosmarbella.com\/pl\/informacje-o-miejscu\/","og_site_name":"Plaza Toros Marbella","article_modified_time":"2026-04-20T14:19:01+00:00","twitter_card":"summary_large_image","twitter_misc":{"Szacowany czas czytania":"7 minut"},"schema":{"@context":"https:\/\/schema.org","@graph":[{"@type":"WebPage","@id":"https:\/\/plazatorosmarbella.com\/pl\/informacje-o-miejscu\/","url":"https:\/\/plazatorosmarbella.com\/pl\/informacje-o-miejscu\/","name":"\u25b7 Informacje o Bullring Marbella | Oficjalna strona internetowa","isPartOf":{"@id":"https:\/\/plazatorosmarbella.com\/#website"},"datePublished":"2024-05-17T08:37:06+00:00","dateModified":"2026-04-20T14:19:01+00:00","description":"Dowiedz si\u0119 wszystkiego o Marbella Bullring: rok budowy, ciekawostki, do czego obecnie s\u0142u\u017cy, nadchodz\u0105ce wydarzenia.","breadcrumb":{"@id":"https:\/\/plazatorosmarbella.com\/pl\/informacje-o-miejscu\/#breadcrumb"},"inLanguage":"pl-PL","potentialAction":[{"@type":"ReadAction","target":["https:\/\/plazatorosmarbella.com\/pl\/informacje-o-miejscu\/"]}]},{"@type":"BreadcrumbList","@id":"https:\/\/plazatorosmarbella.com\/pl\/informacje-o-miejscu\/#breadcrumb","itemListElement":[{"@type":"ListItem","position":1,"name":"Portada","item":"https:\/\/plazatorosmarbella.com\/pl\/strona-glowna\/"},{"@type":"ListItem","position":2,"name":"Informacje o miejscu"}]},{"@type":"WebSite","@id":"https:\/\/plazatorosmarbella.com\/#website","url":"https:\/\/plazatorosmarbella.com\/","name":"Plaza Toros Marbella","description":"P\u00e1gina Plaza de Toros de Marbella","potentialAction":[{"@type":"SearchAction","target":{"@type":"EntryPoint","urlTemplate":"https:\/\/plazatorosmarbella.com\/?s={search_term_string}"},"query-input":{"@type":"PropertyValueSpecification","valueRequired":true,"valueName":"search_term_string"}}],"inLanguage":"pl-PL"}]}},"_links":{"self":[{"href":"https:\/\/plazatorosmarbella.com\/pl\/wp-json\/wp\/v2\/pages\/9677","targetHints":{"allow":["GET"]}}],"collection":[{"href":"https:\/\/plazatorosmarbella.com\/pl\/wp-json\/wp\/v2\/pages"}],"about":[{"href":"https:\/\/plazatorosmarbella.com\/pl\/wp-json\/wp\/v2\/types\/page"}],"author":[{"embeddable":true,"href":"https:\/\/plazatorosmarbella.com\/pl\/wp-json\/wp\/v2\/users\/2"}],"replies":[{"embeddable":true,"href":"https:\/\/plazatorosmarbella.com\/pl\/wp-json\/wp\/v2\/comments?post=9677"}],"version-history":[{"count":2,"href":"https:\/\/plazatorosmarbella.com\/pl\/wp-json\/wp\/v2\/pages\/9677\/revisions"}],"predecessor-version":[{"id":9695,"href":"https:\/\/plazatorosmarbella.com\/pl\/wp-json\/wp\/v2\/pages\/9677\/revisions\/9695"}],"wp:attachment":[{"href":"https:\/\/plazatorosmarbella.com\/pl\/wp-json\/wp\/v2\/media?parent=9677"}],"curies":[{"name":"wp","href":"https:\/\/api.w.org\/{rel}","templated":true}]}}