{"id":9654,"date":"2024-05-17T12:01:40","date_gmt":"2024-05-17T10:01:40","guid":{"rendered":"https:\/\/plazatorosmarbella.com\/data-dostawy-prowizje-i-zwroty\/"},"modified":"2026-04-20T16:18:57","modified_gmt":"2026-04-20T14:18:57","slug":"data-dostawy-prowizje-i-zwroty","status":"publish","type":"page","link":"https:\/\/plazatorosmarbella.com\/pl\/data-dostawy-prowizje-i-zwroty\/","title":{"rendered":"Data dostawy, prowizje i zwroty"},"content":{"rendered":"<section class=\"l-section wpb_row height_medium\"><div class=\"l-section-h i-cf\"><div class=\"g-cols vc_row via_grid cols_1 laptops-cols_inherit tablets-cols_inherit mobiles-cols_1 valign_top type_default stacking_default\"><div class=\"wpb_column vc_column_container\"><div class=\"vc_column-inner\"><div class=\"wpb_text_column\"><div class=\"wpb_wrapper\"><h1>DATA DOSTAWY I PROWIZJE ZA BILETY<\/h1>\n<\/div><\/div><div class=\"w-separator size_medium\"><\/div><div class=\"g-cols wpb_row via_grid cols_1 laptops-cols_inherit tablets-cols_inherit mobiles-cols_1 valign_top type_default stacking_default\" style=\"--columns-gap:3rem;\"><div class=\"wpb_column vc_column_container\"><div class=\"vc_column-inner\"><div class=\"wpb_text_column\"><div class=\"wpb_wrapper\"><h3>Data dostawy:<\/h3>\n<p>Bilety zostan\u0105 wys\u0142ane w formacie PDF na adres e-mail na dwa tygodnie przed walk\u0105 byk\u00f3w. Zalecamy sprawdzenie folderu ze spamem.<\/p>\n<\/div><\/div><div class=\"wpb_text_column\"><div class=\"wpb_wrapper\"><h3>Prowizje od sprzeda\u017cy<\/h3>\n<p>Bilety maj\u0105 ju\u017c wliczon\u0105 prowizj\u0119 w wysoko\u015bci 10% op\u0142aty za wystawienie + 10% op\u0142aty manipulacyjnej. Kupuj\u0105c bilet, nie musisz p\u0142aci\u0107 nic wi\u0119cej.<\/p>\n<\/div><\/div><div class=\"wpb_text_column\"><div class=\"wpb_wrapper\"><h3>Zwroty<\/h3>\n<div>\n<div>Wst\u0119p na miejsce oraz, w stosownych przypadkach, zwrot zap\u0142aconej kwoty zgodnie z obowi\u0105zuj\u0105cymi przepisami (art. 70 RTA) jest uzale\u017cniony od posiadania oficjalnego, kompletnego, nieotwartego i niezmanipulowanego biletu. <\/div>\n<\/div>\n<div><\/div>\n<div>\n<div>Termin zwrotu pieni\u0119dzy rozpoczyna si\u0119 w momencie og\u0142oszenia zawieszenia, prze\u0142o\u017cenia lub modyfikacji i ko\u0144czy si\u0119 4 dni po planowanej dacie pokazu lub 1 godzin\u0119 przed rozpocz\u0119ciem pokazu w przypadku modyfikacji (art. 70 RTA).<\/div>\n<div><\/div>\n<div>Je\u015bli pokaz zostanie zawieszony z przyczyn niezale\u017cnych od sp\u00f3\u0142ki lub z powodu z\u0142ej pogody, po wprowadzeniu pierwszego byka na ring widz nie b\u0119dzie uprawniony do zwrotu pieni\u0119dzy (art. 70 RTA).<\/div>\n<\/div>\n<\/div><\/div><\/div><\/div><\/div><div class=\"w-separator size_medium\"><\/div><div class=\"w-hwrapper valign_top align_none\"><div class=\"w-btn-wrapper align_none\"><a class=\"w-btn us-btn-style_1\" href=\"https:\/\/plazatorosmarbella.com\/pl\/bilety-na-walki-bykow\/\"><span class=\"w-btn-label\">Kup bilety<\/span><\/a><\/div><div class=\"w-btn-wrapper align_none\"><a class=\"w-btn us-btn-style_1\" href=\"https:\/\/plazatorosmarbella.com\/pl\/wozek\/\"><span class=\"w-btn-label\">Przejd\u017a do koszyka<\/span><\/a><\/div><\/div><\/div><\/div><\/div><\/div><\/section>\n","protected":false},"excerpt":{"rendered":"DATA DOSTAWY I PROWIZJE ZA BILETY Data dostawy: Bilety zostan\u0105 wys\u0142ane w formacie PDF na adres e-mail na dwa tygodnie przed walk\u0105 byk\u00f3w. Zalecamy sprawdzenie folderu ze spamem. Prowizje od sprzeda\u017cy Bilety maj\u0105 ju\u017c wliczon\u0105 prowizj\u0119 w wysoko\u015bci 10% op\u0142aty za wystawienie + 10% op\u0142aty manipulacyjnej. Kupuj\u0105c bilet, nie musisz p\u0142aci\u0107 nic wi\u0119cej. Zwroty Wst\u0119p...","protected":false},"author":2,"featured_media":0,"parent":0,"menu_order":0,"comment_status":"closed","ping_status":"closed","template":"","meta":{"footnotes":""},"class_list":["post-9654","page","type-page","status-publish","hentry"],"yoast_head":"<!-- This site is optimized with the Yoast SEO plugin v27.4 - https:\/\/yoast.com\/product\/yoast-seo-wordpress\/ -->\n<title>Data dostawy, prowizje i zwroty - Plaza Toros Marbella<\/title>\n<meta name=\"robots\" content=\"noindex, follow\" \/>\n<meta property=\"og:locale\" content=\"pl_PL\" \/>\n<meta property=\"og:type\" content=\"article\" \/>\n<meta property=\"og:title\" content=\"Data dostawy, prowizje i zwroty - Plaza Toros Marbella\" \/>\n<meta property=\"og:url\" content=\"https:\/\/plazatorosmarbella.com\/pl\/data-dostawy-prowizje-i-zwroty\/\" \/>\n<meta property=\"og:site_name\" content=\"Plaza Toros Marbella\" \/>\n<meta property=\"article:modified_time\" content=\"2026-04-20T14:18:57+00:00\" \/>\n<meta name=\"twitter:card\" content=\"summary_large_image\" \/>\n<meta name=\"twitter:label1\" content=\"Szacowany czas czytania\" \/>\n\t<meta name=\"twitter:data1\" content=\"1 minuta\" \/>\n<script type=\"application\/ld+json\" class=\"yoast-schema-graph\">{\"@context\":\"https:\\\/\\\/schema.org\",\"@graph\":[{\"@type\":\"WebPage\",\"@id\":\"https:\\\/\\\/plazatorosmarbella.com\\\/pl\\\/data-dostawy-prowizje-i-zwroty\\\/\",\"url\":\"https:\\\/\\\/plazatorosmarbella.com\\\/pl\\\/data-dostawy-prowizje-i-zwroty\\\/\",\"name\":\"Data dostawy, prowizje i zwroty - Plaza Toros Marbella\",\"isPartOf\":{\"@id\":\"https:\\\/\\\/plazatorosmarbella.com\\\/pl\\\/#website\"},\"datePublished\":\"2024-05-17T10:01:40+00:00\",\"dateModified\":\"2026-04-20T14:18:57+00:00\",\"breadcrumb\":{\"@id\":\"https:\\\/\\\/plazatorosmarbella.com\\\/pl\\\/data-dostawy-prowizje-i-zwroty\\\/#breadcrumb\"},\"inLanguage\":\"pl-PL\",\"potentialAction\":[{\"@type\":\"ReadAction\",\"target\":[\"https:\\\/\\\/plazatorosmarbella.com\\\/pl\\\/data-dostawy-prowizje-i-zwroty\\\/\"]}]},{\"@type\":\"BreadcrumbList\",\"@id\":\"https:\\\/\\\/plazatorosmarbella.com\\\/pl\\\/data-dostawy-prowizje-i-zwroty\\\/#breadcrumb\",\"itemListElement\":[{\"@type\":\"ListItem\",\"position\":1,\"name\":\"Portada\",\"item\":\"https:\\\/\\\/plazatorosmarbella.com\\\/pl\\\/\"},{\"@type\":\"ListItem\",\"position\":2,\"name\":\"Data dostawy, prowizje i zwroty\"}]},{\"@type\":\"WebSite\",\"@id\":\"https:\\\/\\\/plazatorosmarbella.com\\\/pl\\\/#website\",\"url\":\"https:\\\/\\\/plazatorosmarbella.com\\\/pl\\\/\",\"name\":\"Plaza Toros Marbella\",\"description\":\"P\u00e1gina Plaza de Toros de Marbella\",\"potentialAction\":[{\"@type\":\"SearchAction\",\"target\":{\"@type\":\"EntryPoint\",\"urlTemplate\":\"https:\\\/\\\/plazatorosmarbella.com\\\/pl\\\/?s={search_term_string}\"},\"query-input\":{\"@type\":\"PropertyValueSpecification\",\"valueRequired\":true,\"valueName\":\"search_term_string\"}}],\"inLanguage\":\"pl-PL\"}]}<\/script>\n<!-- \/ Yoast SEO plugin. -->","yoast_head_json":{"title":"Data dostawy, prowizje i zwroty - Plaza Toros Marbella","robots":{"index":"noindex","follow":"follow"},"og_locale":"pl_PL","og_type":"article","og_title":"Data dostawy, prowizje i zwroty - Plaza Toros Marbella","og_url":"https:\/\/plazatorosmarbella.com\/pl\/data-dostawy-prowizje-i-zwroty\/","og_site_name":"Plaza Toros Marbella","article_modified_time":"2026-04-20T14:18:57+00:00","twitter_card":"summary_large_image","twitter_misc":{"Szacowany czas czytania":"1 minuta"},"schema":{"@context":"https:\/\/schema.org","@graph":[{"@type":"WebPage","@id":"https:\/\/plazatorosmarbella.com\/pl\/data-dostawy-prowizje-i-zwroty\/","url":"https:\/\/plazatorosmarbella.com\/pl\/data-dostawy-prowizje-i-zwroty\/","name":"Data dostawy, prowizje i zwroty - Plaza Toros Marbella","isPartOf":{"@id":"https:\/\/plazatorosmarbella.com\/pl\/#website"},"datePublished":"2024-05-17T10:01:40+00:00","dateModified":"2026-04-20T14:18:57+00:00","breadcrumb":{"@id":"https:\/\/plazatorosmarbella.com\/pl\/data-dostawy-prowizje-i-zwroty\/#breadcrumb"},"inLanguage":"pl-PL","potentialAction":[{"@type":"ReadAction","target":["https:\/\/plazatorosmarbella.com\/pl\/data-dostawy-prowizje-i-zwroty\/"]}]},{"@type":"BreadcrumbList","@id":"https:\/\/plazatorosmarbella.com\/pl\/data-dostawy-prowizje-i-zwroty\/#breadcrumb","itemListElement":[{"@type":"ListItem","position":1,"name":"Portada","item":"https:\/\/plazatorosmarbella.com\/pl\/"},{"@type":"ListItem","position":2,"name":"Data dostawy, prowizje i zwroty"}]},{"@type":"WebSite","@id":"https:\/\/plazatorosmarbella.com\/pl\/#website","url":"https:\/\/plazatorosmarbella.com\/pl\/","name":"Plaza Toros Marbella","description":"P\u00e1gina Plaza de Toros de Marbella","potentialAction":[{"@type":"SearchAction","target":{"@type":"EntryPoint","urlTemplate":"https:\/\/plazatorosmarbella.com\/pl\/?s={search_term_string}"},"query-input":{"@type":"PropertyValueSpecification","valueRequired":true,"valueName":"search_term_string"}}],"inLanguage":"pl-PL"}]}},"_links":{"self":[{"href":"https:\/\/plazatorosmarbella.com\/pl\/wp-json\/wp\/v2\/pages\/9654","targetHints":{"allow":["GET"]}}],"collection":[{"href":"https:\/\/plazatorosmarbella.com\/pl\/wp-json\/wp\/v2\/pages"}],"about":[{"href":"https:\/\/plazatorosmarbella.com\/pl\/wp-json\/wp\/v2\/types\/page"}],"author":[{"embeddable":true,"href":"https:\/\/plazatorosmarbella.com\/pl\/wp-json\/wp\/v2\/users\/2"}],"replies":[{"embeddable":true,"href":"https:\/\/plazatorosmarbella.com\/pl\/wp-json\/wp\/v2\/comments?post=9654"}],"version-history":[{"count":6,"href":"https:\/\/plazatorosmarbella.com\/pl\/wp-json\/wp\/v2\/pages\/9654\/revisions"}],"predecessor-version":[{"id":9671,"href":"https:\/\/plazatorosmarbella.com\/pl\/wp-json\/wp\/v2\/pages\/9654\/revisions\/9671"}],"wp:attachment":[{"href":"https:\/\/plazatorosmarbella.com\/pl\/wp-json\/wp\/v2\/media?parent=9654"}],"curies":[{"name":"wp","href":"https:\/\/api.w.org\/{rel}","templated":true}]}}