{"id":9108,"date":"2024-05-16T10:56:20","date_gmt":"2024-05-16T08:56:20","guid":{"rendered":"https:\/\/plazatorosmarbella.com\/polityka-prywatnosci\/"},"modified":"2026-04-20T16:17:20","modified_gmt":"2026-04-20T14:17:20","slug":"polityka-prywatnosci","status":"publish","type":"page","link":"https:\/\/plazatorosmarbella.com\/pl\/polityka-prywatnosci\/","title":{"rendered":"Polityka prywatno\u015bci"},"content":{"rendered":"<section class=\"l-section wpb_row height_medium\"><div class=\"l-section-h i-cf\"><div class=\"g-cols vc_row via_grid cols_1 laptops-cols_inherit tablets-cols_inherit mobiles-cols_1 valign_top type_default stacking_default\"><div class=\"wpb_column vc_column_container\"><div class=\"vc_column-inner\"><div class=\"wpb_text_column\"><div class=\"wpb_wrapper\"><h1>Polityka prywatno\u015bci<\/h1>\n<h3>Ochrona danych osobowych zgodnie z RODO<\/h3>\n<p>Toroshopping, S.L., zgodnie z obowi\u0105zuj\u0105cymi przepisami dotycz\u0105cymi <a href=\"https:\/\/protecciondatos-lopd.com\/auditoria\/proteccion-datos\/\" target=\"_blank\" rel=\"noopener\" data-saferedirecturl=\"https:\/\/www.google.com\/url?q=https:\/\/protecciondatos-lopd.com\/auditoria\/proteccion-datos\/&amp;source=gmail&amp;ust=1693983469555000&amp;usg=AOvVaw06cAt1rQmvPvcyiRrzyEtd\">ochrony danych<\/a> osobowych, informuje, \u017ce dane osobowe zbierane za po\u015brednictwem formularzy na stronie internetowej: https:\/\/plazatorosmarbella.com\/, s\u0105 zawarte w okre\u015blonych zautomatyzowanych plikach u\u017cytkownik\u00f3w us\u0142ug Toroshopping, S.L..<\/p>\n<p>Gromadzenie i zautomatyzowane przetwarzanie danych osobowych ma na celu utrzymanie relacji biznesowych i wykonywanie zada\u0144 informacyjnych, szkoleniowych, doradczych i innych dzia\u0142a\u0144 Toroshopping, SL.<\/p>\n<p>Dane te b\u0119d\u0105 przekazywane wy\u0142\u0105cznie tym podmiotom, kt\u00f3re s\u0105 niezb\u0119dne do realizacji wy\u017cej wymienionego celu.<\/p>\n<p>Toroshopping, S.L. przyjmuje niezb\u0119dne \u015brodki w celu zagwarantowania bezpiecze\u0144stwa, integralno\u015bci i poufno\u015bci danych zgodnie z przepisami rozporz\u0105dzenia Parlamentu Europejskiego i Rady (UE) 2016\/679 z dnia 27 kwietnia 2016 r. w sprawie ochrony os\u00f3b fizycznych w zwi\u0105zku z przetwarzaniem danych osobowych i w sprawie swobodnego przep\u0142ywu takich danych oraz uchylenia starej LOPD, now\u0105 ustaw\u0105 organiczn\u0105 3\/2018 z dnia 5 grudnia o ochronie danych i gwarancji praw cyfrowych (LOPDGDD).<\/p>\n<p>U\u017cytkownik mo\u017ce w dowolnym momencie skorzysta\u0107 z praw dost\u0119pu, sprzeciwu, sprostowania, anulowania, ograniczenia i przenoszenia danych uznanych w wy\u017cej wymienionym rozporz\u0105dzeniu (UE). U\u017cytkownik mo\u017ce skorzysta\u0107 z tych praw, wysy\u0142aj\u0105c wiadomo\u015b\u0107 e-mail na adres: <a href=\"mailto:info@toroshopping.com\" target=\"_blank\" rel=\"noopener\">info@toroshopping.com<\/a> lub na nast\u0119puj\u0105cy adres: Centro Melior Vasari. Urbanizaci\u00f3n La Alzambra, 3, Local 1, C.P. 29660 - Marbella (M\u00e1laga).  <\/p>\n<p>U\u017cytkownik o\u015bwiadcza, \u017ce wszystkie podane przez niego dane s\u0105 prawdziwe i poprawne oraz zobowi\u0105zuje si\u0119 do ich aktualizacji, informuj\u0105c Toroshopping, S.L. o wszelkich zmianach.<\/p>\n<h5><strong>Cel przetwarzania danych osobowych:<\/strong><\/h5>\n<p><strong>W jakich celach b\u0119dziemy przetwarza\u0107 dane osobowe u\u017cytkownik\u00f3w?<\/strong><\/p>\n<p>W Toroshopping, S.L., b\u0119dziemy przetwarza\u0107 Twoje dane osobowe zebrane za po\u015brednictwem strony internetowej: https:\/\/plazatorosmarbella.com\/, w nast\u0119puj\u0105cych celach:<\/p>\n<ol>\n<li>Przestrzeganie zobowi\u0105za\u0144 handlowych, pracowniczych, korporacyjnych i ksi\u0119gowych firmy.<\/li>\n<li>\u015awiadczenie us\u0142ug zgodnie ze szczeg\u00f3lnymi potrzebami klient\u00f3w w celu realizacji zawartych przez nich um\u00f3w.<\/li>\n<li>Wysy\u0142anie informacji handlowych i biuletyn\u00f3w o nowych us\u0142ugach oferowanych na stronie internetowej i w sektorze.<\/li>\n<li>Zakup produkt\u00f3w oferowanych za po\u015brednictwem strony internetowej.<\/li>\n<li>W celu \u015bwiadczenia us\u0142ug zakontraktowanych przez u\u017cytkownika.<\/li>\n<li>Wysy\u0142anie informacji promocyjnych drog\u0105 elektroniczn\u0105.<\/li>\n<li>Podaj informacje wymagane przez u\u017cytkownika za po\u015brednictwem formularza kontaktowego.<\/li>\n<\/ol>\n<p>Przypominamy, \u017ce u\u017cytkownik mo\u017ce sprzeciwi\u0107 si\u0119 wysy\u0142aniu informacji handlowych w dowolny spos\u00f3b i w dowolnym momencie, wysy\u0142aj\u0105c wiadomo\u015b\u0107 e-mail na powy\u017cszy adres.<\/p>\n<p>Pola w tych rejestrach musz\u0105 zosta\u0107 wype\u0142nione, a realizacja wyra\u017conych cel\u00f3w jest niemo\u017cliwa, je\u015bli dane te nie zostan\u0105 dostarczone.<\/p>\n<p><strong>Jak d\u0142ugo b\u0119d\u0105 przechowywane zebrane dane osobowe?<\/strong><\/p>\n<p>Przekazane dane osobowe b\u0119d\u0105 przechowywane tak d\u0142ugo, jak d\u0142ugo utrzymywana b\u0119dzie relacja handlowa lub u\u017cytkownik nie za\u017c\u0105da ich usuni\u0119cia, a tak\u017ce przez okres, w kt\u00f3rym ze \u015bwiadczonych us\u0142ug mog\u0105 wynika\u0107 obowi\u0105zki prawne.<\/p>\n<h5>Legitymacja:<\/h5>\n<p>Przetwarzanie danych u\u017cytkownika odbywa si\u0119 w oparciu o nast\u0119puj\u0105ce podstawy prawne, kt\u00f3re je uzasadniaj\u0105:<\/p>\n<ol>\n<li>Pro\u015bba o informacje i\/lub zawarcie umowy na us\u0142ugi Toroshopping, S.L., kt\u00f3rych warunki zostan\u0105 udost\u0119pnione u\u017cytkownikowi w ka\u017cdym przypadku, przed ewentualnym zawarciem umowy.<\/li>\n<li>Swobodna, konkretna, \u015bwiadoma i jednoznaczna zgoda, w zakresie, w jakim informujemy u\u017cytkownika poprzez udost\u0119pnienie mu niniejszej polityki prywatno\u015bci, kt\u00f3r\u0105 po przeczytaniu, je\u015bli u\u017cytkownik si\u0119 zgadza, mo\u017ce zaakceptowa\u0107 za pomoc\u0105 o\u015bwiadczenia lub wyra\u017anego dzia\u0142ania potwierdzaj\u0105cego, takiego jak zaznaczenie pola przewidzianego w tym celu.<\/li>\n<\/ol>\n<p>Je\u015bli u\u017cytkownik nie przeka\u017ce nam swoich danych lub przeka\u017ce je w spos\u00f3b nieprawid\u0142owy lub niekompletny, nie b\u0119dziemy w stanie rozpatrzy\u0107 jego wniosku, co uniemo\u017cliwi nam przekazanie mu \u017c\u0105danych informacji lub zawarcie umowy o \u015bwiadczenie us\u0142ug.<\/p>\n<h5>Grupa docelowa:<\/h5>\n<p>Dane nie b\u0119d\u0105 przekazywane osobom trzecim spoza Toroshopping, S.L., chyba \u017ce jest to prawnie wymagane.<\/p>\n<h5>Dane gromadzone przez u\u017cytkownik\u00f3w us\u0142ug<\/h5>\n<p>W przypadkach, gdy u\u017cytkownik umieszcza pliki z danymi osobowymi na wsp\u00f3\u0142dzielonych serwerach hostingowych, Toroshopping, S.L. nie ponosi odpowiedzialno\u015bci za nieprzestrzeganie przez u\u017cytkownika RODO.<\/p>\n<h5>Prawa w\u0142asno\u015bci intelektualnej  <\/h5>\n<p>Toroshopping, S.L. jest w\u0142a\u015bcicielem wszystkich praw autorskich, praw w\u0142asno\u015bci intelektualnej i przemys\u0142owej, know-how i wszelkich innych praw zwi\u0105zanych z zawarto\u015bci\u0105 strony internetowej https:\/\/plazatorosmarbella.com i oferowanych na niej us\u0142ug, a tak\u017ce program\u00f3w niezb\u0119dnych do jej wdro\u017cenia i powi\u0105zanych informacji.<\/p>\n<p>Powielanie, publikowanie i\/lub jakiekolwiek inne ni\u017c \u015bci\u015ble prywatne wykorzystanie zawarto\u015bci strony internetowej https:\/\/plazatorosmarbella.com, w ca\u0142o\u015bci lub w cz\u0119\u015bci, nie jest dozwolone bez uprzedniej pisemnej zgody.<\/p>\n<h5>W\u0142asno\u015b\u0107 intelektualna oprogramowania<\/h5>\n<p>U\u017cytkownik musi szanowa\u0107 oprogramowanie stron trzecich udost\u0119pnione przez Toroshopping, S.L., nawet je\u015bli jest ono darmowe i\/lub publicznie dost\u0119pne.<\/p>\n<p>Toroshopping, S.L. posiada niezb\u0119dne prawa do eksploatacji i w\u0142asno\u015bci intelektualnej oprogramowania.<\/p>\n<p>U\u017cytkownik nie nabywa \u017cadnych praw ani licencji do zakontraktowanej us\u0142ugi, do oprogramowania niezb\u0119dnego do \u015bwiadczenia us\u0142ugi ani do informacji technicznych s\u0142u\u017c\u0105cych do monitorowania us\u0142ugi, z wyj\u0105tkiem praw i licencji niezb\u0119dnych do realizacji zakontraktowanych us\u0142ug i tylko na czas trwania zakontraktowanych us\u0142ug.<\/p>\n<p>W przypadku jakichkolwiek dzia\u0142a\u0144 wykraczaj\u0105cych poza realizacj\u0119 umowy, u\u017cytkownik b\u0119dzie potrzebowa\u0142 pisemnego upowa\u017cnienia od Toroshopping, S.L., a u\u017cytkownikowi zabrania si\u0119 uzyskiwania dost\u0119pu, modyfikowania, przegl\u0105dania konfiguracji, struktury i plik\u00f3w serwer\u00f3w nale\u017c\u0105cych do Toroshopping, S.L., przyjmuj\u0105c odpowiedzialno\u015b\u0107 cywiln\u0105 i karn\u0105 wynikaj\u0105c\u0105 z jakiegokolwiek incydentu, kt\u00f3ry mo\u017ce wyst\u0105pi\u0107 na serwerach i systemach bezpiecze\u0144stwa jako bezpo\u015brednia konsekwencja zaniedbania lub z\u0142o\u015bliwego dzia\u0142ania z jego strony.<\/p>\n<h5>W\u0142asno\u015b\u0107 intelektualna hostowanych tre\u015bci<\/h5>\n<p>Wykorzystanie niezgodne z przepisami dotycz\u0105cymi w\u0142asno\u015bci intelektualnej us\u0142ug \u015bwiadczonych przez Toroshopping, S.L., a w szczeg\u00f3lno\u015bci:<\/p>\n<ol>\n<li>U\u017cytkowanie sprzeczne z prawem hiszpa\u0144skim lub naruszaj\u0105ce prawa os\u00f3b trzecich.<\/li>\n<li>Publikowanie lub przesy\u0142anie jakichkolwiek tre\u015bci, kt\u00f3re w opinii Toroshopping, S.L. s\u0105 brutalne, obsceniczne, obra\u017aliwe, nielegalne, rasistowskie, ksenofobiczne lub znies\u0142awiaj\u0105ce.<\/li>\n<li>P\u0119kni\u0119\u0107, numer\u00f3w seryjnych oprogramowania lub innych tre\u015bci naruszaj\u0105cych prawa w\u0142asno\u015bci intelektualnej os\u00f3b trzecich.<\/li>\n<li>Gromadzenie i\/lub wykorzystywanie danych osobowych innych u\u017cytkownik\u00f3w bez ich wyra\u017anej zgody lub z naruszeniem przepis\u00f3w Rozporz\u0105dzenia Parlamentu Europejskiego i Rady (UE) 2016\/679 z dnia 27 kwietnia 2016 r. w sprawie ochrony os\u00f3b fizycznych w zwi\u0105zku z przetwarzaniem danych osobowych i w sprawie swobodnego przep\u0142ywu takich danych.<\/li>\n<li>U\u017cywanie serwera pocztowego domeny i adres\u00f3w e-mail do wysy\u0142ania niechcianych masowych wiadomo\u015bci e-mail.<\/li>\n<\/ol>\n<p>U\u017cytkownik ponosi pe\u0142n\u0105 odpowiedzialno\u015b\u0107 za zawarto\u015b\u0107 swojej strony internetowej, przesy\u0142ane i przechowywane informacje, \u0142\u0105cza hipertekstowe, roszczenia os\u00f3b trzecich i dzia\u0142ania prawne w odniesieniu do w\u0142asno\u015bci intelektualnej, praw os\u00f3b trzecich i ochrony nieletnich.<\/p>\n<p>U\u017cytkownik jest odpowiedzialny za przestrzeganie obowi\u0105zuj\u0105cych przepis\u00f3w prawa oraz zasad dotycz\u0105cych funkcjonowania serwisu internetowego, handlu elektronicznego, praw autorskich, utrzymania porz\u0105dku publicznego, a tak\u017ce uniwersalnych zasad korzystania z Internetu.<\/p>\n<p>U\u017cytkownik zwolni Toroshopping, S.L. z koszt\u00f3w poniesionych przez Toroshopping, S.L. w ka\u017cdym przypadku, za kt\u00f3ry u\u017cytkownik jest odpowiedzialny, w tym koszt\u00f3w prawnych i wydatk\u00f3w, nawet w przypadku nieostatecznej decyzji s\u0105du.<\/p>\n<h5>Ochrona hostowanych informacji<\/h5>\n<p>Toroshopping, S.L. tworzy kopie zapasowe zawarto\u015bci hostowanej na swoich serwerach, jednak nie ponosi odpowiedzialno\u015bci za utrat\u0119 lub przypadkowe usuni\u0119cie danych przez u\u017cytkownik\u00f3w. Podobnie, nie gwarantuje ca\u0142kowitego zast\u0105pienia danych usuni\u0119tych przez u\u017cytkownik\u00f3w, poniewa\u017c wspomniane dane mog\u0142y zosta\u0107 usuni\u0119te i\/lub zmodyfikowane w okresie czasu, kt\u00f3ry up\u0142yn\u0105\u0142 od ostatniej kopii zapasowej. <\/p>\n<p>Oferowane us\u0142ugi, z wyj\u0105tkiem okre\u015blonych us\u0142ug tworzenia kopii zapasowych, nie obejmuj\u0105 odtworzenia zawarto\u015bci przechowywanej w kopiach zapasowych wykonanych przez Toroshopping, S.L., gdy utrata ta jest spowodowana przez u\u017cytkownika; w takim przypadku op\u0142ata zostanie ustalona zgodnie ze z\u0142o\u017cono\u015bci\u0105 i wielko\u015bci\u0105 odzyskiwania, zawsze po uprzedniej akceptacji u\u017cytkownika.<\/p>\n<p>Zast\u0105pienie usuni\u0119tych danych jest wliczone w cen\u0119 us\u0142ugi tylko wtedy, gdy utrata tre\u015bci jest spowodowana przyczynami le\u017c\u0105cymi po stronie Toroshopping, S.L..<\/p>\n<h5>Komunikacja handlowa<\/h5>\n<p>W zastosowaniu LSSI. Toroshopping, S.L. nie b\u0119dzie wysy\u0142a\u0107 informacji reklamowych lub promocyjnych za po\u015brednictwem poczty elektronicznej lub innych r\u00f3wnowa\u017cnych \u015brodk\u00f3w komunikacji elektronicznej, kt\u00f3re nie zosta\u0142y wcze\u015bniej zam\u00f3wione lub wyra\u017anie autoryzowane przez odbiorc\u00f3w. <\/p>\n<p>W przypadku u\u017cytkownik\u00f3w, z kt\u00f3rymi istnieje wcze\u015bniejszy stosunek umowny, Toroshopping, S.L. jest upowa\u017cniony do wysy\u0142ania informacji handlowych dotycz\u0105cych produkt\u00f3w lub us\u0142ug Toroshopping, S.L., kt\u00f3re s\u0105 podobne do tych, kt\u00f3re zosta\u0142y pierwotnie zakontraktowane z klientem.<\/p>\n<p>W ka\u017cdym przypadku u\u017cytkownik, po potwierdzeniu swojej to\u017csamo\u015bci, mo\u017ce za\u017c\u0105da\u0107 zaprzestania przesy\u0142ania mu dalszych informacji handlowych za po\u015brednictwem kana\u0142\u00f3w obs\u0142ugi klienta.<\/p>\n<\/div><\/div><\/div><\/div><\/div><\/div><\/section>\n","protected":false},"excerpt":{"rendered":"Polityka prywatno\u015bci Ochrona danych osobowych zgodnie z RODO Toroshopping, S.L., zgodnie z obowi\u0105zuj\u0105cymi przepisami dotycz\u0105cymi ochrony danych osobowych, informuje, \u017ce dane osobowe zbierane za po\u015brednictwem formularzy na stronie internetowej: https:\/\/plazatorosmarbella.com\/, s\u0105 zawarte w okre\u015blonych zautomatyzowanych plikach u\u017cytkownik\u00f3w us\u0142ug Toroshopping, S.L.. Gromadzenie i zautomatyzowane przetwarzanie danych osobowych ma na celu utrzymanie relacji biznesowych i wykonywanie zada\u0144...","protected":false},"author":2,"featured_media":0,"parent":0,"menu_order":0,"comment_status":"closed","ping_status":"open","template":"","meta":{"footnotes":""},"class_list":["post-9108","page","type-page","status-publish","hentry"],"yoast_head":"<!-- This site is optimized with the Yoast SEO plugin v27.4 - https:\/\/yoast.com\/product\/yoast-seo-wordpress\/ -->\n<title>Polityka prywatno\u015bci - Plaza Toros Marbella<\/title>\n<meta name=\"robots\" content=\"noindex, follow\" \/>\n<meta property=\"og:locale\" content=\"pl_PL\" \/>\n<meta property=\"og:type\" content=\"article\" \/>\n<meta property=\"og:title\" content=\"Polityka prywatno\u015bci - Plaza Toros Marbella\" \/>\n<meta property=\"og:url\" content=\"https:\/\/plazatorosmarbella.com\/pl\/polityka-prywatnosci\/\" \/>\n<meta property=\"og:site_name\" content=\"Plaza Toros Marbella\" \/>\n<meta property=\"article:modified_time\" content=\"2026-04-20T14:17:20+00:00\" \/>\n<meta name=\"twitter:card\" content=\"summary_large_image\" \/>\n<meta name=\"twitter:label1\" content=\"Szacowany czas czytania\" \/>\n\t<meta name=\"twitter:data1\" content=\"8 minuta\" \/>\n<script type=\"application\/ld+json\" class=\"yoast-schema-graph\">{\"@context\":\"https:\\\/\\\/schema.org\",\"@graph\":[{\"@type\":\"WebPage\",\"@id\":\"https:\\\/\\\/plazatorosmarbella.com\\\/pl\\\/polityka-prywatnosci\\\/\",\"url\":\"https:\\\/\\\/plazatorosmarbella.com\\\/pl\\\/polityka-prywatnosci\\\/\",\"name\":\"Polityka prywatno\u015bci - Plaza Toros Marbella\",\"isPartOf\":{\"@id\":\"https:\\\/\\\/plazatorosmarbella.com\\\/pl\\\/#website\"},\"datePublished\":\"2024-05-16T08:56:20+00:00\",\"dateModified\":\"2026-04-20T14:17:20+00:00\",\"breadcrumb\":{\"@id\":\"https:\\\/\\\/plazatorosmarbella.com\\\/pl\\\/polityka-prywatnosci\\\/#breadcrumb\"},\"inLanguage\":\"pl-PL\",\"potentialAction\":[{\"@type\":\"ReadAction\",\"target\":[\"https:\\\/\\\/plazatorosmarbella.com\\\/pl\\\/polityka-prywatnosci\\\/\"]}]},{\"@type\":\"BreadcrumbList\",\"@id\":\"https:\\\/\\\/plazatorosmarbella.com\\\/pl\\\/polityka-prywatnosci\\\/#breadcrumb\",\"itemListElement\":[{\"@type\":\"ListItem\",\"position\":1,\"name\":\"Portada\",\"item\":\"https:\\\/\\\/plazatorosmarbella.com\\\/pl\\\/\"},{\"@type\":\"ListItem\",\"position\":2,\"name\":\"Polityka prywatno\u015bci\"}]},{\"@type\":\"WebSite\",\"@id\":\"https:\\\/\\\/plazatorosmarbella.com\\\/pl\\\/#website\",\"url\":\"https:\\\/\\\/plazatorosmarbella.com\\\/pl\\\/\",\"name\":\"Plaza Toros Marbella\",\"description\":\"P\u00e1gina Plaza de Toros de Marbella\",\"potentialAction\":[{\"@type\":\"SearchAction\",\"target\":{\"@type\":\"EntryPoint\",\"urlTemplate\":\"https:\\\/\\\/plazatorosmarbella.com\\\/pl\\\/?s={search_term_string}\"},\"query-input\":{\"@type\":\"PropertyValueSpecification\",\"valueRequired\":true,\"valueName\":\"search_term_string\"}}],\"inLanguage\":\"pl-PL\"}]}<\/script>\n<!-- \/ Yoast SEO plugin. -->","yoast_head_json":{"title":"Polityka prywatno\u015bci - Plaza Toros Marbella","robots":{"index":"noindex","follow":"follow"},"og_locale":"pl_PL","og_type":"article","og_title":"Polityka prywatno\u015bci - Plaza Toros Marbella","og_url":"https:\/\/plazatorosmarbella.com\/pl\/polityka-prywatnosci\/","og_site_name":"Plaza Toros Marbella","article_modified_time":"2026-04-20T14:17:20+00:00","twitter_card":"summary_large_image","twitter_misc":{"Szacowany czas czytania":"8 minuta"},"schema":{"@context":"https:\/\/schema.org","@graph":[{"@type":"WebPage","@id":"https:\/\/plazatorosmarbella.com\/pl\/polityka-prywatnosci\/","url":"https:\/\/plazatorosmarbella.com\/pl\/polityka-prywatnosci\/","name":"Polityka prywatno\u015bci - Plaza Toros Marbella","isPartOf":{"@id":"https:\/\/plazatorosmarbella.com\/pl\/#website"},"datePublished":"2024-05-16T08:56:20+00:00","dateModified":"2026-04-20T14:17:20+00:00","breadcrumb":{"@id":"https:\/\/plazatorosmarbella.com\/pl\/polityka-prywatnosci\/#breadcrumb"},"inLanguage":"pl-PL","potentialAction":[{"@type":"ReadAction","target":["https:\/\/plazatorosmarbella.com\/pl\/polityka-prywatnosci\/"]}]},{"@type":"BreadcrumbList","@id":"https:\/\/plazatorosmarbella.com\/pl\/polityka-prywatnosci\/#breadcrumb","itemListElement":[{"@type":"ListItem","position":1,"name":"Portada","item":"https:\/\/plazatorosmarbella.com\/pl\/"},{"@type":"ListItem","position":2,"name":"Polityka prywatno\u015bci"}]},{"@type":"WebSite","@id":"https:\/\/plazatorosmarbella.com\/pl\/#website","url":"https:\/\/plazatorosmarbella.com\/pl\/","name":"Plaza Toros Marbella","description":"P\u00e1gina Plaza de Toros de Marbella","potentialAction":[{"@type":"SearchAction","target":{"@type":"EntryPoint","urlTemplate":"https:\/\/plazatorosmarbella.com\/pl\/?s={search_term_string}"},"query-input":{"@type":"PropertyValueSpecification","valueRequired":true,"valueName":"search_term_string"}}],"inLanguage":"pl-PL"}]}},"_links":{"self":[{"href":"https:\/\/plazatorosmarbella.com\/pl\/wp-json\/wp\/v2\/pages\/9108","targetHints":{"allow":["GET"]}}],"collection":[{"href":"https:\/\/plazatorosmarbella.com\/pl\/wp-json\/wp\/v2\/pages"}],"about":[{"href":"https:\/\/plazatorosmarbella.com\/pl\/wp-json\/wp\/v2\/types\/page"}],"author":[{"embeddable":true,"href":"https:\/\/plazatorosmarbella.com\/pl\/wp-json\/wp\/v2\/users\/2"}],"replies":[{"embeddable":true,"href":"https:\/\/plazatorosmarbella.com\/pl\/wp-json\/wp\/v2\/comments?post=9108"}],"version-history":[{"count":3,"href":"https:\/\/plazatorosmarbella.com\/pl\/wp-json\/wp\/v2\/pages\/9108\/revisions"}],"predecessor-version":[{"id":9111,"href":"https:\/\/plazatorosmarbella.com\/pl\/wp-json\/wp\/v2\/pages\/9108\/revisions\/9111"}],"wp:attachment":[{"href":"https:\/\/plazatorosmarbella.com\/pl\/wp-json\/wp\/v2\/media?parent=9108"}],"curies":[{"name":"wp","href":"https:\/\/api.w.org\/{rel}","templated":true}]}}