{"id":9097,"date":"2024-05-17T12:22:17","date_gmt":"2024-05-17T10:22:17","guid":{"rendered":"https:\/\/plazatorosmarbella.com\/ogolne-warunki-handlowe\/"},"modified":"2026-04-20T16:17:13","modified_gmt":"2026-04-20T14:17:13","slug":"ogolne-warunki-handlowe","status":"publish","type":"page","link":"https:\/\/plazatorosmarbella.com\/pl\/ogolne-warunki-handlowe\/","title":{"rendered":"Og\u00f3lne warunki handlowe"},"content":{"rendered":"<section class=\"l-section wpb_row height_medium\"><div class=\"l-section-h i-cf\"><div class=\"g-cols vc_row via_grid cols_1 laptops-cols_inherit tablets-cols_inherit mobiles-cols_1 valign_top type_default stacking_default\"><div class=\"wpb_column vc_column_container\"><div class=\"vc_column-inner\"><div class=\"wpb_text_column\"><div class=\"wpb_wrapper\"><h1>Og\u00f3lne warunki handlowe<\/h1>\n<p>https:\/\/plazatorosmarbella.com (zwana dalej Web) jest stron\u0105 internetow\u0105 nale\u017c\u0105c\u0105 do Toroshopping, S.L., zwanej dalej W\u0141A\u015aCICIELEM, z numerem CIF\/NIF: B92950146 i siedzib\u0105 pod adresem: Centro Melior Vasari. Urbanizaci\u00f3n La Alzambra, 3, Local 1, C.P. 29660 &#8211; Marbella (M\u00e1laga).<\/p>\n<p>Dost\u0119p, powielanie i korzystanie z us\u0142ug sieci wymaga uprzedniej akceptacji Warunk\u00f3w u\u017cytkowania obowi\u0105zuj\u0105cych w dowolnym momencie; W\u0141A\u015aCICIEL zastrzega sobie prawo do zmiany niniejszych Warunk\u00f3w, gdy uzna to za stosowne, publikuj\u0105c nowy tekst w sieci. Obowi\u0105zkiem u\u017cytkownika jest zapoznanie si\u0119 z Warunkami u\u017cytkowania przed uzyskaniem dost\u0119pu do produkt\u00f3w i us\u0142ug sieci; je\u015bli u\u017cytkownik nie zgadza si\u0119 z<br \/>, prosimy o powstrzymanie si\u0119 od korzystania z niego.<\/p>\n<p>&nbsp;<\/p>\n<h4 class=\"wp-block-heading\">W\u0141ASNO\u015a\u0106<\/h4>\n<p>Strona internetowa jest dzie\u0142em sk\u0142adaj\u0105cym si\u0119 z r\u00f3\u017cnych zintegrowanych i nieroz\u0142\u0105cznych element\u00f3w (tekst, ilustracje, zdj\u0119cia, animowane obrazy, filmy, programy komputerowe, w tym kody html strony internetowej itp.), kt\u00f3rych w\u0142asno\u015b\u0107 intelektualna nale\u017cy do W\u0141A\u015aCICIELA, z wyj\u0105tkiem materia\u0142\u00f3w uzyskanych na podstawie licencji od os\u00f3b trzecich.<br \/>W\u0141A\u015aCICIEL i jego licencjodawcy zachowuj\u0105 przez ca\u0142y czas w\u0142asno\u015b\u0107 intelektualn\u0105 na stronie internetowej i na r\u00f3\u017cnych elementach, kt\u00f3re j\u0105 tworz\u0105, indywidualnie rozpatrywanych, we wszystkich wykonanych kopiach (niezale\u017cnie od no\u015bnika, na kt\u00f3rym s\u0105 w\u0142\u0105czone), przyznaj\u0105c im jedynie prawa u\u017cytkowania opisane poni\u017cej. Wszelkie prawa, kt\u00f3re nie zosta\u0142y wyra\u017anie przyznane, uznaje si\u0119 za zastrze\u017cone. <br \/>Opr\u00f3cz powy\u017cszego, W\u0141A\u015aCICIEL jest odpowiedzialny za wyb\u00f3r, zaprojektowanie struktury i uk\u0142adu tre\u015bci Witryny, a tak\u017ce za podj\u0119cie inicjatywy i podj\u0119cie ryzyka dokonania znacznych inwestycji maj\u0105cych na celu uzyskanie, digitalizacj\u0119 i prezentacj\u0119 tego samego, a zatem jest uprawniony do ochrony, jak\u0105 art. 12 i tytu\u0142 VIII Ksi\u0119gi II Prawa W\u0142asno\u015bci Intelektualnej mo\u017ce przyzna\u0107 Witrynie, traktowanej jako baza danych.<br \/>W\u0141A\u015aCICIEL jest r\u00f3wnie\u017c wy\u0142\u0105cznym w\u0142a\u015bcicielem projektu i wizerunku graficznego Witryny i zastrzega sobie prawo do podj\u0119cia wszelkich dzia\u0142a\u0144 prawnych, kt\u00f3re mog\u0105 mu odpowiada\u0107, przeciwko osobom, kt\u00f3re je na\u015bladuj\u0105 lub wykorzystuj\u0105 w nieuczciwy spos\u00f3b.<\/p>\n<p>&nbsp;<\/p>\n<h3 class=\"wp-block-heading\">TRE\u015aCI INTERNETOWE I PLIKI DO POBRANIA. DOZWOLONE I ZABRONIONE ZASTOSOWANIA. <\/h3>\n<p>Dozwolone jest:<br \/>&#8211; przegl\u0105danie strony internetowej, tj. uzyskiwanie dost\u0119pu i przegl\u0105danie jej na urz\u0105dzeniu, z dozwolonym tymczasowym lub dodatkowym powielaniem, pod warunkiem, \u017ce nie jest to dobrowolne i stanowi integraln\u0105 i istotn\u0105 cz\u0119\u015b\u0107 technologicznego procesu transmisji. Przegl\u0105danie niekt\u00f3rych sekcji Witryny wymaga uprzedniej rejestracji. <br \/>&#8211; Korzystanie (po rejestracji) z us\u0142ug i korzy\u015bci \u015bwiadczonych przez W\u0141A\u015aCICIELA za po\u015brednictwem Witryny na rzecz jej u\u017cytkownik\u00f3w, na warunkach wyra\u017anie wskazanych w poszczeg\u00f3lnych sekcjach.<br \/>Surowo zabrania si\u0119:<br \/>&#8211; jakichkolwiek dzia\u0142a\u0144 w odniesieniu do sieci, jej zawarto\u015bci, pobranych produkt\u00f3w i ich kopii, kt\u00f3re s\u0105 sprzeczne z prawem, dobrymi obyczajami i dobr\u0105 wiar\u0105.<br \/>&#8211; Wszelkie wykorzystanie poza sfer\u0105 osobist\u0105 i prywatn\u0105, w szczeg\u00f3lno\u015bci do cel\u00f3w komercyjnych lub zawodowych, w tym wysy\u0142anie reklam lub wiadomo\u015bci oraz gromadzenie i przetwarzanie danych od stron trzecich.<br \/>&#8211; Wszelkiego rodzaju pobieranie, publiczne udost\u0119pnianie i\/lub przekazywanie, w ca\u0142o\u015bci lub w cz\u0119\u015bci, w jakikolwiek spos\u00f3b, poza sfer\u0105 dozwolonego u\u017cytku prywatnego, a w szczeg\u00f3lno\u015bci w\u0142\u0105czanie ich do jakichkolwiek innych utwor\u00f3w, w tym stron internetowych, zbior\u00f3w lub baz danych. Wyj\u0105tkiem od tego zakazu jest publikacja w mediach materia\u0142\u00f3w do pobrania z sekcji Press Room. <br \/>&#8211; Usuwanie, ukrywanie lub fa\u0142szowanie informacji i ostrze\u017ce\u0144 dotycz\u0105cych w\u0142asno\u015bci intelektualnej lub przemys\u0142owej Witryny lub kt\u00f3regokolwiek z produkt\u00f3w dostarczanych za jej po\u015brednictwem.<br \/>&#8211; Operacje i dzia\u0142ania wyra\u017anie zabronione w innych sekcjach niniejszych Warunk\u00f3w Og\u00f3lnych oraz, og\u00f3lnie, wszelkie dzia\u0142ania, kt\u00f3re mog\u0105 zaszkodzi\u0107 normalnemu dzia\u0142aniu Witryny, innym u\u017cytkownikom lub osobom trzecim.<\/p>\n<p>&nbsp;<\/p>\n<h3 class=\"wp-block-heading\">LINKI DO STRONY INTERNETOWEJ<\/h3>\n<p>&#8211; Zezwala si\u0119 na tworzenie link\u00f3w i hiper\u0142\u0105czy do Witryny z innych stron lub witryn internetowych, pod warunkiem, \u017ce nie s\u0105 one tworzone w spos\u00f3b, kt\u00f3ry szkodzi wizerunkowi publicznemu i wizerunkowi marki W\u0141A\u015aCICIELA, Witryny lub kt\u00f3rejkolwiek z os\u00f3b i produkt\u00f3w, o kt\u00f3rych w niej mowa. Przy tworzeniu link\u00f3w do Witryny wyra\u017anie zabrania si\u0119 stosowania technik, kt\u00f3re sugeruj\u0105 nieporozumienia co do to\u017csamo\u015bci i w\u0142asno\u015bci tre\u015bci, takich jak kadrowanie lub inne. <br \/>&#8211; Tworzenie link\u00f3w ze stron lub witryn internetowych, kt\u00f3rych tre\u015b\u0107 promuje lub popiera, bezpo\u015brednio lub po\u015brednio, wszelkiego rodzaju przemoc, dyskryminacj\u0119, pornografi\u0119 lub nielegaln\u0105 dzia\u0142alno\u015b\u0107, jest zabronione. Podobnie, tworzenie link\u00f3w w celach komercyjnych jest wyra\u017anie zabronione. <\/p>\n<p>W tworzeniu link\u00f3w wyra\u017anie zabrania si\u0119 wykorzystywania element\u00f3w pobranych z sieci, bez wyra\u017anej uprzedniej zgody W\u0141A\u015aCICIELA. W \u017cadnym wypadku nie mo\u017cna rozumie\u0107, \u017ce linki do stron internetowych lub stron internetowych os\u00f3b trzecich oznaczaj\u0105 relacje W\u0141A\u015aCICIELA z w\u0142a\u015bcicielami tych stron, ani nie oznaczaj\u0105 poparcia, sponsorowania lub rekomendacji W\u0141A\u015aCICIELA na nich, wi\u0119c W\u0141A\u015aCICIEL nie ponosi \u017cadnej odpowiedzialno\u015bci w odniesieniu do ich tre\u015bci i legalno\u015bci. <\/p>\n<p>&nbsp;<\/p>\n<h3 class=\"wp-block-heading\">ZAWARTO\u015a\u0106 I ZACHOWANIE U\u017bYTKOWNIK\u00d3W<\/h3>\n<p>Jako klient lub u\u017cytkownik Witryny, u\u017cytkownik zobowi\u0105zuje si\u0119 do w\u0142a\u015bciwego korzystania z tre\u015bci i us\u0142ug oferowanych za jej po\u015brednictwem i niewykorzystywania ich do:<br \/>&#8211; anga\u017cowania si\u0119 w dzia\u0142ania nielegalne, niezgodne z prawem lub sprzeczne z dobrymi obyczajami i porz\u0105dkiem publicznym.<br \/>&#8211; Rozpowszechnianie tre\u015bci lub propagandy o charakterze rasistowskim, ksenofobicznym, pornograficznym, terrorystycznym lub dotycz\u0105cym praw cz\u0142owieka.<br \/>&#8211; Powodowanie szk\u00f3d w systemach fizycznych i logicznych W\u0141A\u015aCICIELA, jego dostawc\u00f3w lub stron trzecich, wprowadzanie lub rozprzestrzenianie wirus\u00f3w komputerowych lub innych system\u00f3w fizycznych lub logicznych, kt\u00f3re mog\u0105 powodowa\u0107 wy\u017cej wymienione szkody.<br \/>&#8211; Rozpowszechnia\u0107 tre\u015bci, kt\u00f3re szkodz\u0105 wizerunkowi i reputacji W\u0141A\u015aCICIELA lub os\u00f3b trzecich.<br \/>&#8211; Narusza\u0107 praw w\u0142asno\u015bci intelektualnej, przemys\u0142owej, wizerunku, honoru lub innych, kt\u00f3re przys\u0142uguj\u0105 W\u0141A\u015aCICIELOWI lub osobom trzecim.<br \/>W\u0141A\u015aCICIEL ma pe\u0142n\u0105 swobod\u0119 decydowania o tym, czy wypowiedzi i wiadomo\u015bci zostan\u0105 ostatecznie opublikowane na stronie internetowej, czy te\u017c nie, b\u0119d\u0105c uprawnionym do ich usuni\u0119cia, gdy uzna to za stosowne.<br \/>Naruszenie kt\u00f3rejkolwiek z zasad zawartych w niniejszych Warunkach u\u017cytkowania, a w szczeg\u00f3lno\u015bci postanowie\u0144 niniejszej klauzuli, uprawnia W\u0141A\u015aCICIELA do natychmiastowego zako\u0144czenia cz\u0142onkostwa u\u017cytkownika lub subskrybenta Witryny.<\/p>\n<p>&nbsp;<\/p>\n<h2 class=\"wp-block-heading\">SPRZEDA\u017b BILET\u00d3W<\/h2>\n<h3><strong>CENY I DOST\u0118PNO\u015a\u0106 BILET\u00d3W.<\/strong><\/h3>\n<p>Ceny bilet\u00f3w r\u00f3\u017cni\u0105 si\u0119 w zale\u017cno\u015bci od rodzaju pokazu (novillada, rejones lub walka byk\u00f3w) i lokalizacji miejsc (s\u0142o\u0144ce, cie\u0144, s\u0142o\u0144ce i cie\u0144 oraz rz\u0105d).<\/p>\n<p>Za zarz\u0105dzanie tymi biletami zostanie doliczony dodatkowy koszt w wysoko\u015bci 10% do ceny oficjalnej kasy internetowej, w tym podatek VAT.<\/p>\n<p>Sprzeda\u017c bilet\u00f3w jest ostateczna i nie zezwala na anulowanie przez U\u017cytkownika z jakiegokolwiek powodu.<\/p>\n<p>Ceny i dost\u0119pno\u015b\u0107 bilet\u00f3w s\u0105 wa\u017cne i gwarantowane do momentu ich wyprzedania. B\u0142\u0119dy typograficzne lub jakiekolwiek zmiany cen dokonane przez sp\u00f3\u0142k\u0119 organizuj\u0105c\u0105 walki byk\u00f3w i zarz\u0105dzaj\u0105c\u0105 aren\u0105 walk byk\u00f3w (zwan\u0105 dalej &#8222;Organizatorem&#8221;) s\u0105 wykluczone. W tym ostatnim przypadku U\u017cytkownik musi kierowa\u0107 wszelkie roszczenia do Organizatora.  <\/p>\n<p>Rezerwacje b\u0119d\u0105 rozpatrywane wed\u0142ug kolejno\u015bci zg\u0142osze\u0144. Zawsze b\u0119dziemy stara\u0107 si\u0119 przydziela\u0107 kolejne miejsca i skontaktujemy si\u0119 z klientem, aby poinformowa\u0107 go o wszelkich problemach w tym zakresie (kt\u00f3re mog\u0105 wyst\u0105pi\u0107 w przypadku sprzeda\u017cy wielu bilet\u00f3w), a nast\u0119pnie zaoferujemy alternatywne bilety (np. na inny obszar lub w dw\u00f3ch rz\u0119dach itp.). Nie mo\u017cemy jednak zagwarantowa\u0107 U\u017cytkownikowi dost\u0119pno\u015bci kolejnych miejsc, zw\u0142aszcza w przypadku zakupu wi\u0119cej ni\u017c 4 miejsc. Je\u015bli zmiana przydzia\u0142u nie jest mo\u017cliwa, bilety uznaje si\u0119 za definitywnie zakupione przez U\u017cytkownika.   <\/p>\n<p>W przypadku, gdy U\u017cytkownik zakupi\u0142 bilet, gdy miejsca zosta\u0142y wyprzedane, kwota zap\u0142acona przez U\u017cytkownika zostanie zwr\u00f3cona w ci\u0105gu pi\u0119ciu (5) dni od dnia poinformowania o tej okoliczno\u015bci. U\u017cytkownik wyra\u017anie przyjmuje do wiadomo\u015bci, \u017ce nie b\u0119dzie uprawniony do \u017cadnego dodatkowego zwrotu w formie rekompensaty lub podobnej. <\/p>\n<p>Nie oferujemy ani nie zarz\u0105dzamy rezerwacjami ze specjalnymi zni\u017ckami, takimi jak grupy, emeryci, m\u0142odzie\u017c, osoby niepe\u0142nosprawne, poniewa\u017c cena dotyczy tylko os\u00f3b doros\u0142ych.<\/p>\n<h3><strong>BILETY.<\/strong><\/h3>\n<p>U\u017cytkownik nabywa bilet od Organizatora, kt\u00f3ry zostanie mu przes\u0142any poczt\u0105 elektroniczn\u0105 w formacie pdf na kilka dni przed dat\u0105 wydarzenia, wraz z paragonem lub faktur\u0105 zawieraj\u0105c\u0105 nasze op\u0142aty administracyjne.  <\/p>\n<p><b>METODY ZAKUP\u00d3W<\/b><\/p>\n<p>U\u017cytkownik mo\u017ce zap\u0142aci\u0107 kart\u0105 Visa lub Mastercard za po\u015brednictwem naszej w 100% bezpiecznej platformy <strong>Stripe. <\/strong>System poprosi u\u017cytkownika o podanie numeru karty, daty wa\u017cno\u015bci i CCV (3 cyfry na odwrocie karty). Bank mo\u017ce r\u00f3wnie\u017c wys\u0142a\u0107 specjalny kod potwierdzaj\u0105cy zakup online. <\/p>\n<p>W \u017cadnym wypadku nie b\u0119dziemy przechowywa\u0107 danych bankowych u\u017cytkownika, poniewa\u017c s\u0105 one zarz\u0105dzane przez zakontraktowane bezpieczne platformy p\u0142atnicze. Obowi\u0105zkiem u\u017cytkownika jest uwa\u017cne przeczytanie warunk\u00f3w u\u017cytkowania i polityki prywatno\u015bci tych bramek p\u0142atniczych przed dokonaniem p\u0142atno\u015bci. <\/p>\n<p><strong>ZWROTY.<\/strong><\/p>\n<p>Zwrot kwoty zakupionych bilet\u00f3w nie jest dozwolony. Brak mo\u017cliwo\u015bci uczestniczenia w przedstawieniu lub jakikolwiek b\u0142\u0105d pope\u0142niony przez U\u017cytkownika podczas dokonywania zakupu nie stanowi wa\u017cnej podstawy do zwrotu zap\u0142aconej kwoty. <\/p>\n<p>Jako oficjalny punkt sprzeda\u017cy, bilety oferowane do sprzeda\u017cy s\u0105 wydawane bezpo\u015brednio przez sp\u00f3\u0142k\u0119 zarz\u0105dzaj\u0105c\u0105 Marbella Bullring (tj. przez Organizatora). U\u017cytkownik otrzymuje oficjalny bilet od sp\u00f3\u0142ki poczt\u0105 elektroniczn\u0105 w formacie pdf. <\/p>\n<p>W przypadku zmian zaistnia\u0142ych po zakupie bilet\u00f3w, takich jak (ale nie wy\u0142\u0105cznie): zmiana daty, godziny, sk\u0142adu, zast\u0119pstwa, odwo\u0142ania i\/lub jakiekolwiek inne wydarzenie. U\u017cytkownik wyra\u017anie przyjmuje do wiadomo\u015bci, \u017ce wszelkie roszczenia musz\u0105 by\u0107 sk\u0142adane bezpo\u015brednio do Organizatora. <\/p>\n<p>Wszelkie zwroty b\u0119d\u0105 podlega\u0107 warunkom Organizatora i przepisom obowi\u0105zuj\u0105cego prawa, w ka\u017cdym przypadku pod warunkiem posiadania oficjalnego biletu, kompletnego, nienaruszonego i nie zmanipulowanego lub uszkodzonego.<\/p>\n<p>Zwrot koszt\u00f3w biletu w przypadku zawieszenia, prze\u0142o\u017cenia lub modyfikacji rozpocznie si\u0119 i zako\u0144czy w momencie wskazanym przez Organizatora w oficjalnej kasie biletowej firmy organizuj\u0105cej i zgodnie z warunkami wskazanymi na odwrocie ka\u017cdego oficjalnego biletu.<\/p>\n<p>W przypadku zawieszenia pokazu po jego rozpocz\u0119ciu, z przyczyn niezale\u017cnych od Organizatora lub z powodu z\u0142ej pogody, po wprowadzeniu pierwszego byka na ring, U\u017cytkownikowi nie przys\u0142uguje zwrot pieni\u0119dzy.<\/p>\n<p>Tylko wtedy, gdy Organizator wyra\u017anie nakazuje zwrot bilet\u00f3w, kwota biletu mo\u017ce zosta\u0107 zwr\u00f3cona (ale nie op\u0142aty za zarz\u0105dzanie platform\u0105 biletow\u0105 i op\u0142aty naszej firmy). Takie anulowanie zazwyczaj ma miejsce w przypadkach takich jak odwo\u0142anie lub zmiana daty. <\/p>\n<p>osoby niepe\u0142noletnie lub osoby z niepe\u0142nosprawno\u015bciami<\/p>\n<p>Nie wydajemy bilet\u00f3w dla grup takich jak osoby niepe\u0142noletnie lub niepe\u0142nosprawne, emeryci lub posiadacze kart m\u0142odzie\u017cowych. W tym celu nale\u017cy uda\u0107 si\u0119 bezpo\u015brednio do kasy organizatora w Marbella Bullring. <\/p>\n<p><strong>PRAWO WST\u0118PU<\/strong><\/p>\n<p>Organizator zastrzega sobie prawo wst\u0119pu i mo\u017ce przeszukiwa\u0107 publiczno\u015b\u0107 przy wej\u015bciu na tor. Zabronione jest wchodzenie z jakimikolwiek przedmiotami, kt\u00f3re mog\u0142yby zosta\u0107 uznane za niebezpieczne. Wnoszenie jedzenia i napoj\u00f3w jest r\u00f3wnie\u017c generalnie niedozwolone.  <\/p>\n<p>Organizatorzy s\u0105 odpowiedzialni za umo\u017cliwienie wst\u0119pu na walk\u0119 byk\u00f3w po jej rozpocz\u0119ciu, a tak\u017ce za umo\u017cliwienie wej\u015bcia i wyj\u015bcia z terenu imprezy w trakcie jej trwania.<\/p>\n<p>Wszelkie reklamacje dotycz\u0105ce realizacji, zawieszenia, modyfikacji lub odwo\u0142ania pokazu musz\u0105 by\u0107 kierowane do Organizatora, a U\u017cytkownik musi zachowa\u0107 bilet w celu jego okazania.<\/p>\n<p>Wszelkie roszczenia U\u017cytkownika b\u0119d\u0105 kierowane bezpo\u015brednio do Organizatora. Przypomina si\u0119 U\u017cytkownikowi, \u017ce odpowiedzialno\u015b\u0107 za wydarzenie spoczywa wy\u0142\u0105cznie na Organizatorze. <\/p>\n<p><strong>PRAWO W\u0141A\u015aCIWE I JURYSDYKCJA.<\/strong><\/p>\n<p>Niniejsze Warunki Zakupu podlegaj\u0105 prawu hiszpa\u0144skiemu. Strony poddaj\u0105 si\u0119 s\u0105dom i trybuna\u0142om miejsca zamieszkania U\u017cytkownika w celu rozstrzygania konflikt\u00f3w i zrzekaj\u0105 si\u0119 jakiejkolwiek innej jurysdykcji, zgodnie z przepisami obowi\u0105zuj\u0105cego prawa. W przypadku, gdy U\u017cytkownicy maj\u0105 miejsce zamieszkania poza terytorium Hiszpanii, zastosowanie maj\u0105 postanowienia obowi\u0105zuj\u0105cych przepis\u00f3w prawnych dotycz\u0105cych w\u0142a\u015bciwej jurysdykcji, w przeciwnym razie strony poddaj\u0105 si\u0119 s\u0105dom i trybuna\u0142om stolicy Madrytu.  <\/p>\n<p>&nbsp;<\/p>\n<h3>OCHRONA DANYCH<\/h3>\n<p>Przekazane nam informacje lub dane osobowe b\u0119d\u0105 traktowane zgodnie z postanowieniami <a href=\"https:\/\/www.toroshopping.com\/politica-de-privacidad\/\"><strong>Polityka prywatno\u015bci<\/strong><\/a>. Korzystaj\u0105c z tej strony internetowej, u\u017cytkownik wyra\u017ca zgod\u0119 na przetwarzanie takich informacji i danych oraz o\u015bwiadcza, \u017ce wszystkie informacje lub dane, kt\u00f3re nam przekazuje, s\u0105 prawdziwe i odpowiadaj\u0105 rzeczywisto\u015bci. <\/p>\n<p>&nbsp;<\/p>\n<h3>MODYFIKACJE<\/h3>\n<p>W\u0141A\u015aCICIEL zastrzega sobie prawo do wprowadzania niezapowiedzianych zmian, kt\u00f3re uzna za stosowne w sieci, mo\u017ce zmienia\u0107, usuwa\u0107 lub dodawa\u0107 tre\u015bci i us\u0142ugi \u015bwiadczone za ich po\u015brednictwem, a tak\u017ce spos\u00f3b ich prezentacji lub lokalizacji.<br \/>Chocia\u017c W\u0141A\u015aCICIEL do\u0142o\u017cy wszelkich stara\u0144, aby informacje zawarte w sieci by\u0142y aktualne i wolne od b\u0142\u0119d\u00f3w, nie gwarantuje ich dok\u0142adno\u015bci i aktualizacji. Nie ma r\u00f3wnie\u017c gwarancji uzyskania okre\u015blonego wyniku lub celu, wi\u0119c dost\u0119p i korzystanie z sieci jest wy\u0142\u0105czn\u0105 odpowiedzialno\u015bci\u0105 u\u017cytkownik\u00f3w i klient\u00f3w. <\/p>\n<p>&nbsp;<\/p>\n<h3>DZIA\u0141ANIA PRAWNE<\/h3>\n<p>W\u0141A\u015aCICIEL b\u0119dzie \u015bciga\u0142 naruszenie niniejszych Warunk\u00f3w u\u017cytkowania, a tak\u017ce wszelkie niew\u0142a\u015bciwe korzystanie z Witryny lub jej zawarto\u015bci, naruszenia praw przys\u0142uguj\u0105cych mu lub jego licencjodawcom, w szczeg\u00f3lno\u015bci praw w\u0142asno\u015bci intelektualnej i przemys\u0142owej, podejmuj\u0105c wszelkie dzia\u0142ania, cywilne i karne, kt\u00f3re mog\u0105 mu odpowiada\u0107 na mocy prawa.<\/p>\n<p>&nbsp;<\/p>\n<h3>POZAS\u0104DOWE ROZSTRZYGANIE SPOR\u00d3W<\/h3>\n<p>Ponadto, zgodnie z art. 14 rozporz\u0105dzenia UE nr 524\/2013 w sprawie rozstrzygania spor\u00f3w konsumenckich, podano bezpo\u015bredni link do platformy internetowego rozstrzygania spor\u00f3w:<br \/>https:\/\/ec.europa.eu\/consumers\/odr\/main\/index.cfm.<\/p>\n<p>&nbsp;<\/p>\n<h3>PRAWO W\u0141A\u015aCIWE I JURYSDYKCJA<\/h3>\n<p>W przypadku wszelkich kontrowersji lub konflikt\u00f3w, kt\u00f3re mog\u0105 wynikn\u0105\u0107 z niniejszych warunk\u00f3w, zastosowanie ma prawo hiszpa\u0144skie. Rozstrzyganie spor\u00f3w prawnych podlega jurysdykcji s\u0105d\u00f3w i trybuna\u0142\u00f3w w\u0142a\u015bciwych dla miejsca zamieszkania u\u017cytkownika lub klienta. <\/p>\n<h3>OBS\u0141UGA KLIENTA<\/h3>\n<p>Mo\u017cesz skontaktowa\u0107 si\u0119 z nami za po\u015brednictwem czatu na stronie internetowej lub za po\u015brednictwem nast\u0119puj\u0105cego adresu e-mail: info@plazatorosmarbella.com<\/p>\n<p>Odpowiemy na Twoje zapytania tak szybko, jak to mo\u017cliwe.<\/p>\n<\/div><\/div><\/div><\/div><\/div><\/div><\/section>\n","protected":false},"excerpt":{"rendered":"Og\u00f3lne warunki handlowe https:\/\/plazatorosmarbella.com (zwana dalej Web) jest stron\u0105 internetow\u0105 nale\u017c\u0105c\u0105 do Toroshopping, S.L., zwanej dalej W\u0141A\u015aCICIELEM, z numerem CIF\/NIF: B92950146 i siedzib\u0105 pod adresem: Centro Melior Vasari. Urbanizaci\u00f3n La Alzambra, 3, Local 1, C.P. 29660 &#8211; Marbella (M\u00e1laga). Dost\u0119p, powielanie i korzystanie z us\u0142ug sieci wymaga uprzedniej akceptacji Warunk\u00f3w u\u017cytkowania obowi\u0105zuj\u0105cych w dowolnym momencie;...","protected":false},"author":2,"featured_media":0,"parent":0,"menu_order":0,"comment_status":"closed","ping_status":"closed","template":"","meta":{"footnotes":""},"class_list":["post-9097","page","type-page","status-publish","hentry"],"yoast_head":"<!-- This site is optimized with the Yoast SEO plugin v27.4 - https:\/\/yoast.com\/product\/yoast-seo-wordpress\/ -->\n<title>Og\u00f3lne warunki handlowe - Plaza Toros Marbella<\/title>\n<meta name=\"robots\" content=\"noindex, follow\" \/>\n<meta property=\"og:locale\" content=\"pl_PL\" \/>\n<meta property=\"og:type\" content=\"article\" \/>\n<meta property=\"og:title\" content=\"Og\u00f3lne warunki handlowe - Plaza Toros Marbella\" \/>\n<meta property=\"og:url\" content=\"https:\/\/plazatorosmarbella.com\/pl\/ogolne-warunki-handlowe\/\" \/>\n<meta property=\"og:site_name\" content=\"Plaza Toros Marbella\" \/>\n<meta property=\"article:modified_time\" content=\"2026-04-20T14:17:13+00:00\" \/>\n<meta name=\"twitter:card\" content=\"summary_large_image\" \/>\n<meta name=\"twitter:label1\" content=\"Szacowany czas czytania\" \/>\n\t<meta name=\"twitter:data1\" content=\"12 minut\" \/>\n<script type=\"application\/ld+json\" class=\"yoast-schema-graph\">{\"@context\":\"https:\\\/\\\/schema.org\",\"@graph\":[{\"@type\":\"WebPage\",\"@id\":\"https:\\\/\\\/plazatorosmarbella.com\\\/pl\\\/ogolne-warunki-handlowe\\\/\",\"url\":\"https:\\\/\\\/plazatorosmarbella.com\\\/pl\\\/ogolne-warunki-handlowe\\\/\",\"name\":\"Og\u00f3lne warunki handlowe - Plaza Toros Marbella\",\"isPartOf\":{\"@id\":\"https:\\\/\\\/plazatorosmarbella.com\\\/#website\"},\"datePublished\":\"2024-05-17T10:22:17+00:00\",\"dateModified\":\"2026-04-20T14:17:13+00:00\",\"breadcrumb\":{\"@id\":\"https:\\\/\\\/plazatorosmarbella.com\\\/pl\\\/ogolne-warunki-handlowe\\\/#breadcrumb\"},\"inLanguage\":\"pl-PL\",\"potentialAction\":[{\"@type\":\"ReadAction\",\"target\":[\"https:\\\/\\\/plazatorosmarbella.com\\\/pl\\\/ogolne-warunki-handlowe\\\/\"]}]},{\"@type\":\"BreadcrumbList\",\"@id\":\"https:\\\/\\\/plazatorosmarbella.com\\\/pl\\\/ogolne-warunki-handlowe\\\/#breadcrumb\",\"itemListElement\":[{\"@type\":\"ListItem\",\"position\":1,\"name\":\"Portada\",\"item\":\"https:\\\/\\\/plazatorosmarbella.com\\\/pl\\\/strona-glowna\\\/\"},{\"@type\":\"ListItem\",\"position\":2,\"name\":\"Og\u00f3lne warunki handlowe\"}]},{\"@type\":\"WebSite\",\"@id\":\"https:\\\/\\\/plazatorosmarbella.com\\\/#website\",\"url\":\"https:\\\/\\\/plazatorosmarbella.com\\\/\",\"name\":\"Plaza Toros Marbella\",\"description\":\"P\u00e1gina Plaza de Toros de Marbella\",\"potentialAction\":[{\"@type\":\"SearchAction\",\"target\":{\"@type\":\"EntryPoint\",\"urlTemplate\":\"https:\\\/\\\/plazatorosmarbella.com\\\/?s={search_term_string}\"},\"query-input\":{\"@type\":\"PropertyValueSpecification\",\"valueRequired\":true,\"valueName\":\"search_term_string\"}}],\"inLanguage\":\"pl-PL\"}]}<\/script>\n<!-- \/ Yoast SEO plugin. -->","yoast_head_json":{"title":"Og\u00f3lne warunki handlowe - Plaza Toros Marbella","robots":{"index":"noindex","follow":"follow"},"og_locale":"pl_PL","og_type":"article","og_title":"Og\u00f3lne warunki handlowe - Plaza Toros Marbella","og_url":"https:\/\/plazatorosmarbella.com\/pl\/ogolne-warunki-handlowe\/","og_site_name":"Plaza Toros Marbella","article_modified_time":"2026-04-20T14:17:13+00:00","twitter_card":"summary_large_image","twitter_misc":{"Szacowany czas czytania":"12 minut"},"schema":{"@context":"https:\/\/schema.org","@graph":[{"@type":"WebPage","@id":"https:\/\/plazatorosmarbella.com\/pl\/ogolne-warunki-handlowe\/","url":"https:\/\/plazatorosmarbella.com\/pl\/ogolne-warunki-handlowe\/","name":"Og\u00f3lne warunki handlowe - Plaza Toros Marbella","isPartOf":{"@id":"https:\/\/plazatorosmarbella.com\/#website"},"datePublished":"2024-05-17T10:22:17+00:00","dateModified":"2026-04-20T14:17:13+00:00","breadcrumb":{"@id":"https:\/\/plazatorosmarbella.com\/pl\/ogolne-warunki-handlowe\/#breadcrumb"},"inLanguage":"pl-PL","potentialAction":[{"@type":"ReadAction","target":["https:\/\/plazatorosmarbella.com\/pl\/ogolne-warunki-handlowe\/"]}]},{"@type":"BreadcrumbList","@id":"https:\/\/plazatorosmarbella.com\/pl\/ogolne-warunki-handlowe\/#breadcrumb","itemListElement":[{"@type":"ListItem","position":1,"name":"Portada","item":"https:\/\/plazatorosmarbella.com\/pl\/strona-glowna\/"},{"@type":"ListItem","position":2,"name":"Og\u00f3lne warunki handlowe"}]},{"@type":"WebSite","@id":"https:\/\/plazatorosmarbella.com\/#website","url":"https:\/\/plazatorosmarbella.com\/","name":"Plaza Toros Marbella","description":"P\u00e1gina Plaza de Toros de Marbella","potentialAction":[{"@type":"SearchAction","target":{"@type":"EntryPoint","urlTemplate":"https:\/\/plazatorosmarbella.com\/?s={search_term_string}"},"query-input":{"@type":"PropertyValueSpecification","valueRequired":true,"valueName":"search_term_string"}}],"inLanguage":"pl-PL"}]}},"_links":{"self":[{"href":"https:\/\/plazatorosmarbella.com\/pl\/wp-json\/wp\/v2\/pages\/9097","targetHints":{"allow":["GET"]}}],"collection":[{"href":"https:\/\/plazatorosmarbella.com\/pl\/wp-json\/wp\/v2\/pages"}],"about":[{"href":"https:\/\/plazatorosmarbella.com\/pl\/wp-json\/wp\/v2\/types\/page"}],"author":[{"embeddable":true,"href":"https:\/\/plazatorosmarbella.com\/pl\/wp-json\/wp\/v2\/users\/2"}],"replies":[{"embeddable":true,"href":"https:\/\/plazatorosmarbella.com\/pl\/wp-json\/wp\/v2\/comments?post=9097"}],"version-history":[{"count":2,"href":"https:\/\/plazatorosmarbella.com\/pl\/wp-json\/wp\/v2\/pages\/9097\/revisions"}],"predecessor-version":[{"id":9099,"href":"https:\/\/plazatorosmarbella.com\/pl\/wp-json\/wp\/v2\/pages\/9097\/revisions\/9099"}],"wp:attachment":[{"href":"https:\/\/plazatorosmarbella.com\/pl\/wp-json\/wp\/v2\/media?parent=9097"}],"curies":[{"name":"wp","href":"https:\/\/api.w.org\/{rel}","templated":true}]}}