{"id":9092,"date":"2024-05-17T12:23:33","date_gmt":"2024-05-17T10:23:33","guid":{"rendered":"https:\/\/plazatorosmarbella.com\/nota-prawna\/"},"modified":"2026-04-20T16:17:10","modified_gmt":"2026-04-20T14:17:10","slug":"nota-prawna","status":"publish","type":"page","link":"https:\/\/plazatorosmarbella.com\/pl\/nota-prawna\/","title":{"rendered":"Nota prawna"},"content":{"rendered":"<section class=\"l-section wpb_row height_medium\"><div class=\"l-section-h i-cf\"><div class=\"g-cols vc_row via_grid cols_1 laptops-cols_inherit tablets-cols_inherit mobiles-cols_1 valign_top type_default stacking_default\"><div class=\"wpb_column vc_column_container\"><div class=\"vc_column-inner\"><div class=\"wpb_text_column\"><div class=\"wpb_wrapper\"><h1>INFORMACJA PRAWNA<\/h1>\n<p>Zgodnie z obowi\u0105zkiem informacyjnym zawartym w art. 10 ustawy 34\/2002 z dnia 11 lipca o us\u0142ugach spo\u0142ecze\u0144stwa informacyjnego i handlu elektronicznym (LSSICE), w\u0142a\u015bciciel strony internetowej informuje o nast\u0119puj\u0105cych kwestiach:<\/p>\n<ul>\n<li>\n<ul>\n<li>Nazwa firmy: Toroshopping, S.L.<\/li>\n<li>NR VAT: B92950146<\/li>\n<li>Adres: Centro Melior Vasari. Urbanizaci\u00f3n La Alzambra, 3, Local 1, 29660 &#8211; Marbella (Malaga) <\/li>\n<\/ul>\n<\/li>\n<\/ul>\n<p>Zarejestrowany w rejestrze handlowym Malagi w tomie 4566, folio 11, sekcja, numer strony MA-98915, napis 1.<\/p>\n<p>W granicach ustanowionych przez prawo, Toroshopping, S.L. nie ponosi odpowiedzialno\u015bci za brak prawdziwo\u015bci, kompletno\u015bci, aktualizacji i dok\u0142adno\u015bci danych lub informacji zawartych na swoich stronach internetowych.<\/p>\n<p>Tre\u015b\u0107 i informacje nie s\u0105 wi\u0105\u017c\u0105ce dla Toroshopping, S.L. ani nie stanowi\u0105 opinii, porad ani porad prawnych jakiegokolwiek rodzaju, poniewa\u017c jest to jedynie us\u0142uga oferowana w celach informacyjnych i informacyjnych.<\/p>\n<p>Strony internetowe Toroshopping, S.L. mog\u0105 zawiera\u0107 linki do innych stron os\u00f3b trzecich, kt\u00f3rych Toroshopping, S.L. nie mo\u017ce kontrolowa\u0107. Dlatego Toroshopping, S.L. nie mo\u017ce przyj\u0105\u0107 odpowiedzialno\u015bci za tre\u015bci, kt\u00f3re mog\u0105 pojawi\u0107 si\u0119 na stronach os\u00f3b trzecich. <\/p>\n<p>Teksty, obrazy, d\u017awi\u0119ki, animacje, oprogramowanie i pozosta\u0142e tre\u015bci zawarte na tej stronie s\u0105 wy\u0142\u0105czn\u0105 w\u0142asno\u015bci\u0105 Toroshopping, S.L. lub jej licencjodawc\u00f3w. Jakakolwiek transmisja, dystrybucja, transfer, reprodukcja, przechowywanie lub ca\u0142kowita lub cz\u0119\u015bciowa komunikacja publiczna musi mie\u0107 wyra\u017an\u0105 zgod\u0119 Toroshopping, S.L.. <\/p>\n<p>Podobnie, aby uzyska\u0107 dost\u0119p do niekt\u00f3rych us\u0142ug oferowanych przez Toroshopping, S.L. za po\u015brednictwem strony internetowej, nale\u017cy poda\u0107 pewne dane osobowe. Zgodnie z przepisami Rozporz\u0105dzenia Parlamentu Europejskiego i Rady (UE) 2016\/679 z dnia 27 kwietnia 2016 r. w sprawie ochrony os\u00f3b fizycznych w zwi\u0105zku z przetwarzaniem danych osobowych i w sprawie swobodnego przep\u0142ywu takich danych, informujemy, \u017ce wype\u0142niaj\u0105c te formularze, Twoje dane osobowe b\u0119d\u0105 przechowywane i przetwarzane w plikach Toroshopping, S.L. w celu \u015bwiadczenia i oferowania naszych us\u0142ug oraz informowania Ci\u0119 o ulepszeniach strony internetowej. <\/p>\n<p>Informujemy r\u00f3wnie\u017c, \u017ce u\u017cytkownik mo\u017ce w dowolnym momencie skorzysta\u0107 z prawa dost\u0119pu, sprostowania, anulowania, sprzeciwu, ograniczenia i przenoszenia swoich danych osobowych, bezp\u0142atnie wysy\u0142aj\u0105c wiadomo\u015b\u0107 e-mail na adres: <a href=\"mailto:info@toroshopping.com\" target=\"_blank\" rel=\"noopener\">info@toroshopping.com<\/a> lub na adres: Centro Melior Vasari. Urbanizaci\u00f3n La Alzambra, 3, Local 1, 29660 &#8211; Marbella (M\u00e1laga).<\/p>\n<\/div><\/div><\/div><\/div><\/div><\/div><\/section>\n","protected":false},"excerpt":{"rendered":"INFORMACJA PRAWNA Zgodnie z obowi\u0105zkiem informacyjnym zawartym w art. 10 ustawy 34\/2002 z dnia 11 lipca o us\u0142ugach spo\u0142ecze\u0144stwa informacyjnego i handlu elektronicznym (LSSICE), w\u0142a\u015bciciel strony internetowej informuje o nast\u0119puj\u0105cych kwestiach: Nazwa firmy: Toroshopping, S.L. NR VAT: B92950146 Adres: Centro Melior Vasari. Urbanizaci\u00f3n La Alzambra, 3, Local 1, 29660 &#8211; Marbella (Malaga) Zarejestrowany w rejestrze...","protected":false},"author":2,"featured_media":0,"parent":0,"menu_order":0,"comment_status":"closed","ping_status":"closed","template":"","meta":{"footnotes":""},"class_list":["post-9092","page","type-page","status-publish","hentry"],"yoast_head":"<!-- This site is optimized with the Yoast SEO plugin v27.4 - https:\/\/yoast.com\/product\/yoast-seo-wordpress\/ -->\n<title>Nota prawna - Plaza Toros Marbella<\/title>\n<meta name=\"robots\" content=\"noindex, follow\" \/>\n<meta property=\"og:locale\" content=\"pl_PL\" \/>\n<meta property=\"og:type\" content=\"article\" \/>\n<meta property=\"og:title\" content=\"Nota prawna - Plaza Toros Marbella\" \/>\n<meta property=\"og:url\" content=\"https:\/\/plazatorosmarbella.com\/pl\/nota-prawna\/\" \/>\n<meta property=\"og:site_name\" content=\"Plaza Toros Marbella\" \/>\n<meta property=\"article:modified_time\" content=\"2026-04-20T14:17:10+00:00\" \/>\n<meta name=\"twitter:card\" content=\"summary_large_image\" \/>\n<meta name=\"twitter:label1\" content=\"Szacowany czas czytania\" \/>\n\t<meta name=\"twitter:data1\" content=\"2 minuty\" \/>\n<script type=\"application\/ld+json\" class=\"yoast-schema-graph\">{\"@context\":\"https:\\\/\\\/schema.org\",\"@graph\":[{\"@type\":\"WebPage\",\"@id\":\"https:\\\/\\\/plazatorosmarbella.com\\\/pl\\\/nota-prawna\\\/\",\"url\":\"https:\\\/\\\/plazatorosmarbella.com\\\/pl\\\/nota-prawna\\\/\",\"name\":\"Nota prawna - Plaza Toros Marbella\",\"isPartOf\":{\"@id\":\"https:\\\/\\\/plazatorosmarbella.com\\\/#website\"},\"datePublished\":\"2024-05-17T10:23:33+00:00\",\"dateModified\":\"2026-04-20T14:17:10+00:00\",\"breadcrumb\":{\"@id\":\"https:\\\/\\\/plazatorosmarbella.com\\\/pl\\\/nota-prawna\\\/#breadcrumb\"},\"inLanguage\":\"pl-PL\",\"potentialAction\":[{\"@type\":\"ReadAction\",\"target\":[\"https:\\\/\\\/plazatorosmarbella.com\\\/pl\\\/nota-prawna\\\/\"]}]},{\"@type\":\"BreadcrumbList\",\"@id\":\"https:\\\/\\\/plazatorosmarbella.com\\\/pl\\\/nota-prawna\\\/#breadcrumb\",\"itemListElement\":[{\"@type\":\"ListItem\",\"position\":1,\"name\":\"Portada\",\"item\":\"https:\\\/\\\/plazatorosmarbella.com\\\/pl\\\/strona-glowna\\\/\"},{\"@type\":\"ListItem\",\"position\":2,\"name\":\"Nota prawna\"}]},{\"@type\":\"WebSite\",\"@id\":\"https:\\\/\\\/plazatorosmarbella.com\\\/#website\",\"url\":\"https:\\\/\\\/plazatorosmarbella.com\\\/\",\"name\":\"Plaza Toros Marbella\",\"description\":\"P\u00e1gina Plaza de Toros de Marbella\",\"potentialAction\":[{\"@type\":\"SearchAction\",\"target\":{\"@type\":\"EntryPoint\",\"urlTemplate\":\"https:\\\/\\\/plazatorosmarbella.com\\\/?s={search_term_string}\"},\"query-input\":{\"@type\":\"PropertyValueSpecification\",\"valueRequired\":true,\"valueName\":\"search_term_string\"}}],\"inLanguage\":\"pl-PL\"}]}<\/script>\n<!-- \/ Yoast SEO plugin. -->","yoast_head_json":{"title":"Nota prawna - Plaza Toros Marbella","robots":{"index":"noindex","follow":"follow"},"og_locale":"pl_PL","og_type":"article","og_title":"Nota prawna - Plaza Toros Marbella","og_url":"https:\/\/plazatorosmarbella.com\/pl\/nota-prawna\/","og_site_name":"Plaza Toros Marbella","article_modified_time":"2026-04-20T14:17:10+00:00","twitter_card":"summary_large_image","twitter_misc":{"Szacowany czas czytania":"2 minuty"},"schema":{"@context":"https:\/\/schema.org","@graph":[{"@type":"WebPage","@id":"https:\/\/plazatorosmarbella.com\/pl\/nota-prawna\/","url":"https:\/\/plazatorosmarbella.com\/pl\/nota-prawna\/","name":"Nota prawna - Plaza Toros Marbella","isPartOf":{"@id":"https:\/\/plazatorosmarbella.com\/#website"},"datePublished":"2024-05-17T10:23:33+00:00","dateModified":"2026-04-20T14:17:10+00:00","breadcrumb":{"@id":"https:\/\/plazatorosmarbella.com\/pl\/nota-prawna\/#breadcrumb"},"inLanguage":"pl-PL","potentialAction":[{"@type":"ReadAction","target":["https:\/\/plazatorosmarbella.com\/pl\/nota-prawna\/"]}]},{"@type":"BreadcrumbList","@id":"https:\/\/plazatorosmarbella.com\/pl\/nota-prawna\/#breadcrumb","itemListElement":[{"@type":"ListItem","position":1,"name":"Portada","item":"https:\/\/plazatorosmarbella.com\/pl\/strona-glowna\/"},{"@type":"ListItem","position":2,"name":"Nota prawna"}]},{"@type":"WebSite","@id":"https:\/\/plazatorosmarbella.com\/#website","url":"https:\/\/plazatorosmarbella.com\/","name":"Plaza Toros Marbella","description":"P\u00e1gina Plaza de Toros de Marbella","potentialAction":[{"@type":"SearchAction","target":{"@type":"EntryPoint","urlTemplate":"https:\/\/plazatorosmarbella.com\/?s={search_term_string}"},"query-input":{"@type":"PropertyValueSpecification","valueRequired":true,"valueName":"search_term_string"}}],"inLanguage":"pl-PL"}]}},"_links":{"self":[{"href":"https:\/\/plazatorosmarbella.com\/pl\/wp-json\/wp\/v2\/pages\/9092","targetHints":{"allow":["GET"]}}],"collection":[{"href":"https:\/\/plazatorosmarbella.com\/pl\/wp-json\/wp\/v2\/pages"}],"about":[{"href":"https:\/\/plazatorosmarbella.com\/pl\/wp-json\/wp\/v2\/types\/page"}],"author":[{"embeddable":true,"href":"https:\/\/plazatorosmarbella.com\/pl\/wp-json\/wp\/v2\/users\/2"}],"replies":[{"embeddable":true,"href":"https:\/\/plazatorosmarbella.com\/pl\/wp-json\/wp\/v2\/comments?post=9092"}],"version-history":[{"count":2,"href":"https:\/\/plazatorosmarbella.com\/pl\/wp-json\/wp\/v2\/pages\/9092\/revisions"}],"predecessor-version":[{"id":9094,"href":"https:\/\/plazatorosmarbella.com\/pl\/wp-json\/wp\/v2\/pages\/9092\/revisions\/9094"}],"wp:attachment":[{"href":"https:\/\/plazatorosmarbella.com\/pl\/wp-json\/wp\/v2\/media?parent=9092"}],"curies":[{"name":"wp","href":"https:\/\/api.w.org\/{rel}","templated":true}]}}