{"id":9083,"date":"2024-05-17T13:22:07","date_gmt":"2024-05-17T11:22:07","guid":{"rendered":"https:\/\/plazatorosmarbella.com\/loze-vip\/"},"modified":"2026-04-20T16:17:05","modified_gmt":"2026-04-20T14:17:05","slug":"loze-vip","status":"publish","type":"page","link":"https:\/\/plazatorosmarbella.com\/pl\/loze-vip\/","title":{"rendered":"Lo\u017ce VIP"},"content":{"rendered":"<section class=\"l-section wpb_row height_large color_primary with_slider\"><div class=\"l-section-slider\"><div class=\"w-slider style_none fit_cover nav_none count_1\"><div class=\"w-slider-h\" aria-hidden=\"true\"><div class=\"royalSlider\"><div class=\"rsContent\"><a class=\"rsImg\" data-rsw=\"900\" data-rsh=\"675\" href=\"https:\/\/plazatorosmarbella.com\/wp-content\/uploads\/2024\/05\/tendido-y-ruedo.webp\"><span data-alt=\"arena i arena walki byk\u00f3w\"><\/span><\/a><\/div><\/div><img decoding=\"async\" src=\"https:\/\/plazatorosmarbella.com\/wp-content\/uploads\/2024\/05\/tendido-y-ruedo.webp\" width=\"900\" height=\"675\" alt=\"arena i arena walki byk\u00f3w\" loading=\"lazy\"><\/div><div class=\"w-slider-json\" onclick='return {&quot;autoScaleSlider&quot;:true,&quot;addActiveClass&quot;:true,&quot;loop&quot;:true,&quot;fadeInLoadedSlide&quot;:false,&quot;slidesSpacing&quot;:0,&quot;imageScalePadding&quot;:0,&quot;numImagesToPreload&quot;:2,&quot;arrowsNav&quot;:false,&quot;arrowsNavAutoHide&quot;:false,&quot;transitionType&quot;:&quot;fade&quot;,&quot;transitionSpeed&quot;:1000,&quot;block&quot;:{&quot;moveEffect&quot;:&quot;none&quot;,&quot;speed&quot;:300},&quot;thumbs&quot;:{&quot;fitInViewport&quot;:false,&quot;firstMargin&quot;:false,&quot;spacing&quot;:4},&quot;controlNavigation&quot;:&quot;none&quot;,&quot;autoplay&quot;:{&quot;enabled&quot;:true,&quot;pauseOnHover&quot;:false,&quot;delay&quot;:5000},&quot;autoScaleSliderWidth&quot;:900,&quot;autoScaleSliderHeight&quot;:675}'><\/div><\/div><\/div><div class=\"l-section-overlay\" style=\"background:rgba(15,19,31,0.65)\"><\/div><div class=\"l-section-h i-cf\"><div class=\"g-cols vc_row via_grid cols_1 laptops-cols_inherit tablets-cols_inherit mobiles-cols_1 valign_top type_default stacking_default\"><div class=\"wpb_column vc_column_container\"><div class=\"vc_column-inner\"><div class=\"wpb_text_column\"><div class=\"wpb_wrapper\"><h1 style=\"text-align: left;\">VIP Box Marbella<\/h1>\n<\/div><\/div><div class=\"wpb_text_column\"><div class=\"wpb_wrapper\"><ul>\n<li><span style=\"font-size: 30px; color: #ffffff;\">Obejmuje 10 bilet\u00f3w na Tendido de sombra<\/span><\/li>\n<li><span style=\"font-size: 30px; color: #ffffff;\">Catering i napoje premium wliczone w cen\u0119<\/span><\/li>\n<li><span style=\"font-size: 30px; color: #ffffff;\">Ekskluzywna obs\u0142uga kelnerska.<\/span><\/li>\n<li><span style=\"font-size: 30px; color: #ffffff;\">Dost\u0119p bez kolejki przez specjalne drzwi.<\/span><\/li>\n<\/ul>\n<\/div><\/div><div class=\"w-separator size_small\"><\/div><div class=\"w-separator size_custom\" style=\"height:15px\"><\/div><\/div><\/div><\/div><\/div><\/section><section class=\"l-section wpb_row height_medium\"><div class=\"l-section-h i-cf\"><div class=\"g-cols vc_row via_grid cols_1 laptops-cols_inherit tablets-cols_inherit mobiles-cols_1 valign_top type_default stacking_default\"><div class=\"wpb_column vc_column_container\"><div class=\"vc_column-inner\"><div class=\"w-grid us_grid type_grid layout_1990 no_results cols_3 overflow_hidden preload_style_spinner\" id=\"us_grid_1\" style=\"--columns:3;--gap:1.5rem;\" data-filterable=\"true\"><style>@media (max-width:1024px){#us_grid_1{--columns:2!important}}@media (max-width:600px){#us_grid_1{--columns:1!important}}.layout_1990 .w-grid-item-h{background:var(--color-content-bg);color:var(--color-content-text);border-radius:0.3rem;box-shadow:0 0.03rem 0.06rem rgba(0,0,0,0.1),0 0.1rem 0.3rem rgba(0,0,0,0.1);transition-duration:0.3s}.no-touch .layout_1990 .w-grid-item-h:hover{box-shadow:0 0.1rem 0.2rem rgba(0,0,0,0.1),0 0.33rem 1rem rgba(0,0,0,0.15);z-index:4}.layout_1990 .usg_vwrapper_1{transition-duration:0.2s;transform-origin:50% 50%;transform:scale(1) translate(0,0)}.layout_1990 .w-grid-item-h:focus-within .usg_vwrapper_1,.layout_1990 .w-grid-item-h:hover .usg_vwrapper_1{transform:scale(1) translate(0,-2.4rem);opacity:1}.layout_1990 .usg_add_to_cart_1{transition-duration:0.3s;transform-origin:50% 50%;transform:scale(1) translate(0%,0%);opacity:0}.layout_1990 .w-grid-item-h:focus-within .usg_add_to_cart_1,.layout_1990 .w-grid-item-h:hover .usg_add_to_cart_1{transform:scale(1) translate(0%,0%);opacity:1}.layout_1990 .usg_product_field_1{position:absolute!important;top:10px!important;left:10px!important;padding-right:0.8rem!important;padding-left:0.8rem!important;font-family:var(--font-family)!important;font-size:12px!important;font-weight:700!important;text-transform:uppercase!important;color:#ffffff!important;border-radius:2rem!important;background:#f73453!important}.layout_1990 .usg_vwrapper_1{background:inherit!important;padding:1rem 1.2rem 1rem 1.2rem!important}.layout_1990 .usg_post_title_1{margin-bottom:0.3rem!important;font-family:var(--font-family)!important;font-size:1.2rem!important;font-weight:400!important;color:inherit!important}.layout_1990 .usg_product_field_2{margin-bottom:0.5rem!important;font-family:var(--font-family)!important;font-size:0.9rem!important}.layout_1990 .usg_product_field_3{font-family:var(--font-family)!important;font-weight:700!important}.layout_1990 .usg_add_to_cart_1{font-size:0.8rem!important;width:100%!important;border-radius:0!important;position:absolute!important;left:0!important;bottom:0!important;right:0!important}<\/style><div class=\"w-grid-list\"><\/div>\t<div class=\"w-grid-preloader\">\r\n\t\t<div class=\"g-preloader type_1\">\r\n\t\t\t<div><\/div>\r\n\t\t<\/div>\r\n\t<\/div>\r\n\t\t<div class=\"w-grid-json hidden\" onclick='return {&quot;action&quot;:&quot;us_ajax_grid&quot;,&quot;infinite_scroll&quot;:0,&quot;max_num_pages&quot;:0,&quot;pagination&quot;:&quot;none&quot;,&quot;template_vars&quot;:{&quot;columns&quot;:&quot;3&quot;,&quot;exclude_items&quot;:&quot;none&quot;,&quot;img_size&quot;:&quot;default&quot;,&quot;ignore_items_size&quot;:0,&quot;items_layout&quot;:&quot;1990&quot;,&quot;items_offset&quot;:&quot;1&quot;,&quot;load_animation&quot;:&quot;none&quot;,&quot;overriding_link&quot;:&quot;%7B%22url%22%3A%22%22%7D&quot;,&quot;post_id&quot;:0,&quot;query_args&quot;:{&quot;post_type&quot;:[&quot;product&quot;],&quot;tax_query&quot;:[{&quot;taxonomy&quot;:&quot;product_cat&quot;,&quot;field&quot;:&quot;slug&quot;,&quot;terms&quot;:[&quot;vip-bilety&quot;]},{&quot;taxonomy&quot;:&quot;product_visibility&quot;,&quot;field&quot;:&quot;slug&quot;,&quot;terms&quot;:[&quot;exclude-from-catalog&quot;],&quot;operator&quot;:&quot;NOT IN&quot;}],&quot;post_status&quot;:[&quot;publish&quot;],&quot;meta_query&quot;:[{&quot;key&quot;:&quot;_stock_status&quot;,&quot;value&quot;:&quot;outofstock&quot;,&quot;compare&quot;:&quot;!=&quot;}],&quot;posts_per_page&quot;:&quot;10&quot;},&quot;orderby_query_args&quot;:{&quot;orderby&quot;:{&quot;date&quot;:&quot;DESC&quot;}},&quot;type&quot;:&quot;grid&quot;,&quot;us_grid_post_type&quot;:&quot;product&quot;,&quot;us_grid_ajax_index&quot;:1,&quot;us_grid_filter_query_string&quot;:null,&quot;us_grid_index&quot;:1,&quot;page_args&quot;:[],&quot;lang&quot;:&quot;pl&quot;}}'><\/div>\r\n\t<\/div><\/div><\/div><\/div><\/div><\/section><section class=\"l-section wpb_row height_medium\"><div class=\"l-section-h i-cf\"><div class=\"g-cols vc_row via_grid cols_1 laptops-cols_inherit tablets-cols_inherit mobiles-cols_1 valign_top type_default stacking_default\"><div class=\"wpb_column vc_column_container\"><div class=\"vc_column-inner\"><div class=\"wpb_text_column\"><div class=\"wpb_wrapper\"><h2>Us\u0142ugi zawarte w pude\u0142ku VIP<\/h2>\n<p>Wszystko, czego potrzebujesz, aby cieszy\u0107 si\u0119 wyj\u0105tkowym do\u015bwiadczeniem premium.<\/p>\n<p>Lo\u017ca w Tendido de sombra, z 10 miejscami siedz\u0105cymi, z panoramicznym widokiem na aren\u0119 walk byk\u00f3w.<\/p>\n<p>Catering premium i nieograniczone napoje wliczone w cen\u0119.<\/p>\n<\/div><\/div><div class=\"w-separator size_large\"><\/div><div class=\"g-cols wpb_row via_grid cols_2 laptops-cols_inherit tablets-cols_inherit mobiles-cols_1 valign_middle type_default reversed stacking_default\" style=\"--columns-gap:3rem;\"><div class=\"wpb_column vc_column_container us_custom_a640122a us_animate_this\"><div class=\"vc_column-inner\"><div class=\"w-image align_center\"><div class=\"w-image-h\"><img decoding=\"async\" width=\"600\" height=\"400\" src=\"https:\/\/plazatorosmarbella.com\/wp-content\/uploads\/2024\/05\/camarero-600x400.webp\" class=\"attachment-woocommerce_single size-woocommerce_single\" alt=\"\" loading=\"lazy\" srcset=\"https:\/\/plazatorosmarbella.com\/wp-content\/uploads\/2024\/05\/camarero-600x400.webp 600w, https:\/\/plazatorosmarbella.com\/wp-content\/uploads\/2024\/05\/camarero-300x200.webp 300w, https:\/\/plazatorosmarbella.com\/wp-content\/uploads\/2024\/05\/camarero.webp 800w\" sizes=\"auto, (max-width: 600px) 100vw, 600px\" \/><\/div><\/div><\/div><\/div><div class=\"wpb_column vc_column_container us_custom_47474b22 us_animate_this\"><div class=\"vc_column-inner\"><div class=\"wpb_text_column\"><div class=\"wpb_wrapper\"><h3>Us\u0142uga cateringowa z kelnerem\/kelnerk\u0105<\/h3>\n<p>B\u0119dziesz m\u00f3g\u0142 cieszy\u0107 si\u0119 fantastyczn\u0105 us\u0142ug\u0105 cateringow\u0105, a tak\u017ce napojami premium serwowanymi przez kelnera \/ kelnerk\u0119 wy\u0142\u0105cznie dla Twojego pude\u0142ka; Munch brut szampan, wina, piwa, napoje mieszane i bezalkoholowe, a tak\u017ce luksusowa us\u0142uga cateringowa (patrz menu w szczeg\u00f3\u0142ach ka\u017cdego dnia).<\/p>\n<p><strong>Uwaga: napoje i specjalne menu dost\u0119pne s\u0105 na \u017cyczenie. Mo\u017ce to wi\u0105za\u0107 si\u0119 z dodatkow\u0105 op\u0142at\u0105. <\/strong><\/p>\n<p>Obs\u0142uga kelnerska pozwoli cieszy\u0107 si\u0119 ekskluzywnym i bardziej komfortowym do\u015bwiadczeniem dla wszystkich go\u015bci w lo\u017cy VIP.<\/p>\n<\/div><\/div><\/div><\/div><\/div><div class=\"w-separator size_large\"><\/div><div class=\"g-cols wpb_row via_grid cols_2 laptops-cols_inherit tablets-cols_inherit mobiles-cols_1 valign_middle type_default stacking_default\" style=\"--columns-gap:3rem;\"><div class=\"wpb_column vc_column_container us_custom_7e20fa79 us_animate_this\"><div class=\"vc_column-inner\"><div class=\"wpb_text_column\"><div class=\"wpb_wrapper\"><h3>Wej\u015bcie bez kolejki<\/h3>\n<p>Aby\u015b m\u00f3g\u0142 w pe\u0142ni cieszy\u0107 si\u0119 swoj\u0105 lo\u017c\u0105 VIP, b\u0119dziesz m\u00f3g\u0142 uzyska\u0107 dost\u0119p do swoich miejsc przez specjalne drzwi, bez konieczno\u015bci stania w kolejce lub czekania na wej\u015bcie na aren\u0119.<\/p>\n<p>Indywidualna opieka i bezpiecze\u0144stwo wliczone w cen\u0119.<\/p>\n<\/div><\/div><div class=\"w-btn-wrapper align_none\"><a class=\"w-btn us-btn-style_1\" href=\"https:\/\/plazatorosmarbella.com\/producto\/palco-vip-corrida-candiles-9-agosto\/\"><span class=\"w-btn-label\">Wynajem<\/span><\/a><\/div><\/div><\/div><div class=\"wpb_column vc_column_container us_custom_d628d18a us_animate_this\"><div class=\"vc_column-inner\"><div class=\"w-image align_center\"><div class=\"w-image-h\"><img decoding=\"async\" width=\"900\" height=\"600\" src=\"https:\/\/plazatorosmarbella.com\/wp-content\/uploads\/2024\/05\/Aparcamiento-privado.webp\" class=\"attachment-full size-full\" alt=\"\" loading=\"lazy\" srcset=\"https:\/\/plazatorosmarbella.com\/wp-content\/uploads\/2024\/05\/Aparcamiento-privado.webp 900w, https:\/\/plazatorosmarbella.com\/wp-content\/uploads\/2024\/05\/Aparcamiento-privado-600x400.webp 600w, https:\/\/plazatorosmarbella.com\/wp-content\/uploads\/2024\/05\/Aparcamiento-privado-300x200.webp 300w\" sizes=\"auto, (max-width: 900px) 100vw, 900px\" \/><\/div><\/div><\/div><\/div><\/div><\/div><\/div><\/div><\/div><\/section><section class=\"l-section wpb_row height_medium\"><div class=\"l-section-h i-cf\"><div class=\"g-cols vc_row via_grid cols_1 laptops-cols_inherit tablets-cols_inherit mobiles-cols_1 valign_top type_default stacking_default\"><div class=\"wpb_column vc_column_container\"><div class=\"vc_column-inner\"><div class=\"wpb_text_column\"><div class=\"wpb_wrapper\"><h2>Dlaczego warto wynaj\u0105\u0107 prywatn\u0105 lo\u017c\u0119 na arenie walk byk\u00f3w?<\/h2>\n<p>Prywatne lo\u017ce na arenie byk\u00f3w <strong>oferuj\u0105 wyj\u0105tkowe i ekskluzywne wra\u017cenia podczas walk byk\u00f3w.<\/strong> Zanurz si\u0119 w luksusie i komforcie, podziwiaj\u0105c ekscytuj\u0105cy spektakl walki byk\u00f3w z uprzywilejowanej lokalizacji.<\/p>\n<p>Jedn\u0105 z g\u0142\u00f3wnych zalet prywatnych l\u00f3\u017c jest <strong>prywatno\u015b\u0107<\/strong>, kt\u00f3r\u0105 zapewniaj\u0105. Ucieknij od zgie\u0142ku trybun i ciesz si\u0119 przestrzeni\u0105 zarezerwowan\u0105 dla Ciebie i Twoich go\u015bci. Mo\u017cesz dzieli\u0107 t\u0119 <strong>wyj\u0105tkow\u0105 chwil\u0119 z przyjaci\u00f3\u0142mi, rodzin\u0105 lub wsp\u00f3\u0142pracownikami biznesowymi w intymnym i ekskluzywnym otoczeniu<\/strong>.  <\/p>\n<p>Opr\u00f3cz prywatno\u015bci, prywatne lo\u017ce oferuj\u0105 <strong>uprzywilejowane widoki na aren\u0119 walki byk\u00f3w<\/strong>. Z tych miejsc b\u0119dziesz m\u00f3g\u0142 cieszy\u0107 si\u0119 czystym i panoramicznym widokiem na akcj\u0119, nie przegapiaj\u0105c \u017cadnego szczeg\u00f3\u0142u ka\u017cdego rzutu i ka\u017cdego podania. B\u0119dziesz bli\u017cej emocji, z unikaln\u0105 i fascynuj\u0105c\u0105 perspektyw\u0105.  <\/p>\n<p>Kolejn\u0105 wyj\u0105tkow\u0105 korzy\u015bci\u0105 jest <strong>spersonalizowana obs\u0142uga<\/strong> oferowana w prywatnych lo\u017cach. Mo\u017cesz cieszy\u0107 si\u0119 dedykowan\u0105 uwag\u0105 i ekskluzywnymi us\u0142ugami, takimi jak kelnerzy obs\u0142uguj\u0105cy Ci\u0119 w lo\u017cy, a tak\u017ce mo\u017cliwo\u015bci\u0105 spersonalizowania swoich do\u015bwiadcze\u0144 zgodnie z w\u0142asnymi preferencjami. <\/p>\n<p>Prywatne lo\u017ce r\u00f3wnie\u017c <strong>zapewniaj\u0105 bardzo komfortow\u0105 atmosfer\u0119<\/strong>. Zosta\u0142y one zaprojektowane z my\u015bl\u0105 o wygodzie i przyjemno\u015bci widz\u00f3w. Dzi\u0119ki wygodnym siedzeniom, du\u017cej przestrzeni i wielu us\u0142ugom poczujesz si\u0119 jak prawdziwy VIP podczas ca\u0142ej walki byk\u00f3w.  <\/p>\n<p>Kr\u00f3tko m\u00f3wi\u0105c, prywatne lo\u017ce na arenie walki byk\u00f3w oferuj\u0105 szereg korzy\u015bci, kt\u00f3re przenosz\u0105 do\u015bwiadczenie walki byk\u00f3w na wy\u017cszy poziom. Od prywatno\u015bci i uprzywilejowanych widok\u00f3w po spersonalizowan\u0105 obs\u0142ug\u0119 i atmosfer\u0119, b\u0119dziesz cieszy\u0107 si\u0119 niezapomnianymi chwilami w otoczeniu tych, kt\u00f3rych najbardziej cenisz. <\/p>\n<p>A je\u015bli zarezerwujesz lo\u017c\u0119 VIP dla swoich klient\u00f3w, mo\u017cesz r\u00f3wnie\u017c umie\u015bci\u0107 reklam\u0119 firmy w lo\u017cy VIP lub przed drzwiami wej\u015bciowymi, a tak\u017ce rozdawa\u0107 klientom broszury lub upominki.<\/p>\n<p>Odkryj przyjemno\u015b\u0107 do\u015bwiadczania walk byk\u00f3w z prywatnej lo\u017cy i daj si\u0119 ponie\u015b\u0107 emocjom i elegancji, kt\u00f3re mog\u0105 zaoferowa\u0107 tylko te ekskluzywne przestrzenie.<\/p>\n<\/div><\/div><\/div><\/div><\/div><\/div><\/section>\n","protected":false},"excerpt":{"rendered":"VIP Box Marbella Obejmuje 10 bilet\u00f3w na Tendido de sombra Catering i napoje premium wliczone w cen\u0119 Ekskluzywna obs\u0142uga kelnerska. Dost\u0119p bez kolejki przez specjalne drzwi. Us\u0142ugi zawarte w pude\u0142ku VIP Wszystko, czego potrzebujesz, aby cieszy\u0107 si\u0119 wyj\u0105tkowym do\u015bwiadczeniem premium. Lo\u017ca w Tendido de sombra, z 10 miejscami siedz\u0105cymi, z panoramicznym widokiem na aren\u0119 walk...","protected":false},"author":2,"featured_media":0,"parent":0,"menu_order":0,"comment_status":"closed","ping_status":"closed","template":"","meta":{"footnotes":""},"class_list":["post-9083","page","type-page","status-publish","hentry"],"yoast_head":"<!-- This site is optimized with the Yoast SEO plugin v27.4 - https:\/\/yoast.com\/product\/yoast-seo-wordpress\/ -->\n<title>Lo\u017ce VIP i bilety VIP: Marbella Bullring<\/title>\n<meta name=\"description\" content=\"Bilety na walki byk\u00f3w i lo\u017ce VIP na walki byk\u00f3w w Marbelli. Prze\u017cyj najlepsz\u0105 walk\u0119 byk\u00f3w w Marbelli.\" \/>\n<meta name=\"robots\" content=\"index, follow, max-snippet:-1, max-image-preview:large, max-video-preview:-1\" \/>\n<link rel=\"canonical\" href=\"https:\/\/plazatorosmarbella.com\/pl\/loze-vip\/\" \/>\n<meta property=\"og:locale\" content=\"pl_PL\" \/>\n<meta property=\"og:type\" content=\"article\" \/>\n<meta property=\"og:title\" content=\"Lo\u017ce VIP i bilety VIP: Marbella Bullring\" \/>\n<meta property=\"og:description\" content=\"Bilety na walki byk\u00f3w i lo\u017ce VIP na walki byk\u00f3w w Marbelli. Prze\u017cyj najlepsz\u0105 walk\u0119 byk\u00f3w w Marbelli.\" \/>\n<meta property=\"og:url\" content=\"https:\/\/plazatorosmarbella.com\/pl\/loze-vip\/\" \/>\n<meta property=\"og:site_name\" content=\"Plaza Toros Marbella\" \/>\n<meta property=\"article:modified_time\" content=\"2026-04-20T14:17:05+00:00\" \/>\n<meta name=\"twitter:card\" content=\"summary_large_image\" \/>\n<meta name=\"twitter:label1\" content=\"Szacowany czas czytania\" \/>\n\t<meta name=\"twitter:data1\" content=\"6 minut\" \/>\n<script type=\"application\/ld+json\" class=\"yoast-schema-graph\">{\"@context\":\"https:\\\/\\\/schema.org\",\"@graph\":[{\"@type\":\"WebPage\",\"@id\":\"https:\\\/\\\/plazatorosmarbella.com\\\/pl\\\/loze-vip\\\/\",\"url\":\"https:\\\/\\\/plazatorosmarbella.com\\\/pl\\\/loze-vip\\\/\",\"name\":\"Lo\u017ce VIP i bilety VIP: Marbella Bullring\",\"isPartOf\":{\"@id\":\"https:\\\/\\\/plazatorosmarbella.com\\\/#website\"},\"datePublished\":\"2024-05-17T11:22:07+00:00\",\"dateModified\":\"2026-04-20T14:17:05+00:00\",\"description\":\"Bilety na walki byk\u00f3w i lo\u017ce VIP na walki byk\u00f3w w Marbelli. Prze\u017cyj najlepsz\u0105 walk\u0119 byk\u00f3w w Marbelli.\",\"breadcrumb\":{\"@id\":\"https:\\\/\\\/plazatorosmarbella.com\\\/pl\\\/loze-vip\\\/#breadcrumb\"},\"inLanguage\":\"pl-PL\",\"potentialAction\":[{\"@type\":\"ReadAction\",\"target\":[\"https:\\\/\\\/plazatorosmarbella.com\\\/pl\\\/loze-vip\\\/\"]}]},{\"@type\":\"BreadcrumbList\",\"@id\":\"https:\\\/\\\/plazatorosmarbella.com\\\/pl\\\/loze-vip\\\/#breadcrumb\",\"itemListElement\":[{\"@type\":\"ListItem\",\"position\":1,\"name\":\"Portada\",\"item\":\"https:\\\/\\\/plazatorosmarbella.com\\\/pl\\\/strona-glowna\\\/\"},{\"@type\":\"ListItem\",\"position\":2,\"name\":\"Lo\u017ce VIP\"}]},{\"@type\":\"WebSite\",\"@id\":\"https:\\\/\\\/plazatorosmarbella.com\\\/#website\",\"url\":\"https:\\\/\\\/plazatorosmarbella.com\\\/\",\"name\":\"Plaza Toros Marbella\",\"description\":\"P\u00e1gina Plaza de Toros de Marbella\",\"potentialAction\":[{\"@type\":\"SearchAction\",\"target\":{\"@type\":\"EntryPoint\",\"urlTemplate\":\"https:\\\/\\\/plazatorosmarbella.com\\\/?s={search_term_string}\"},\"query-input\":{\"@type\":\"PropertyValueSpecification\",\"valueRequired\":true,\"valueName\":\"search_term_string\"}}],\"inLanguage\":\"pl-PL\"}]}<\/script>\n<!-- \/ Yoast SEO plugin. -->","yoast_head_json":{"title":"Lo\u017ce VIP i bilety VIP: Marbella Bullring","description":"Bilety na walki byk\u00f3w i lo\u017ce VIP na walki byk\u00f3w w Marbelli. Prze\u017cyj najlepsz\u0105 walk\u0119 byk\u00f3w w Marbelli.","robots":{"index":"index","follow":"follow","max-snippet":"max-snippet:-1","max-image-preview":"max-image-preview:large","max-video-preview":"max-video-preview:-1"},"canonical":"https:\/\/plazatorosmarbella.com\/pl\/loze-vip\/","og_locale":"pl_PL","og_type":"article","og_title":"Lo\u017ce VIP i bilety VIP: Marbella Bullring","og_description":"Bilety na walki byk\u00f3w i lo\u017ce VIP na walki byk\u00f3w w Marbelli. Prze\u017cyj najlepsz\u0105 walk\u0119 byk\u00f3w w Marbelli.","og_url":"https:\/\/plazatorosmarbella.com\/pl\/loze-vip\/","og_site_name":"Plaza Toros Marbella","article_modified_time":"2026-04-20T14:17:05+00:00","twitter_card":"summary_large_image","twitter_misc":{"Szacowany czas czytania":"6 minut"},"schema":{"@context":"https:\/\/schema.org","@graph":[{"@type":"WebPage","@id":"https:\/\/plazatorosmarbella.com\/pl\/loze-vip\/","url":"https:\/\/plazatorosmarbella.com\/pl\/loze-vip\/","name":"Lo\u017ce VIP i bilety VIP: Marbella Bullring","isPartOf":{"@id":"https:\/\/plazatorosmarbella.com\/#website"},"datePublished":"2024-05-17T11:22:07+00:00","dateModified":"2026-04-20T14:17:05+00:00","description":"Bilety na walki byk\u00f3w i lo\u017ce VIP na walki byk\u00f3w w Marbelli. Prze\u017cyj najlepsz\u0105 walk\u0119 byk\u00f3w w Marbelli.","breadcrumb":{"@id":"https:\/\/plazatorosmarbella.com\/pl\/loze-vip\/#breadcrumb"},"inLanguage":"pl-PL","potentialAction":[{"@type":"ReadAction","target":["https:\/\/plazatorosmarbella.com\/pl\/loze-vip\/"]}]},{"@type":"BreadcrumbList","@id":"https:\/\/plazatorosmarbella.com\/pl\/loze-vip\/#breadcrumb","itemListElement":[{"@type":"ListItem","position":1,"name":"Portada","item":"https:\/\/plazatorosmarbella.com\/pl\/strona-glowna\/"},{"@type":"ListItem","position":2,"name":"Lo\u017ce VIP"}]},{"@type":"WebSite","@id":"https:\/\/plazatorosmarbella.com\/#website","url":"https:\/\/plazatorosmarbella.com\/","name":"Plaza Toros Marbella","description":"P\u00e1gina Plaza de Toros de Marbella","potentialAction":[{"@type":"SearchAction","target":{"@type":"EntryPoint","urlTemplate":"https:\/\/plazatorosmarbella.com\/?s={search_term_string}"},"query-input":{"@type":"PropertyValueSpecification","valueRequired":true,"valueName":"search_term_string"}}],"inLanguage":"pl-PL"}]}},"_links":{"self":[{"href":"https:\/\/plazatorosmarbella.com\/pl\/wp-json\/wp\/v2\/pages\/9083","targetHints":{"allow":["GET"]}}],"collection":[{"href":"https:\/\/plazatorosmarbella.com\/pl\/wp-json\/wp\/v2\/pages"}],"about":[{"href":"https:\/\/plazatorosmarbella.com\/pl\/wp-json\/wp\/v2\/types\/page"}],"author":[{"embeddable":true,"href":"https:\/\/plazatorosmarbella.com\/pl\/wp-json\/wp\/v2\/users\/2"}],"replies":[{"embeddable":true,"href":"https:\/\/plazatorosmarbella.com\/pl\/wp-json\/wp\/v2\/comments?post=9083"}],"version-history":[{"count":2,"href":"https:\/\/plazatorosmarbella.com\/pl\/wp-json\/wp\/v2\/pages\/9083\/revisions"}],"predecessor-version":[{"id":9088,"href":"https:\/\/plazatorosmarbella.com\/pl\/wp-json\/wp\/v2\/pages\/9083\/revisions\/9088"}],"wp:attachment":[{"href":"https:\/\/plazatorosmarbella.com\/pl\/wp-json\/wp\/v2\/media?parent=9083"}],"curies":[{"name":"wp","href":"https:\/\/api.w.org\/{rel}","templated":true}]}}