{"id":9023,"date":"2024-08-28T12:55:40","date_gmt":"2024-08-28T10:55:40","guid":{"rendered":"https:\/\/plazatorosmarbella.com\/sklep-z-walkami-bykow\/"},"modified":"2026-04-20T16:16:57","modified_gmt":"2026-04-20T14:16:57","slug":"sklep-z-walkami-bykow","status":"publish","type":"page","link":"https:\/\/plazatorosmarbella.com\/pl\/sklep-z-walkami-bykow\/","title":{"rendered":"Sklep z walkami byk\u00f3w"},"content":{"rendered":"<section class=\"l-section wpb_row height_medium\"><div class=\"l-section-h i-cf\"><div class=\"g-cols vc_row via_grid cols_1 laptops-cols_inherit tablets-cols_inherit mobiles-cols_1 valign_top type_default stacking_default\"><div class=\"wpb_column vc_column_container\"><div class=\"vc_column-inner\"><div class=\"wpb_text_column\"><div class=\"wpb_wrapper\"><h1 style=\"text-align: center;\">Sklep z walkami byk\u00f3w Marbella<\/h1>\n<p style=\"text-align: center;\">Odkryj wszystkie nasze r\u0119cznie robione produkty do walki byk\u00f3w<\/p>\n<\/div><\/div><div class=\"w-separator size_medium\"><\/div><div class=\"g-cols wpb_row via_grid cols_3 laptops-cols_inherit tablets-cols_inherit mobiles-cols_1 valign_top type_default stacking_default\" style=\"--columns-gap:3rem;\"><div class=\"wpb_column vc_column_container\"><div class=\"vc_column-inner\"><div class=\"w-image align_none\"><a target=\"_blank\" rel=\"nofollow\" href=\"https:\/\/www.toroshopping.com\/categoria-producto\/juguetes-taurinos\/\" aria-label=\"juguetes-taurinos-2\" class=\"w-image-h\"><img decoding=\"async\" width=\"680\" height=\"910\" src=\"https:\/\/plazatorosmarbella.com\/wp-content\/uploads\/2024\/08\/juguetes-taurinos-2.jpg\" class=\"attachment-full size-full\" alt=\"\" loading=\"lazy\" srcset=\"https:\/\/plazatorosmarbella.com\/wp-content\/uploads\/2024\/08\/juguetes-taurinos-2.jpg 680w, https:\/\/plazatorosmarbella.com\/wp-content\/uploads\/2024\/08\/juguetes-taurinos-2-224x300.jpg 224w, https:\/\/plazatorosmarbella.com\/wp-content\/uploads\/2024\/08\/juguetes-taurinos-2-600x803.jpg 600w\" sizes=\"auto, (max-width: 680px) 100vw, 680px\" \/><\/a><\/div><\/div><\/div><div class=\"wpb_column vc_column_container\"><div class=\"vc_column-inner\"><div class=\"w-image align_none\"><a target=\"_blank\" rel=\"nofollow\" href=\"https:\/\/www.toroshopping.com\/categoria-producto\/accesorios-de-moda-taurina\/bisuteria-taurina\/\" aria-label=\"Bisuteria-taurina\" class=\"w-image-h\"><img decoding=\"async\" width=\"680\" height=\"910\" src=\"https:\/\/plazatorosmarbella.com\/wp-content\/uploads\/2024\/08\/Bisuteria-taurina.jpg\" class=\"attachment-full size-full\" alt=\"\" loading=\"lazy\" srcset=\"https:\/\/plazatorosmarbella.com\/wp-content\/uploads\/2024\/08\/Bisuteria-taurina.jpg 680w, https:\/\/plazatorosmarbella.com\/wp-content\/uploads\/2024\/08\/Bisuteria-taurina-224x300.jpg 224w, https:\/\/plazatorosmarbella.com\/wp-content\/uploads\/2024\/08\/Bisuteria-taurina-600x803.jpg 600w\" sizes=\"auto, (max-width: 680px) 100vw, 680px\" \/><\/a><\/div><\/div><\/div><div class=\"wpb_column vc_column_container\"><div class=\"vc_column-inner\"><div class=\"w-image align_none\"><a target=\"_blank\" rel=\"nofollow\" href=\"https:\/\/www.toroshopping.com\/categoria-producto\/trajes-de-luces\/\" aria-label=\"trajes-de-luces\" class=\"w-image-h\"><img decoding=\"async\" width=\"680\" height=\"910\" src=\"https:\/\/plazatorosmarbella.com\/wp-content\/uploads\/2024\/08\/trajes-de-luces.jpg\" class=\"attachment-full size-full\" alt=\"\" loading=\"lazy\" srcset=\"https:\/\/plazatorosmarbella.com\/wp-content\/uploads\/2024\/08\/trajes-de-luces.jpg 680w, https:\/\/plazatorosmarbella.com\/wp-content\/uploads\/2024\/08\/trajes-de-luces-224x300.jpg 224w, https:\/\/plazatorosmarbella.com\/wp-content\/uploads\/2024\/08\/trajes-de-luces-600x803.jpg 600w\" sizes=\"auto, (max-width: 680px) 100vw, 680px\" \/><\/a><\/div><\/div><\/div><\/div><div class=\"w-separator size_medium\"><\/div><div class=\"g-cols wpb_row via_grid cols_3 laptops-cols_inherit tablets-cols_inherit mobiles-cols_1 valign_top type_default stacking_default\" style=\"--columns-gap:3rem;\"><div class=\"wpb_column vc_column_container\"><div class=\"vc_column-inner\"><div class=\"w-image align_none\"><a target=\"_blank\" rel=\"nofollow\" href=\"https:\/\/www.toroshopping.com\/categoria-producto\/arte-y-decoracion\/\" aria-label=\"decoracion-taurina\" class=\"w-image-h\"><img decoding=\"async\" width=\"680\" height=\"910\" src=\"https:\/\/plazatorosmarbella.com\/wp-content\/uploads\/2024\/08\/decoracion-taurina.jpg\" class=\"attachment-full size-full\" alt=\"\" loading=\"lazy\" srcset=\"https:\/\/plazatorosmarbella.com\/wp-content\/uploads\/2024\/08\/decoracion-taurina.jpg 680w, https:\/\/plazatorosmarbella.com\/wp-content\/uploads\/2024\/08\/decoracion-taurina-224x300.jpg 224w, https:\/\/plazatorosmarbella.com\/wp-content\/uploads\/2024\/08\/decoracion-taurina-600x803.jpg 600w\" sizes=\"auto, (max-width: 680px) 100vw, 680px\" \/><\/a><\/div><\/div><\/div><div class=\"wpb_column vc_column_container\"><div class=\"vc_column-inner\"><div class=\"w-image align_none\"><a target=\"_blank\" rel=\"nofollow\" href=\"https:\/\/www.toroshopping.com\/categoria-producto\/moda-taurina\/\" aria-label=\"Ropa-taurina\" class=\"w-image-h\"><img decoding=\"async\" width=\"680\" height=\"910\" src=\"https:\/\/plazatorosmarbella.com\/wp-content\/uploads\/2024\/08\/Ropa-taurina.jpg\" class=\"attachment-full size-full\" alt=\"\" loading=\"lazy\" srcset=\"https:\/\/plazatorosmarbella.com\/wp-content\/uploads\/2024\/08\/Ropa-taurina.jpg 680w, https:\/\/plazatorosmarbella.com\/wp-content\/uploads\/2024\/08\/Ropa-taurina-224x300.jpg 224w, https:\/\/plazatorosmarbella.com\/wp-content\/uploads\/2024\/08\/Ropa-taurina-600x803.jpg 600w\" sizes=\"auto, (max-width: 680px) 100vw, 680px\" \/><\/a><\/div><\/div><\/div><div class=\"wpb_column vc_column_container\"><div class=\"vc_column-inner\"><div class=\"w-image align_none\"><a target=\"_blank\" rel=\"nofollow\" href=\"https:\/\/www.toroshopping.com\/actividades-taurinas\/\" aria-label=\"actividades-taurinas-2\" class=\"w-image-h\"><img decoding=\"async\" width=\"680\" height=\"910\" src=\"https:\/\/plazatorosmarbella.com\/wp-content\/uploads\/2024\/08\/actividades-taurinas-2.jpg\" class=\"attachment-full size-full\" alt=\"\" loading=\"lazy\" srcset=\"https:\/\/plazatorosmarbella.com\/wp-content\/uploads\/2024\/08\/actividades-taurinas-2.jpg 680w, https:\/\/plazatorosmarbella.com\/wp-content\/uploads\/2024\/08\/actividades-taurinas-2-224x300.jpg 224w, https:\/\/plazatorosmarbella.com\/wp-content\/uploads\/2024\/08\/actividades-taurinas-2-600x803.jpg 600w\" sizes=\"auto, (max-width: 680px) 100vw, 680px\" \/><\/a><\/div><\/div><\/div><\/div><\/div><\/div><\/div><\/div><\/section><section class=\"l-section wpb_row height_medium\"><div class=\"l-section-h i-cf\"><div class=\"g-cols vc_row via_grid cols_1 laptops-cols_inherit tablets-cols_inherit mobiles-cols_1 valign_top type_default stacking_default\"><div class=\"wpb_column vc_column_container\"><div class=\"vc_column-inner\"><div class=\"wpb_text_column\"><div class=\"wpb_wrapper\"><h2><strong>Sklep internetowy z walkami byk\u00f3w w Marbelli: tradycja i sztuka walk byk\u00f3w w jednym miejscu<\/strong><\/h2>\n<p>Odkryj w naszym sklepie internetowym z akcesoriami do walki byk\u00f3w w Marbelli wyj\u0105tkowe do\u015bwiadczenie zakupowe, w kt\u00f3rym tradycja i pasja do sztuki walki byk\u00f3w \u0142\u0105cz\u0105 si\u0119 ze sob\u0105. Oferujemy ekskluzywny wyb\u00f3r produkt\u00f3w do walki byk\u00f3w, od peleryn i kul, po kostiumy do walki byk\u00f3w i akcesoria, zaprojektowane dla prawdziwych entuzjast\u00f3w walk byk\u00f3w. Ka\u017cdy przedmiot odzwierciedla bogat\u0105 histori\u0119 i dziedzictwo tej szlachetnej sztuki, teraz na wyci\u0105gni\u0119cie r\u0119ki.<\/p>\n<\/div><\/div><div class=\"w-separator size_large\"><\/div><div class=\"g-cols wpb_row via_grid cols_2 laptops-cols_inherit tablets-cols_inherit mobiles-cols_1 valign_top type_default stacking_default\" style=\"--columns-gap:3rem;\"><div class=\"wpb_column vc_column_container\"><div class=\"vc_column-inner\"><div class=\"w-tabs style_default switch_click accordion has_scrolling\" style=\"--sections-title-size:inherit\"><div class=\"w-tabs-sections titles-align_none icon_chevron cpos_right\"><div class=\"w-tabs-section\" id=\"xe9f\"><button class=\"w-tabs-section-header\" aria-controls=\"content-xe9f\" aria-expanded=\"false\"><div class=\"w-tabs-section-title\">Wysokiej jako\u015bci produkty do walki byk\u00f3w w Marbelli<\/div><div class=\"w-tabs-section-control\"><\/div><\/button><div  class=\"w-tabs-section-content\" id=\"content-xe9f\"><div class=\"w-tabs-section-content-h i-cf\"><div class=\"wpb_text_column\"><div class=\"wpb_wrapper\"><p>W naszym sklepie internetowym jako\u015b\u0107 jest naszym priorytetem. Wsp\u00f3\u0142pracujemy z renomowanymi rzemie\u015blnikami i producentami, kt\u00f3rzy podzielaj\u0105 nasz\u0105 pasj\u0119 do walk byk\u00f3w. Znajdziesz tu produkty wykonane z najlepszych materia\u0142\u00f3w, idealne dla profesjonalist\u00f3w, kolekcjoner\u00f3w i mi\u0142o\u015bnik\u00f3w walk byk\u00f3w. Niezale\u017cnie od tego, czy szukasz stroju do walki byk\u00f3w na specjaln\u0105 okazj\u0119, czy kapoty do treningu, w naszym sklepie znajdziesz to, czego potrzebujesz.<\/p>\n<\/div><\/div><\/div><\/div><\/div><div class=\"w-tabs-section\" id=\"rfea\"><button class=\"w-tabs-section-header\" aria-controls=\"content-rfea\" aria-expanded=\"false\"><div class=\"w-tabs-section-title\">Produkty zwi\u0105zane z walkami byk\u00f3w w Marbelli<\/div><div class=\"w-tabs-section-control\"><\/div><\/button><div  class=\"w-tabs-section-content\" id=\"content-rfea\"><div class=\"w-tabs-section-content-h i-cf\"><div class=\"wpb_text_column\"><div class=\"wpb_wrapper\"><p>Dzi\u0119ki naszemu po\u015bwi\u0119ceniu i zaanga\u017cowaniu w sprawy naszych klient\u00f3w stali\u015bmy si\u0119 sklepem referencyjnym w Marbelli. Oferujemy niezr\u00f3wnane do\u015bwiadczenie zakupowe, ze spersonalizowan\u0105 uwag\u0105 i szybk\u0105 dostaw\u0105 do ka\u017cdego zak\u0105tka Hiszpanii. Naszym celem jest zapewnienie ci wszystkiego, czego potrzebujesz, aby \u017cy\u0107 walkami byk\u00f3w z tak\u0105 sam\u0105 pasj\u0105, z jak\u0105 zosta\u0142y stworzone.<\/p>\n<\/div><\/div><\/div><\/div><\/div><\/div><\/div><\/div><\/div><div class=\"wpb_column vc_column_container\"><div class=\"vc_column-inner\"><div class=\"w-tabs style_default switch_click accordion has_scrolling\" style=\"--sections-title-size:inherit\"><div class=\"w-tabs-sections titles-align_none icon_chevron cpos_right\"><div class=\"w-tabs-section\" id=\"k801\"><button class=\"w-tabs-section-header\" aria-controls=\"content-k801\" aria-expanded=\"false\"><div class=\"w-tabs-section-title\">Zalety zakup\u00f3w w naszym sklepie internetowym Bullfighting<\/div><div class=\"w-tabs-section-control\"><\/div><\/button><div  class=\"w-tabs-section-content\" id=\"content-k801\"><div class=\"w-tabs-section-content-h i-cf\"><div class=\"wpb_text_column\"><div class=\"wpb_wrapper\"><ul>\n<li><strong>Ekskluzywny wyb\u00f3r:<\/strong> Posiadamy gam\u0119 unikalnych produkt\u00f3w, wybranych ze wzgl\u0119du na ich jako\u015b\u0107 i autentyczno\u015b\u0107.<\/li>\n<li><strong>Obs\u0142uga klienta:<\/strong> Oferujemy blisk\u0105 i spersonalizowan\u0105 obs\u0142ug\u0119, pomagaj\u0105c znale\u017a\u0107 idealny przedmiot.<\/li>\n<li><strong>Wysy\u0142ka na terenie ca\u0142ej Hiszpanii:<\/strong> bez wzgl\u0119du na to, gdzie jeste\u015b, przynosimy tradycj\u0119 walk byk\u00f3w pod Twoje drzwi.<\/li>\n<li><strong>Bezpieczne zakupy:<\/strong> Nasza platforma gwarantuje \u0142atwe, szybkie i bezpieczne zakupy, dzi\u0119ki czemu mo\u017cesz kupowa\u0107 produkty z ca\u0142kowit\u0105 pewno\u015bci\u0105.<\/li>\n<\/ul>\n<\/div><\/div><\/div><\/div><\/div><div class=\"w-tabs-section\" id=\"q95d\"><button class=\"w-tabs-section-header\" aria-controls=\"content-q95d\" aria-expanded=\"false\"><div class=\"w-tabs-section-title\">Poznaj nasz\u0105 kolekcj\u0119 walk byk\u00f3w w Marbelli<\/div><div class=\"w-tabs-section-control\"><\/div><\/button><div  class=\"w-tabs-section-content\" id=\"content-q95d\"><div class=\"w-tabs-section-content-h i-cf\"><div class=\"wpb_text_column\"><div class=\"wpb_wrapper\"><p>Zapraszamy wszystkich mi\u0142o\u015bnik\u00f3w walk byk\u00f3w do odwiedzenia naszego sklepu internetowego w Marbelli. Znajdziesz tu produkty, kt\u00f3re s\u0105 nie tylko funkcjonalne, ale tak\u017ce celebruj\u0105 sztuk\u0119 i kultur\u0119 walki byk\u00f3w. Odwied\u017a nas i zabierz ze sob\u0105 kawa\u0142ek \u015bwiata walk byk\u00f3w, z jako\u015bci\u0105 i autentyczno\u015bci\u0105, na kt\u00f3r\u0105 zas\u0142ugujesz.<\/p>\n<\/div><\/div><\/div><\/div><\/div><\/div><\/div><\/div><\/div><\/div><\/div><\/div><\/div><\/div><\/section>\n","protected":false},"excerpt":{"rendered":"Sklep z walkami byk\u00f3w Marbella Odkryj wszystkie nasze r\u0119cznie robione produkty do walki byk\u00f3w Sklep internetowy z walkami byk\u00f3w w Marbelli: tradycja i sztuka walk byk\u00f3w w jednym miejscu Odkryj w naszym sklepie internetowym z akcesoriami do walki byk\u00f3w w Marbelli wyj\u0105tkowe do\u015bwiadczenie zakupowe, w kt\u00f3rym tradycja i pasja do sztuki walki byk\u00f3w \u0142\u0105cz\u0105 si\u0119...","protected":false},"author":2,"featured_media":0,"parent":0,"menu_order":0,"comment_status":"closed","ping_status":"closed","template":"","meta":{"footnotes":""},"class_list":["post-9023","page","type-page","status-publish","hentry"],"yoast_head":"<!-- This site is optimized with the Yoast SEO plugin v27.4 - https:\/\/yoast.com\/product\/yoast-seo-wordpress\/ -->\n<title>Walki byk\u00f3w sklep internetowy Marbella| Produkty do walk byk\u00f3w<\/title>\n<meta name=\"description\" content=\"Sklep internetowy specjalizuj\u0105cy si\u0119 we wszelkiego rodzaju produktach do walk byk\u00f3w dla amator\u00f3w i profesjonalist\u00f3w w Marbelli [Artesan\u00edas Taurinas].\" \/>\n<meta name=\"robots\" content=\"index, follow, max-snippet:-1, max-image-preview:large, max-video-preview:-1\" \/>\n<link rel=\"canonical\" href=\"https:\/\/plazatorosmarbella.com\/pl\/sklep-z-walkami-bykow\/\" \/>\n<meta property=\"og:locale\" content=\"pl_PL\" \/>\n<meta property=\"og:type\" content=\"article\" \/>\n<meta property=\"og:title\" content=\"Walki byk\u00f3w sklep internetowy Marbella| Produkty do walk byk\u00f3w\" \/>\n<meta property=\"og:description\" content=\"Sklep internetowy specjalizuj\u0105cy si\u0119 we wszelkiego rodzaju produktach do walk byk\u00f3w dla amator\u00f3w i profesjonalist\u00f3w w Marbelli [Artesan\u00edas Taurinas].\" \/>\n<meta property=\"og:url\" content=\"https:\/\/plazatorosmarbella.com\/pl\/sklep-z-walkami-bykow\/\" \/>\n<meta property=\"og:site_name\" content=\"Plaza Toros Marbella\" \/>\n<meta property=\"article:modified_time\" content=\"2026-04-20T14:16:57+00:00\" \/>\n<meta name=\"twitter:card\" content=\"summary_large_image\" \/>\n<meta name=\"twitter:label1\" content=\"Szacowany czas czytania\" \/>\n\t<meta name=\"twitter:data1\" content=\"4 minuty\" \/>\n<script type=\"application\/ld+json\" class=\"yoast-schema-graph\">{\"@context\":\"https:\\\/\\\/schema.org\",\"@graph\":[{\"@type\":\"WebPage\",\"@id\":\"https:\\\/\\\/plazatorosmarbella.com\\\/pl\\\/sklep-z-walkami-bykow\\\/\",\"url\":\"https:\\\/\\\/plazatorosmarbella.com\\\/pl\\\/sklep-z-walkami-bykow\\\/\",\"name\":\"Walki byk\u00f3w sklep internetowy Marbella| Produkty do walk byk\u00f3w\",\"isPartOf\":{\"@id\":\"https:\\\/\\\/plazatorosmarbella.com\\\/#website\"},\"datePublished\":\"2024-08-28T10:55:40+00:00\",\"dateModified\":\"2026-04-20T14:16:57+00:00\",\"description\":\"Sklep internetowy specjalizuj\u0105cy si\u0119 we wszelkiego rodzaju produktach do walk byk\u00f3w dla amator\u00f3w i profesjonalist\u00f3w w Marbelli [Artesan\u00edas Taurinas].\",\"breadcrumb\":{\"@id\":\"https:\\\/\\\/plazatorosmarbella.com\\\/pl\\\/sklep-z-walkami-bykow\\\/#breadcrumb\"},\"inLanguage\":\"pl-PL\",\"potentialAction\":[{\"@type\":\"ReadAction\",\"target\":[\"https:\\\/\\\/plazatorosmarbella.com\\\/pl\\\/sklep-z-walkami-bykow\\\/\"]}]},{\"@type\":\"BreadcrumbList\",\"@id\":\"https:\\\/\\\/plazatorosmarbella.com\\\/pl\\\/sklep-z-walkami-bykow\\\/#breadcrumb\",\"itemListElement\":[{\"@type\":\"ListItem\",\"position\":1,\"name\":\"Portada\",\"item\":\"https:\\\/\\\/plazatorosmarbella.com\\\/pl\\\/strona-glowna\\\/\"},{\"@type\":\"ListItem\",\"position\":2,\"name\":\"Sklep z walkami byk\u00f3w\"}]},{\"@type\":\"WebSite\",\"@id\":\"https:\\\/\\\/plazatorosmarbella.com\\\/#website\",\"url\":\"https:\\\/\\\/plazatorosmarbella.com\\\/\",\"name\":\"Plaza Toros Marbella\",\"description\":\"P\u00e1gina Plaza de Toros de Marbella\",\"potentialAction\":[{\"@type\":\"SearchAction\",\"target\":{\"@type\":\"EntryPoint\",\"urlTemplate\":\"https:\\\/\\\/plazatorosmarbella.com\\\/?s={search_term_string}\"},\"query-input\":{\"@type\":\"PropertyValueSpecification\",\"valueRequired\":true,\"valueName\":\"search_term_string\"}}],\"inLanguage\":\"pl-PL\"}]}<\/script>\n<!-- \/ Yoast SEO plugin. -->","yoast_head_json":{"title":"Walki byk\u00f3w sklep internetowy Marbella| Produkty do walk byk\u00f3w","description":"Sklep internetowy specjalizuj\u0105cy si\u0119 we wszelkiego rodzaju produktach do walk byk\u00f3w dla amator\u00f3w i profesjonalist\u00f3w w Marbelli [Artesan\u00edas Taurinas].","robots":{"index":"index","follow":"follow","max-snippet":"max-snippet:-1","max-image-preview":"max-image-preview:large","max-video-preview":"max-video-preview:-1"},"canonical":"https:\/\/plazatorosmarbella.com\/pl\/sklep-z-walkami-bykow\/","og_locale":"pl_PL","og_type":"article","og_title":"Walki byk\u00f3w sklep internetowy Marbella| Produkty do walk byk\u00f3w","og_description":"Sklep internetowy specjalizuj\u0105cy si\u0119 we wszelkiego rodzaju produktach do walk byk\u00f3w dla amator\u00f3w i profesjonalist\u00f3w w Marbelli [Artesan\u00edas Taurinas].","og_url":"https:\/\/plazatorosmarbella.com\/pl\/sklep-z-walkami-bykow\/","og_site_name":"Plaza Toros Marbella","article_modified_time":"2026-04-20T14:16:57+00:00","twitter_card":"summary_large_image","twitter_misc":{"Szacowany czas czytania":"4 minuty"},"schema":{"@context":"https:\/\/schema.org","@graph":[{"@type":"WebPage","@id":"https:\/\/plazatorosmarbella.com\/pl\/sklep-z-walkami-bykow\/","url":"https:\/\/plazatorosmarbella.com\/pl\/sklep-z-walkami-bykow\/","name":"Walki byk\u00f3w sklep internetowy Marbella| Produkty do walk byk\u00f3w","isPartOf":{"@id":"https:\/\/plazatorosmarbella.com\/#website"},"datePublished":"2024-08-28T10:55:40+00:00","dateModified":"2026-04-20T14:16:57+00:00","description":"Sklep internetowy specjalizuj\u0105cy si\u0119 we wszelkiego rodzaju produktach do walk byk\u00f3w dla amator\u00f3w i profesjonalist\u00f3w w Marbelli [Artesan\u00edas Taurinas].","breadcrumb":{"@id":"https:\/\/plazatorosmarbella.com\/pl\/sklep-z-walkami-bykow\/#breadcrumb"},"inLanguage":"pl-PL","potentialAction":[{"@type":"ReadAction","target":["https:\/\/plazatorosmarbella.com\/pl\/sklep-z-walkami-bykow\/"]}]},{"@type":"BreadcrumbList","@id":"https:\/\/plazatorosmarbella.com\/pl\/sklep-z-walkami-bykow\/#breadcrumb","itemListElement":[{"@type":"ListItem","position":1,"name":"Portada","item":"https:\/\/plazatorosmarbella.com\/pl\/strona-glowna\/"},{"@type":"ListItem","position":2,"name":"Sklep z walkami byk\u00f3w"}]},{"@type":"WebSite","@id":"https:\/\/plazatorosmarbella.com\/#website","url":"https:\/\/plazatorosmarbella.com\/","name":"Plaza Toros Marbella","description":"P\u00e1gina Plaza de Toros de Marbella","potentialAction":[{"@type":"SearchAction","target":{"@type":"EntryPoint","urlTemplate":"https:\/\/plazatorosmarbella.com\/?s={search_term_string}"},"query-input":{"@type":"PropertyValueSpecification","valueRequired":true,"valueName":"search_term_string"}}],"inLanguage":"pl-PL"}]}},"_links":{"self":[{"href":"https:\/\/plazatorosmarbella.com\/pl\/wp-json\/wp\/v2\/pages\/9023","targetHints":{"allow":["GET"]}}],"collection":[{"href":"https:\/\/plazatorosmarbella.com\/pl\/wp-json\/wp\/v2\/pages"}],"about":[{"href":"https:\/\/plazatorosmarbella.com\/pl\/wp-json\/wp\/v2\/types\/page"}],"author":[{"embeddable":true,"href":"https:\/\/plazatorosmarbella.com\/pl\/wp-json\/wp\/v2\/users\/2"}],"replies":[{"embeddable":true,"href":"https:\/\/plazatorosmarbella.com\/pl\/wp-json\/wp\/v2\/comments?post=9023"}],"version-history":[{"count":2,"href":"https:\/\/plazatorosmarbella.com\/pl\/wp-json\/wp\/v2\/pages\/9023\/revisions"}],"predecessor-version":[{"id":9062,"href":"https:\/\/plazatorosmarbella.com\/pl\/wp-json\/wp\/v2\/pages\/9023\/revisions\/9062"}],"wp:attachment":[{"href":"https:\/\/plazatorosmarbella.com\/pl\/wp-json\/wp\/v2\/media?parent=9023"}],"curies":[{"name":"wp","href":"https:\/\/api.w.org\/{rel}","templated":true}]}}