{"id":10043,"date":"2026-04-20T23:56:57","date_gmt":"2026-04-20T21:56:57","guid":{"rendered":"https:\/\/plazatorosmarbella.com\/?post_type=product&#038;p=10043"},"modified":"2026-04-22T16:13:18","modified_gmt":"2026-04-22T14:13:18","slug":"corrida-7-agosto","status":"publish","type":"product","link":"https:\/\/plazatorosmarbella.com\/it\/producto\/corrida-7-agosto\/","title":{"rendered":"Corrida 7 agosto"},"content":{"rendered":"<section class=\"l-section wpb_row height_medium\"><div class=\"l-section-h i-cf\"><div class=\"g-cols vc_row via_grid cols_1 laptops-cols_inherit tablets-cols_inherit mobiles-cols_1 valign_top type_default stacking_default\"><div class=\"wpb_column vc_column_container\"><div class=\"vc_column-inner\"><div class=\"g-cols wpb_row via_grid cols_2 laptops-cols_inherit tablets-cols_inherit mobiles-cols_1 valign_top type_default stacking_default\" style=\"--columns-gap:3rem;\" id=\"espectaculo\"><div class=\"wpb_column vc_column_container\"><div class=\"vc_column-inner\"><div class=\"w-iconbox iconpos_left style_default color_primary align_left\"><div class=\"w-iconbox-icon\" style=\"font-size:2rem;\"><i class=\"fas fa-users\"><\/i><\/div><div class=\"w-iconbox-meta\"><h3 class=\"w-iconbox-title\">I toreri che partecipano:<\/h3><div class=\"w-iconbox-text\"><p>Morante, Manzanares e Aar\u00f3n Palacio<\/p>\n<\/div><\/div><\/div><\/div><\/div><div class=\"wpb_column vc_column_container\"><div class=\"vc_column-inner\"><div class=\"w-iconbox iconpos_left style_default color_primary align_left\"><div class=\"w-iconbox-icon\" style=\"font-size:2rem;\"><i class=\"fas fa-calendar\"><\/i><\/div><div class=\"w-iconbox-meta\"><h3 class=\"w-iconbox-title\">Quando inizia?<\/h3><div class=\"w-iconbox-text\"><div class=\"wpb_column vc_column_container\">\n<div class=\"vc_column-inner\">\n<div class=\"w-iconbox iconpos_left style_default color_primary align_left\">\n<div class=\"w-iconbox-meta\">\n<div class=\"w-iconbox-text\">\n<p>7 agosto alle 22:00h<\/p>\n<\/div>\n<\/div>\n<\/div>\n<\/div>\n<\/div>\n<div class=\"wpb_column vc_column_container\">\n<div class=\"vc_column-inner\">\n<div class=\"w-image align_none\"><\/div>\n<\/div>\n<\/div>\n<\/div><\/div><\/div><\/div><\/div><\/div><div class=\"w-separator size_large\"><\/div><div class=\"g-cols wpb_row via_grid cols_1 laptops-cols_inherit tablets-cols_inherit mobiles-cols_1 valign_top type_default stacking_default\" style=\"--columns-gap:3rem;\" id=\"localidades\"><div class=\"wpb_column vc_column_container\"><div class=\"vc_column-inner\"><div class=\"wpb_text_column\"><div class=\"wpb_wrapper\"><h2>Tipi di biglietti disponibili<\/h2>\n<p>Nell&#8217;arena di Marbella puoi trovare diversi tipi di posti a sedere a seconda della vicinanza all&#8217;arena e del suo orientamento. Alcuni dei posti disponibili sono:<\/p>\n<ol>\n<li><strong>Barrera:<\/strong> sono i posti pi\u00f9 vicini all&#8217;arena, situati nella parte anteriore. Offrono una visione privilegiata delle abilit\u00e0 dei matador.<\/li>\n<li><strong>Contrabarrera:<\/strong> sono i posti pi\u00f9 vicini al ring. Hanno una visuale privilegiata ma con maggiore sicurezza.<\/li>\n<li><strong>Tendido:<\/strong> sono i posti intermedi, con una vista leggermente pi\u00f9 alta e pi\u00f9 lontani dall&#8217;arena. Tuttavia, hanno una buona visuale sugli aspiranti matador.<\/li>\n<\/ol>\n<p>Infine, gli spettatori potranno acquistare i biglietti per le corride in base all&#8217;area in cui sono seduti.<\/p>\n<ul>\n<li><strong>Sole:<\/strong> questi sono di solito gli ingressi pi\u00f9 economici perch\u00e9 si trovano nella zona pi\u00f9 soleggiata.<\/li>\n<li><strong>Sombra:<\/strong> sono le pi\u00f9 costose ma anche le migliori perch\u00e9 consentono una visione migliore e pi\u00f9 comoda della corrida.<\/li>\n<\/ul>\n<\/div><\/div><\/div><\/div><\/div><\/div><\/div><\/div><\/div><\/section><section class=\"l-section wpb_row height_medium\"><div class=\"l-section-h i-cf\"><div class=\"g-cols vc_row via_grid cols_3 laptops-cols_inherit tablets-cols_inherit mobiles-cols_1 valign_middle type_default stacking_default\"><div class=\"wpb_column vc_column_container\"><div class=\"vc_column-inner\"><h2 class=\"w-text us_custom_3517658c\"><span class=\"w-text-h\"><span class=\"w-text-value\">Hai bisogno di aiuto?<\/span><\/span><\/h2><\/div><\/div><div class=\"wpb_column vc_column_container\"><div class=\"vc_column-inner\"><div class=\"w-iconbox iconpos_top style_default color_primary align_center\"><div class=\"w-iconbox-icon\" style=\"font-size:2rem;\"><i class=\"fas fa-envelope\"><\/i><\/div><div class=\"w-iconbox-meta\"><h4 class=\"w-iconbox-title\">Email<\/h4><div class=\"w-iconbox-text\"><p>info@plazatorosmarbella.com<\/p>\n<\/div><\/div><\/div><\/div><\/div><div class=\"wpb_column vc_column_container\"><div class=\"vc_column-inner\"><div class=\"w-iconbox iconpos_top style_default color_primary align_center\"><div class=\"w-iconbox-icon\" style=\"font-size:2rem;\"><i class=\"fas fa-phone\"><\/i><\/div><div class=\"w-iconbox-meta\"><h4 class=\"w-iconbox-title\">Telefono | Whatsapp<\/h4><div class=\"w-iconbox-text\"><p><a class=\"w-text-h\" href=\"tel:+34%20+34%20675%20247%20690\"><span class=\"w-text-value\">+34 +34 675 247 690<\/span><\/a><\/p>\n<\/div><\/div><\/div><\/div><\/div><\/div><\/div><\/section>\n","protected":false},"excerpt":{"rendered":"<ul>\n<li><strong>Si tratta di una prenotazione di biglietti non numerati,<\/strong> verranno assegnati i migliori posti disponibili.<\/li>\n<li><strong>Se acquisti pi\u00f9 biglietti<\/strong>, i posti assegnati saranno uno accanto all&#8217;altro.<\/li>\n<li>Le<strong> spese di gestione<\/strong> sono incluse nella pagina di pagamento.<\/li>\n<\/ul>\n<p><a href=\"https:\/\/plazatorosmarbella.com\/fecha-de-entrega-y-comisiones\/\">Data di consegna, commissioni e rimborsi<\/a><\/p>\n","protected":false},"featured_media":10170,"comment_status":"open","ping_status":"closed","template":"","meta":[],"product_brand":[],"product_cat":[237],"product_tag":[],"class_list":{"0":"post-10043","1":"product","2":"type-product","3":"status-publish","4":"has-post-thumbnail","6":"product_cat-biglietti-individuali","8":"first","9":"instock","10":"taxable","11":"shipping-taxable","12":"purchasable","13":"product-type-variable"},"yoast_head":"<!-- This site is optimized with the Yoast SEO plugin v27.4 - https:\/\/yoast.com\/product\/yoast-seo-wordpress\/ -->\n<title>\u25b7 Corrida 7 agosto | Arena di Marbella<\/title>\n<meta name=\"description\" content=\"Sono in vendita i biglietti per la Corrida del prossimo 7 agosto nell&#039;arena di Marbella [Morante, Manzanares e Aar\u00f3n Palacio].\" \/>\n<meta name=\"robots\" content=\"index, follow, max-snippet:-1, max-image-preview:large, max-video-preview:-1\" \/>\n<link rel=\"canonical\" href=\"https:\/\/plazatorosmarbella.com\/it\/producto\/corrida-7-agosto\/\" \/>\n<meta property=\"og:locale\" content=\"it_IT\" \/>\n<meta property=\"og:type\" content=\"article\" \/>\n<meta property=\"og:title\" content=\"\u25b7 Corrida 7 agosto | Arena di Marbella\" \/>\n<meta property=\"og:description\" content=\"Sono in vendita i biglietti per la Corrida del prossimo 7 agosto nell&#039;arena di Marbella [Morante, Manzanares e Aar\u00f3n Palacio].\" \/>\n<meta property=\"og:url\" content=\"https:\/\/plazatorosmarbella.com\/it\/producto\/corrida-7-agosto\/\" \/>\n<meta property=\"og:site_name\" content=\"Plaza Toros Marbella\" \/>\n<meta property=\"article:modified_time\" content=\"2026-04-22T14:13:18+00:00\" \/>\n<meta property=\"og:image\" content=\"https:\/\/plazatorosmarbella.com\/wp-content\/uploads\/2026\/04\/Corrida-toros-7-agosto.webp\" \/>\n\t<meta property=\"og:image:width\" content=\"500\" \/>\n\t<meta property=\"og:image:height\" content=\"500\" \/>\n\t<meta property=\"og:image:type\" content=\"image\/webp\" \/>\n<meta name=\"twitter:card\" content=\"summary_large_image\" \/>\n<meta name=\"twitter:label1\" content=\"Tempo di lettura stimato\" \/>\n\t<meta name=\"twitter:data1\" content=\"2 minuto\" \/>\n<script type=\"application\/ld+json\" class=\"yoast-schema-graph\">{\"@context\":\"https:\\\/\\\/schema.org\",\"@graph\":[{\"@type\":\"WebPage\",\"@id\":\"https:\\\/\\\/plazatorosmarbella.com\\\/it\\\/producto\\\/corrida-7-agosto\\\/\",\"url\":\"https:\\\/\\\/plazatorosmarbella.com\\\/it\\\/producto\\\/corrida-7-agosto\\\/\",\"name\":\"\u25b7 Corrida 7 agosto | Arena di Marbella\",\"isPartOf\":{\"@id\":\"https:\\\/\\\/plazatorosmarbella.com\\\/it\\\/#website\"},\"primaryImageOfPage\":{\"@id\":\"https:\\\/\\\/plazatorosmarbella.com\\\/it\\\/producto\\\/corrida-7-agosto\\\/#primaryimage\"},\"image\":{\"@id\":\"https:\\\/\\\/plazatorosmarbella.com\\\/it\\\/producto\\\/corrida-7-agosto\\\/#primaryimage\"},\"thumbnailUrl\":\"https:\\\/\\\/plazatorosmarbella.com\\\/wp-content\\\/uploads\\\/2026\\\/04\\\/Corrida-toros-7-agosto.webp\",\"datePublished\":\"2026-04-20T21:56:57+00:00\",\"dateModified\":\"2026-04-22T14:13:18+00:00\",\"description\":\"Sono in vendita i biglietti per la Corrida del prossimo 7 agosto nell'arena di Marbella [Morante, Manzanares e Aar\u00f3n Palacio].\",\"breadcrumb\":{\"@id\":\"https:\\\/\\\/plazatorosmarbella.com\\\/it\\\/producto\\\/corrida-7-agosto\\\/#breadcrumb\"},\"inLanguage\":\"it-IT\",\"potentialAction\":[{\"@type\":\"ReadAction\",\"target\":[\"https:\\\/\\\/plazatorosmarbella.com\\\/it\\\/producto\\\/corrida-7-agosto\\\/\"]}]},{\"@type\":\"ImageObject\",\"inLanguage\":\"it-IT\",\"@id\":\"https:\\\/\\\/plazatorosmarbella.com\\\/it\\\/producto\\\/corrida-7-agosto\\\/#primaryimage\",\"url\":\"https:\\\/\\\/plazatorosmarbella.com\\\/wp-content\\\/uploads\\\/2026\\\/04\\\/Corrida-toros-7-agosto.webp\",\"contentUrl\":\"https:\\\/\\\/plazatorosmarbella.com\\\/wp-content\\\/uploads\\\/2026\\\/04\\\/Corrida-toros-7-agosto.webp\",\"width\":500,\"height\":500,\"caption\":\"Corrida 7 agosto Marbella\"},{\"@type\":\"BreadcrumbList\",\"@id\":\"https:\\\/\\\/plazatorosmarbella.com\\\/it\\\/producto\\\/corrida-7-agosto\\\/#breadcrumb\",\"itemListElement\":[{\"@type\":\"ListItem\",\"position\":1,\"name\":\"Portada\",\"item\":\"https:\\\/\\\/plazatorosmarbella.com\\\/it\\\/\"},{\"@type\":\"ListItem\",\"position\":2,\"name\":\"Negozio\",\"item\":\"https:\\\/\\\/plazatorosmarbella.com\\\/negozio-2\\\/\"},{\"@type\":\"ListItem\",\"position\":3,\"name\":\"Corrida 7 agosto\"}]},{\"@type\":\"WebSite\",\"@id\":\"https:\\\/\\\/plazatorosmarbella.com\\\/it\\\/#website\",\"url\":\"https:\\\/\\\/plazatorosmarbella.com\\\/it\\\/\",\"name\":\"Plaza Toros Marbella\",\"description\":\"P\u00e1gina Plaza de Toros de Marbella\",\"potentialAction\":[{\"@type\":\"SearchAction\",\"target\":{\"@type\":\"EntryPoint\",\"urlTemplate\":\"https:\\\/\\\/plazatorosmarbella.com\\\/it\\\/?s={search_term_string}\"},\"query-input\":{\"@type\":\"PropertyValueSpecification\",\"valueRequired\":true,\"valueName\":\"search_term_string\"}}],\"inLanguage\":\"it-IT\"}]}<\/script>\n<!-- \/ Yoast SEO plugin. -->","yoast_head_json":{"title":"\u25b7 Corrida 7 agosto | Arena di Marbella","description":"Sono in vendita i biglietti per la Corrida del prossimo 7 agosto nell'arena di Marbella [Morante, Manzanares e Aar\u00f3n Palacio].","robots":{"index":"index","follow":"follow","max-snippet":"max-snippet:-1","max-image-preview":"max-image-preview:large","max-video-preview":"max-video-preview:-1"},"canonical":"https:\/\/plazatorosmarbella.com\/it\/producto\/corrida-7-agosto\/","og_locale":"it_IT","og_type":"article","og_title":"\u25b7 Corrida 7 agosto | Arena di Marbella","og_description":"Sono in vendita i biglietti per la Corrida del prossimo 7 agosto nell'arena di Marbella [Morante, Manzanares e Aar\u00f3n Palacio].","og_url":"https:\/\/plazatorosmarbella.com\/it\/producto\/corrida-7-agosto\/","og_site_name":"Plaza Toros Marbella","article_modified_time":"2026-04-22T14:13:18+00:00","og_image":[{"width":500,"height":500,"url":"https:\/\/plazatorosmarbella.com\/wp-content\/uploads\/2026\/04\/Corrida-toros-7-agosto.webp","type":"image\/webp"}],"twitter_card":"summary_large_image","twitter_misc":{"Tempo di lettura stimato":"2 minuto"},"schema":{"@context":"https:\/\/schema.org","@graph":[{"@type":"WebPage","@id":"https:\/\/plazatorosmarbella.com\/it\/producto\/corrida-7-agosto\/","url":"https:\/\/plazatorosmarbella.com\/it\/producto\/corrida-7-agosto\/","name":"\u25b7 Corrida 7 agosto | Arena di Marbella","isPartOf":{"@id":"https:\/\/plazatorosmarbella.com\/it\/#website"},"primaryImageOfPage":{"@id":"https:\/\/plazatorosmarbella.com\/it\/producto\/corrida-7-agosto\/#primaryimage"},"image":{"@id":"https:\/\/plazatorosmarbella.com\/it\/producto\/corrida-7-agosto\/#primaryimage"},"thumbnailUrl":"https:\/\/plazatorosmarbella.com\/wp-content\/uploads\/2026\/04\/Corrida-toros-7-agosto.webp","datePublished":"2026-04-20T21:56:57+00:00","dateModified":"2026-04-22T14:13:18+00:00","description":"Sono in vendita i biglietti per la Corrida del prossimo 7 agosto nell'arena di Marbella [Morante, Manzanares e Aar\u00f3n Palacio].","breadcrumb":{"@id":"https:\/\/plazatorosmarbella.com\/it\/producto\/corrida-7-agosto\/#breadcrumb"},"inLanguage":"it-IT","potentialAction":[{"@type":"ReadAction","target":["https:\/\/plazatorosmarbella.com\/it\/producto\/corrida-7-agosto\/"]}]},{"@type":"ImageObject","inLanguage":"it-IT","@id":"https:\/\/plazatorosmarbella.com\/it\/producto\/corrida-7-agosto\/#primaryimage","url":"https:\/\/plazatorosmarbella.com\/wp-content\/uploads\/2026\/04\/Corrida-toros-7-agosto.webp","contentUrl":"https:\/\/plazatorosmarbella.com\/wp-content\/uploads\/2026\/04\/Corrida-toros-7-agosto.webp","width":500,"height":500,"caption":"Corrida 7 agosto Marbella"},{"@type":"BreadcrumbList","@id":"https:\/\/plazatorosmarbella.com\/it\/producto\/corrida-7-agosto\/#breadcrumb","itemListElement":[{"@type":"ListItem","position":1,"name":"Portada","item":"https:\/\/plazatorosmarbella.com\/it\/"},{"@type":"ListItem","position":2,"name":"Negozio","item":"https:\/\/plazatorosmarbella.com\/negozio-2\/"},{"@type":"ListItem","position":3,"name":"Corrida 7 agosto"}]},{"@type":"WebSite","@id":"https:\/\/plazatorosmarbella.com\/it\/#website","url":"https:\/\/plazatorosmarbella.com\/it\/","name":"Plaza Toros Marbella","description":"P\u00e1gina Plaza de Toros de Marbella","potentialAction":[{"@type":"SearchAction","target":{"@type":"EntryPoint","urlTemplate":"https:\/\/plazatorosmarbella.com\/it\/?s={search_term_string}"},"query-input":{"@type":"PropertyValueSpecification","valueRequired":true,"valueName":"search_term_string"}}],"inLanguage":"it-IT"}]}},"_links":{"self":[{"href":"https:\/\/plazatorosmarbella.com\/it\/wp-json\/wp\/v2\/product\/10043","targetHints":{"allow":["GET"]}}],"collection":[{"href":"https:\/\/plazatorosmarbella.com\/it\/wp-json\/wp\/v2\/product"}],"about":[{"href":"https:\/\/plazatorosmarbella.com\/it\/wp-json\/wp\/v2\/types\/product"}],"replies":[{"embeddable":true,"href":"https:\/\/plazatorosmarbella.com\/it\/wp-json\/wp\/v2\/comments?post=10043"}],"wp:featuredmedia":[{"embeddable":true,"href":"https:\/\/plazatorosmarbella.com\/it\/wp-json\/wp\/v2\/media\/10170"}],"wp:attachment":[{"href":"https:\/\/plazatorosmarbella.com\/it\/wp-json\/wp\/v2\/media?parent=10043"}],"wp:term":[{"taxonomy":"product_brand","embeddable":true,"href":"https:\/\/plazatorosmarbella.com\/it\/wp-json\/wp\/v2\/product_brand?post=10043"},{"taxonomy":"product_cat","embeddable":true,"href":"https:\/\/plazatorosmarbella.com\/it\/wp-json\/wp\/v2\/product_cat?post=10043"},{"taxonomy":"product_tag","embeddable":true,"href":"https:\/\/plazatorosmarbella.com\/it\/wp-json\/wp\/v2\/product_tag?post=10043"}],"curies":[{"name":"wp","href":"https:\/\/api.w.org\/{rel}","templated":true}]}}