{"id":9686,"date":"2024-05-17T10:37:06","date_gmt":"2024-05-17T08:37:06","guid":{"rendered":"https:\/\/plazatorosmarbella.com\/informazioni-sul-luogo\/"},"modified":"2026-04-20T16:19:01","modified_gmt":"2026-04-20T14:19:01","slug":"informazioni-sul-luogo","status":"publish","type":"page","link":"https:\/\/plazatorosmarbella.com\/it\/informazioni-sul-luogo\/","title":{"rendered":"Informazioni sul luogo"},"content":{"rendered":"<section class=\"l-section wpb_row height_huge width_custom color_secondary with_img\" style=\"--site-content-width:900px;\"><div class=\"l-section-img\" role=\"img\" aria-label=\"Presidenza dell&#039;arena di Marbella\" data-img-width=\"1200\" data-img-height=\"900\" style=\"background-image: url(https:\/\/plazatorosmarbella.com\/wp-content\/uploads\/2024\/05\/Plaza-de-toros-de-marbella.webp);\"><\/div><div class=\"l-section-overlay\" style=\"background:rgba(0,0,0,0.65)\"><\/div><div class=\"l-section-h i-cf\"><div class=\"g-cols vc_row via_grid cols_1 laptops-cols_inherit tablets-cols_inherit mobiles-cols_1 valign_top type_default stacking_default\"><div class=\"wpb_column vc_column_container\"><div class=\"vc_column-inner\"><div class=\"w-separator size_medium\"><\/div><h1 class=\"w-text us_custom_eb849559\"><span class=\"w-text-h\"><span class=\"w-text-value\">Informazioni sull&apos;arena<\/span><\/span><\/h1><\/div><\/div><\/div><\/div><\/section><section class=\"l-section wpb_row height_medium\"><div class=\"l-section-h i-cf\"><div class=\"g-cols vc_row via_grid cols_1 laptops-cols_inherit tablets-cols_inherit mobiles-cols_1 valign_top type_default stacking_default\"><div class=\"wpb_column vc_column_container\"><div class=\"vc_column-inner\"><div class=\"wpb_text_column\"><div class=\"wpb_wrapper\"><p><strong>Benvenuto all&#8217;arena di Marbella<\/strong>, un luogo iconico che non solo costituisce una parte essenziale della tradizione andalusa della corrida, ma \u00e8 anche un simbolo vivente della ricca storia e cultura della nostra citt\u00e0. In questa pagina ti invitiamo a scoprire le affascinanti caratteristiche della nostra arena, la sua storia ricca e vibrante e gli eventi emozionanti che l&#8217;hanno resa un punto d&#8217;incontro fondamentale per gli amanti della cultura e della tradizione della corrida.<\/p>\n<\/div><\/div><\/div><\/div><\/div><\/div><\/section><section class=\"l-section wpb_row height_auto\"><div class=\"l-section-h i-cf\"><div class=\"g-cols vc_row via_grid cols_2 laptops-cols_inherit tablets-cols_1 mobiles-cols_1 valign_middle type_default reversed stacking_default\" style=\"--columns-gap:0px;\"><div class=\"wpb_column vc_column_container us_custom_07fcfd71 has_bg_color stretched\"><div class=\"vc_column-inner\"><\/div><\/div><div class=\"wpb_column vc_column_container\"><div class=\"vc_column-inner\"><div class=\"w-separator size_huge\"><\/div><div class=\"wpb_text_column us_custom_525019aa\"><div class=\"wpb_wrapper\"><h3>Le origini della piazza<\/h3>\n<p>L&#8217;arena fu <strong>progettata dall&#8217;architetto fiammingo Enrique P\u00e9rez Comendador<\/strong> e <strong>inaugurata l&#8217;11 giugno 1964<\/strong> durante i festeggiamenti di San Bernab\u00e9, patrono di Marbella. L&#8217;arena fu concepita negli anni &#8217;60, quando la citt\u00e0 cominciava ad emergere come una delle principali destinazioni turistiche della Costa del Sol. <\/p>\n<p>La costruzione dell&#8217;arena di Marbella \u00e8 stata motivata dal desiderio di fornire alla citt\u00e0 uno spazio dedicato alla corrida, una tradizione profondamente radicata nella cultura andalusa. La creazione dell&#8217;arena rispondeva all&#8217;esigenza di offrire ai turisti e ai residenti locali un luogo in cui assistere alla corrida e ad altri eventi culturali.<\/p>\n<\/div><\/div><div class=\"w-separator size_huge\"><\/div><\/div><\/div><\/div><\/div><\/section><section class=\"l-section wpb_row height_medium\"><div class=\"l-section-h i-cf\"><div class=\"g-cols vc_row via_grid cols_1 laptops-cols_inherit tablets-cols_inherit mobiles-cols_1 valign_top type_default stacking_default\"><div class=\"wpb_column vc_column_container\"><div class=\"vc_column-inner\"><h2 class=\"w-text\"><span class=\"w-text-h\"><span class=\"w-text-value\">Architettura e design<\/span><\/span><\/h2><div class=\"w-separator size_large\"><\/div><div class=\"w-tabs layout_ver navwidth_auto navpos_left style_trendy switch_click\" style=\"--sections-title-size:1.6em\" data-accordion-at-width=\"1024\"><div class=\"w-tabs-list items_3 align_none\" style=\"font-family:var(--h1-font-family);font-weight:700;line-height:1.7;\"><div class=\"w-tabs-list-h\"><button class=\"w-tabs-item active defined-active\" aria-controls=\"content-sbb1\" aria-expanded=\"true\"><span class=\"w-tabs-item-title\">Caratteristiche<\/span><\/button><button class=\"w-tabs-item\" aria-controls=\"content-h740\" aria-expanded=\"false\"><span class=\"w-tabs-item-title\">Capacit\u00e0<\/span><\/button><button class=\"w-tabs-item\" aria-controls=\"content-k22d\" aria-expanded=\"false\"><span class=\"w-tabs-item-title\">Elementi<\/span><\/button><\/div><\/div><div class=\"w-tabs-sections titles-align_none icon_chevron cpos_right\"><div class=\"w-tabs-section active\" id=\"sbb1\"><button class=\"w-tabs-section-header active\" aria-controls=\"content-sbb1\" aria-expanded=\"true\"><h4 class=\"w-tabs-section-title\">Caratteristiche<\/h4><div class=\"w-tabs-section-control\"><\/div><\/button><div  class=\"w-tabs-section-content\" id=\"content-sbb1\"><div class=\"w-tabs-section-content-h i-cf\"><div class=\"g-cols wpb_row via_grid cols_2 laptops-cols_inherit tablets-cols_inherit mobiles-cols_1 valign_middle type_default stacking_default\" style=\"--columns-gap:3rem;\"><div class=\"wpb_column vc_column_container\"><div class=\"vc_column-inner\"><div class=\"w-image has_ratio align_none\"><div class=\"w-image-h\"><div style=\"padding-bottom:66.6667%\"><\/div><img decoding=\"async\" width=\"1024\" height=\"768\" src=\"https:\/\/plazatorosmarbella.com\/wp-content\/uploads\/2024\/05\/Plaza-de-toros-de-marbella-1024x768.webp\" class=\"attachment-large size-large\" alt=\"Presidenza dell&#039;arena di Marbella\" loading=\"lazy\" \/><\/div><\/div><\/div><\/div><div class=\"wpb_column vc_column_container\"><div class=\"vc_column-inner\"><div class=\"wpb_text_column\"><div class=\"wpb_wrapper\"><h3>Design e architettura<\/h3>\n<p>L&#8217;arena ha una forma circolare con un&#8217;ampia pista di 50 metri di diametro ricoperta di sabbia, che offre un&#8217;ottima visibilit\u00e0 da qualsiasi punto. Le tribune a gradoni, i palchi e le barriere VIP garantiscono il comfort e la migliore visione dello spettacolo. <\/p>\n<p>La facciata combina elementi tradizionali andalusi come archi semicircolari e ringhiere in ferro battuto, prevalentemente in bianco e albero.<\/p>\n<\/div><\/div><\/div><\/div><\/div><\/div><\/div><\/div><div class=\"w-tabs-section\" id=\"h740\"><button class=\"w-tabs-section-header\" aria-controls=\"content-h740\" aria-expanded=\"false\"><h4 class=\"w-tabs-section-title\">Capacit\u00e0<\/h4><div class=\"w-tabs-section-control\"><\/div><\/button><div  class=\"w-tabs-section-content\" id=\"content-h740\"><div class=\"w-tabs-section-content-h i-cf\"><div class=\"g-cols wpb_row via_grid cols_2 laptops-cols_inherit tablets-cols_inherit mobiles-cols_1 valign_middle type_default stacking_default\" style=\"--columns-gap:3rem;\"><div class=\"wpb_column vc_column_container\"><div class=\"vc_column-inner\"><div class=\"w-image has_ratio align_none\"><div class=\"w-image-h\"><div style=\"padding-bottom:66.6667%\"><\/div><img decoding=\"async\" width=\"880\" height=\"495\" src=\"https:\/\/plazatorosmarbella.com\/wp-content\/uploads\/2024\/05\/Plaza-de-toros-marbella.webp\" class=\"attachment-large size-large\" alt=\"Exterior plaza toros de Marbella\" loading=\"lazy\" \/><\/div><\/div><\/div><\/div><div class=\"wpb_column vc_column_container\"><div class=\"vc_column-inner\"><div class=\"wpb_text_column\"><div class=\"wpb_wrapper\"><h3>Architettura della piazza<\/h3>\n<p>La piazza ha una capacit\u00e0 di circa 7.000 spettatori. Il suo design \u00e8 caratterizzato da linee e colori tradizionali andalusi. Si distingue per i suoi ampi posti a sedere e per la sua architettura, che consente una buona visibilit\u00e0 da tutti i posti a sedere.  <\/p>\n<p>&nbsp;<\/p>\n<\/div><\/div><\/div><\/div><\/div><\/div><\/div><\/div><div class=\"w-tabs-section\" id=\"k22d\"><button class=\"w-tabs-section-header\" aria-controls=\"content-k22d\" aria-expanded=\"false\"><h4 class=\"w-tabs-section-title\">Elementi<\/h4><div class=\"w-tabs-section-control\"><\/div><\/button><div  class=\"w-tabs-section-content\" id=\"content-k22d\"><div class=\"w-tabs-section-content-h i-cf\"><div class=\"g-cols wpb_row via_grid cols_2 laptops-cols_inherit tablets-cols_inherit mobiles-cols_1 valign_middle type_default stacking_default\" style=\"--columns-gap:3rem;\"><div class=\"wpb_column vc_column_container\"><div class=\"vc_column-inner\"><div class=\"w-image has_ratio align_none\"><div class=\"w-image-h\"><div style=\"padding-bottom:66.6667%\"><\/div><img decoding=\"async\" width=\"1024\" height=\"576\" src=\"https:\/\/plazatorosmarbella.com\/wp-content\/uploads\/2024\/05\/Tendidos-plaza-toros-de-Marbella-1024x576.webp\" class=\"attachment-large size-large\" alt=\"Tendidos plaza toros Marbella\" loading=\"lazy\" \/><\/div><\/div><\/div><\/div><div class=\"wpb_column vc_column_container\"><div class=\"vc_column-inner\"><div class=\"wpb_text_column\"><div class=\"wpb_wrapper\"><h3>Altri spazi<\/h3>\n<p>L&#8217;arena dispone di accessi multipli e di servizi come servizi igienici e stand gastronomici, oltre che di un&#8217;infermeria. Progettata principalmente per le corride, ospita anche concerti, spettacoli di flamenco e festival, distinguendosi per la sua versatilit\u00e0 e acustica.<\/p>\n<\/div><\/div><\/div><\/div><\/div><\/div><\/div><\/div><\/div><\/div><\/div><\/div><\/div><\/div><\/section><section class=\"l-section wpb_row height_medium\"><div class=\"l-section-h i-cf\"><div class=\"g-cols vc_row via_grid cols_1 laptops-cols_inherit tablets-cols_inherit mobiles-cols_1 valign_top type_default stacking_default\"><div class=\"wpb_column vc_column_container\"><div class=\"vc_column-inner\"><div class=\"wpb_text_column\"><div class=\"wpb_wrapper\"><h3>L&#8217;arena oggi<\/h3>\n<p>Sebbene in passato l&#8217;arena ospitasse solo eventi di corrida, oggi \u00e8 possibile assistere a tutti i tipi di eventi. L&#8217;arena di Marbella \u00e8 stata trasformata in uno spazio polifunzionale dove gli appassionati di corride e il pubblico in generale possono assistere ai migliori spettacoli della citt\u00e0.<\/p>\n<\/div><\/div><div class=\"w-separator size_large\"><\/div><div class=\"g-cols wpb_row via_grid cols_2 laptops-cols_inherit tablets-cols_inherit mobiles-cols_1 valign_middle type_default stacking_default\" style=\"--columns-gap:3rem;\"><div class=\"wpb_column vc_column_container\"><div class=\"vc_column-inner\"><div class=\"w-image align_none\"><div class=\"w-image-h\"><img decoding=\"async\" width=\"667\" height=\"375\" src=\"https:\/\/plazatorosmarbella.com\/wp-content\/uploads\/2024\/05\/Corrida-de-toros-Marbella.jpg\" class=\"attachment-large size-large\" alt=\"Corrida a Marbella\" loading=\"lazy\" srcset=\"https:\/\/plazatorosmarbella.com\/wp-content\/uploads\/2024\/05\/Corrida-de-toros-Marbella.jpg 667w, https:\/\/plazatorosmarbella.com\/wp-content\/uploads\/2024\/05\/Corrida-de-toros-Marbella-600x337.jpg 600w, https:\/\/plazatorosmarbella.com\/wp-content\/uploads\/2024\/05\/Corrida-de-toros-Marbella-300x169.jpg 300w\" sizes=\"auto, (max-width: 667px) 100vw, 667px\" \/><\/div><\/div><\/div><\/div><div class=\"wpb_column vc_column_container\"><div class=\"vc_column-inner\"><div class=\"wpb_text_column us_custom_4481559d\"><div class=\"wpb_wrapper\"><h4>Concerti<\/h4>\n<p>L&#8217;arena dei tori diventa un palcoscenico dove si tengono spettacoli di ogni tipo come concerti, spettacoli visivi o feste in generale. La sua versatilit\u00e0 e i suoi ampi spazi le permettono di ospitare ogni tipo di evento.<\/p>\n<\/div><\/div><div class=\"w-separator size_medium\"><\/div><div class=\"wpb_text_column us_custom_4481559d\"><div class=\"wpb_wrapper\"><h4>Corrida<\/h4>\n<p>Dal 2015 l&#8217;arena di Marbella non ospitava pi\u00f9 le corride a causa del divieto di accesso alla citt\u00e0, ma nel 2024 si torner\u00e0 a celebrarle. Le corride tornano con una corrida chiamata &#8220;Reinauguraci\u00f3n&#8221; che celebra anche il 60\u00b0 anniversario dell&#8217;arena.<\/p>\n<\/div><\/div><\/div><\/div><\/div><\/div><\/div><\/div><\/div><\/section><section class=\"l-section wpb_row us_custom_402551d6 height_medium width_custom color_footer-bottom with_shape\" style=\"--site-content-width:1000px;\"><div class=\"l-section-shape type_custom pos_top\" style=\"height:50%;\"><svg xmlns=\"http:\/\/www.w3.org\/2000\/svg\" viewBox=\"0 0 64 8\" preserveAspectRatio=\"none\" width=\"100%\" height=\"100%\">\r\n\t<path fill=\"currentColor\" d=\"M64 8 L0 8 L0 0 L64 0 Z\"\/>\r\n<\/svg><\/div><div class=\"l-section-h i-cf\"><div class=\"g-cols vc_row via_grid cols_1 laptops-cols_inherit tablets-cols_inherit mobiles-cols_1 valign_top type_default stacking_default\"><div class=\"wpb_column vc_column_container us_custom_9cf479d2\"><div class=\"vc_column-inner\"><div class=\"g-cols wpb_row us_custom_40059dd0 has_text_color via_grid cols_custom laptops-cols_inherit tablets-cols_3-2 mobiles-cols_1 valign_middle type_default stacking_default\" style=\"--columns-gap:2rem;--custom-columns:2.5fr 2fr 1.5fr\"><div class=\"wpb_column vc_column_container\"><div class=\"vc_column-inner\"><div class=\"w-text us_custom_f379e5e9\"><span class=\"w-text-h\"><span class=\"w-text-value\">Ti piacerebbe visitare un&apos;arena?<\/span><\/span><\/div><\/div><\/div><div class=\"wpb_column vc_column_container us_custom_e28183d5\"><div class=\"vc_column-inner\"><div class=\"w-text us_custom_e5db0a2d has_text_color\"><span class=\"w-text-h\"><span class=\"w-text-value\">Arena di Malaga + tour immersivo del museo<\/span><\/span><\/div><div class=\"w-text\"><span class=\"w-text-h\"><span class=\"w-text-value\">A partire da 14\u20ac<\/span><\/span><\/div><\/div><\/div><div class=\"wpb_column vc_column_container us_custom_ecbbf48f\"><div class=\"vc_column-inner\"><div class=\"w-btn-wrapper default_align_right laptops_align_right tablets_align_left mobiles_align_center\"><a class=\"w-btn us-btn-style_1 us_custom_b4198c51\" target=\"_blank\" href=\"https:\/\/lamalaguetatour.com\"><span class=\"w-btn-label\">Maggiori informazioni e prenotazioni<\/span><\/a><\/div><\/div><\/div><\/div><\/div><\/div><\/div><\/div><\/section>\n","protected":false},"excerpt":{"rendered":"Informazioni sull&apos;arenaBenvenuto all&#8217;arena di Marbella, un luogo iconico che non solo costituisce una parte essenziale della tradizione andalusa della corrida, ma \u00e8 anche un simbolo vivente della ricca storia e cultura della nostra citt\u00e0. In questa pagina ti invitiamo a scoprire le affascinanti caratteristiche della nostra arena, la sua storia ricca e vibrante e gli...","protected":false},"author":2,"featured_media":0,"parent":0,"menu_order":0,"comment_status":"closed","ping_status":"closed","template":"","meta":{"footnotes":""},"class_list":["post-9686","page","type-page","status-publish","hentry"],"yoast_head":"<!-- This site is optimized with the Yoast SEO plugin v27.4 - https:\/\/yoast.com\/product\/yoast-seo-wordpress\/ -->\n<title>\u25b7 Informazioni sul Bullring Marbella | Sito web ufficiale<\/title>\n<meta name=\"description\" content=\"Scopri tutto sull&#039;arena di Marbella: l&#039;anno di costruzione, le curiosit\u00e0, l&#039;utilizzo attuale e i prossimi eventi.\" \/>\n<meta name=\"robots\" content=\"index, follow, max-snippet:-1, max-image-preview:large, max-video-preview:-1\" \/>\n<link rel=\"canonical\" href=\"https:\/\/plazatorosmarbella.com\/it\/informazioni-sul-luogo\/\" \/>\n<meta property=\"og:locale\" content=\"it_IT\" \/>\n<meta property=\"og:type\" content=\"article\" \/>\n<meta property=\"og:title\" content=\"\u25b7 Informazioni sul Bullring Marbella | Sito web ufficiale\" \/>\n<meta property=\"og:description\" content=\"Scopri tutto sull&#039;arena di Marbella: l&#039;anno di costruzione, le curiosit\u00e0, l&#039;utilizzo attuale e i prossimi eventi.\" \/>\n<meta property=\"og:url\" content=\"https:\/\/plazatorosmarbella.com\/it\/informazioni-sul-luogo\/\" \/>\n<meta property=\"og:site_name\" content=\"Plaza Toros Marbella\" \/>\n<meta property=\"article:modified_time\" content=\"2026-04-20T14:19:01+00:00\" \/>\n<meta name=\"twitter:card\" content=\"summary_large_image\" \/>\n<meta name=\"twitter:label1\" content=\"Tempo di lettura stimato\" \/>\n\t<meta name=\"twitter:data1\" content=\"7 minuti\" \/>\n<script type=\"application\/ld+json\" class=\"yoast-schema-graph\">{\"@context\":\"https:\\\/\\\/schema.org\",\"@graph\":[{\"@type\":\"WebPage\",\"@id\":\"https:\\\/\\\/plazatorosmarbella.com\\\/it\\\/informazioni-sul-luogo\\\/\",\"url\":\"https:\\\/\\\/plazatorosmarbella.com\\\/it\\\/informazioni-sul-luogo\\\/\",\"name\":\"\u25b7 Informazioni sul Bullring Marbella | Sito web ufficiale\",\"isPartOf\":{\"@id\":\"https:\\\/\\\/plazatorosmarbella.com\\\/#website\"},\"datePublished\":\"2024-05-17T08:37:06+00:00\",\"dateModified\":\"2026-04-20T14:19:01+00:00\",\"description\":\"Scopri tutto sull'arena di Marbella: l'anno di costruzione, le curiosit\u00e0, l'utilizzo attuale e i prossimi eventi.\",\"breadcrumb\":{\"@id\":\"https:\\\/\\\/plazatorosmarbella.com\\\/it\\\/informazioni-sul-luogo\\\/#breadcrumb\"},\"inLanguage\":\"it-IT\",\"potentialAction\":[{\"@type\":\"ReadAction\",\"target\":[\"https:\\\/\\\/plazatorosmarbella.com\\\/it\\\/informazioni-sul-luogo\\\/\"]}]},{\"@type\":\"BreadcrumbList\",\"@id\":\"https:\\\/\\\/plazatorosmarbella.com\\\/it\\\/informazioni-sul-luogo\\\/#breadcrumb\",\"itemListElement\":[{\"@type\":\"ListItem\",\"position\":1,\"name\":\"Portada\",\"item\":\"https:\\\/\\\/plazatorosmarbella.com\\\/it\\\/\"},{\"@type\":\"ListItem\",\"position\":2,\"name\":\"Informazioni sul luogo\"}]},{\"@type\":\"WebSite\",\"@id\":\"https:\\\/\\\/plazatorosmarbella.com\\\/#website\",\"url\":\"https:\\\/\\\/plazatorosmarbella.com\\\/\",\"name\":\"Plaza Toros Marbella\",\"description\":\"P\u00e1gina Plaza de Toros de Marbella\",\"potentialAction\":[{\"@type\":\"SearchAction\",\"target\":{\"@type\":\"EntryPoint\",\"urlTemplate\":\"https:\\\/\\\/plazatorosmarbella.com\\\/?s={search_term_string}\"},\"query-input\":{\"@type\":\"PropertyValueSpecification\",\"valueRequired\":true,\"valueName\":\"search_term_string\"}}],\"inLanguage\":\"it-IT\"}]}<\/script>\n<!-- \/ Yoast SEO plugin. -->","yoast_head_json":{"title":"\u25b7 Informazioni sul Bullring Marbella | Sito web ufficiale","description":"Scopri tutto sull'arena di Marbella: l'anno di costruzione, le curiosit\u00e0, l'utilizzo attuale e i prossimi eventi.","robots":{"index":"index","follow":"follow","max-snippet":"max-snippet:-1","max-image-preview":"max-image-preview:large","max-video-preview":"max-video-preview:-1"},"canonical":"https:\/\/plazatorosmarbella.com\/it\/informazioni-sul-luogo\/","og_locale":"it_IT","og_type":"article","og_title":"\u25b7 Informazioni sul Bullring Marbella | Sito web ufficiale","og_description":"Scopri tutto sull'arena di Marbella: l'anno di costruzione, le curiosit\u00e0, l'utilizzo attuale e i prossimi eventi.","og_url":"https:\/\/plazatorosmarbella.com\/it\/informazioni-sul-luogo\/","og_site_name":"Plaza Toros Marbella","article_modified_time":"2026-04-20T14:19:01+00:00","twitter_card":"summary_large_image","twitter_misc":{"Tempo di lettura stimato":"7 minuti"},"schema":{"@context":"https:\/\/schema.org","@graph":[{"@type":"WebPage","@id":"https:\/\/plazatorosmarbella.com\/it\/informazioni-sul-luogo\/","url":"https:\/\/plazatorosmarbella.com\/it\/informazioni-sul-luogo\/","name":"\u25b7 Informazioni sul Bullring Marbella | Sito web ufficiale","isPartOf":{"@id":"https:\/\/plazatorosmarbella.com\/#website"},"datePublished":"2024-05-17T08:37:06+00:00","dateModified":"2026-04-20T14:19:01+00:00","description":"Scopri tutto sull'arena di Marbella: l'anno di costruzione, le curiosit\u00e0, l'utilizzo attuale e i prossimi eventi.","breadcrumb":{"@id":"https:\/\/plazatorosmarbella.com\/it\/informazioni-sul-luogo\/#breadcrumb"},"inLanguage":"it-IT","potentialAction":[{"@type":"ReadAction","target":["https:\/\/plazatorosmarbella.com\/it\/informazioni-sul-luogo\/"]}]},{"@type":"BreadcrumbList","@id":"https:\/\/plazatorosmarbella.com\/it\/informazioni-sul-luogo\/#breadcrumb","itemListElement":[{"@type":"ListItem","position":1,"name":"Portada","item":"https:\/\/plazatorosmarbella.com\/it\/"},{"@type":"ListItem","position":2,"name":"Informazioni sul luogo"}]},{"@type":"WebSite","@id":"https:\/\/plazatorosmarbella.com\/#website","url":"https:\/\/plazatorosmarbella.com\/","name":"Plaza Toros Marbella","description":"P\u00e1gina Plaza de Toros de Marbella","potentialAction":[{"@type":"SearchAction","target":{"@type":"EntryPoint","urlTemplate":"https:\/\/plazatorosmarbella.com\/?s={search_term_string}"},"query-input":{"@type":"PropertyValueSpecification","valueRequired":true,"valueName":"search_term_string"}}],"inLanguage":"it-IT"}]}},"_links":{"self":[{"href":"https:\/\/plazatorosmarbella.com\/it\/wp-json\/wp\/v2\/pages\/9686","targetHints":{"allow":["GET"]}}],"collection":[{"href":"https:\/\/plazatorosmarbella.com\/it\/wp-json\/wp\/v2\/pages"}],"about":[{"href":"https:\/\/plazatorosmarbella.com\/it\/wp-json\/wp\/v2\/types\/page"}],"author":[{"embeddable":true,"href":"https:\/\/plazatorosmarbella.com\/it\/wp-json\/wp\/v2\/users\/2"}],"replies":[{"embeddable":true,"href":"https:\/\/plazatorosmarbella.com\/it\/wp-json\/wp\/v2\/comments?post=9686"}],"version-history":[{"count":2,"href":"https:\/\/plazatorosmarbella.com\/it\/wp-json\/wp\/v2\/pages\/9686\/revisions"}],"predecessor-version":[{"id":9696,"href":"https:\/\/plazatorosmarbella.com\/it\/wp-json\/wp\/v2\/pages\/9686\/revisions\/9696"}],"wp:attachment":[{"href":"https:\/\/plazatorosmarbella.com\/it\/wp-json\/wp\/v2\/media?parent=9686"}],"curies":[{"name":"wp","href":"https:\/\/api.w.org\/{rel}","templated":true}]}}