{"id":9645,"date":"2024-05-17T12:22:17","date_gmt":"2024-05-17T10:22:17","guid":{"rendered":"https:\/\/plazatorosmarbella.com\/termini-e-condizioni-generali\/"},"modified":"2026-04-20T16:18:45","modified_gmt":"2026-04-20T14:18:45","slug":"termini-e-condizioni-generali","status":"publish","type":"page","link":"https:\/\/plazatorosmarbella.com\/it\/termini-e-condizioni-generali\/","title":{"rendered":"Termini e condizioni generali"},"content":{"rendered":"<section class=\"l-section wpb_row height_medium\"><div class=\"l-section-h i-cf\"><div class=\"g-cols vc_row via_grid cols_1 laptops-cols_inherit tablets-cols_inherit mobiles-cols_1 valign_top type_default stacking_default\"><div class=\"wpb_column vc_column_container\"><div class=\"vc_column-inner\"><div class=\"wpb_text_column\"><div class=\"wpb_wrapper\"><h1>Termini e condizioni generali<\/h1>\n<p>https:\/\/plazatorosmarbella.com (di seguito, il Web) \u00e8 un sito web di propriet\u00e0 di Toroshopping, S.L., di seguito IL PROPRIETARIO, con CIF\/NIF n\u00ba: B92950146 e sede legale in: Centro Melior Vasari. Urbanizaci\u00f3n La Alzambra, 3, Local 1, C.P. 29660 &#8211; Marbella (M\u00e1laga).<\/p>\n<p>L&#8217;accesso, la riproduzione e l&#8217;utilizzo dei servizi del sito web richiede l&#8217;accettazione preventiva delle Condizioni d&#8217;uso in vigore in ogni momento; IL PROPRIETARIO si riserva il diritto di modificare tali Condizioni quando lo ritenga opportuno, pubblicando il nuovo testo sul sito web. \u00c8 responsabilit\u00e0 dell&#8217;utente conoscere le Condizioni d&#8217;uso prima di accedere ai prodotti e ai servizi del sito web; se non sei d&#8217;accordo con<br \/>, ti preghiamo di astenerti dall&#8217;utilizzarlo.<\/p>\n<p>&nbsp;<\/p>\n<h4 class=\"wp-block-heading\">PROPRIET\u00c0<\/h4>\n<p>Il Sito Web \u00e8 un&#8217;opera composta da vari elementi integrati e inseparabili (testi, illustrazioni, fotografie, immagini animate, video, programmi informatici, compresi i codici html del sito web, ecc.), la cui Propriet\u00e0 Intellettuale appartiene al PROPRIETARIO, ad eccezione dei materiali ottenuti in licenza da terzi.<br \/>IL PROPRIETARIO e i suoi licenziatari conservano in ogni momento la Propriet\u00e0 Intellettuale del Sito e dei diversi elementi che lo compongono, considerati singolarmente, in tutte le copie che vengono realizzate (qualunque sia il supporto in cui vengono incorporate), concedendo loro solo i diritti di utilizzo descritti di seguito. Qualsiasi diritto non espressamente concesso si intende riservato. <br \/>Oltre a quanto sopra, IL PROPRIETARIO \u00e8 responsabile della selezione, della progettazione della struttura e del layout dei contenuti del Sito Web, nonch\u00e9 di aver preso l&#8217;iniziativa e di essersi assunto il rischio di effettuare gli ingenti investimenti finalizzati all&#8217;ottenimento, alla digitalizzazione e alla presentazione degli stessi, e ha pertanto diritto alla protezione che l&#8217;articolo 12 e il Titolo VIII del Libro II della Legge sulla Propriet\u00e0 Intellettuale possono concedere sul Sito Web, considerato come una banca dati.<br \/>IL PROPRIETARIO \u00e8 anche l&#8217;unico proprietario del design e dell&#8217;immagine grafica del Sito e si riserva il diritto di intraprendere qualsiasi azione legale che possa corrispondere ad esso contro persone che imitano o fanno un uso sleale dello stesso.<\/p>\n<p>&nbsp;<\/p>\n<h3 class=\"wp-block-heading\">CONTENUTI WEB E DOWNLOAD. USI CONSENTITI E VIETATI. <\/h3>\n<p>\u00c8 consentito:<br \/>&#8211; Navigare sul sito web, ossia accedervi e visualizzarlo su un dispositivo, autorizzando qualsiasi riproduzione temporanea o accessoria, a condizione che questa non sia volontaria e costituisca parte integrante ed essenziale del processo tecnologico di trasmissione. La navigazione in alcune sezioni del Sito richiede la registrazione preventiva. <br \/>&#8211; Beneficiare (previa registrazione) dei servizi e dei vantaggi forniti dal PROPRIETARIO attraverso il Sito ai suoi utenti, alle condizioni espressamente indicate nelle diverse sezioni.<br \/>\u00c8 severamente vietato:<br \/>&#8211; Qualsiasi operazione relativa al Web, ai suoi contenuti, ai prodotti scaricati e alle copie di tutti loro che sia contraria alla Legge, ai buoni costumi e alla buona fede.<br \/>&#8211; Qualsiasi utilizzo al di fuori della sfera personale e privata, in particolare quelli a fini commerciali o professionali, compreso l&#8217;invio di pubblicit\u00e0 o messaggi e la raccolta e l&#8217;elaborazione di dati da parte di terzi.<br \/>&#8211; Qualsiasi tipo di estrazione, comunicazione pubblica e\/o trasmissione, totale o parziale, con qualsiasi mezzo, al di fuori della sfera privata dell&#8217;uso consentito e, in particolare, la loro incorporazione in qualsiasi altra opera, compresi siti web, collezioni o database. Fanno eccezione a questo divieto le pubblicazioni sui media dei materiali scaricabili dalla sezione Sala Stampa. <br \/>&#8211; La rimozione, l&#8217;occultamento o la falsificazione degli avvisi e delle avvertenze sulla Propriet\u00e0 Intellettuale o Industriale del Sito o di qualsiasi prodotto fornito attraverso lo stesso.<br \/>&#8211; Le operazioni e le attivit\u00e0 espressamente vietate in qualsiasi altra sezione delle presenti Condizioni Generali e, in generale, qualsiasi cosa che possa danneggiare il normale funzionamento del Sito, gli altri utenti o qualsiasi terza parte.<\/p>\n<p>&nbsp;<\/p>\n<h3 class=\"wp-block-heading\">LINK AL SITO WEB<\/h3>\n<p>&#8211; \u00c8 autorizzata la creazione di link e collegamenti ipertestuali al Sito web da altre pagine o siti web, a condizione che non siano realizzati in modo da danneggiare l&#8217;immagine pubblica e del marchio del PROPRIETARIO, del Sito web o di qualsiasi persona o prodotto a cui si fa riferimento. Nella creazione di link al Sito web, \u00e8 espressamente vietato l&#8217;uso di tecniche che implichino confusione sull&#8217;identit\u00e0 e la propriet\u00e0 dei contenuti, come il framing o altre. <br \/>&#8211; \u00c8 vietata la creazione di link da pagine o siti web il cui contenuto promuova o sostenga, direttamente o indirettamente, qualsiasi tipo di violenza, discriminazione, pornografia o attivit\u00e0 illegale. Allo stesso modo, \u00e8 espressamente vietata la creazione di link a scopo commerciale. <\/p>\n<p>Nella creazione di link \u00e8 espressamente vietato l&#8217;utilizzo di elementi estratti dal Web, senza il preventivo consenso espresso del PROPRIETARIO. In nessun caso si pu\u00f2 intendere che i link al sito web da pagine o siti web di terzi implichino relazioni di THE OWNER con i proprietari di questi, n\u00e9 implichino l&#8217;approvazione, la sponsorizzazione o la raccomandazione di THE OWNER su di essi, pertanto THE OWNER non sar\u00e0 responsabile in alcun modo per quanto riguarda il loro contenuto e la loro legalit\u00e0. <\/p>\n<p>&nbsp;<\/p>\n<h3 class=\"wp-block-heading\">CONTENUTI E COMPORTAMENTO DEGLI UTENTI<\/h3>\n<p>In qualit\u00e0 di cliente o utente del Sito, ti impegni a fare un uso appropriato dei contenuti e dei servizi offerti attraverso lo stesso e a non utilizzarli per:<br \/>&#8211; svolgere attivit\u00e0 illecite, illegali o contrarie alla buona fede e all&#8217;ordine pubblico.<br \/>&#8211; Diffondere contenuti o propaganda di natura razzista, xenofoba, pornografica, terroristica o relativa ai diritti umani.<br \/>&#8211; Causare danni ai sistemi fisici e logici del PROPRIETARIO, dei suoi fornitori o di terzi, introdurre o diffondere virus informatici o qualsiasi altro sistema fisico o logico che possa causare i suddetti danni.<br \/>&#8211; Diffondere contenuti lesivi dell&#8217;immagine e della reputazione del PROPRIETARIO o di terzi.<br \/>&#8211; Violare i diritti di propriet\u00e0 intellettuale, industriale, di immagine, di onore o altri che corrispondono al PROPRIETARIO o a terzi.<br \/>IL PROPRIETARIO avr\u00e0 piena libert\u00e0 di decidere se i contributi e i messaggi saranno pubblicati o meno sul sito web, avendo il diritto di rimuoverli quando lo riterr\u00e0 opportuno.<br \/>La violazione di una qualsiasi norma contenuta nelle presenti Condizioni d&#8217;uso e, in particolare, delle disposizioni della presente clausola, dar\u00e0 diritto a THE OWNER di interrompere immediatamente la tua iscrizione come utente o abbonato al Sito web.<\/p>\n<p>&nbsp;<\/p>\n<h2 class=\"wp-block-heading\">VENDITA BIGLIETTI<\/h2>\n<h3><strong>PREZZI E DISPONIBILIT\u00c0 DEI BIGLIETTI.<\/strong><\/h3>\n<p>I prezzi dei biglietti variano a seconda del tipo di spettacolo (novillada, rejones o corrida) e della posizione dei posti (sole, ombra, sole e ombra e fila).<\/p>\n<p>Per la gestione di questi biglietti, al prezzo del botteghino web ufficiale verr\u00e0 aggiunto un costo aggiuntivo del 10%, IVA inclusa.<\/p>\n<p>La vendita dei biglietti \u00e8 definitiva e non ammette cancellazioni da parte dell&#8217;Utente per nessun motivo.<\/p>\n<p>I prezzi e la disponibilit\u00e0 dei biglietti sono validi e garantiti fino all&#8217;esaurimento degli stessi. Sono esclusi errori tipografici o eventuali modifiche dei prezzi da parte della societ\u00e0 che organizza la corrida e gestisce l&#8217;arena (di seguito &#8220;l&#8217;Organizzatore&#8221;). In quest&#8217;ultimo caso, l&#8217;Utente dovr\u00e0 rivolgersi a quest&#8217;ultimo per qualsiasi reclamo.  <\/p>\n<p>Le prenotazioni saranno gestite in base al principio &#8220;primo arrivato, primo servito&#8221;. Cercheremo sempre di assegnare posti consecutivi e contatteremo il cliente per informarlo di eventuali problemi in tal senso (che possono verificarsi in caso di vendita di pi\u00f9 biglietti) e offriremo biglietti alternativi (ad esempio per un&#8217;altra area o in due file, ecc.). Tuttavia, non possiamo garantire all&#8217;Utente la disponibilit\u00e0 di posti consecutivi, soprattutto nel caso di acquisti di pi\u00f9 di 4 posti. Se la riassegnazione non \u00e8 possibile, i biglietti si considerano acquistati dall&#8217;Utente a tutti gli effetti.   <\/p>\n<p>Nel caso in cui l&#8217;Utente abbia acquistato un biglietto quando i posti sono esauriti, l&#8217;importo pagato dall&#8217;Utente sar\u00e0 rimborsato entro cinque (5) giorni dal giorno in cui tale circostanza viene comunicata. L&#8217;Utente riconosce espressamente che non avr\u00e0 diritto ad alcun rimborso aggiuntivo sotto forma di indennizzo o simili. <\/p>\n<p>Non offriamo o gestiamo prenotazioni con sconti speciali, come gruppi, pensionati, giovani, persone con disabilit\u00e0, essendo il prezzo solo per gli adulti.<\/p>\n<h3><strong>BIGLIETTI.<\/strong><\/h3>\n<p>L&#8217;Utente acquista il biglietto dall&#8217;Organizzatore, che gli verr\u00e0 inviato via e-mail in formato pdf qualche giorno prima della data dell&#8217;evento, insieme alla nostra ricevuta o fattura che include le nostre spese amministrative.  <\/p>\n<p><b>METODI DI ACQUISTO<\/b><\/p>\n<p>L&#8217;utente pu\u00f2 pagare con carta di credito Visa o Mastercard con la nostra piattaforma sicura al 100% <strong>tramite Stripe. <\/strong>Il sistema chieder\u00e0 all&#8217;Utente il numero della carta, la data di scadenza e il CCV (3 cifre sul retro della carta). La tua banca potrebbe anche inviarti un codice speciale per confermare l&#8217;acquisto online. <\/p>\n<p>In nessun caso conserveremo i dati bancari dell&#8217;Utente, in quanto questi sono gestiti dalle piattaforme di pagamento sicure che hanno stipulato il contratto. \u00c8 responsabilit\u00e0 dell&#8217;Utente leggere attentamente le condizioni d&#8217;uso e le norme sulla privacy di questi gateway di pagamento prima di effettuare il pagamento. <\/p>\n<p><strong>RESTITUZIONI.<\/strong><\/p>\n<p>Non \u00e8 consentito il rimborso dell&#8217;importo dei biglietti acquistati. L&#8217;impossibilit\u00e0 di assistere a uno spettacolo o qualsiasi errore commesso dall&#8217;Utente al momento dell&#8217;acquisto non saranno motivi validi per il rimborso dell&#8217;importo pagato. <\/p>\n<p>In quanto punto vendita ufficiale, i biglietti messi in vendita sono emessi direttamente dalla societ\u00e0 di gestione del Marbella Bullring (ovvero dall&#8217;Organizzatore). L&#8217;Utente riceve dalla societ\u00e0 il biglietto ufficiale in formato pdf via e-mail. <\/p>\n<p>In caso di modifiche successive all&#8217;acquisto dei biglietti, quali (a titolo esemplificativo e non esaustivo): cambio di data, orario, formazione, sostituzioni, cancellazioni e\/o qualsiasi altro evento. L&#8217;Utente riconosce espressamente che qualsiasi reclamo deve essere presentato direttamente all&#8217;Organizzatore. <\/p>\n<p>L&#8217;eventuale rimborso sar\u00e0 soggetto alle condizioni dell&#8217;Organizzatore e alle disposizioni della normativa vigente, essendo in ogni caso subordinato al possesso del biglietto ufficiale, completo, integro e non manipolato o danneggiato.<\/p>\n<p>Il rimborso del biglietto in caso di sospensione, rinvio o modifica inizier\u00e0 e terminer\u00e0 quando indicato dall&#8217;Organizzatore presso la biglietteria ufficiale della societ\u00e0 organizzatrice e secondo le condizioni indicate sul retro di ogni biglietto ufficiale.<\/p>\n<p>Se lo spettacolo viene sospeso una volta iniziato, per motivi non imputabili all&#8217;Organizzatore o a causa del maltempo, dopo che il primo toro \u00e8 stato portato nel ring, l&#8217;Utente non avr\u00e0 diritto ad alcun rimborso.<\/p>\n<p>Solo quando l&#8217;Organizzatore ordina espressamente la restituzione dei biglietti, l&#8217;importo del biglietto pu\u00f2 essere rimborsato (ma non le spese di gestione della piattaforma di biglietteria e quelle della nostra societ\u00e0). Tali cancellazioni si verificano solitamente in casi quali cancellazioni e cambi di data. <\/p>\n<p>MINORI o PERSONE CON DISABILIT\u00c0<\/p>\n<p>Non emettiamo biglietti per gruppi quali minori o persone con disabilit\u00e0, pensionati o titolari di carta giovani. Per farlo, devi recarti direttamente al botteghino dell&#8217;Organizzatore presso il Marbella Bullring. <\/p>\n<p><strong>DIRITTO DI AMMISSIONE<\/strong><\/p>\n<p>L&#8217;Organizzatore si riserva il diritto di ammissione e pu\u00f2 perquisire il pubblico all&#8217;ingresso dell&#8217;arena. Non \u00e8 consentito l&#8217;ingresso con oggetti che possano essere considerati pericolosi. Anche l&#8217;ingresso con cibi e bevande non \u00e8 generalmente consentito.  <\/p>\n<p>\u00c8 responsabilit\u00e0 degli Organizzatori consentire l&#8217;ingresso alla corrida una volta iniziata, nonch\u00e9 consentire l&#8217;ingresso e l&#8217;uscita dal sito durante la corrida.<\/p>\n<p>Qualsiasi reclamo relativo alla prestazione, alla sospensione, alla modifica o alla cancellazione dello spettacolo deve essere indirizzato all&#8217;Organizzatore e l&#8217;Utente deve conservare il biglietto da presentare.<\/p>\n<p>Qualsiasi reclamo da parte dell&#8217;Utente dovr\u00e0 essere presentato direttamente all&#8217;Organizzatore. Si ricorda all&#8217;Utente che la responsabilit\u00e0 dell&#8217;evento \u00e8 esclusivamente dell&#8217;Organizzatore. <\/p>\n<p><strong>LEGGE APPLICABILE E GIURISDIZIONE.<\/strong><\/p>\n<p>Le presenti Condizioni di Acquisto sono regolate dalla legge spagnola. Le parti si sottopongono alle corti e ai tribunali del domicilio dell&#8217;Utente per la risoluzione delle controversie e rinunciano a qualsiasi altra giurisdizione, in conformit\u00e0 alle disposizioni della legislazione vigente. Nel caso in cui gli Utenti siano domiciliati al di fuori del territorio spagnolo, si applicheranno le disposizioni delle norme giuridiche applicabili in materia di giurisdizione competente, in mancanza delle quali le parti si sottoporranno alle corti e ai tribunali della capitale di Madrid.  <\/p>\n<p>&nbsp;<\/p>\n<h3>PROTEZIONE DEI DATI<\/h3>\n<p>Le informazioni o i dati personali che ci fornisci saranno trattati in conformit\u00e0 con le disposizioni dell&#8217;Informativa sulla privacy. <a href=\"https:\/\/www.toroshopping.com\/politica-de-privacidad\/\"><strong>Informativa sulla privacy<\/strong><\/a>. Utilizzando questo sito web, acconsenti al trattamento di tali informazioni e dati e dichiari che tutte le informazioni o i dati che ci fornisci sono veritieri e corrispondono alla realt\u00e0. <\/p>\n<p>&nbsp;<\/p>\n<h3>MODIFICHE<\/h3>\n<p>IL PROPRIETARIO si riserva il diritto di apportare senza preavviso le modifiche che riterr\u00e0 opportune al sito web, di modificare, eliminare o aggiungere contenuti e servizi forniti attraverso lo stesso e il modo in cui sono presentati o localizzati.<br \/>Sebbene il PROPRIETARIO si impegni a mantenere aggiornate e prive di errori le informazioni contenute nel sito web, non ne garantisce l&#8217;accuratezza e l&#8217;aggiornamento. N\u00e9 \u00e8 garantito l&#8217;ottenimento di un risultato o di uno scopo specifico, per cui l&#8217;accesso e l&#8217;utilizzo del sito web sono di esclusiva responsabilit\u00e0 degli utenti e dei clienti. <\/p>\n<p>&nbsp;<\/p>\n<h3>AZIONE LEGALE<\/h3>\n<p>IL PROPRIETARIO perseguir\u00e0 la violazione delle presenti Condizioni d&#8217;Uso, cos\u00ec come qualsiasi uso improprio del Sito o dei suoi contenuti, le violazioni dei diritti che corrispondono a lui o ai suoi licenziatari, in particolare quelli di Propriet\u00e0 Intellettuale e Industriale, esercitando tutte le azioni, civili e penali, che possono corrispondergli in sede legale.<\/p>\n<p>&nbsp;<\/p>\n<h3>RISOLUZIONE EXTRAGIUDIZIALE DELLE CONTROVERSIE<\/h3>\n<p>Inoltre, ai sensi dell&#8217;articolo 14 del Regolamento UE 524\/2013 sulla risoluzione delle controversie dei consumatori, viene fornito un link diretto alla piattaforma di risoluzione delle controversie online:<br \/>https:\/\/ec.europa.eu\/consumers\/odr\/main\/index.cfm<\/p>\n<p>&nbsp;<\/p>\n<h3>LEGGE APPLICABILE E GIURISDIZIONE<\/h3>\n<p>Per qualsiasi controversia o conflitto che possa sorgere, derivante da questi termini o condizioni, sar\u00e0 applicabile la legge spagnola. La risoluzione delle controversie legali sar\u00e0 soggetta alla giurisdizione delle Corti e dei Tribunali del domicilio dell&#8217;utente o del cliente. <\/p>\n<h3>SERVIZIO CLIENTI<\/h3>\n<p>Puoi contattarci tramite la chat sul sito web, oppure tramite il seguente indirizzo e-mail: info@plazatorosmarbella.com<\/p>\n<p>Risponderemo alle tue richieste nel pi\u00f9 breve tempo possibile.<\/p>\n<\/div><\/div><\/div><\/div><\/div><\/div><\/section>\n","protected":false},"excerpt":{"rendered":"Termini e condizioni generali https:\/\/plazatorosmarbella.com (di seguito, il Web) \u00e8 un sito web di propriet\u00e0 di Toroshopping, S.L., di seguito IL PROPRIETARIO, con CIF\/NIF n\u00ba: B92950146 e sede legale in: Centro Melior Vasari. Urbanizaci\u00f3n La Alzambra, 3, Local 1, C.P. 29660 &#8211; Marbella (M\u00e1laga). L&#8217;accesso, la riproduzione e l&#8217;utilizzo dei servizi del sito web richiede...","protected":false},"author":2,"featured_media":0,"parent":0,"menu_order":0,"comment_status":"closed","ping_status":"closed","template":"","meta":{"footnotes":""},"class_list":["post-9645","page","type-page","status-publish","hentry"],"yoast_head":"<!-- This site is optimized with the Yoast SEO plugin v27.4 - https:\/\/yoast.com\/product\/yoast-seo-wordpress\/ -->\n<title>Termini e condizioni generali - Plaza Toros Marbella<\/title>\n<meta name=\"robots\" content=\"noindex, follow\" \/>\n<meta property=\"og:locale\" content=\"it_IT\" \/>\n<meta property=\"og:type\" content=\"article\" \/>\n<meta property=\"og:title\" content=\"Termini e condizioni generali - Plaza Toros Marbella\" \/>\n<meta property=\"og:url\" content=\"https:\/\/plazatorosmarbella.com\/it\/termini-e-condizioni-generali\/\" \/>\n<meta property=\"og:site_name\" content=\"Plaza Toros Marbella\" \/>\n<meta property=\"article:modified_time\" content=\"2026-04-20T14:18:45+00:00\" \/>\n<meta name=\"twitter:card\" content=\"summary_large_image\" \/>\n<meta name=\"twitter:label1\" content=\"Tempo di lettura stimato\" \/>\n\t<meta name=\"twitter:data1\" content=\"11 minuti\" \/>\n<script type=\"application\/ld+json\" class=\"yoast-schema-graph\">{\"@context\":\"https:\\\/\\\/schema.org\",\"@graph\":[{\"@type\":\"WebPage\",\"@id\":\"https:\\\/\\\/plazatorosmarbella.com\\\/it\\\/termini-e-condizioni-generali\\\/\",\"url\":\"https:\\\/\\\/plazatorosmarbella.com\\\/it\\\/termini-e-condizioni-generali\\\/\",\"name\":\"Termini e condizioni generali - Plaza Toros Marbella\",\"isPartOf\":{\"@id\":\"https:\\\/\\\/plazatorosmarbella.com\\\/#website\"},\"datePublished\":\"2024-05-17T10:22:17+00:00\",\"dateModified\":\"2026-04-20T14:18:45+00:00\",\"breadcrumb\":{\"@id\":\"https:\\\/\\\/plazatorosmarbella.com\\\/it\\\/termini-e-condizioni-generali\\\/#breadcrumb\"},\"inLanguage\":\"it-IT\",\"potentialAction\":[{\"@type\":\"ReadAction\",\"target\":[\"https:\\\/\\\/plazatorosmarbella.com\\\/it\\\/termini-e-condizioni-generali\\\/\"]}]},{\"@type\":\"BreadcrumbList\",\"@id\":\"https:\\\/\\\/plazatorosmarbella.com\\\/it\\\/termini-e-condizioni-generali\\\/#breadcrumb\",\"itemListElement\":[{\"@type\":\"ListItem\",\"position\":1,\"name\":\"Portada\",\"item\":\"https:\\\/\\\/plazatorosmarbella.com\\\/it\\\/casa\\\/\"},{\"@type\":\"ListItem\",\"position\":2,\"name\":\"Termini e condizioni generali\"}]},{\"@type\":\"WebSite\",\"@id\":\"https:\\\/\\\/plazatorosmarbella.com\\\/#website\",\"url\":\"https:\\\/\\\/plazatorosmarbella.com\\\/\",\"name\":\"Plaza Toros Marbella\",\"description\":\"P\u00e1gina Plaza de Toros de Marbella\",\"potentialAction\":[{\"@type\":\"SearchAction\",\"target\":{\"@type\":\"EntryPoint\",\"urlTemplate\":\"https:\\\/\\\/plazatorosmarbella.com\\\/?s={search_term_string}\"},\"query-input\":{\"@type\":\"PropertyValueSpecification\",\"valueRequired\":true,\"valueName\":\"search_term_string\"}}],\"inLanguage\":\"it-IT\"}]}<\/script>\n<!-- \/ Yoast SEO plugin. -->","yoast_head_json":{"title":"Termini e condizioni generali - Plaza Toros Marbella","robots":{"index":"noindex","follow":"follow"},"og_locale":"it_IT","og_type":"article","og_title":"Termini e condizioni generali - Plaza Toros Marbella","og_url":"https:\/\/plazatorosmarbella.com\/it\/termini-e-condizioni-generali\/","og_site_name":"Plaza Toros Marbella","article_modified_time":"2026-04-20T14:18:45+00:00","twitter_card":"summary_large_image","twitter_misc":{"Tempo di lettura stimato":"11 minuti"},"schema":{"@context":"https:\/\/schema.org","@graph":[{"@type":"WebPage","@id":"https:\/\/plazatorosmarbella.com\/it\/termini-e-condizioni-generali\/","url":"https:\/\/plazatorosmarbella.com\/it\/termini-e-condizioni-generali\/","name":"Termini e condizioni generali - Plaza Toros Marbella","isPartOf":{"@id":"https:\/\/plazatorosmarbella.com\/#website"},"datePublished":"2024-05-17T10:22:17+00:00","dateModified":"2026-04-20T14:18:45+00:00","breadcrumb":{"@id":"https:\/\/plazatorosmarbella.com\/it\/termini-e-condizioni-generali\/#breadcrumb"},"inLanguage":"it-IT","potentialAction":[{"@type":"ReadAction","target":["https:\/\/plazatorosmarbella.com\/it\/termini-e-condizioni-generali\/"]}]},{"@type":"BreadcrumbList","@id":"https:\/\/plazatorosmarbella.com\/it\/termini-e-condizioni-generali\/#breadcrumb","itemListElement":[{"@type":"ListItem","position":1,"name":"Portada","item":"https:\/\/plazatorosmarbella.com\/it\/casa\/"},{"@type":"ListItem","position":2,"name":"Termini e condizioni generali"}]},{"@type":"WebSite","@id":"https:\/\/plazatorosmarbella.com\/#website","url":"https:\/\/plazatorosmarbella.com\/","name":"Plaza Toros Marbella","description":"P\u00e1gina Plaza de Toros de Marbella","potentialAction":[{"@type":"SearchAction","target":{"@type":"EntryPoint","urlTemplate":"https:\/\/plazatorosmarbella.com\/?s={search_term_string}"},"query-input":{"@type":"PropertyValueSpecification","valueRequired":true,"valueName":"search_term_string"}}],"inLanguage":"it-IT"}]}},"_links":{"self":[{"href":"https:\/\/plazatorosmarbella.com\/it\/wp-json\/wp\/v2\/pages\/9645","targetHints":{"allow":["GET"]}}],"collection":[{"href":"https:\/\/plazatorosmarbella.com\/it\/wp-json\/wp\/v2\/pages"}],"about":[{"href":"https:\/\/plazatorosmarbella.com\/it\/wp-json\/wp\/v2\/types\/page"}],"author":[{"embeddable":true,"href":"https:\/\/plazatorosmarbella.com\/it\/wp-json\/wp\/v2\/users\/2"}],"replies":[{"embeddable":true,"href":"https:\/\/plazatorosmarbella.com\/it\/wp-json\/wp\/v2\/comments?post=9645"}],"version-history":[{"count":1,"href":"https:\/\/plazatorosmarbella.com\/it\/wp-json\/wp\/v2\/pages\/9645\/revisions"}],"predecessor-version":[{"id":9651,"href":"https:\/\/plazatorosmarbella.com\/it\/wp-json\/wp\/v2\/pages\/9645\/revisions\/9651"}],"wp:attachment":[{"href":"https:\/\/plazatorosmarbella.com\/it\/wp-json\/wp\/v2\/media?parent=9645"}],"curies":[{"name":"wp","href":"https:\/\/api.w.org\/{rel}","templated":true}]}}