{"id":9022,"date":"2024-08-28T12:55:40","date_gmt":"2024-08-28T10:55:40","guid":{"rendered":"https:\/\/plazatorosmarbella.com\/negozio-di-corride\/"},"modified":"2026-04-20T16:16:57","modified_gmt":"2026-04-20T14:16:57","slug":"negozio-di-corride","status":"publish","type":"page","link":"https:\/\/plazatorosmarbella.com\/it\/negozio-di-corride\/","title":{"rendered":"Negozio di corride"},"content":{"rendered":"<section class=\"l-section wpb_row height_medium\"><div class=\"l-section-h i-cf\"><div class=\"g-cols vc_row via_grid cols_1 laptops-cols_inherit tablets-cols_inherit mobiles-cols_1 valign_top type_default stacking_default\"><div class=\"wpb_column vc_column_container\"><div class=\"vc_column-inner\"><div class=\"wpb_text_column\"><div class=\"wpb_wrapper\"><h1 style=\"text-align: center;\">Negozio di corride Marbella<\/h1>\n<p style=\"text-align: center;\">Scopri tutti i nostri prodotti artigianali per la corrida<\/p>\n<\/div><\/div><div class=\"w-separator size_medium\"><\/div><div class=\"g-cols wpb_row via_grid cols_3 laptops-cols_inherit tablets-cols_inherit mobiles-cols_1 valign_top type_default stacking_default\" style=\"--columns-gap:3rem;\"><div class=\"wpb_column vc_column_container\"><div class=\"vc_column-inner\"><div class=\"w-image align_none\"><a target=\"_blank\" rel=\"nofollow\" href=\"https:\/\/www.toroshopping.com\/categoria-producto\/juguetes-taurinos\/\" aria-label=\"juguetes-taurinos-2\" class=\"w-image-h\"><img decoding=\"async\" width=\"680\" height=\"910\" src=\"https:\/\/plazatorosmarbella.com\/wp-content\/uploads\/2024\/08\/juguetes-taurinos-2.jpg\" class=\"attachment-full size-full\" alt=\"\" loading=\"lazy\" srcset=\"https:\/\/plazatorosmarbella.com\/wp-content\/uploads\/2024\/08\/juguetes-taurinos-2.jpg 680w, https:\/\/plazatorosmarbella.com\/wp-content\/uploads\/2024\/08\/juguetes-taurinos-2-224x300.jpg 224w, https:\/\/plazatorosmarbella.com\/wp-content\/uploads\/2024\/08\/juguetes-taurinos-2-600x803.jpg 600w\" sizes=\"auto, (max-width: 680px) 100vw, 680px\" \/><\/a><\/div><\/div><\/div><div class=\"wpb_column vc_column_container\"><div class=\"vc_column-inner\"><div class=\"w-image align_none\"><a target=\"_blank\" rel=\"nofollow\" href=\"https:\/\/www.toroshopping.com\/categoria-producto\/accesorios-de-moda-taurina\/bisuteria-taurina\/\" aria-label=\"Bisuteria-taurina\" class=\"w-image-h\"><img decoding=\"async\" width=\"680\" height=\"910\" src=\"https:\/\/plazatorosmarbella.com\/wp-content\/uploads\/2024\/08\/Bisuteria-taurina.jpg\" class=\"attachment-full size-full\" alt=\"\" loading=\"lazy\" srcset=\"https:\/\/plazatorosmarbella.com\/wp-content\/uploads\/2024\/08\/Bisuteria-taurina.jpg 680w, https:\/\/plazatorosmarbella.com\/wp-content\/uploads\/2024\/08\/Bisuteria-taurina-224x300.jpg 224w, https:\/\/plazatorosmarbella.com\/wp-content\/uploads\/2024\/08\/Bisuteria-taurina-600x803.jpg 600w\" sizes=\"auto, (max-width: 680px) 100vw, 680px\" \/><\/a><\/div><\/div><\/div><div class=\"wpb_column vc_column_container\"><div class=\"vc_column-inner\"><div class=\"w-image align_none\"><a target=\"_blank\" rel=\"nofollow\" href=\"https:\/\/www.toroshopping.com\/categoria-producto\/trajes-de-luces\/\" aria-label=\"trajes-de-luces\" class=\"w-image-h\"><img decoding=\"async\" width=\"680\" height=\"910\" src=\"https:\/\/plazatorosmarbella.com\/wp-content\/uploads\/2024\/08\/trajes-de-luces.jpg\" class=\"attachment-full size-full\" alt=\"\" loading=\"lazy\" srcset=\"https:\/\/plazatorosmarbella.com\/wp-content\/uploads\/2024\/08\/trajes-de-luces.jpg 680w, https:\/\/plazatorosmarbella.com\/wp-content\/uploads\/2024\/08\/trajes-de-luces-224x300.jpg 224w, https:\/\/plazatorosmarbella.com\/wp-content\/uploads\/2024\/08\/trajes-de-luces-600x803.jpg 600w\" sizes=\"auto, (max-width: 680px) 100vw, 680px\" \/><\/a><\/div><\/div><\/div><\/div><div class=\"w-separator size_medium\"><\/div><div class=\"g-cols wpb_row via_grid cols_3 laptops-cols_inherit tablets-cols_inherit mobiles-cols_1 valign_top type_default stacking_default\" style=\"--columns-gap:3rem;\"><div class=\"wpb_column vc_column_container\"><div class=\"vc_column-inner\"><div class=\"w-image align_none\"><a target=\"_blank\" rel=\"nofollow\" href=\"https:\/\/www.toroshopping.com\/categoria-producto\/arte-y-decoracion\/\" aria-label=\"decoracion-taurina\" class=\"w-image-h\"><img decoding=\"async\" width=\"680\" height=\"910\" src=\"https:\/\/plazatorosmarbella.com\/wp-content\/uploads\/2024\/08\/decoracion-taurina.jpg\" class=\"attachment-full size-full\" alt=\"\" loading=\"lazy\" srcset=\"https:\/\/plazatorosmarbella.com\/wp-content\/uploads\/2024\/08\/decoracion-taurina.jpg 680w, https:\/\/plazatorosmarbella.com\/wp-content\/uploads\/2024\/08\/decoracion-taurina-224x300.jpg 224w, https:\/\/plazatorosmarbella.com\/wp-content\/uploads\/2024\/08\/decoracion-taurina-600x803.jpg 600w\" sizes=\"auto, (max-width: 680px) 100vw, 680px\" \/><\/a><\/div><\/div><\/div><div class=\"wpb_column vc_column_container\"><div class=\"vc_column-inner\"><div class=\"w-image align_none\"><a target=\"_blank\" rel=\"nofollow\" href=\"https:\/\/www.toroshopping.com\/categoria-producto\/moda-taurina\/\" aria-label=\"Ropa-taurina\" class=\"w-image-h\"><img decoding=\"async\" width=\"680\" height=\"910\" src=\"https:\/\/plazatorosmarbella.com\/wp-content\/uploads\/2024\/08\/Ropa-taurina.jpg\" class=\"attachment-full size-full\" alt=\"\" loading=\"lazy\" srcset=\"https:\/\/plazatorosmarbella.com\/wp-content\/uploads\/2024\/08\/Ropa-taurina.jpg 680w, https:\/\/plazatorosmarbella.com\/wp-content\/uploads\/2024\/08\/Ropa-taurina-224x300.jpg 224w, https:\/\/plazatorosmarbella.com\/wp-content\/uploads\/2024\/08\/Ropa-taurina-600x803.jpg 600w\" sizes=\"auto, (max-width: 680px) 100vw, 680px\" \/><\/a><\/div><\/div><\/div><div class=\"wpb_column vc_column_container\"><div class=\"vc_column-inner\"><div class=\"w-image align_none\"><a target=\"_blank\" rel=\"nofollow\" href=\"https:\/\/www.toroshopping.com\/actividades-taurinas\/\" aria-label=\"actividades-taurinas-2\" class=\"w-image-h\"><img decoding=\"async\" width=\"680\" height=\"910\" src=\"https:\/\/plazatorosmarbella.com\/wp-content\/uploads\/2024\/08\/actividades-taurinas-2.jpg\" class=\"attachment-full size-full\" alt=\"\" loading=\"lazy\" srcset=\"https:\/\/plazatorosmarbella.com\/wp-content\/uploads\/2024\/08\/actividades-taurinas-2.jpg 680w, https:\/\/plazatorosmarbella.com\/wp-content\/uploads\/2024\/08\/actividades-taurinas-2-224x300.jpg 224w, https:\/\/plazatorosmarbella.com\/wp-content\/uploads\/2024\/08\/actividades-taurinas-2-600x803.jpg 600w\" sizes=\"auto, (max-width: 680px) 100vw, 680px\" \/><\/a><\/div><\/div><\/div><\/div><\/div><\/div><\/div><\/div><\/section><section class=\"l-section wpb_row height_medium\"><div class=\"l-section-h i-cf\"><div class=\"g-cols vc_row via_grid cols_1 laptops-cols_inherit tablets-cols_inherit mobiles-cols_1 valign_top type_default stacking_default\"><div class=\"wpb_column vc_column_container\"><div class=\"vc_column-inner\"><div class=\"wpb_text_column\"><div class=\"wpb_wrapper\"><h2><strong>Negozio online di corrida a Marbella: tradizione e arte della corrida in un unico luogo<\/strong><\/h2>\n<p>Scopri nel nostro negozio online di corride a Marbella un&#8217;esperienza di shopping unica, dove tradizione e passione per l&#8217;arte della corrida si fondono. Offriamo una selezione esclusiva di prodotti per la tauromachia, da mantelli e stampelle a costumi e accessori per la tauromachia, pensati per i veri appassionati. Ogni articolo riflette la ricca storia e l&#8217;eredit\u00e0 di questa nobile arte, ora a portata di mano.<\/p>\n<\/div><\/div><div class=\"w-separator size_large\"><\/div><div class=\"g-cols wpb_row via_grid cols_2 laptops-cols_inherit tablets-cols_inherit mobiles-cols_1 valign_top type_default stacking_default\" style=\"--columns-gap:3rem;\"><div class=\"wpb_column vc_column_container\"><div class=\"vc_column-inner\"><div class=\"w-tabs style_default switch_click accordion has_scrolling\" style=\"--sections-title-size:inherit\"><div class=\"w-tabs-sections titles-align_none icon_chevron cpos_right\"><div class=\"w-tabs-section\" id=\"za84\"><button class=\"w-tabs-section-header\" aria-controls=\"content-za84\" aria-expanded=\"false\"><div class=\"w-tabs-section-title\">Prodotti di qualit\u00e0 per la corrida a Marbella<\/div><div class=\"w-tabs-section-control\"><\/div><\/button><div  class=\"w-tabs-section-content\" id=\"content-za84\"><div class=\"w-tabs-section-content-h i-cf\"><div class=\"wpb_text_column\"><div class=\"wpb_wrapper\"><p>Nel nostro negozio online la qualit\u00e0 \u00e8 la nostra priorit\u00e0. Collaboriamo con artigiani e produttori rinomati che condividono la nostra passione per la corrida. Qui troverai prodotti realizzati con i migliori materiali, ideali per i professionisti della corrida, i collezionisti e gli appassionati. Che tu stia cercando un abito da corrida per un&#8217;occasione speciale o un capote per l&#8217;allenamento, il nostro negozio ha quello che fa per te.<\/p>\n<\/div><\/div><\/div><\/div><\/div><div class=\"w-tabs-section\" id=\"ubc3\"><button class=\"w-tabs-section-header\" aria-controls=\"content-ubc3\" aria-expanded=\"false\"><div class=\"w-tabs-section-title\">Il tuo riferimento in prodotti per la corrida a Marbella<\/div><div class=\"w-tabs-section-control\"><\/div><\/button><div  class=\"w-tabs-section-content\" id=\"content-ubc3\"><div class=\"w-tabs-section-content-h i-cf\"><div class=\"wpb_text_column\"><div class=\"wpb_wrapper\"><p>Ci siamo affermati come negozio di riferimento a Marbella, grazie alla nostra dedizione e al nostro impegno nei confronti dei clienti. Offriamo un&#8217;esperienza di acquisto senza precedenti, con un&#8217;attenzione personalizzata e consegne rapide in qualsiasi angolo della Spagna. Il nostro obiettivo \u00e8 quello di fornirti tutto ci\u00f2 che ti serve per vivere la corrida con la stessa passione con cui \u00e8 stata creata.<\/p>\n<\/div><\/div><\/div><\/div><\/div><\/div><\/div><\/div><\/div><div class=\"wpb_column vc_column_container\"><div class=\"vc_column-inner\"><div class=\"w-tabs style_default switch_click accordion has_scrolling\" style=\"--sections-title-size:inherit\"><div class=\"w-tabs-sections titles-align_none icon_chevron cpos_right\"><div class=\"w-tabs-section\" id=\"a3c4\"><button class=\"w-tabs-section-header\" aria-controls=\"content-a3c4\" aria-expanded=\"false\"><div class=\"w-tabs-section-title\">Vantaggi dell&apos;acquisto nel nostro negozio online di corrida<\/div><div class=\"w-tabs-section-control\"><\/div><\/button><div  class=\"w-tabs-section-content\" id=\"content-a3c4\"><div class=\"w-tabs-section-content-h i-cf\"><div class=\"wpb_text_column\"><div class=\"wpb_wrapper\"><ul>\n<li><strong>Selezione esclusiva:<\/strong> abbiamo una gamma di prodotti unici, selezionati per la loro qualit\u00e0 e autenticit\u00e0.<\/li>\n<li><strong>Servizio clienti:<\/strong> Ti offriamo un servizio attento e personalizzato, aiutandoti a trovare l&#8217;articolo perfetto.<\/li>\n<li><strong>Spedizione in tutta la Spagna:<\/strong> non importa dove ti trovi, portiamo la tradizione della corrida a casa tua.<\/li>\n<li><strong>Acquisti sicuri:<\/strong> la nostra piattaforma garantisce acquisti facili, veloci e sicuri, in modo che tu possa acquistare i tuoi prodotti in tutta tranquillit\u00e0.<\/li>\n<\/ul>\n<\/div><\/div><\/div><\/div><\/div><div class=\"w-tabs-section\" id=\"q553\"><button class=\"w-tabs-section-header\" aria-controls=\"content-q553\" aria-expanded=\"false\"><div class=\"w-tabs-section-title\">Esplora la nostra collezione di corride a Marbella<\/div><div class=\"w-tabs-section-control\"><\/div><\/button><div  class=\"w-tabs-section-content\" id=\"content-q553\"><div class=\"w-tabs-section-content-h i-cf\"><div class=\"wpb_text_column\"><div class=\"wpb_wrapper\"><p>Invitiamo tutti gli amanti della corrida a esplorare il nostro negozio online di corride a Marbella. Qui troverai prodotti che non sono solo funzionali, ma anche una celebrazione dell&#8217;arte e della cultura della corrida. Vieni a trovarci e porta con te un pezzo del mondo della corrida, con la qualit\u00e0 e l&#8217;autenticit\u00e0 che meriti.<\/p>\n<\/div><\/div><\/div><\/div><\/div><\/div><\/div><\/div><\/div><\/div><\/div><\/div><\/div><\/div><\/section>\n","protected":false},"excerpt":{"rendered":"Negozio di corride Marbella Scopri tutti i nostri prodotti artigianali per la corrida Negozio online di corrida a Marbella: tradizione e arte della corrida in un unico luogo Scopri nel nostro negozio online di corride a Marbella un&#8217;esperienza di shopping unica, dove tradizione e passione per l&#8217;arte della corrida si fondono. Offriamo una selezione esclusiva...","protected":false},"author":2,"featured_media":0,"parent":0,"menu_order":0,"comment_status":"closed","ping_status":"closed","template":"","meta":{"footnotes":""},"class_list":["post-9022","page","type-page","status-publish","hentry"],"yoast_head":"<!-- This site is optimized with the Yoast SEO plugin v27.4 - https:\/\/yoast.com\/product\/yoast-seo-wordpress\/ -->\n<title>Negozio online di corrida di Marbella| Prodotti per la corrida<\/title>\n<meta name=\"description\" content=\"Negozio online di corrida specializzato in tutti i tipi di prodotti per la corrida per dilettanti o professionisti a Marbella [Artesan\u00edas Taurinas].\" \/>\n<meta name=\"robots\" content=\"index, follow, max-snippet:-1, max-image-preview:large, max-video-preview:-1\" \/>\n<link rel=\"canonical\" href=\"https:\/\/plazatorosmarbella.com\/it\/negozio-di-corride\/\" \/>\n<meta property=\"og:locale\" content=\"it_IT\" \/>\n<meta property=\"og:type\" content=\"article\" \/>\n<meta property=\"og:title\" content=\"Negozio online di corrida di Marbella| Prodotti per la corrida\" \/>\n<meta property=\"og:description\" content=\"Negozio online di corrida specializzato in tutti i tipi di prodotti per la corrida per dilettanti o professionisti a Marbella [Artesan\u00edas Taurinas].\" \/>\n<meta property=\"og:url\" content=\"https:\/\/plazatorosmarbella.com\/it\/negozio-di-corride\/\" \/>\n<meta property=\"og:site_name\" content=\"Plaza Toros Marbella\" \/>\n<meta property=\"article:modified_time\" content=\"2026-04-20T14:16:57+00:00\" \/>\n<meta name=\"twitter:card\" content=\"summary_large_image\" \/>\n<meta name=\"twitter:label1\" content=\"Tempo di lettura stimato\" \/>\n\t<meta name=\"twitter:data1\" content=\"4 minuti\" \/>\n<script type=\"application\/ld+json\" class=\"yoast-schema-graph\">{\"@context\":\"https:\\\/\\\/schema.org\",\"@graph\":[{\"@type\":\"WebPage\",\"@id\":\"https:\\\/\\\/plazatorosmarbella.com\\\/it\\\/negozio-di-corride\\\/\",\"url\":\"https:\\\/\\\/plazatorosmarbella.com\\\/it\\\/negozio-di-corride\\\/\",\"name\":\"Negozio online di corrida di Marbella| Prodotti per la corrida\",\"isPartOf\":{\"@id\":\"https:\\\/\\\/plazatorosmarbella.com\\\/#website\"},\"datePublished\":\"2024-08-28T10:55:40+00:00\",\"dateModified\":\"2026-04-20T14:16:57+00:00\",\"description\":\"Negozio online di corrida specializzato in tutti i tipi di prodotti per la corrida per dilettanti o professionisti a Marbella [Artesan\u00edas Taurinas].\",\"breadcrumb\":{\"@id\":\"https:\\\/\\\/plazatorosmarbella.com\\\/it\\\/negozio-di-corride\\\/#breadcrumb\"},\"inLanguage\":\"it-IT\",\"potentialAction\":[{\"@type\":\"ReadAction\",\"target\":[\"https:\\\/\\\/plazatorosmarbella.com\\\/it\\\/negozio-di-corride\\\/\"]}]},{\"@type\":\"BreadcrumbList\",\"@id\":\"https:\\\/\\\/plazatorosmarbella.com\\\/it\\\/negozio-di-corride\\\/#breadcrumb\",\"itemListElement\":[{\"@type\":\"ListItem\",\"position\":1,\"name\":\"Portada\",\"item\":\"https:\\\/\\\/plazatorosmarbella.com\\\/it\\\/casa\\\/\"},{\"@type\":\"ListItem\",\"position\":2,\"name\":\"Negozio di corride\"}]},{\"@type\":\"WebSite\",\"@id\":\"https:\\\/\\\/plazatorosmarbella.com\\\/#website\",\"url\":\"https:\\\/\\\/plazatorosmarbella.com\\\/\",\"name\":\"Plaza Toros Marbella\",\"description\":\"P\u00e1gina Plaza de Toros de Marbella\",\"potentialAction\":[{\"@type\":\"SearchAction\",\"target\":{\"@type\":\"EntryPoint\",\"urlTemplate\":\"https:\\\/\\\/plazatorosmarbella.com\\\/?s={search_term_string}\"},\"query-input\":{\"@type\":\"PropertyValueSpecification\",\"valueRequired\":true,\"valueName\":\"search_term_string\"}}],\"inLanguage\":\"it-IT\"}]}<\/script>\n<!-- \/ Yoast SEO plugin. -->","yoast_head_json":{"title":"Negozio online di corrida di Marbella| Prodotti per la corrida","description":"Negozio online di corrida specializzato in tutti i tipi di prodotti per la corrida per dilettanti o professionisti a Marbella [Artesan\u00edas Taurinas].","robots":{"index":"index","follow":"follow","max-snippet":"max-snippet:-1","max-image-preview":"max-image-preview:large","max-video-preview":"max-video-preview:-1"},"canonical":"https:\/\/plazatorosmarbella.com\/it\/negozio-di-corride\/","og_locale":"it_IT","og_type":"article","og_title":"Negozio online di corrida di Marbella| Prodotti per la corrida","og_description":"Negozio online di corrida specializzato in tutti i tipi di prodotti per la corrida per dilettanti o professionisti a Marbella [Artesan\u00edas Taurinas].","og_url":"https:\/\/plazatorosmarbella.com\/it\/negozio-di-corride\/","og_site_name":"Plaza Toros Marbella","article_modified_time":"2026-04-20T14:16:57+00:00","twitter_card":"summary_large_image","twitter_misc":{"Tempo di lettura stimato":"4 minuti"},"schema":{"@context":"https:\/\/schema.org","@graph":[{"@type":"WebPage","@id":"https:\/\/plazatorosmarbella.com\/it\/negozio-di-corride\/","url":"https:\/\/plazatorosmarbella.com\/it\/negozio-di-corride\/","name":"Negozio online di corrida di Marbella| Prodotti per la corrida","isPartOf":{"@id":"https:\/\/plazatorosmarbella.com\/#website"},"datePublished":"2024-08-28T10:55:40+00:00","dateModified":"2026-04-20T14:16:57+00:00","description":"Negozio online di corrida specializzato in tutti i tipi di prodotti per la corrida per dilettanti o professionisti a Marbella [Artesan\u00edas Taurinas].","breadcrumb":{"@id":"https:\/\/plazatorosmarbella.com\/it\/negozio-di-corride\/#breadcrumb"},"inLanguage":"it-IT","potentialAction":[{"@type":"ReadAction","target":["https:\/\/plazatorosmarbella.com\/it\/negozio-di-corride\/"]}]},{"@type":"BreadcrumbList","@id":"https:\/\/plazatorosmarbella.com\/it\/negozio-di-corride\/#breadcrumb","itemListElement":[{"@type":"ListItem","position":1,"name":"Portada","item":"https:\/\/plazatorosmarbella.com\/it\/casa\/"},{"@type":"ListItem","position":2,"name":"Negozio di corride"}]},{"@type":"WebSite","@id":"https:\/\/plazatorosmarbella.com\/#website","url":"https:\/\/plazatorosmarbella.com\/","name":"Plaza Toros Marbella","description":"P\u00e1gina Plaza de Toros de Marbella","potentialAction":[{"@type":"SearchAction","target":{"@type":"EntryPoint","urlTemplate":"https:\/\/plazatorosmarbella.com\/?s={search_term_string}"},"query-input":{"@type":"PropertyValueSpecification","valueRequired":true,"valueName":"search_term_string"}}],"inLanguage":"it-IT"}]}},"_links":{"self":[{"href":"https:\/\/plazatorosmarbella.com\/it\/wp-json\/wp\/v2\/pages\/9022","targetHints":{"allow":["GET"]}}],"collection":[{"href":"https:\/\/plazatorosmarbella.com\/it\/wp-json\/wp\/v2\/pages"}],"about":[{"href":"https:\/\/plazatorosmarbella.com\/it\/wp-json\/wp\/v2\/types\/page"}],"author":[{"embeddable":true,"href":"https:\/\/plazatorosmarbella.com\/it\/wp-json\/wp\/v2\/users\/2"}],"replies":[{"embeddable":true,"href":"https:\/\/plazatorosmarbella.com\/it\/wp-json\/wp\/v2\/comments?post=9022"}],"version-history":[{"count":2,"href":"https:\/\/plazatorosmarbella.com\/it\/wp-json\/wp\/v2\/pages\/9022\/revisions"}],"predecessor-version":[{"id":9063,"href":"https:\/\/plazatorosmarbella.com\/it\/wp-json\/wp\/v2\/pages\/9022\/revisions\/9063"}],"wp:attachment":[{"href":"https:\/\/plazatorosmarbella.com\/it\/wp-json\/wp\/v2\/media?parent=9022"}],"curies":[{"name":"wp","href":"https:\/\/api.w.org\/{rel}","templated":true}]}}