{"id":9995,"date":"2026-04-20T23:56:57","date_gmt":"2026-04-20T21:56:57","guid":{"rendered":"https:\/\/plazatorosmarbella.com\/?post_type=product&#038;p=9995"},"modified":"2026-04-22T21:10:30","modified_gmt":"2026-04-22T19:10:30","slug":"tauromachie-7-aout","status":"publish","type":"product","link":"https:\/\/plazatorosmarbella.com\/fr\/producto\/tauromachie-7-aout\/","title":{"rendered":"Tauromachie 7 ao\u00fbt"},"content":{"rendered":"<section class=\"l-section wpb_row height_medium\"><div class=\"l-section-h i-cf\"><div class=\"g-cols vc_row via_grid cols_1 laptops-cols_inherit tablets-cols_inherit mobiles-cols_1 valign_top type_default stacking_default\"><div class=\"wpb_column vc_column_container\"><div class=\"vc_column-inner\"><div class=\"g-cols wpb_row via_grid cols_2 laptops-cols_inherit tablets-cols_inherit mobiles-cols_1 valign_top type_default stacking_default\" style=\"--columns-gap:3rem;\" id=\"espectaculo\"><div class=\"wpb_column vc_column_container\"><div class=\"vc_column-inner\"><div class=\"w-iconbox iconpos_left style_default color_primary align_left\"><div class=\"w-iconbox-icon\" style=\"font-size:2rem;\"><i class=\"fas fa-users\"><\/i><\/div><div class=\"w-iconbox-meta\"><h3 class=\"w-iconbox-title\">Les toreros participant \u00e0 l&rsquo;\u00e9v\u00e9nement :<\/h3><div class=\"w-iconbox-text\"><p>Morante, Manzanares et Aar\u00f3n Palacio<\/p>\n<\/div><\/div><\/div><\/div><\/div><div class=\"wpb_column vc_column_container\"><div class=\"vc_column-inner\"><div class=\"w-iconbox iconpos_left style_default color_primary align_left\"><div class=\"w-iconbox-icon\" style=\"font-size:2rem;\"><i class=\"fas fa-calendar\"><\/i><\/div><div class=\"w-iconbox-meta\"><h3 class=\"w-iconbox-title\">Quand commence-t-il ?<\/h3><div class=\"w-iconbox-text\"><div class=\"wpb_column vc_column_container\">\n<div class=\"vc_column-inner\">\n<div class=\"w-iconbox iconpos_left style_default color_primary align_left\">\n<div class=\"w-iconbox-meta\">\n<div class=\"w-iconbox-text\">\n<p>7 ao\u00fbt \u00e0 22h00<\/p>\n<\/div>\n<\/div>\n<\/div>\n<\/div>\n<\/div>\n<div class=\"wpb_column vc_column_container\">\n<div class=\"vc_column-inner\">\n<div class=\"w-image align_none\"><\/div>\n<\/div>\n<\/div>\n<\/div><\/div><\/div><\/div><\/div><\/div><div class=\"w-separator size_large\"><\/div><div class=\"g-cols wpb_row via_grid cols_1 laptops-cols_inherit tablets-cols_inherit mobiles-cols_1 valign_top type_default stacking_default\" style=\"--columns-gap:3rem;\" id=\"localidades\"><div class=\"wpb_column vc_column_container\"><div class=\"vc_column-inner\"><div class=\"wpb_text_column\"><div class=\"wpb_wrapper\"><h2>Types de billets disponibles<\/h2>\n<p>Dans les ar\u00e8nes de Marbella, vous pouvez trouver diff\u00e9rents types de places en fonction de la proximit\u00e9 de l&rsquo;ar\u00e8ne et de son orientation. Voici quelques-unes des places disponibles :<\/p>\n<ol>\n<li><strong>Barri\u00e8re :<\/strong> Il s&rsquo;agit des si\u00e8ges les plus proches des ar\u00e8nes, situ\u00e9s \u00e0 l&rsquo;avant. Elles offrent une vue privil\u00e9gi\u00e9e pour observer l&rsquo;habilet\u00e9 des matadors.<\/li>\n<li><strong>Contrabarrera :<\/strong> Ce sont les places les plus proches du ring. Elles offrent une vue privil\u00e9gi\u00e9e, mais avec une plus grande s\u00e9curit\u00e9.<\/li>\n<li><strong>Tendido :<\/strong> Ce sont les places interm\u00e9diaires, avec une vue l\u00e9g\u00e8rement plus haute et plus \u00e9loign\u00e9e de l&rsquo;ar\u00e8ne. Elles offrent n\u00e9anmoins une bonne vue sur les matadors en herbe.<\/li>\n<\/ol>\n<p>Enfin, les spectateurs pourront acheter leurs billets pour les corridas en fonction de la zone o\u00f9 ils sont assis.<\/p>\n<ul>\n<li><strong>Soleil :<\/strong> Ce sont g\u00e9n\u00e9ralement les entr\u00e9es les moins ch\u00e8res car elles sont situ\u00e9es dans la zone la plus ensoleill\u00e9e.<\/li>\n<li><strong>Sombra :<\/strong> Ce sont les plus ch\u00e8res, mais aussi les meilleures, car elles permettent de mieux voir la corrida et de mani\u00e8re plus confortable.<\/li>\n<\/ul>\n<\/div><\/div><\/div><\/div><\/div><\/div><\/div><\/div><\/div><\/section><section class=\"l-section wpb_row height_medium\"><div class=\"l-section-h i-cf\"><div class=\"g-cols vc_row via_grid cols_3 laptops-cols_inherit tablets-cols_inherit mobiles-cols_1 valign_middle type_default stacking_default\"><div class=\"wpb_column vc_column_container\"><div class=\"vc_column-inner\"><h2 class=\"w-text us_custom_3517658c\"><span class=\"w-text-h\"><span class=\"w-text-value\">Besoin d&rsquo;aide ?<\/span><\/span><\/h2><\/div><\/div><div class=\"wpb_column vc_column_container\"><div class=\"vc_column-inner\"><div class=\"w-iconbox iconpos_top style_default color_primary align_center\"><div class=\"w-iconbox-icon\" style=\"font-size:2rem;\"><i class=\"fas fa-envelope\"><\/i><\/div><div class=\"w-iconbox-meta\"><h4 class=\"w-iconbox-title\">Courriel<\/h4><div class=\"w-iconbox-text\"><p>info@plazatorosmarbella.com<\/p>\n<\/div><\/div><\/div><\/div><\/div><div class=\"wpb_column vc_column_container\"><div class=\"vc_column-inner\"><div class=\"w-iconbox iconpos_top style_default color_primary align_center\"><div class=\"w-iconbox-icon\" style=\"font-size:2rem;\"><i class=\"fas fa-phone\"><\/i><\/div><div class=\"w-iconbox-meta\"><h4 class=\"w-iconbox-title\">T\u00e9l\u00e9phone | Whatsapp<\/h4><div class=\"w-iconbox-text\"><p><a class=\"w-text-h\" href=\"tel:+34%20+34%20675%20247%20690\"><span class=\"w-text-value\">+34 +34 675 247 690<\/span><\/a><\/p>\n<\/div><\/div><\/div><\/div><\/div><\/div><\/div><\/section>\n","protected":false},"excerpt":{"rendered":"<ul>\n<li>Il s<strong>&lsquo;agit d&rsquo;une r\u00e9servation de billets non num\u00e9rot\u00e9s,<\/strong> les meilleures places disponibles seront attribu\u00e9es.<\/li>\n<li><strong>Si vous achetez plusieurs billets<\/strong>, vos places seront plac\u00e9es l&rsquo;une \u00e0 c\u00f4t\u00e9 de l&rsquo;autre.<\/li>\n<li>Les<strong> frais de traitement<\/strong> sont indiqu\u00e9s sur la page de paiement.<\/li>\n<\/ul>\n<p><a href=\"https:\/\/plazatorosmarbella.com\/fecha-de-entrega-y-comisiones\/\">Date de livraison, commissions et remboursements<\/a><\/p>\n","protected":false},"featured_media":10167,"comment_status":"open","ping_status":"closed","template":"","meta":[],"product_brand":[],"product_cat":[92],"product_tag":[],"class_list":{"0":"post-9995","1":"product","2":"type-product","3":"status-publish","4":"has-post-thumbnail","6":"product_cat-billets-individuels","8":"first","9":"instock","10":"taxable","11":"shipping-taxable","12":"purchasable","13":"product-type-variable"},"yoast_head":"<!-- This site is optimized with the Yoast SEO plugin v27.4 - https:\/\/yoast.com\/product\/yoast-seo-wordpress\/ -->\n<title>\u25b7 Tauromachie 7 ao\u00fbt | Ar\u00e8nes de Marbella<\/title>\n<meta name=\"description\" content=\"Billets en vente pour la corrida du 7 ao\u00fbt prochain dans les ar\u00e8nes de Marbella [Morante, Manzanares et Aar\u00f3n Palacio].\" \/>\n<meta name=\"robots\" content=\"index, follow, max-snippet:-1, max-image-preview:large, max-video-preview:-1\" \/>\n<link rel=\"canonical\" href=\"https:\/\/plazatorosmarbella.com\/fr\/producto\/tauromachie-7-aout\/\" \/>\n<meta property=\"og:locale\" content=\"fr_FR\" \/>\n<meta property=\"og:type\" content=\"article\" \/>\n<meta property=\"og:title\" content=\"\u25b7 Tauromachie 7 ao\u00fbt | Ar\u00e8nes de Marbella\" \/>\n<meta property=\"og:description\" content=\"Billets en vente pour la corrida du 7 ao\u00fbt prochain dans les ar\u00e8nes de Marbella [Morante, Manzanares et Aar\u00f3n Palacio].\" \/>\n<meta property=\"og:url\" content=\"https:\/\/plazatorosmarbella.com\/fr\/producto\/tauromachie-7-aout\/\" \/>\n<meta property=\"og:site_name\" content=\"Plaza Toros Marbella\" \/>\n<meta property=\"article:modified_time\" content=\"2026-04-22T19:10:30+00:00\" \/>\n<meta property=\"og:image\" content=\"https:\/\/plazatorosmarbella.com\/wp-content\/uploads\/2026\/04\/Corrida-toros-7-agosto.webp\" \/>\n\t<meta property=\"og:image:width\" content=\"500\" \/>\n\t<meta property=\"og:image:height\" content=\"500\" \/>\n\t<meta property=\"og:image:type\" content=\"image\/webp\" \/>\n<meta name=\"twitter:card\" content=\"summary_large_image\" \/>\n<meta name=\"twitter:label1\" content=\"Dur\u00e9e de lecture estim\u00e9e\" \/>\n\t<meta name=\"twitter:data1\" content=\"2 minutes\" \/>\n<script type=\"application\/ld+json\" class=\"yoast-schema-graph\">{\"@context\":\"https:\\\/\\\/schema.org\",\"@graph\":[{\"@type\":\"WebPage\",\"@id\":\"https:\\\/\\\/plazatorosmarbella.com\\\/fr\\\/producto\\\/tauromachie-7-aout\\\/\",\"url\":\"https:\\\/\\\/plazatorosmarbella.com\\\/fr\\\/producto\\\/tauromachie-7-aout\\\/\",\"name\":\"\u25b7 Tauromachie 7 ao\u00fbt | Ar\u00e8nes de Marbella\",\"isPartOf\":{\"@id\":\"https:\\\/\\\/plazatorosmarbella.com\\\/fr\\\/#website\"},\"primaryImageOfPage\":{\"@id\":\"https:\\\/\\\/plazatorosmarbella.com\\\/fr\\\/producto\\\/tauromachie-7-aout\\\/#primaryimage\"},\"image\":{\"@id\":\"https:\\\/\\\/plazatorosmarbella.com\\\/fr\\\/producto\\\/tauromachie-7-aout\\\/#primaryimage\"},\"thumbnailUrl\":\"https:\\\/\\\/plazatorosmarbella.com\\\/wp-content\\\/uploads\\\/2026\\\/04\\\/Corrida-toros-7-agosto.webp\",\"datePublished\":\"2026-04-20T21:56:57+00:00\",\"dateModified\":\"2026-04-22T19:10:30+00:00\",\"description\":\"Billets en vente pour la corrida du 7 ao\u00fbt prochain dans les ar\u00e8nes de Marbella [Morante, Manzanares et Aar\u00f3n Palacio].\",\"breadcrumb\":{\"@id\":\"https:\\\/\\\/plazatorosmarbella.com\\\/fr\\\/producto\\\/tauromachie-7-aout\\\/#breadcrumb\"},\"inLanguage\":\"fr-FR\",\"potentialAction\":[{\"@type\":\"ReadAction\",\"target\":[\"https:\\\/\\\/plazatorosmarbella.com\\\/fr\\\/producto\\\/tauromachie-7-aout\\\/\"]}]},{\"@type\":\"ImageObject\",\"inLanguage\":\"fr-FR\",\"@id\":\"https:\\\/\\\/plazatorosmarbella.com\\\/fr\\\/producto\\\/tauromachie-7-aout\\\/#primaryimage\",\"url\":\"https:\\\/\\\/plazatorosmarbella.com\\\/wp-content\\\/uploads\\\/2026\\\/04\\\/Corrida-toros-7-agosto.webp\",\"contentUrl\":\"https:\\\/\\\/plazatorosmarbella.com\\\/wp-content\\\/uploads\\\/2026\\\/04\\\/Corrida-toros-7-agosto.webp\",\"width\":500,\"height\":500,\"caption\":\"Tauromachie 7 ao\u00fbt Marbella\"},{\"@type\":\"BreadcrumbList\",\"@id\":\"https:\\\/\\\/plazatorosmarbella.com\\\/fr\\\/producto\\\/tauromachie-7-aout\\\/#breadcrumb\",\"itemListElement\":[{\"@type\":\"ListItem\",\"position\":1,\"name\":\"Portada\",\"item\":\"https:\\\/\\\/plazatorosmarbella.com\\\/fr\\\/\"},{\"@type\":\"ListItem\",\"position\":2,\"name\":\"Shop\",\"item\":\"https:\\\/\\\/plazatorosmarbella.com\\\/fr\\\/shop\\\/\"},{\"@type\":\"ListItem\",\"position\":3,\"name\":\"Tauromachie 7 ao\u00fbt\"}]},{\"@type\":\"WebSite\",\"@id\":\"https:\\\/\\\/plazatorosmarbella.com\\\/fr\\\/#website\",\"url\":\"https:\\\/\\\/plazatorosmarbella.com\\\/fr\\\/\",\"name\":\"Plaza Toros Marbella\",\"description\":\"P\u00e1gina Plaza de Toros de Marbella\",\"potentialAction\":[{\"@type\":\"SearchAction\",\"target\":{\"@type\":\"EntryPoint\",\"urlTemplate\":\"https:\\\/\\\/plazatorosmarbella.com\\\/fr\\\/?s={search_term_string}\"},\"query-input\":{\"@type\":\"PropertyValueSpecification\",\"valueRequired\":true,\"valueName\":\"search_term_string\"}}],\"inLanguage\":\"fr-FR\"}]}<\/script>\n<!-- \/ Yoast SEO plugin. -->","yoast_head_json":{"title":"\u25b7 Tauromachie 7 ao\u00fbt | Ar\u00e8nes de Marbella","description":"Billets en vente pour la corrida du 7 ao\u00fbt prochain dans les ar\u00e8nes de Marbella [Morante, Manzanares et Aar\u00f3n Palacio].","robots":{"index":"index","follow":"follow","max-snippet":"max-snippet:-1","max-image-preview":"max-image-preview:large","max-video-preview":"max-video-preview:-1"},"canonical":"https:\/\/plazatorosmarbella.com\/fr\/producto\/tauromachie-7-aout\/","og_locale":"fr_FR","og_type":"article","og_title":"\u25b7 Tauromachie 7 ao\u00fbt | Ar\u00e8nes de Marbella","og_description":"Billets en vente pour la corrida du 7 ao\u00fbt prochain dans les ar\u00e8nes de Marbella [Morante, Manzanares et Aar\u00f3n Palacio].","og_url":"https:\/\/plazatorosmarbella.com\/fr\/producto\/tauromachie-7-aout\/","og_site_name":"Plaza Toros Marbella","article_modified_time":"2026-04-22T19:10:30+00:00","og_image":[{"width":500,"height":500,"url":"https:\/\/plazatorosmarbella.com\/wp-content\/uploads\/2026\/04\/Corrida-toros-7-agosto.webp","type":"image\/webp"}],"twitter_card":"summary_large_image","twitter_misc":{"Dur\u00e9e de lecture estim\u00e9e":"2 minutes"},"schema":{"@context":"https:\/\/schema.org","@graph":[{"@type":"WebPage","@id":"https:\/\/plazatorosmarbella.com\/fr\/producto\/tauromachie-7-aout\/","url":"https:\/\/plazatorosmarbella.com\/fr\/producto\/tauromachie-7-aout\/","name":"\u25b7 Tauromachie 7 ao\u00fbt | Ar\u00e8nes de Marbella","isPartOf":{"@id":"https:\/\/plazatorosmarbella.com\/fr\/#website"},"primaryImageOfPage":{"@id":"https:\/\/plazatorosmarbella.com\/fr\/producto\/tauromachie-7-aout\/#primaryimage"},"image":{"@id":"https:\/\/plazatorosmarbella.com\/fr\/producto\/tauromachie-7-aout\/#primaryimage"},"thumbnailUrl":"https:\/\/plazatorosmarbella.com\/wp-content\/uploads\/2026\/04\/Corrida-toros-7-agosto.webp","datePublished":"2026-04-20T21:56:57+00:00","dateModified":"2026-04-22T19:10:30+00:00","description":"Billets en vente pour la corrida du 7 ao\u00fbt prochain dans les ar\u00e8nes de Marbella [Morante, Manzanares et Aar\u00f3n Palacio].","breadcrumb":{"@id":"https:\/\/plazatorosmarbella.com\/fr\/producto\/tauromachie-7-aout\/#breadcrumb"},"inLanguage":"fr-FR","potentialAction":[{"@type":"ReadAction","target":["https:\/\/plazatorosmarbella.com\/fr\/producto\/tauromachie-7-aout\/"]}]},{"@type":"ImageObject","inLanguage":"fr-FR","@id":"https:\/\/plazatorosmarbella.com\/fr\/producto\/tauromachie-7-aout\/#primaryimage","url":"https:\/\/plazatorosmarbella.com\/wp-content\/uploads\/2026\/04\/Corrida-toros-7-agosto.webp","contentUrl":"https:\/\/plazatorosmarbella.com\/wp-content\/uploads\/2026\/04\/Corrida-toros-7-agosto.webp","width":500,"height":500,"caption":"Tauromachie 7 ao\u00fbt Marbella"},{"@type":"BreadcrumbList","@id":"https:\/\/plazatorosmarbella.com\/fr\/producto\/tauromachie-7-aout\/#breadcrumb","itemListElement":[{"@type":"ListItem","position":1,"name":"Portada","item":"https:\/\/plazatorosmarbella.com\/fr\/"},{"@type":"ListItem","position":2,"name":"Shop","item":"https:\/\/plazatorosmarbella.com\/fr\/shop\/"},{"@type":"ListItem","position":3,"name":"Tauromachie 7 ao\u00fbt"}]},{"@type":"WebSite","@id":"https:\/\/plazatorosmarbella.com\/fr\/#website","url":"https:\/\/plazatorosmarbella.com\/fr\/","name":"Plaza Toros Marbella","description":"P\u00e1gina Plaza de Toros de Marbella","potentialAction":[{"@type":"SearchAction","target":{"@type":"EntryPoint","urlTemplate":"https:\/\/plazatorosmarbella.com\/fr\/?s={search_term_string}"},"query-input":{"@type":"PropertyValueSpecification","valueRequired":true,"valueName":"search_term_string"}}],"inLanguage":"fr-FR"}]}},"_links":{"self":[{"href":"https:\/\/plazatorosmarbella.com\/fr\/wp-json\/wp\/v2\/product\/9995","targetHints":{"allow":["GET"]}}],"collection":[{"href":"https:\/\/plazatorosmarbella.com\/fr\/wp-json\/wp\/v2\/product"}],"about":[{"href":"https:\/\/plazatorosmarbella.com\/fr\/wp-json\/wp\/v2\/types\/product"}],"replies":[{"embeddable":true,"href":"https:\/\/plazatorosmarbella.com\/fr\/wp-json\/wp\/v2\/comments?post=9995"}],"wp:featuredmedia":[{"embeddable":true,"href":"https:\/\/plazatorosmarbella.com\/fr\/wp-json\/wp\/v2\/media\/10167"}],"wp:attachment":[{"href":"https:\/\/plazatorosmarbella.com\/fr\/wp-json\/wp\/v2\/media?parent=9995"}],"wp:term":[{"taxonomy":"product_brand","embeddable":true,"href":"https:\/\/plazatorosmarbella.com\/fr\/wp-json\/wp\/v2\/product_brand?post=9995"},{"taxonomy":"product_cat","embeddable":true,"href":"https:\/\/plazatorosmarbella.com\/fr\/wp-json\/wp\/v2\/product_cat?post=9995"},{"taxonomy":"product_tag","embeddable":true,"href":"https:\/\/plazatorosmarbella.com\/fr\/wp-json\/wp\/v2\/product_tag?post=9995"}],"curies":[{"name":"wp","href":"https:\/\/api.w.org\/{rel}","templated":true}]}}