{"id":3071,"date":"2024-05-17T13:53:53","date_gmt":"2024-05-17T11:53:53","guid":{"rendered":"https:\/\/plazatorosmarbella.com\/producto\/loge-vip-corrida-du-8-juin\/"},"modified":"2026-04-22T16:01:58","modified_gmt":"2026-04-22T14:01:58","slug":"billets-dentree-vip","status":"publish","type":"product","link":"https:\/\/plazatorosmarbella.com\/fr\/producto\/billets-dentree-vip\/","title":{"rendered":"Billets d&rsquo;entr\u00e9e VIP"},"content":{"rendered":"<section class=\"l-section wpb_row height_medium\"><div class=\"l-section-h i-cf\"><div class=\"g-cols vc_row via_grid cols_1 laptops-cols_inherit tablets-cols_inherit mobiles-cols_1 valign_top type_default stacking_default\"><div class=\"wpb_column vc_column_container\"><div class=\"vc_column-inner\"><\/div><\/div><\/div><\/div><\/section>\n","protected":false},"excerpt":{"rendered":"<ul>\n<li>Billets d&rsquo;entr\u00e9e dans le premier niveau (ombre) des capes<\/li>\n<li>Entr\u00e9e sans file d&rsquo;attente par un portail sp\u00e9cial<\/li>\n<li>Serveur exclusif pour la bo\u00eete<\/li>\n<li>Nourriture et boissons premium illimit\u00e9es<\/li>\n<\/ul>\n","protected":false},"featured_media":2716,"comment_status":"open","ping_status":"closed","template":"","meta":[],"product_brand":[],"product_cat":[95],"product_tag":[],"class_list":{"0":"post-3071","1":"product","2":"type-product","3":"status-publish","4":"has-post-thumbnail","6":"product_cat-billets-vip","8":"first","9":"instock","10":"taxable","11":"shipping-taxable","12":"purchasable","13":"product-type-variable"},"yoast_head":"<!-- This site is optimized with the Yoast SEO plugin v27.4 - https:\/\/yoast.com\/product\/yoast-seo-wordpress\/ -->\n<title>Tickets VIP corrida corrida ar\u00e8nes de Marbella<\/title>\n<meta name=\"description\" content=\"Billets pour la loge VIP \u00e0 la corrida des ar\u00e8nes de Marbella | Affiches taurines confirm\u00e9es | Choisissez la date souhait\u00e9e\" \/>\n<meta name=\"robots\" content=\"index, follow, max-snippet:-1, max-image-preview:large, max-video-preview:-1\" \/>\n<link rel=\"canonical\" href=\"https:\/\/plazatorosmarbella.com\/fr\/producto\/billets-dentree-vip\/\" \/>\n<meta property=\"og:locale\" content=\"fr_FR\" \/>\n<meta property=\"og:type\" content=\"article\" \/>\n<meta property=\"og:title\" content=\"Tickets VIP corrida corrida ar\u00e8nes de Marbella\" \/>\n<meta property=\"og:description\" content=\"Billets pour la loge VIP \u00e0 la corrida des ar\u00e8nes de Marbella | Affiches taurines confirm\u00e9es | Choisissez la date souhait\u00e9e\" \/>\n<meta property=\"og:url\" content=\"https:\/\/plazatorosmarbella.com\/fr\/producto\/billets-dentree-vip\/\" \/>\n<meta property=\"og:site_name\" content=\"Plaza Toros Marbella\" \/>\n<meta property=\"article:modified_time\" content=\"2026-04-22T14:01:58+00:00\" \/>\n<meta property=\"og:image\" content=\"https:\/\/plazatorosmarbella.com\/wp-content\/uploads\/2024\/05\/Palcos-VIP.webp\" \/>\n\t<meta property=\"og:image:width\" content=\"900\" \/>\n\t<meta property=\"og:image:height\" content=\"900\" \/>\n\t<meta property=\"og:image:type\" content=\"image\/webp\" \/>\n<meta name=\"twitter:card\" content=\"summary_large_image\" \/>\n<meta name=\"twitter:label1\" content=\"Dur\u00e9e de lecture estim\u00e9e\" \/>\n\t<meta name=\"twitter:data1\" content=\"1 minute\" \/>\n<script type=\"application\/ld+json\" class=\"yoast-schema-graph\">{\"@context\":\"https:\\\/\\\/schema.org\",\"@graph\":[{\"@type\":\"WebPage\",\"@id\":\"https:\\\/\\\/plazatorosmarbella.com\\\/fr\\\/producto\\\/billets-dentree-vip\\\/\",\"url\":\"https:\\\/\\\/plazatorosmarbella.com\\\/fr\\\/producto\\\/billets-dentree-vip\\\/\",\"name\":\"Tickets VIP corrida corrida ar\u00e8nes de Marbella\",\"isPartOf\":{\"@id\":\"https:\\\/\\\/plazatorosmarbella.com\\\/fr\\\/#website\"},\"primaryImageOfPage\":{\"@id\":\"https:\\\/\\\/plazatorosmarbella.com\\\/fr\\\/producto\\\/billets-dentree-vip\\\/#primaryimage\"},\"image\":{\"@id\":\"https:\\\/\\\/plazatorosmarbella.com\\\/fr\\\/producto\\\/billets-dentree-vip\\\/#primaryimage\"},\"thumbnailUrl\":\"https:\\\/\\\/plazatorosmarbella.com\\\/wp-content\\\/uploads\\\/2024\\\/05\\\/Palcos-VIP.webp\",\"datePublished\":\"2024-05-17T11:53:53+00:00\",\"dateModified\":\"2026-04-22T14:01:58+00:00\",\"description\":\"Billets pour la loge VIP \u00e0 la corrida des ar\u00e8nes de Marbella | Affiches taurines confirm\u00e9es | Choisissez la date souhait\u00e9e\",\"breadcrumb\":{\"@id\":\"https:\\\/\\\/plazatorosmarbella.com\\\/fr\\\/producto\\\/billets-dentree-vip\\\/#breadcrumb\"},\"inLanguage\":\"fr-FR\",\"potentialAction\":[{\"@type\":\"ReadAction\",\"target\":[\"https:\\\/\\\/plazatorosmarbella.com\\\/fr\\\/producto\\\/billets-dentree-vip\\\/\"]}]},{\"@type\":\"ImageObject\",\"inLanguage\":\"fr-FR\",\"@id\":\"https:\\\/\\\/plazatorosmarbella.com\\\/fr\\\/producto\\\/billets-dentree-vip\\\/#primaryimage\",\"url\":\"https:\\\/\\\/plazatorosmarbella.com\\\/wp-content\\\/uploads\\\/2024\\\/05\\\/Palcos-VIP.webp\",\"contentUrl\":\"https:\\\/\\\/plazatorosmarbella.com\\\/wp-content\\\/uploads\\\/2024\\\/05\\\/Palcos-VIP.webp\",\"width\":900,\"height\":900,\"caption\":\"Bo\u00eetes VIP ar\u00e8nes de Marbella\"},{\"@type\":\"BreadcrumbList\",\"@id\":\"https:\\\/\\\/plazatorosmarbella.com\\\/fr\\\/producto\\\/billets-dentree-vip\\\/#breadcrumb\",\"itemListElement\":[{\"@type\":\"ListItem\",\"position\":1,\"name\":\"Portada\",\"item\":\"https:\\\/\\\/plazatorosmarbella.com\\\/fr\\\/\"},{\"@type\":\"ListItem\",\"position\":2,\"name\":\"Shop\",\"item\":\"https:\\\/\\\/plazatorosmarbella.com\\\/fr\\\/shop\\\/\"},{\"@type\":\"ListItem\",\"position\":3,\"name\":\"Billets d&#8217;entr\u00e9e VIP\"}]},{\"@type\":\"WebSite\",\"@id\":\"https:\\\/\\\/plazatorosmarbella.com\\\/fr\\\/#website\",\"url\":\"https:\\\/\\\/plazatorosmarbella.com\\\/fr\\\/\",\"name\":\"Plaza Toros Marbella\",\"description\":\"P\u00e1gina Plaza de Toros de Marbella\",\"potentialAction\":[{\"@type\":\"SearchAction\",\"target\":{\"@type\":\"EntryPoint\",\"urlTemplate\":\"https:\\\/\\\/plazatorosmarbella.com\\\/fr\\\/?s={search_term_string}\"},\"query-input\":{\"@type\":\"PropertyValueSpecification\",\"valueRequired\":true,\"valueName\":\"search_term_string\"}}],\"inLanguage\":\"fr-FR\"}]}<\/script>\n<!-- \/ Yoast SEO plugin. -->","yoast_head_json":{"title":"Tickets VIP corrida corrida ar\u00e8nes de Marbella","description":"Billets pour la loge VIP \u00e0 la corrida des ar\u00e8nes de Marbella | Affiches taurines confirm\u00e9es | Choisissez la date souhait\u00e9e","robots":{"index":"index","follow":"follow","max-snippet":"max-snippet:-1","max-image-preview":"max-image-preview:large","max-video-preview":"max-video-preview:-1"},"canonical":"https:\/\/plazatorosmarbella.com\/fr\/producto\/billets-dentree-vip\/","og_locale":"fr_FR","og_type":"article","og_title":"Tickets VIP corrida corrida ar\u00e8nes de Marbella","og_description":"Billets pour la loge VIP \u00e0 la corrida des ar\u00e8nes de Marbella | Affiches taurines confirm\u00e9es | Choisissez la date souhait\u00e9e","og_url":"https:\/\/plazatorosmarbella.com\/fr\/producto\/billets-dentree-vip\/","og_site_name":"Plaza Toros Marbella","article_modified_time":"2026-04-22T14:01:58+00:00","og_image":[{"width":900,"height":900,"url":"https:\/\/plazatorosmarbella.com\/wp-content\/uploads\/2024\/05\/Palcos-VIP.webp","type":"image\/webp"}],"twitter_card":"summary_large_image","twitter_misc":{"Dur\u00e9e de lecture estim\u00e9e":"1 minute"},"schema":{"@context":"https:\/\/schema.org","@graph":[{"@type":"WebPage","@id":"https:\/\/plazatorosmarbella.com\/fr\/producto\/billets-dentree-vip\/","url":"https:\/\/plazatorosmarbella.com\/fr\/producto\/billets-dentree-vip\/","name":"Tickets VIP corrida corrida ar\u00e8nes de Marbella","isPartOf":{"@id":"https:\/\/plazatorosmarbella.com\/fr\/#website"},"primaryImageOfPage":{"@id":"https:\/\/plazatorosmarbella.com\/fr\/producto\/billets-dentree-vip\/#primaryimage"},"image":{"@id":"https:\/\/plazatorosmarbella.com\/fr\/producto\/billets-dentree-vip\/#primaryimage"},"thumbnailUrl":"https:\/\/plazatorosmarbella.com\/wp-content\/uploads\/2024\/05\/Palcos-VIP.webp","datePublished":"2024-05-17T11:53:53+00:00","dateModified":"2026-04-22T14:01:58+00:00","description":"Billets pour la loge VIP \u00e0 la corrida des ar\u00e8nes de Marbella | Affiches taurines confirm\u00e9es | Choisissez la date souhait\u00e9e","breadcrumb":{"@id":"https:\/\/plazatorosmarbella.com\/fr\/producto\/billets-dentree-vip\/#breadcrumb"},"inLanguage":"fr-FR","potentialAction":[{"@type":"ReadAction","target":["https:\/\/plazatorosmarbella.com\/fr\/producto\/billets-dentree-vip\/"]}]},{"@type":"ImageObject","inLanguage":"fr-FR","@id":"https:\/\/plazatorosmarbella.com\/fr\/producto\/billets-dentree-vip\/#primaryimage","url":"https:\/\/plazatorosmarbella.com\/wp-content\/uploads\/2024\/05\/Palcos-VIP.webp","contentUrl":"https:\/\/plazatorosmarbella.com\/wp-content\/uploads\/2024\/05\/Palcos-VIP.webp","width":900,"height":900,"caption":"Bo\u00eetes VIP ar\u00e8nes de Marbella"},{"@type":"BreadcrumbList","@id":"https:\/\/plazatorosmarbella.com\/fr\/producto\/billets-dentree-vip\/#breadcrumb","itemListElement":[{"@type":"ListItem","position":1,"name":"Portada","item":"https:\/\/plazatorosmarbella.com\/fr\/"},{"@type":"ListItem","position":2,"name":"Shop","item":"https:\/\/plazatorosmarbella.com\/fr\/shop\/"},{"@type":"ListItem","position":3,"name":"Billets d&#8217;entr\u00e9e VIP"}]},{"@type":"WebSite","@id":"https:\/\/plazatorosmarbella.com\/fr\/#website","url":"https:\/\/plazatorosmarbella.com\/fr\/","name":"Plaza Toros Marbella","description":"P\u00e1gina Plaza de Toros de Marbella","potentialAction":[{"@type":"SearchAction","target":{"@type":"EntryPoint","urlTemplate":"https:\/\/plazatorosmarbella.com\/fr\/?s={search_term_string}"},"query-input":{"@type":"PropertyValueSpecification","valueRequired":true,"valueName":"search_term_string"}}],"inLanguage":"fr-FR"}]}},"_links":{"self":[{"href":"https:\/\/plazatorosmarbella.com\/fr\/wp-json\/wp\/v2\/product\/3071","targetHints":{"allow":["GET"]}}],"collection":[{"href":"https:\/\/plazatorosmarbella.com\/fr\/wp-json\/wp\/v2\/product"}],"about":[{"href":"https:\/\/plazatorosmarbella.com\/fr\/wp-json\/wp\/v2\/types\/product"}],"replies":[{"embeddable":true,"href":"https:\/\/plazatorosmarbella.com\/fr\/wp-json\/wp\/v2\/comments?post=3071"}],"wp:featuredmedia":[{"embeddable":true,"href":"https:\/\/plazatorosmarbella.com\/fr\/wp-json\/wp\/v2\/media\/2716"}],"wp:attachment":[{"href":"https:\/\/plazatorosmarbella.com\/fr\/wp-json\/wp\/v2\/media?parent=3071"}],"wp:term":[{"taxonomy":"product_brand","embeddable":true,"href":"https:\/\/plazatorosmarbella.com\/fr\/wp-json\/wp\/v2\/product_brand?post=3071"},{"taxonomy":"product_cat","embeddable":true,"href":"https:\/\/plazatorosmarbella.com\/fr\/wp-json\/wp\/v2\/product_cat?post=3071"},{"taxonomy":"product_tag","embeddable":true,"href":"https:\/\/plazatorosmarbella.com\/fr\/wp-json\/wp\/v2\/product_tag?post=3071"}],"curies":[{"name":"wp","href":"https:\/\/api.w.org\/{rel}","templated":true}]}}