{"id":2796,"date":"2024-05-17T12:01:40","date_gmt":"2024-05-17T10:01:40","guid":{"rendered":"https:\/\/plazatorosmarbella.com\/delivery-date-of-the-tickets-and-commissions\/"},"modified":"2024-05-22T13:47:55","modified_gmt":"2024-05-22T11:47:55","slug":"delivery-date-of-the-tickets-and-commissions","status":"publish","type":"page","link":"https:\/\/plazatorosmarbella.com\/en\/delivery-date-of-the-tickets-and-commissions\/","title":{"rendered":"Delivery date, commissions and returns"},"content":{"rendered":"<section class=\"l-section wpb_row height_medium\"><div class=\"l-section-h i-cf\"><div class=\"g-cols vc_row via_grid cols_1 laptops-cols_inherit tablets-cols_inherit mobiles-cols_1 valign_top type_default stacking_default\"><div class=\"wpb_column vc_column_container\"><div class=\"vc_column-inner\"><div class=\"wpb_text_column\"><div class=\"wpb_wrapper\"><h1>DELIVERY DATE AND COMMISSIONS FOR TICKETS<\/h1>\n<\/div><\/div><div class=\"w-separator size_medium\"><\/div><div class=\"g-cols wpb_row via_grid cols_1 laptops-cols_inherit tablets-cols_inherit mobiles-cols_1 valign_top type_default stacking_default\" style=\"--columns-gap:3rem;\"><div class=\"wpb_column vc_column_container\"><div class=\"vc_column-inner\"><div class=\"wpb_text_column\"><div class=\"wpb_wrapper\"><h3>Delivery Date:<\/h3>\n<p>Tickets will be sent in PDF format to email at least 2 days before the bullfighting event. We recommend checking your spam folder.<\/p>\n<\/div><\/div><div class=\"wpb_text_column\"><div class=\"wpb_wrapper\"><h3>Management Fees<\/h3>\n<p>Las entradas tienen una comisi\u00f3n ya incluida de 10% de gastos de emisi\u00f3n + 10% de gastos de gesti\u00f3n. When purchasing your ticket you will not have to pay anything else.<\/p>\n<\/div><\/div><div class=\"wpb_text_column\"><div class=\"wpb_wrapper\"><h3>Refunds<\/h3>\n<div>\n<div>Admission to the place and, where appropriate, the refund of the amount in accordance with current legislation. (Art. 70 RTA) is subject to having the official entry, complete, integral and not manipulated.<\/div>\n<\/div>\n<div><\/div>\n<div>\n<div>The period for the refund of the amount will begin from the moment the suspension, postponement or modification is announced and will end 4 days after the date set for the celebration of the show or 1 hour before the start of the show in case of modification (Art. 70 RTA) .<\/div>\n<div><\/div>\n<div>If the show is suspended for reasons not attributable to the company or due to bad weather, once the first bull comes out into the ring, the spectator will not have the right to any refund (Art. 70 RTA).<\/div>\n<\/div>\n<\/div><\/div><\/div><\/div><\/div><div class=\"w-separator size_medium\"><\/div><div class=\"w-hwrapper valign_top align_none\"><div class=\"w-btn-wrapper align_none\"><a class=\"w-btn us-btn-style_1\" href=\"https:\/\/plazatorosmarbella.com\/en\/marbella-bullfight-tickets\/\"><span class=\"w-btn-label\">Buy Tickets<\/span><\/a><\/div><div class=\"w-btn-wrapper align_none\"><a class=\"w-btn us-btn-style_1\" href=\"https:\/\/plazatorosmarbella.com\/en\/cart\/\"><span class=\"w-btn-label\">Go to the cart<\/span><\/a><\/div><\/div><\/div><\/div><\/div><\/div><\/section>\n","protected":false},"excerpt":{"rendered":"DELIVERY DATE AND COMMISSIONS FOR TICKETS Delivery Date: Tickets will be sent in PDF format to email at least 2 days before the bullfighting event. We recommend checking your spam folder. Management Fees Las entradas tienen una comisi\u00f3n ya incluida de 10% de gastos de emisi\u00f3n + 10% de gastos de gesti\u00f3n. When purchasing your...","protected":false},"author":2,"featured_media":0,"parent":0,"menu_order":0,"comment_status":"closed","ping_status":"closed","template":"","meta":{"footnotes":""},"class_list":["post-2796","page","type-page","status-publish","hentry"],"yoast_head":"<!-- This site is optimized with the Yoast SEO plugin v27.4 - https:\/\/yoast.com\/product\/yoast-seo-wordpress\/ -->\n<title>Delivery date, commissions and returns - Plaza Toros Marbella<\/title>\n<meta name=\"robots\" content=\"noindex, follow\" \/>\n<meta property=\"og:locale\" content=\"en_US\" \/>\n<meta property=\"og:type\" content=\"article\" \/>\n<meta property=\"og:title\" content=\"Delivery date, commissions and returns - Plaza Toros Marbella\" \/>\n<meta property=\"og:url\" content=\"https:\/\/plazatorosmarbella.com\/en\/delivery-date-of-the-tickets-and-commissions\/\" \/>\n<meta property=\"og:site_name\" content=\"Plaza Toros Marbella\" \/>\n<meta property=\"article:modified_time\" content=\"2024-05-22T11:47:55+00:00\" \/>\n<meta name=\"twitter:card\" content=\"summary_large_image\" \/>\n<meta name=\"twitter:label1\" content=\"Est. reading time\" \/>\n\t<meta name=\"twitter:data1\" content=\"1 minute\" \/>\n<script type=\"application\/ld+json\" class=\"yoast-schema-graph\">{\"@context\":\"https:\\\/\\\/schema.org\",\"@graph\":[{\"@type\":\"WebPage\",\"@id\":\"https:\\\/\\\/plazatorosmarbella.com\\\/en\\\/delivery-date-of-the-tickets-and-commissions\\\/\",\"url\":\"https:\\\/\\\/plazatorosmarbella.com\\\/en\\\/delivery-date-of-the-tickets-and-commissions\\\/\",\"name\":\"Delivery date, commissions and returns - Plaza Toros Marbella\",\"isPartOf\":{\"@id\":\"https:\\\/\\\/plazatorosmarbella.com\\\/#website\"},\"datePublished\":\"2024-05-17T10:01:40+00:00\",\"dateModified\":\"2024-05-22T11:47:55+00:00\",\"breadcrumb\":{\"@id\":\"https:\\\/\\\/plazatorosmarbella.com\\\/en\\\/delivery-date-of-the-tickets-and-commissions\\\/#breadcrumb\"},\"inLanguage\":\"en-US\",\"potentialAction\":[{\"@type\":\"ReadAction\",\"target\":[\"https:\\\/\\\/plazatorosmarbella.com\\\/en\\\/delivery-date-of-the-tickets-and-commissions\\\/\"]}]},{\"@type\":\"BreadcrumbList\",\"@id\":\"https:\\\/\\\/plazatorosmarbella.com\\\/en\\\/delivery-date-of-the-tickets-and-commissions\\\/#breadcrumb\",\"itemListElement\":[{\"@type\":\"ListItem\",\"position\":1,\"name\":\"Portada\",\"item\":\"https:\\\/\\\/plazatorosmarbella.com\\\/en\\\/\"},{\"@type\":\"ListItem\",\"position\":2,\"name\":\"Delivery date, commissions and returns\"}]},{\"@type\":\"WebSite\",\"@id\":\"https:\\\/\\\/plazatorosmarbella.com\\\/#website\",\"url\":\"https:\\\/\\\/plazatorosmarbella.com\\\/\",\"name\":\"Plaza Toros Marbella\",\"description\":\"P\u00e1gina Plaza de Toros de Marbella\",\"potentialAction\":[{\"@type\":\"SearchAction\",\"target\":{\"@type\":\"EntryPoint\",\"urlTemplate\":\"https:\\\/\\\/plazatorosmarbella.com\\\/?s={search_term_string}\"},\"query-input\":{\"@type\":\"PropertyValueSpecification\",\"valueRequired\":true,\"valueName\":\"search_term_string\"}}],\"inLanguage\":\"en-US\"}]}<\/script>\n<!-- \/ Yoast SEO plugin. -->","yoast_head_json":{"title":"Delivery date, commissions and returns - Plaza Toros Marbella","robots":{"index":"noindex","follow":"follow"},"og_locale":"en_US","og_type":"article","og_title":"Delivery date, commissions and returns - Plaza Toros Marbella","og_url":"https:\/\/plazatorosmarbella.com\/en\/delivery-date-of-the-tickets-and-commissions\/","og_site_name":"Plaza Toros Marbella","article_modified_time":"2024-05-22T11:47:55+00:00","twitter_card":"summary_large_image","twitter_misc":{"Est. reading time":"1 minute"},"schema":{"@context":"https:\/\/schema.org","@graph":[{"@type":"WebPage","@id":"https:\/\/plazatorosmarbella.com\/en\/delivery-date-of-the-tickets-and-commissions\/","url":"https:\/\/plazatorosmarbella.com\/en\/delivery-date-of-the-tickets-and-commissions\/","name":"Delivery date, commissions and returns - Plaza Toros Marbella","isPartOf":{"@id":"https:\/\/plazatorosmarbella.com\/#website"},"datePublished":"2024-05-17T10:01:40+00:00","dateModified":"2024-05-22T11:47:55+00:00","breadcrumb":{"@id":"https:\/\/plazatorosmarbella.com\/en\/delivery-date-of-the-tickets-and-commissions\/#breadcrumb"},"inLanguage":"en-US","potentialAction":[{"@type":"ReadAction","target":["https:\/\/plazatorosmarbella.com\/en\/delivery-date-of-the-tickets-and-commissions\/"]}]},{"@type":"BreadcrumbList","@id":"https:\/\/plazatorosmarbella.com\/en\/delivery-date-of-the-tickets-and-commissions\/#breadcrumb","itemListElement":[{"@type":"ListItem","position":1,"name":"Portada","item":"https:\/\/plazatorosmarbella.com\/en\/"},{"@type":"ListItem","position":2,"name":"Delivery date, commissions and returns"}]},{"@type":"WebSite","@id":"https:\/\/plazatorosmarbella.com\/#website","url":"https:\/\/plazatorosmarbella.com\/","name":"Plaza Toros Marbella","description":"P\u00e1gina Plaza de Toros de Marbella","potentialAction":[{"@type":"SearchAction","target":{"@type":"EntryPoint","urlTemplate":"https:\/\/plazatorosmarbella.com\/?s={search_term_string}"},"query-input":{"@type":"PropertyValueSpecification","valueRequired":true,"valueName":"search_term_string"}}],"inLanguage":"en-US"}]}},"_links":{"self":[{"href":"https:\/\/plazatorosmarbella.com\/en\/wp-json\/wp\/v2\/pages\/2796","targetHints":{"allow":["GET"]}}],"collection":[{"href":"https:\/\/plazatorosmarbella.com\/en\/wp-json\/wp\/v2\/pages"}],"about":[{"href":"https:\/\/plazatorosmarbella.com\/en\/wp-json\/wp\/v2\/types\/page"}],"author":[{"embeddable":true,"href":"https:\/\/plazatorosmarbella.com\/en\/wp-json\/wp\/v2\/users\/2"}],"replies":[{"embeddable":true,"href":"https:\/\/plazatorosmarbella.com\/en\/wp-json\/wp\/v2\/comments?post=2796"}],"version-history":[{"count":10,"href":"https:\/\/plazatorosmarbella.com\/en\/wp-json\/wp\/v2\/pages\/2796\/revisions"}],"predecessor-version":[{"id":3182,"href":"https:\/\/plazatorosmarbella.com\/en\/wp-json\/wp\/v2\/pages\/2796\/revisions\/3182"}],"wp:attachment":[{"href":"https:\/\/plazatorosmarbella.com\/en\/wp-json\/wp\/v2\/media?parent=2796"}],"curies":[{"name":"wp","href":"https:\/\/api.w.org\/{rel}","templated":true}]}}