{"id":10432,"date":"2024-05-17T13:53:53","date_gmt":"2024-05-17T11:53:53","guid":{"rendered":"https:\/\/plazatorosmarbella.com\/producto\/vip-logenkarten\/"},"modified":"2026-04-21T10:44:05","modified_gmt":"2026-04-21T08:44:05","slug":"vip-logenkarten","status":"publish","type":"product","link":"https:\/\/plazatorosmarbella.com\/de\/producto\/vip-logenkarten\/","title":{"rendered":"VIP-Logenkarten"},"content":{"rendered":"<section class=\"l-section wpb_row height_medium\"><div class=\"l-section-h i-cf\"><div class=\"g-cols vc_row via_grid cols_1 laptops-cols_inherit tablets-cols_inherit mobiles-cols_1 valign_top type_default stacking_default\"><div class=\"wpb_column vc_column_container\"><div class=\"vc_column-inner\"><\/div><\/div><\/div><\/div><\/section>\n","protected":false},"excerpt":{"rendered":"<ul>\n<li>Logenpl\u00e4tze im ersten Rang (Schatten) von Capes<\/li>\n<li>Warteschlangenfreier Zugang durch ein spezielles Tor<\/li>\n<li>Exklusiver Kellner f\u00fcr die Box<\/li>\n<li>Unbegrenzt hochwertige Speisen und Getr\u00e4nke<\/li>\n<\/ul>\n","protected":false},"featured_media":4856,"comment_status":"open","ping_status":"closed","template":"","meta":[],"product_brand":[],"product_cat":[155],"product_tag":[],"class_list":{"0":"post-10432","1":"product","2":"type-product","3":"status-publish","4":"has-post-thumbnail","6":"product_cat-vip-tickets-de","8":"first","9":"instock","10":"taxable","11":"shipping-taxable","12":"purchasable","13":"product-type-variable"},"yoast_head":"<!-- This site is optimized with the Yoast SEO plugin v27.4 - https:\/\/yoast.com\/product\/yoast-seo-wordpress\/ -->\n<title>Stierkampf VIP-Logen Tickets Stierkampf Stierkampfarena Marbella<\/title>\n<meta name=\"description\" content=\"Tickets f\u00fcr die VIP-Loge beim Stierkampf in der Stierkampfarena von Marbella | Best\u00e4tigte Stierkampfplakate | W\u00e4hlen Sie Ihr Wunschdatum\" \/>\n<meta name=\"robots\" content=\"index, follow, max-snippet:-1, max-image-preview:large, max-video-preview:-1\" \/>\n<link rel=\"canonical\" href=\"https:\/\/plazatorosmarbella.com\/de\/producto\/vip-logenkarten\/\" \/>\n<meta property=\"og:locale\" content=\"de_DE\" \/>\n<meta property=\"og:type\" content=\"article\" \/>\n<meta property=\"og:title\" content=\"Stierkampf VIP-Logen Tickets Stierkampf Stierkampfarena Marbella\" \/>\n<meta property=\"og:description\" content=\"Tickets f\u00fcr die VIP-Loge beim Stierkampf in der Stierkampfarena von Marbella | Best\u00e4tigte Stierkampfplakate | W\u00e4hlen Sie Ihr Wunschdatum\" \/>\n<meta property=\"og:url\" content=\"https:\/\/plazatorosmarbella.com\/de\/producto\/vip-logenkarten\/\" \/>\n<meta property=\"og:site_name\" content=\"Plaza Toros Marbella\" \/>\n<meta property=\"article:modified_time\" content=\"2026-04-21T08:44:05+00:00\" \/>\n<meta property=\"og:image\" content=\"https:\/\/plazatorosmarbella.com\/wp-content\/uploads\/2024\/05\/Palcos-VIP.webp\" \/>\n\t<meta property=\"og:image:width\" content=\"900\" \/>\n\t<meta property=\"og:image:height\" content=\"900\" \/>\n\t<meta property=\"og:image:type\" content=\"image\/webp\" \/>\n<meta name=\"twitter:card\" content=\"summary_large_image\" \/>\n<script type=\"application\/ld+json\" class=\"yoast-schema-graph\">{\"@context\":\"https:\\\/\\\/schema.org\",\"@graph\":[{\"@type\":\"WebPage\",\"@id\":\"https:\\\/\\\/plazatorosmarbella.com\\\/de\\\/producto\\\/vip-logenkarten\\\/\",\"url\":\"https:\\\/\\\/plazatorosmarbella.com\\\/de\\\/producto\\\/vip-logenkarten\\\/\",\"name\":\"Stierkampf VIP-Logen Tickets Stierkampf Stierkampfarena Marbella\",\"isPartOf\":{\"@id\":\"https:\\\/\\\/plazatorosmarbella.com\\\/de\\\/#website\"},\"primaryImageOfPage\":{\"@id\":\"https:\\\/\\\/plazatorosmarbella.com\\\/de\\\/producto\\\/vip-logenkarten\\\/#primaryimage\"},\"image\":{\"@id\":\"https:\\\/\\\/plazatorosmarbella.com\\\/de\\\/producto\\\/vip-logenkarten\\\/#primaryimage\"},\"thumbnailUrl\":\"https:\\\/\\\/plazatorosmarbella.com\\\/wp-content\\\/uploads\\\/2024\\\/05\\\/Palcos-VIP.webp\",\"datePublished\":\"2024-05-17T11:53:53+00:00\",\"dateModified\":\"2026-04-21T08:44:05+00:00\",\"description\":\"Tickets f\u00fcr die VIP-Loge beim Stierkampf in der Stierkampfarena von Marbella | Best\u00e4tigte Stierkampfplakate | W\u00e4hlen Sie Ihr Wunschdatum\",\"breadcrumb\":{\"@id\":\"https:\\\/\\\/plazatorosmarbella.com\\\/de\\\/producto\\\/vip-logenkarten\\\/#breadcrumb\"},\"inLanguage\":\"de\",\"potentialAction\":[{\"@type\":\"ReadAction\",\"target\":[\"https:\\\/\\\/plazatorosmarbella.com\\\/de\\\/producto\\\/vip-logenkarten\\\/\"]}]},{\"@type\":\"ImageObject\",\"inLanguage\":\"de\",\"@id\":\"https:\\\/\\\/plazatorosmarbella.com\\\/de\\\/producto\\\/vip-logenkarten\\\/#primaryimage\",\"url\":\"https:\\\/\\\/plazatorosmarbella.com\\\/wp-content\\\/uploads\\\/2024\\\/05\\\/Palcos-VIP.webp\",\"contentUrl\":\"https:\\\/\\\/plazatorosmarbella.com\\\/wp-content\\\/uploads\\\/2024\\\/05\\\/Palcos-VIP.webp\",\"width\":900,\"height\":900,\"caption\":\"VIP-Logen Marbella Stierkampfarena\"},{\"@type\":\"BreadcrumbList\",\"@id\":\"https:\\\/\\\/plazatorosmarbella.com\\\/de\\\/producto\\\/vip-logenkarten\\\/#breadcrumb\",\"itemListElement\":[{\"@type\":\"ListItem\",\"position\":1,\"name\":\"Portada\",\"item\":\"https:\\\/\\\/plazatorosmarbella.com\\\/de\\\/\"},{\"@type\":\"ListItem\",\"position\":2,\"name\":\"\u041c\u0430\u0433\u0430\u0437\u0438\u043d\",\"item\":\"https:\\\/\\\/plazatorosmarbella.com\\\/%d0%bc%d0%b0%d0%b3%d0%b0%d0%b7%d0%b8%d0%bd\\\/\"},{\"@type\":\"ListItem\",\"position\":3,\"name\":\"VIP-Logenkarten\"}]},{\"@type\":\"WebSite\",\"@id\":\"https:\\\/\\\/plazatorosmarbella.com\\\/de\\\/#website\",\"url\":\"https:\\\/\\\/plazatorosmarbella.com\\\/de\\\/\",\"name\":\"Plaza Toros Marbella\",\"description\":\"P\u00e1gina Plaza de Toros de Marbella\",\"potentialAction\":[{\"@type\":\"SearchAction\",\"target\":{\"@type\":\"EntryPoint\",\"urlTemplate\":\"https:\\\/\\\/plazatorosmarbella.com\\\/de\\\/?s={search_term_string}\"},\"query-input\":{\"@type\":\"PropertyValueSpecification\",\"valueRequired\":true,\"valueName\":\"search_term_string\"}}],\"inLanguage\":\"de\"}]}<\/script>\n<!-- \/ Yoast SEO plugin. -->","yoast_head_json":{"title":"Stierkampf VIP-Logen Tickets Stierkampf Stierkampfarena Marbella","description":"Tickets f\u00fcr die VIP-Loge beim Stierkampf in der Stierkampfarena von Marbella | Best\u00e4tigte Stierkampfplakate | W\u00e4hlen Sie Ihr Wunschdatum","robots":{"index":"index","follow":"follow","max-snippet":"max-snippet:-1","max-image-preview":"max-image-preview:large","max-video-preview":"max-video-preview:-1"},"canonical":"https:\/\/plazatorosmarbella.com\/de\/producto\/vip-logenkarten\/","og_locale":"de_DE","og_type":"article","og_title":"Stierkampf VIP-Logen Tickets Stierkampf Stierkampfarena Marbella","og_description":"Tickets f\u00fcr die VIP-Loge beim Stierkampf in der Stierkampfarena von Marbella | Best\u00e4tigte Stierkampfplakate | W\u00e4hlen Sie Ihr Wunschdatum","og_url":"https:\/\/plazatorosmarbella.com\/de\/producto\/vip-logenkarten\/","og_site_name":"Plaza Toros Marbella","article_modified_time":"2026-04-21T08:44:05+00:00","og_image":[{"width":900,"height":900,"url":"https:\/\/plazatorosmarbella.com\/wp-content\/uploads\/2024\/05\/Palcos-VIP.webp","type":"image\/webp"}],"twitter_card":"summary_large_image","schema":{"@context":"https:\/\/schema.org","@graph":[{"@type":"WebPage","@id":"https:\/\/plazatorosmarbella.com\/de\/producto\/vip-logenkarten\/","url":"https:\/\/plazatorosmarbella.com\/de\/producto\/vip-logenkarten\/","name":"Stierkampf VIP-Logen Tickets Stierkampf Stierkampfarena Marbella","isPartOf":{"@id":"https:\/\/plazatorosmarbella.com\/de\/#website"},"primaryImageOfPage":{"@id":"https:\/\/plazatorosmarbella.com\/de\/producto\/vip-logenkarten\/#primaryimage"},"image":{"@id":"https:\/\/plazatorosmarbella.com\/de\/producto\/vip-logenkarten\/#primaryimage"},"thumbnailUrl":"https:\/\/plazatorosmarbella.com\/wp-content\/uploads\/2024\/05\/Palcos-VIP.webp","datePublished":"2024-05-17T11:53:53+00:00","dateModified":"2026-04-21T08:44:05+00:00","description":"Tickets f\u00fcr die VIP-Loge beim Stierkampf in der Stierkampfarena von Marbella | Best\u00e4tigte Stierkampfplakate | W\u00e4hlen Sie Ihr Wunschdatum","breadcrumb":{"@id":"https:\/\/plazatorosmarbella.com\/de\/producto\/vip-logenkarten\/#breadcrumb"},"inLanguage":"de","potentialAction":[{"@type":"ReadAction","target":["https:\/\/plazatorosmarbella.com\/de\/producto\/vip-logenkarten\/"]}]},{"@type":"ImageObject","inLanguage":"de","@id":"https:\/\/plazatorosmarbella.com\/de\/producto\/vip-logenkarten\/#primaryimage","url":"https:\/\/plazatorosmarbella.com\/wp-content\/uploads\/2024\/05\/Palcos-VIP.webp","contentUrl":"https:\/\/plazatorosmarbella.com\/wp-content\/uploads\/2024\/05\/Palcos-VIP.webp","width":900,"height":900,"caption":"VIP-Logen Marbella Stierkampfarena"},{"@type":"BreadcrumbList","@id":"https:\/\/plazatorosmarbella.com\/de\/producto\/vip-logenkarten\/#breadcrumb","itemListElement":[{"@type":"ListItem","position":1,"name":"Portada","item":"https:\/\/plazatorosmarbella.com\/de\/"},{"@type":"ListItem","position":2,"name":"\u041c\u0430\u0433\u0430\u0437\u0438\u043d","item":"https:\/\/plazatorosmarbella.com\/%d0%bc%d0%b0%d0%b3%d0%b0%d0%b7%d0%b8%d0%bd\/"},{"@type":"ListItem","position":3,"name":"VIP-Logenkarten"}]},{"@type":"WebSite","@id":"https:\/\/plazatorosmarbella.com\/de\/#website","url":"https:\/\/plazatorosmarbella.com\/de\/","name":"Plaza Toros Marbella","description":"P\u00e1gina Plaza de Toros de Marbella","potentialAction":[{"@type":"SearchAction","target":{"@type":"EntryPoint","urlTemplate":"https:\/\/plazatorosmarbella.com\/de\/?s={search_term_string}"},"query-input":{"@type":"PropertyValueSpecification","valueRequired":true,"valueName":"search_term_string"}}],"inLanguage":"de"}]}},"_links":{"self":[{"href":"https:\/\/plazatorosmarbella.com\/de\/wp-json\/wp\/v2\/product\/10432","targetHints":{"allow":["GET"]}}],"collection":[{"href":"https:\/\/plazatorosmarbella.com\/de\/wp-json\/wp\/v2\/product"}],"about":[{"href":"https:\/\/plazatorosmarbella.com\/de\/wp-json\/wp\/v2\/types\/product"}],"replies":[{"embeddable":true,"href":"https:\/\/plazatorosmarbella.com\/de\/wp-json\/wp\/v2\/comments?post=10432"}],"wp:featuredmedia":[{"embeddable":true,"href":"https:\/\/plazatorosmarbella.com\/de\/wp-json\/wp\/v2\/media\/4856"}],"wp:attachment":[{"href":"https:\/\/plazatorosmarbella.com\/de\/wp-json\/wp\/v2\/media?parent=10432"}],"wp:term":[{"taxonomy":"product_brand","embeddable":true,"href":"https:\/\/plazatorosmarbella.com\/de\/wp-json\/wp\/v2\/product_brand?post=10432"},{"taxonomy":"product_cat","embeddable":true,"href":"https:\/\/plazatorosmarbella.com\/de\/wp-json\/wp\/v2\/product_cat?post=10432"},{"taxonomy":"product_tag","embeddable":true,"href":"https:\/\/plazatorosmarbella.com\/de\/wp-json\/wp\/v2\/product_tag?post=10432"}],"curies":[{"name":"wp","href":"https:\/\/api.w.org\/{rel}","templated":true}]}}