{"id":10011,"date":"2026-04-20T23:56:57","date_gmt":"2026-04-20T21:56:57","guid":{"rendered":"https:\/\/plazatorosmarbella.com\/?post_type=product&#038;p=10011"},"modified":"2026-04-22T16:12:46","modified_gmt":"2026-04-22T14:12:46","slug":"stierkampf-7-august","status":"publish","type":"product","link":"https:\/\/plazatorosmarbella.com\/de\/producto\/stierkampf-7-august\/","title":{"rendered":"Stierkampf 7. August"},"content":{"rendered":"<section class=\"l-section wpb_row height_medium\"><div class=\"l-section-h i-cf\"><div class=\"g-cols vc_row via_grid cols_1 laptops-cols_inherit tablets-cols_inherit mobiles-cols_1 valign_top type_default stacking_default\"><div class=\"wpb_column vc_column_container\"><div class=\"vc_column-inner\"><div class=\"g-cols wpb_row via_grid cols_2 laptops-cols_inherit tablets-cols_inherit mobiles-cols_1 valign_top type_default stacking_default\" style=\"--columns-gap:3rem;\" id=\"espectaculo\"><div class=\"wpb_column vc_column_container\"><div class=\"vc_column-inner\"><div class=\"w-iconbox iconpos_left style_default color_primary align_left\"><div class=\"w-iconbox-icon\" style=\"font-size:2rem;\"><i class=\"fas fa-users\"><\/i><\/div><div class=\"w-iconbox-meta\"><h3 class=\"w-iconbox-title\">Teilnehmende Stierk\u00e4mpfer:<\/h3><div class=\"w-iconbox-text\"><p>Morante, Manzanares und Aar\u00f3n Palacio<\/p>\n<\/div><\/div><\/div><\/div><\/div><div class=\"wpb_column vc_column_container\"><div class=\"vc_column-inner\"><div class=\"w-iconbox iconpos_left style_default color_primary align_left\"><div class=\"w-iconbox-icon\" style=\"font-size:2rem;\"><i class=\"fas fa-calendar\"><\/i><\/div><div class=\"w-iconbox-meta\"><h3 class=\"w-iconbox-title\">Wann beginnt sie?<\/h3><div class=\"w-iconbox-text\"><div class=\"wpb_column vc_column_container\">\n<div class=\"vc_column-inner\">\n<div class=\"w-iconbox iconpos_left style_default color_primary align_left\">\n<div class=\"w-iconbox-meta\">\n<div class=\"w-iconbox-text\">\n<p>7. August um 22:00h<\/p>\n<\/div>\n<\/div>\n<\/div>\n<\/div>\n<\/div>\n<div class=\"wpb_column vc_column_container\">\n<div class=\"vc_column-inner\">\n<div class=\"w-image align_none\"><\/div>\n<\/div>\n<\/div>\n<\/div><\/div><\/div><\/div><\/div><\/div><div class=\"w-separator size_large\"><\/div><div class=\"g-cols wpb_row via_grid cols_1 laptops-cols_inherit tablets-cols_inherit mobiles-cols_1 valign_top type_default stacking_default\" style=\"--columns-gap:3rem;\" id=\"localidades\"><div class=\"wpb_column vc_column_container\"><div class=\"vc_column-inner\"><div class=\"wpb_text_column\"><div class=\"wpb_wrapper\"><h2>Verf\u00fcgbare Arten von Tickets<\/h2>\n<p>In der Stierkampfarena von Marbella finden Sie verschiedene Arten von Sitzpl\u00e4tzen, je nach N\u00e4he zur Stierkampfarena und deren Ausrichtung. Einige der verf\u00fcgbaren Pl\u00e4tze sind:<\/p>\n<ol>\n<li><strong>Barriere:<\/strong> Dies sind die Pl\u00e4tze, die der Stierkampfarena am n\u00e4chsten sind und sich im vorderen Bereich befinden. Sie bieten einen privilegierten Blick, um das K\u00f6nnen der Matadore zu beobachten.<\/li>\n<li><strong>Contrabarrera:<\/strong> Dies sind die n\u00e4chsten Pl\u00e4tze, die dem Ring am n\u00e4chsten sind. Sie haben eine privilegierte Sicht, aber mehr Sicherheit.<\/li>\n<li><strong>Tendido:<\/strong> Dies sind die mittleren Pl\u00e4tze, mit einer etwas h\u00f6heren Aussicht und weiter entfernt von der Stierkampfarena. Trotzdem haben Sie einen guten Blick auf die angehenden Matadore.<\/li>\n<\/ol>\n<p>Schlie\u00dflich k\u00f6nnen die Zuschauer ihre Eintrittskarten f\u00fcr die Stierk\u00e4mpfe je nach dem Bereich, in dem sie sitzen, kaufen.<\/p>\n<ul>\n<li><strong>Sonne:<\/strong> Dies sind in der Regel die g\u00fcnstigsten Eing\u00e4nge, da sie sich in der sonnigsten Gegend befinden.<\/li>\n<li><strong>Sombra:<\/strong> Diese sind die teuersten, aber auch die besten, da sie einen besseren und bequemeren Blick auf den Stierkampf erm\u00f6glichen.<\/li>\n<\/ul>\n<\/div><\/div><\/div><\/div><\/div><\/div><\/div><\/div><\/div><\/section><section class=\"l-section wpb_row height_medium\"><div class=\"l-section-h i-cf\"><div class=\"g-cols vc_row via_grid cols_3 laptops-cols_inherit tablets-cols_inherit mobiles-cols_1 valign_middle type_default stacking_default\"><div class=\"wpb_column vc_column_container\"><div class=\"vc_column-inner\"><h2 class=\"w-text us_custom_3517658c\"><span class=\"w-text-h\"><span class=\"w-text-value\">Brauchen Sie Hilfe?<\/span><\/span><\/h2><\/div><\/div><div class=\"wpb_column vc_column_container\"><div class=\"vc_column-inner\"><div class=\"w-iconbox iconpos_top style_default color_primary align_center\"><div class=\"w-iconbox-icon\" style=\"font-size:2rem;\"><i class=\"fas fa-envelope\"><\/i><\/div><div class=\"w-iconbox-meta\"><h4 class=\"w-iconbox-title\">E-Mail<\/h4><div class=\"w-iconbox-text\"><p>info@plazatorosmarbella.com<\/p>\n<\/div><\/div><\/div><\/div><\/div><div class=\"wpb_column vc_column_container\"><div class=\"vc_column-inner\"><div class=\"w-iconbox iconpos_top style_default color_primary align_center\"><div class=\"w-iconbox-icon\" style=\"font-size:2rem;\"><i class=\"fas fa-phone\"><\/i><\/div><div class=\"w-iconbox-meta\"><h4 class=\"w-iconbox-title\">Telefon | Whatsapp<\/h4><div class=\"w-iconbox-text\"><p><a class=\"w-text-h\" href=\"tel:+34%20+34%20675%20247%20690\"><span class=\"w-text-value\">+34 +34 675 247 690<\/span><\/a><\/p>\n<\/div><\/div><\/div><\/div><\/div><\/div><\/div><\/section>\n","protected":false},"excerpt":{"rendered":"<ul>\n<li><strong>Dies ist eine nicht nummerierte Kartenreservierung,<\/strong> es werden die besten verf\u00fcgbaren Pl\u00e4tze vergeben.<\/li>\n<li><strong>Wenn Sie mehrere Tickets kaufen<\/strong>, werden Ihre Sitzpl\u00e4tze nebeneinander zugewiesen.<\/li>\n<li>Die<strong> Bearbeitungsgeb\u00fchren<\/strong> sind auf der Zahlungsseite angegeben.<\/li>\n<\/ul>\n<p><a href=\"https:\/\/plazatorosmarbella.com\/fecha-de-entrega-y-comisiones\/\">Liefertermin, Provisionen und Erstattungen<\/a><\/p>\n","protected":false},"featured_media":10168,"comment_status":"open","ping_status":"closed","template":"","meta":[],"product_brand":[],"product_cat":[150],"product_tag":[],"class_list":{"0":"post-10011","1":"product","2":"type-product","3":"status-publish","4":"has-post-thumbnail","6":"product_cat-einzeltickets","8":"first","9":"instock","10":"taxable","11":"shipping-taxable","12":"purchasable","13":"product-type-variable"},"yoast_head":"<!-- This site is optimized with the Yoast SEO plugin v27.4 - https:\/\/yoast.com\/product\/yoast-seo-wordpress\/ -->\n<title>\u25b7 Stierkampf 7. August | Stierkampfarena Marbella<\/title>\n<meta name=\"description\" content=\"Kartenverkauf f\u00fcr den Stierkampf am 7. August in der Stierkampfarena von Marbella [Morante, Manzanares und Aar\u00f3n Palacio].\" \/>\n<meta name=\"robots\" content=\"index, follow, max-snippet:-1, max-image-preview:large, max-video-preview:-1\" \/>\n<link rel=\"canonical\" href=\"https:\/\/plazatorosmarbella.com\/de\/producto\/stierkampf-7-august\/\" \/>\n<meta property=\"og:locale\" content=\"de_DE\" \/>\n<meta property=\"og:type\" content=\"article\" \/>\n<meta property=\"og:title\" content=\"\u25b7 Stierkampf 7. August | Stierkampfarena Marbella\" \/>\n<meta property=\"og:description\" content=\"Kartenverkauf f\u00fcr den Stierkampf am 7. August in der Stierkampfarena von Marbella [Morante, Manzanares und Aar\u00f3n Palacio].\" \/>\n<meta property=\"og:url\" content=\"https:\/\/plazatorosmarbella.com\/de\/producto\/stierkampf-7-august\/\" \/>\n<meta property=\"og:site_name\" content=\"Plaza Toros Marbella\" \/>\n<meta property=\"article:modified_time\" content=\"2026-04-22T14:12:46+00:00\" \/>\n<meta property=\"og:image\" content=\"https:\/\/plazatorosmarbella.com\/wp-content\/uploads\/2026\/04\/Corrida-toros-7-agosto.webp\" \/>\n\t<meta property=\"og:image:width\" content=\"500\" \/>\n\t<meta property=\"og:image:height\" content=\"500\" \/>\n\t<meta property=\"og:image:type\" content=\"image\/webp\" \/>\n<meta name=\"twitter:card\" content=\"summary_large_image\" \/>\n<meta name=\"twitter:label1\" content=\"Gesch\u00e4tzte Lesezeit\" \/>\n\t<meta name=\"twitter:data1\" content=\"2\u00a0Minute\" \/>\n<script type=\"application\/ld+json\" class=\"yoast-schema-graph\">{\"@context\":\"https:\\\/\\\/schema.org\",\"@graph\":[{\"@type\":\"WebPage\",\"@id\":\"https:\\\/\\\/plazatorosmarbella.com\\\/de\\\/producto\\\/stierkampf-7-august\\\/\",\"url\":\"https:\\\/\\\/plazatorosmarbella.com\\\/de\\\/producto\\\/stierkampf-7-august\\\/\",\"name\":\"\u25b7 Stierkampf 7. August | Stierkampfarena Marbella\",\"isPartOf\":{\"@id\":\"https:\\\/\\\/plazatorosmarbella.com\\\/de\\\/#website\"},\"primaryImageOfPage\":{\"@id\":\"https:\\\/\\\/plazatorosmarbella.com\\\/de\\\/producto\\\/stierkampf-7-august\\\/#primaryimage\"},\"image\":{\"@id\":\"https:\\\/\\\/plazatorosmarbella.com\\\/de\\\/producto\\\/stierkampf-7-august\\\/#primaryimage\"},\"thumbnailUrl\":\"https:\\\/\\\/plazatorosmarbella.com\\\/wp-content\\\/uploads\\\/2026\\\/04\\\/Corrida-toros-7-agosto.webp\",\"datePublished\":\"2026-04-20T21:56:57+00:00\",\"dateModified\":\"2026-04-22T14:12:46+00:00\",\"description\":\"Kartenverkauf f\u00fcr den Stierkampf am 7. August in der Stierkampfarena von Marbella [Morante, Manzanares und Aar\u00f3n Palacio].\",\"breadcrumb\":{\"@id\":\"https:\\\/\\\/plazatorosmarbella.com\\\/de\\\/producto\\\/stierkampf-7-august\\\/#breadcrumb\"},\"inLanguage\":\"de\",\"potentialAction\":[{\"@type\":\"ReadAction\",\"target\":[\"https:\\\/\\\/plazatorosmarbella.com\\\/de\\\/producto\\\/stierkampf-7-august\\\/\"]}]},{\"@type\":\"ImageObject\",\"inLanguage\":\"de\",\"@id\":\"https:\\\/\\\/plazatorosmarbella.com\\\/de\\\/producto\\\/stierkampf-7-august\\\/#primaryimage\",\"url\":\"https:\\\/\\\/plazatorosmarbella.com\\\/wp-content\\\/uploads\\\/2026\\\/04\\\/Corrida-toros-7-agosto.webp\",\"contentUrl\":\"https:\\\/\\\/plazatorosmarbella.com\\\/wp-content\\\/uploads\\\/2026\\\/04\\\/Corrida-toros-7-agosto.webp\",\"width\":500,\"height\":500,\"caption\":\"Stierkampf 7. August Marbella\"},{\"@type\":\"BreadcrumbList\",\"@id\":\"https:\\\/\\\/plazatorosmarbella.com\\\/de\\\/producto\\\/stierkampf-7-august\\\/#breadcrumb\",\"itemListElement\":[{\"@type\":\"ListItem\",\"position\":1,\"name\":\"Portada\",\"item\":\"https:\\\/\\\/plazatorosmarbella.com\\\/de\\\/\"},{\"@type\":\"ListItem\",\"position\":2,\"name\":\"\u041c\u0430\u0433\u0430\u0437\u0438\u043d\",\"item\":\"https:\\\/\\\/plazatorosmarbella.com\\\/%d0%bc%d0%b0%d0%b3%d0%b0%d0%b7%d0%b8%d0%bd\\\/\"},{\"@type\":\"ListItem\",\"position\":3,\"name\":\"Stierkampf 7. August\"}]},{\"@type\":\"WebSite\",\"@id\":\"https:\\\/\\\/plazatorosmarbella.com\\\/de\\\/#website\",\"url\":\"https:\\\/\\\/plazatorosmarbella.com\\\/de\\\/\",\"name\":\"Plaza Toros Marbella\",\"description\":\"P\u00e1gina Plaza de Toros de Marbella\",\"potentialAction\":[{\"@type\":\"SearchAction\",\"target\":{\"@type\":\"EntryPoint\",\"urlTemplate\":\"https:\\\/\\\/plazatorosmarbella.com\\\/de\\\/?s={search_term_string}\"},\"query-input\":{\"@type\":\"PropertyValueSpecification\",\"valueRequired\":true,\"valueName\":\"search_term_string\"}}],\"inLanguage\":\"de\"}]}<\/script>\n<!-- \/ Yoast SEO plugin. -->","yoast_head_json":{"title":"\u25b7 Stierkampf 7. August | Stierkampfarena Marbella","description":"Kartenverkauf f\u00fcr den Stierkampf am 7. August in der Stierkampfarena von Marbella [Morante, Manzanares und Aar\u00f3n Palacio].","robots":{"index":"index","follow":"follow","max-snippet":"max-snippet:-1","max-image-preview":"max-image-preview:large","max-video-preview":"max-video-preview:-1"},"canonical":"https:\/\/plazatorosmarbella.com\/de\/producto\/stierkampf-7-august\/","og_locale":"de_DE","og_type":"article","og_title":"\u25b7 Stierkampf 7. August | Stierkampfarena Marbella","og_description":"Kartenverkauf f\u00fcr den Stierkampf am 7. August in der Stierkampfarena von Marbella [Morante, Manzanares und Aar\u00f3n Palacio].","og_url":"https:\/\/plazatorosmarbella.com\/de\/producto\/stierkampf-7-august\/","og_site_name":"Plaza Toros Marbella","article_modified_time":"2026-04-22T14:12:46+00:00","og_image":[{"width":500,"height":500,"url":"https:\/\/plazatorosmarbella.com\/wp-content\/uploads\/2026\/04\/Corrida-toros-7-agosto.webp","type":"image\/webp"}],"twitter_card":"summary_large_image","twitter_misc":{"Gesch\u00e4tzte Lesezeit":"2\u00a0Minute"},"schema":{"@context":"https:\/\/schema.org","@graph":[{"@type":"WebPage","@id":"https:\/\/plazatorosmarbella.com\/de\/producto\/stierkampf-7-august\/","url":"https:\/\/plazatorosmarbella.com\/de\/producto\/stierkampf-7-august\/","name":"\u25b7 Stierkampf 7. August | Stierkampfarena Marbella","isPartOf":{"@id":"https:\/\/plazatorosmarbella.com\/de\/#website"},"primaryImageOfPage":{"@id":"https:\/\/plazatorosmarbella.com\/de\/producto\/stierkampf-7-august\/#primaryimage"},"image":{"@id":"https:\/\/plazatorosmarbella.com\/de\/producto\/stierkampf-7-august\/#primaryimage"},"thumbnailUrl":"https:\/\/plazatorosmarbella.com\/wp-content\/uploads\/2026\/04\/Corrida-toros-7-agosto.webp","datePublished":"2026-04-20T21:56:57+00:00","dateModified":"2026-04-22T14:12:46+00:00","description":"Kartenverkauf f\u00fcr den Stierkampf am 7. August in der Stierkampfarena von Marbella [Morante, Manzanares und Aar\u00f3n Palacio].","breadcrumb":{"@id":"https:\/\/plazatorosmarbella.com\/de\/producto\/stierkampf-7-august\/#breadcrumb"},"inLanguage":"de","potentialAction":[{"@type":"ReadAction","target":["https:\/\/plazatorosmarbella.com\/de\/producto\/stierkampf-7-august\/"]}]},{"@type":"ImageObject","inLanguage":"de","@id":"https:\/\/plazatorosmarbella.com\/de\/producto\/stierkampf-7-august\/#primaryimage","url":"https:\/\/plazatorosmarbella.com\/wp-content\/uploads\/2026\/04\/Corrida-toros-7-agosto.webp","contentUrl":"https:\/\/plazatorosmarbella.com\/wp-content\/uploads\/2026\/04\/Corrida-toros-7-agosto.webp","width":500,"height":500,"caption":"Stierkampf 7. August Marbella"},{"@type":"BreadcrumbList","@id":"https:\/\/plazatorosmarbella.com\/de\/producto\/stierkampf-7-august\/#breadcrumb","itemListElement":[{"@type":"ListItem","position":1,"name":"Portada","item":"https:\/\/plazatorosmarbella.com\/de\/"},{"@type":"ListItem","position":2,"name":"\u041c\u0430\u0433\u0430\u0437\u0438\u043d","item":"https:\/\/plazatorosmarbella.com\/%d0%bc%d0%b0%d0%b3%d0%b0%d0%b7%d0%b8%d0%bd\/"},{"@type":"ListItem","position":3,"name":"Stierkampf 7. August"}]},{"@type":"WebSite","@id":"https:\/\/plazatorosmarbella.com\/de\/#website","url":"https:\/\/plazatorosmarbella.com\/de\/","name":"Plaza Toros Marbella","description":"P\u00e1gina Plaza de Toros de Marbella","potentialAction":[{"@type":"SearchAction","target":{"@type":"EntryPoint","urlTemplate":"https:\/\/plazatorosmarbella.com\/de\/?s={search_term_string}"},"query-input":{"@type":"PropertyValueSpecification","valueRequired":true,"valueName":"search_term_string"}}],"inLanguage":"de"}]}},"_links":{"self":[{"href":"https:\/\/plazatorosmarbella.com\/de\/wp-json\/wp\/v2\/product\/10011","targetHints":{"allow":["GET"]}}],"collection":[{"href":"https:\/\/plazatorosmarbella.com\/de\/wp-json\/wp\/v2\/product"}],"about":[{"href":"https:\/\/plazatorosmarbella.com\/de\/wp-json\/wp\/v2\/types\/product"}],"replies":[{"embeddable":true,"href":"https:\/\/plazatorosmarbella.com\/de\/wp-json\/wp\/v2\/comments?post=10011"}],"wp:featuredmedia":[{"embeddable":true,"href":"https:\/\/plazatorosmarbella.com\/de\/wp-json\/wp\/v2\/media\/10168"}],"wp:attachment":[{"href":"https:\/\/plazatorosmarbella.com\/de\/wp-json\/wp\/v2\/media?parent=10011"}],"wp:term":[{"taxonomy":"product_brand","embeddable":true,"href":"https:\/\/plazatorosmarbella.com\/de\/wp-json\/wp\/v2\/product_brand?post=10011"},{"taxonomy":"product_cat","embeddable":true,"href":"https:\/\/plazatorosmarbella.com\/de\/wp-json\/wp\/v2\/product_cat?post=10011"},{"taxonomy":"product_tag","embeddable":true,"href":"https:\/\/plazatorosmarbella.com\/de\/wp-json\/wp\/v2\/product_tag?post=10011"}],"curies":[{"name":"wp","href":"https:\/\/api.w.org\/{rel}","templated":true}]}}