{"id":9731,"date":"2024-05-17T12:23:33","date_gmt":"2024-05-17T10:23:33","guid":{"rendered":"https:\/\/plazatorosmarbella.com\/rechtlicher-hinweis\/"},"modified":"2026-04-20T16:28:57","modified_gmt":"2026-04-20T14:28:57","slug":"rechtlicher-hinweis","status":"publish","type":"page","link":"https:\/\/plazatorosmarbella.com\/de\/rechtlicher-hinweis\/","title":{"rendered":"Rechtlicher Hinweis"},"content":{"rendered":"<section class=\"l-section wpb_row height_medium\"><div class=\"l-section-h i-cf\"><div class=\"g-cols vc_row via_grid cols_1 laptops-cols_inherit tablets-cols_inherit mobiles-cols_1 valign_top type_default stacking_default\"><div class=\"wpb_column vc_column_container\"><div class=\"vc_column-inner\"><div class=\"wpb_text_column\"><div class=\"wpb_wrapper\"><h1>RECHTLICHER HINWEIS<\/h1>\n<p>In Erf\u00fcllung der Informationspflicht gem\u00e4\u00df Artikel 10 des Gesetzes 34\/2002 vom 11. Juli \u00fcber die Dienste der Informationsgesellschaft und den elektronischen Handel (LSSICE) informiert Sie der Eigent\u00fcmer der Website \u00fcber Folgendes:<\/p>\n<ul>\n<li>\n<ul>\n<li>Firmenname: Toroshopping, S.L.<\/li>\n<li>MEHRWERTSTEUER-NUMMER: B92950146<\/li>\n<li>Adresse: Centro Melior Vasari. Urbanizaci\u00f3n La Alzambra, 3, Local 1, 29660 &#8211; Marbella (M\u00e1laga) <\/li>\n<\/ul>\n<\/li>\n<\/ul>\n<p>Eingetragen im Handelsregister von M\u00e1laga in Band 4566, Folio 11, Abschnitt, Seitenzahl MA-98915, Inschrift 1.<\/p>\n<p>Toroshopping, S.L. \u00fcbernimmt im Rahmen der gesetzlichen Bestimmungen keine Haftung f\u00fcr die mangelnde Richtigkeit, Vollst\u00e4ndigkeit, Aktualisierung und Genauigkeit der auf seinen Webseiten enthaltenen Daten oder Informationen.<\/p>\n<p>Die Inhalte und Informationen sind f\u00fcr Toroshopping, S.L. weder bindend noch stellen sie Meinungen, Ratschl\u00e4ge oder Rechtsberatung jeglicher Art dar, da es sich lediglich um einen Service handelt, der zu Informations- und Aufkl\u00e4rungszwecken angeboten wird.<\/p>\n<p>Die Internetseiten von Toroshopping, S.L. k\u00f6nnen Links zu anderen Seiten von Dritten enthalten, die Toroshopping, S.L. nicht kontrollieren kann. Daher kann Toroshopping, S.L. keine Verantwortung f\u00fcr den Inhalt \u00fcbernehmen, der auf den Seiten Dritter erscheinen kann. <\/p>\n<p>Die Texte, Bilder, T\u00f6ne, Animationen, Software und der \u00fcbrige Inhalt dieser Website sind das ausschlie\u00dfliche Eigentum von Toroshopping, S.L. oder seiner Lizenzgeber. Jegliche \u00dcbertragung, Verteilung, Weitergabe, Vervielf\u00e4ltigung, Speicherung oder vollst\u00e4ndige oder teilweise \u00f6ffentliche Wiedergabe bedarf der ausdr\u00fccklichen Zustimmung von Toroshopping, S.L.. <\/p>\n<p>Ebenso m\u00fcssen Sie einige pers\u00f6nliche Daten angeben, um auf einige der Dienstleistungen zuzugreifen, die Toroshopping, S.L. \u00fcber die Website anbietet. In \u00dcbereinstimmung mit den Bestimmungen der Verordnung (EU) 2016\/679 des Europ\u00e4ischen Parlaments und des Rates vom 27. April 2016 zum Schutz nat\u00fcrlicher Personen bei der Verarbeitung personenbezogener Daten und zum freien Datenverkehr informieren wir Sie dar\u00fcber, dass durch das Ausf\u00fcllen dieser Formulare Ihre personenbezogenen Daten in den Dateien von Toroshopping, S.L. gespeichert und verarbeitet werden, um Ihnen unsere Dienstleistungen anzubieten und Sie \u00fcber Verbesserungen der Website zu informieren. <\/p>\n<p>Wir informieren Sie auch dar\u00fcber, dass Sie jederzeit die M\u00f6glichkeit haben, Ihre Rechte auf Zugang, Berichtigung, L\u00f6schung, Widerspruch, Einschr\u00e4nkung und \u00dcbertragbarkeit Ihrer pers\u00f6nlichen Daten auszu\u00fcben, und zwar kostenlos per E-Mail an: <a href=\"mailto:info@toroshopping.com\" target=\"_blank\" rel=\"noopener\">info@toroshopping.com<\/a> oder an die Adresse: Centro Melior Vasari. Urbanizaci\u00f3n La Alzambra, 3, Local 1, 29660 &#8211; Marbella (M\u00e1laga).<\/p>\n<\/div><\/div><\/div><\/div><\/div><\/div><\/section>\n","protected":false},"excerpt":{"rendered":"RECHTLICHER HINWEIS In Erf\u00fcllung der Informationspflicht gem\u00e4\u00df Artikel 10 des Gesetzes 34\/2002 vom 11. Juli \u00fcber die Dienste der Informationsgesellschaft und den elektronischen Handel (LSSICE) informiert Sie der Eigent\u00fcmer der Website \u00fcber Folgendes: Firmenname: Toroshopping, S.L. MEHRWERTSTEUER-NUMMER: B92950146 Adresse: Centro Melior Vasari. Urbanizaci\u00f3n La Alzambra, 3, Local 1, 29660 &#8211; Marbella (M\u00e1laga) Eingetragen im Handelsregister...","protected":false},"author":2,"featured_media":0,"parent":0,"menu_order":0,"comment_status":"closed","ping_status":"closed","template":"","meta":{"footnotes":""},"class_list":["post-9731","page","type-page","status-publish","hentry"],"yoast_head":"<!-- This site is optimized with the Yoast SEO plugin v27.4 - https:\/\/yoast.com\/product\/yoast-seo-wordpress\/ -->\n<title>Rechtlicher Hinweis - Plaza Toros Marbella<\/title>\n<meta name=\"robots\" content=\"noindex, follow\" \/>\n<meta property=\"og:locale\" content=\"de_DE\" \/>\n<meta property=\"og:type\" content=\"article\" \/>\n<meta property=\"og:title\" content=\"Rechtlicher Hinweis - Plaza Toros Marbella\" \/>\n<meta property=\"og:url\" content=\"https:\/\/plazatorosmarbella.com\/de\/rechtlicher-hinweis\/\" \/>\n<meta property=\"og:site_name\" content=\"Plaza Toros Marbella\" \/>\n<meta property=\"article:modified_time\" content=\"2026-04-20T14:28:57+00:00\" \/>\n<meta name=\"twitter:card\" content=\"summary_large_image\" \/>\n<meta name=\"twitter:label1\" content=\"Gesch\u00e4tzte Lesezeit\" \/>\n\t<meta name=\"twitter:data1\" content=\"2\u00a0Minuten\" \/>\n<script type=\"application\/ld+json\" class=\"yoast-schema-graph\">{\"@context\":\"https:\\\/\\\/schema.org\",\"@graph\":[{\"@type\":\"WebPage\",\"@id\":\"https:\\\/\\\/plazatorosmarbella.com\\\/de\\\/rechtlicher-hinweis\\\/\",\"url\":\"https:\\\/\\\/plazatorosmarbella.com\\\/de\\\/rechtlicher-hinweis\\\/\",\"name\":\"Rechtlicher Hinweis - Plaza Toros Marbella\",\"isPartOf\":{\"@id\":\"https:\\\/\\\/plazatorosmarbella.com\\\/#website\"},\"datePublished\":\"2024-05-17T10:23:33+00:00\",\"dateModified\":\"2026-04-20T14:28:57+00:00\",\"breadcrumb\":{\"@id\":\"https:\\\/\\\/plazatorosmarbella.com\\\/de\\\/rechtlicher-hinweis\\\/#breadcrumb\"},\"inLanguage\":\"de\",\"potentialAction\":[{\"@type\":\"ReadAction\",\"target\":[\"https:\\\/\\\/plazatorosmarbella.com\\\/de\\\/rechtlicher-hinweis\\\/\"]}]},{\"@type\":\"BreadcrumbList\",\"@id\":\"https:\\\/\\\/plazatorosmarbella.com\\\/de\\\/rechtlicher-hinweis\\\/#breadcrumb\",\"itemListElement\":[{\"@type\":\"ListItem\",\"position\":1,\"name\":\"Portada\",\"item\":\"https:\\\/\\\/plazatorosmarbella.com\\\/de\\\/\"},{\"@type\":\"ListItem\",\"position\":2,\"name\":\"Rechtlicher Hinweis\"}]},{\"@type\":\"WebSite\",\"@id\":\"https:\\\/\\\/plazatorosmarbella.com\\\/#website\",\"url\":\"https:\\\/\\\/plazatorosmarbella.com\\\/\",\"name\":\"Plaza Toros Marbella\",\"description\":\"P\u00e1gina Plaza de Toros de Marbella\",\"potentialAction\":[{\"@type\":\"SearchAction\",\"target\":{\"@type\":\"EntryPoint\",\"urlTemplate\":\"https:\\\/\\\/plazatorosmarbella.com\\\/?s={search_term_string}\"},\"query-input\":{\"@type\":\"PropertyValueSpecification\",\"valueRequired\":true,\"valueName\":\"search_term_string\"}}],\"inLanguage\":\"de\"}]}<\/script>\n<!-- \/ Yoast SEO plugin. -->","yoast_head_json":{"title":"Rechtlicher Hinweis - Plaza Toros Marbella","robots":{"index":"noindex","follow":"follow"},"og_locale":"de_DE","og_type":"article","og_title":"Rechtlicher Hinweis - Plaza Toros Marbella","og_url":"https:\/\/plazatorosmarbella.com\/de\/rechtlicher-hinweis\/","og_site_name":"Plaza Toros Marbella","article_modified_time":"2026-04-20T14:28:57+00:00","twitter_card":"summary_large_image","twitter_misc":{"Gesch\u00e4tzte Lesezeit":"2\u00a0Minuten"},"schema":{"@context":"https:\/\/schema.org","@graph":[{"@type":"WebPage","@id":"https:\/\/plazatorosmarbella.com\/de\/rechtlicher-hinweis\/","url":"https:\/\/plazatorosmarbella.com\/de\/rechtlicher-hinweis\/","name":"Rechtlicher Hinweis - Plaza Toros Marbella","isPartOf":{"@id":"https:\/\/plazatorosmarbella.com\/#website"},"datePublished":"2024-05-17T10:23:33+00:00","dateModified":"2026-04-20T14:28:57+00:00","breadcrumb":{"@id":"https:\/\/plazatorosmarbella.com\/de\/rechtlicher-hinweis\/#breadcrumb"},"inLanguage":"de","potentialAction":[{"@type":"ReadAction","target":["https:\/\/plazatorosmarbella.com\/de\/rechtlicher-hinweis\/"]}]},{"@type":"BreadcrumbList","@id":"https:\/\/plazatorosmarbella.com\/de\/rechtlicher-hinweis\/#breadcrumb","itemListElement":[{"@type":"ListItem","position":1,"name":"Portada","item":"https:\/\/plazatorosmarbella.com\/de\/"},{"@type":"ListItem","position":2,"name":"Rechtlicher Hinweis"}]},{"@type":"WebSite","@id":"https:\/\/plazatorosmarbella.com\/#website","url":"https:\/\/plazatorosmarbella.com\/","name":"Plaza Toros Marbella","description":"P\u00e1gina Plaza de Toros de Marbella","potentialAction":[{"@type":"SearchAction","target":{"@type":"EntryPoint","urlTemplate":"https:\/\/plazatorosmarbella.com\/?s={search_term_string}"},"query-input":{"@type":"PropertyValueSpecification","valueRequired":true,"valueName":"search_term_string"}}],"inLanguage":"de"}]}},"_links":{"self":[{"href":"https:\/\/plazatorosmarbella.com\/de\/wp-json\/wp\/v2\/pages\/9731","targetHints":{"allow":["GET"]}}],"collection":[{"href":"https:\/\/plazatorosmarbella.com\/de\/wp-json\/wp\/v2\/pages"}],"about":[{"href":"https:\/\/plazatorosmarbella.com\/de\/wp-json\/wp\/v2\/types\/page"}],"author":[{"embeddable":true,"href":"https:\/\/plazatorosmarbella.com\/de\/wp-json\/wp\/v2\/users\/2"}],"replies":[{"embeddable":true,"href":"https:\/\/plazatorosmarbella.com\/de\/wp-json\/wp\/v2\/comments?post=9731"}],"version-history":[{"count":1,"href":"https:\/\/plazatorosmarbella.com\/de\/wp-json\/wp\/v2\/pages\/9731\/revisions"}],"predecessor-version":[{"id":9734,"href":"https:\/\/plazatorosmarbella.com\/de\/wp-json\/wp\/v2\/pages\/9731\/revisions\/9734"}],"wp:attachment":[{"href":"https:\/\/plazatorosmarbella.com\/de\/wp-json\/wp\/v2\/media?parent=9731"}],"curies":[{"name":"wp","href":"https:\/\/api.w.org\/{rel}","templated":true}]}}