{"id":9726,"date":"2024-05-17T12:22:17","date_gmt":"2024-05-17T10:22:17","guid":{"rendered":"https:\/\/plazatorosmarbella.com\/allgemeine-bedingungen-und-konditionen\/"},"modified":"2026-04-20T16:28:57","modified_gmt":"2026-04-20T14:28:57","slug":"allgemeine-bedingungen-und-konditionen","status":"publish","type":"page","link":"https:\/\/plazatorosmarbella.com\/de\/allgemeine-bedingungen-und-konditionen\/","title":{"rendered":"Allgemeine Bedingungen und Konditionen"},"content":{"rendered":"<section class=\"l-section wpb_row height_medium\"><div class=\"l-section-h i-cf\"><div class=\"g-cols vc_row via_grid cols_1 laptops-cols_inherit tablets-cols_inherit mobiles-cols_1 valign_top type_default stacking_default\"><div class=\"wpb_column vc_column_container\"><div class=\"vc_column-inner\"><div class=\"wpb_text_column\"><div class=\"wpb_wrapper\"><h1>Allgemeine Bedingungen und Konditionen<\/h1>\n<p>https:\/\/plazatorosmarbella.com (im Folgenden die Website) ist eine Website von Toroshopping, S.L., im Folgenden DER EIGENT\u00dcMER, mit CIF\/NIF n\u00ba: B92950146 und eingetragenem Sitz in: Centro Melior Vasari. Urbanizaci\u00f3n La Alzambra, 3, Local 1, C.P. 29660 &#8211; Marbella (M\u00e1laga).<\/p>\n<p>Der Zugang, die Vervielf\u00e4ltigung und die Nutzung der Dienste der Website setzt die vorherige Annahme der jederzeit g\u00fcltigen Nutzungsbedingungen voraus; DER EIGENT\u00dcMER beh\u00e4lt sich das Recht vor, diese Bedingungen zu \u00e4ndern, wenn er dies f\u00fcr angemessen h\u00e4lt, indem er den neuen Text auf der Website ver\u00f6ffentlicht. Es liegt in der Verantwortung des Nutzers, die Nutzungsbedingungen zu kennen, bevor er auf die Produkte und Dienste der Website zugreift; wenn Sie mit<br \/>nicht einverstanden sind, verzichten Sie bitte auf deren Nutzung.<\/p>\n<p>&nbsp;<\/p>\n<h4 class=\"wp-block-heading\">EIGENTUM<\/h4>\n<p>Die Website ist ein Werk, das sich aus verschiedenen integrierten und untrennbaren Elementen zusammensetzt (Texte, Illustrationen, Fotografien, animierte Bilder, Videos, Computerprogramme, einschlie\u00dflich der HTML-Codes der Website usw.), deren geistiges Eigentum dem EIGENT\u00dcMER geh\u00f6rt, mit Ausnahme der Materialien, die unter Lizenz von Dritten erworben wurden.<br \/>DER EIGENT\u00dcMER und seine Lizenzgeber behalten zu jeder Zeit das geistige Eigentum an der Website und an den verschiedenen Elementen, aus denen sie sich zusammensetzt, einzeln betrachtet, in allen Kopien, die angefertigt werden (unabh\u00e4ngig von dem Medium, in dem sie enthalten sind), und gew\u00e4hren ihnen nur die unten beschriebenen Nutzungsrechte. Alle nicht ausdr\u00fccklich gew\u00e4hrten Rechte werden als vorbehalten betrachtet. <br \/>Dar\u00fcber hinaus ist DER EIGENT\u00dcMER verantwortlich f\u00fcr die Auswahl, die Gestaltung der Struktur und des Layouts der Inhalte der Website sowie daf\u00fcr, dass er die Initiative ergriffen und das Risiko \u00fcbernommen hat, die erheblichen Investitionen zu t\u00e4tigen, die auf die Beschaffung, Digitalisierung und Pr\u00e4sentation derselben abzielen, und hat daher Anspruch auf den Schutz, den Artikel 12 und Titel VIII von Buch II des Gesetzes \u00fcber geistiges Eigentum f\u00fcr die Website, die als Datenbank betrachtet wird, gew\u00e4hren k\u00f6nnen.<br \/>DER EIGENT\u00dcMER ist auch der alleinige Eigent\u00fcmer des Designs und der grafischen Darstellung der Website und beh\u00e4lt sich das Recht vor, gegen Personen, die diese nachahmen oder in unlauterer Weise nutzen, alle damit verbundenen rechtlichen Schritte einzuleiten.<\/p>\n<p>&nbsp;<\/p>\n<h3 class=\"wp-block-heading\">WEBINHALTE UND DOWNLOADS. ERLAUBTE UND VERBOTENE NUTZUNG. <\/h3>\n<p>Erlaubt ist:<br \/>&#8211; Das Browsen der Website, d.h. der Zugriff und die Betrachtung auf einem Ger\u00e4t, wobei jede vor\u00fcbergehende oder akzessorische Vervielf\u00e4ltigung gestattet ist, sofern diese nicht freiwillig erfolgt und einen integralen und wesentlichen Bestandteil des technologischen \u00dcbertragungsprozesses darstellt. Das Browsen bestimmter Bereiche der Website erfordert eine vorherige Registrierung. <br \/>&#8211; Nutzen Sie (nach der Registrierung) die Dienste und Vorteile, die DER EIGENT\u00dcMER seinen Nutzern \u00fcber die Website anbietet, unter den in den verschiedenen Abschnitten ausdr\u00fccklich angegebenen Bedingungen.<br \/>Es ist strengstens untersagt:<br \/>&#8211; Jegliche Handlungen in Bezug auf das Web, seine Inhalte, heruntergeladene Produkte und Kopien davon, die gegen das Gesetz, die guten Sitten und den guten Glauben versto\u00dfen.<br \/>&#8211; Jegliche Nutzung au\u00dferhalb der pers\u00f6nlichen und privaten Sph\u00e4re, insbesondere zu kommerziellen oder beruflichen Zwecken, einschlie\u00dflich des Versands von Werbung oder Nachrichten und der Sammlung und Verarbeitung von Daten Dritter.<br \/>&#8211; Jegliche Art der Entnahme, der \u00f6ffentlichen Wiedergabe und\/oder der vollst\u00e4ndigen oder teilweisen Weitergabe mit jeglichen Mitteln au\u00dferhalb des privaten Bereichs der erlaubten Nutzung und insbesondere deren Einbindung in andere Werke, einschlie\u00dflich Websites, Sammlungen oder Datenbanken. Ausgenommen von diesem Verbot ist die Ver\u00f6ffentlichung von herunterladbarem Material aus dem Bereich Press Room in den Medien. <br \/>&#8211; Das Entfernen, Verbergen oder F\u00e4lschen von Hinweisen und Warnungen zum geistigen oder gewerblichen Eigentum der Website oder zu einem der \u00fcber diese Website angebotenen Produkte.<br \/>&#8211; Operationen und Aktivit\u00e4ten, die in anderen Abschnitten dieser Allgemeinen Bedingungen ausdr\u00fccklich verboten sind, sowie generell alles, was den normalen Betrieb der Website, andere Nutzer oder Dritte beeintr\u00e4chtigen k\u00f6nnte.<\/p>\n<p>&nbsp;<\/p>\n<h3 class=\"wp-block-heading\">LINKS ZUR WEBSITE<\/h3>\n<p>&#8211; Die Einrichtung von Links und Hyperlinks zur Website von anderen Seiten oder Websites aus ist gestattet, sofern sie nicht in einer Weise erfolgen, die dem \u00f6ffentlichen und markenm\u00e4\u00dfigen Ansehen DES EIGENT\u00dcMERS, der Website oder einer der Personen und Produkte, auf die darin verwiesen wird, schadet. Bei der Einrichtung von Links zur Website ist die Verwendung von Techniken, die eine Verwechslung der Identit\u00e4t und des Eigentums an den Inhalten implizieren, wie z.B. Framing oder andere, ausdr\u00fccklich verboten. <br \/>&#8211; Die Einrichtung von Links zu Seiten oder Websites, deren Inhalt direkt oder indirekt jede Art von Gewalt, Diskriminierung, Pornographie oder illegalen Aktivit\u00e4ten f\u00f6rdert oder bef\u00fcrwortet, ist verboten. Ebenso ist das Einrichten von Links zu kommerziellen Zwecken ausdr\u00fccklich verboten. <\/p>\n<p>Bei der Erstellung von Links ist die Verwendung von Elementen, die aus dem Web extrahiert wurden, ohne die ausdr\u00fcckliche vorherige Zustimmung des Eigent\u00fcmers ausdr\u00fccklich verboten. In keinem Fall darf davon ausgegangen werden, dass Links zum Web von Seiten oder Websites Dritter Beziehungen des Eigent\u00fcmers mit den Eigent\u00fcmern dieser Seiten implizieren, noch implizieren sie eine Bef\u00fcrwortung, F\u00f6rderung oder Empfehlung des Eigent\u00fcmers auf diesen Seiten, so dass der Eigent\u00fcmer in keiner Weise f\u00fcr deren Inhalt und Rechtm\u00e4\u00dfigkeit verantwortlich ist. <\/p>\n<p>&nbsp;<\/p>\n<h3 class=\"wp-block-heading\">INHALT UND NUTZERVERHALTEN<\/h3>\n<p>Als Kunde oder Nutzer der Website verpflichten Sie sich, die \u00fcber die Website angebotenen Inhalte und Dienste in angemessener Weise zu nutzen und sie nicht f\u00fcr folgende Zwecke zu verwenden:<br \/>&#8211; Beteiligung an Aktivit\u00e4ten, die rechtswidrig sind oder gegen Treu und Glauben und die \u00f6ffentliche Ordnung versto\u00dfen.<br \/>&#8211; Inhalte oder Propaganda mit rassistischem, fremdenfeindlichem, pornografischem, terroristischem oder menschenrechtsverletzendem Charakter zu verbreiten.<br \/>&#8211; Die Verursachung von Sch\u00e4den an den physischen und logischen Systemen des EIGENT\u00dcMERs, seiner Lieferanten oder Dritter, die Einf\u00fchrung oder Verbreitung von Computerviren oder anderen physischen oder logischen Systemen, die geeignet sind, die oben genannten Sch\u00e4den zu verursachen.<br \/>&#8211; Inhalte zu verbreiten, die dem Image und dem Ruf des EIGENT\u00dcMERs oder Dritter abtr\u00e4glich sind.<br \/>&#8211; Verletzung der Rechte des geistigen Eigentums, des gewerblichen Eigentums, des Bildes, der Ehre oder anderer Rechte, die dem EIGENT\u00dcMER oder Dritten zustehen.<br \/>DER EIGENT\u00dcMER hat die volle Entscheidungsfreiheit, ob die Beitr\u00e4ge und Nachrichten endg\u00fcltig auf der Website ver\u00f6ffentlicht werden oder nicht, und ist berechtigt, sie zu entfernen, wenn er dies f\u00fcr angemessen h\u00e4lt.<br \/>Ein Versto\u00df gegen eine der in diesen Nutzungsbedingungen enthaltenen Regeln und insbesondere gegen die Bestimmungen dieser Klausel berechtigt DEN INHABER zur sofortigen Beendigung Ihrer Mitgliedschaft als Nutzer oder Abonnent der Website.<\/p>\n<p>&nbsp;<\/p>\n<h2 class=\"wp-block-heading\">TICKETVERKAUF<\/h2>\n<h3><strong>PREISE UND VERF\u00dcGBARKEIT VON TICKETS.<\/strong><\/h3>\n<p>Die Ticketpreise variieren je nach Art der Show (Novillada, Rejones oder Stierkampf) und der Lage der Pl\u00e4tze (Sonne, Schatten, Sonne und Schatten und Reihe).<\/p>\n<p>F\u00fcr die Verwaltung dieser Tickets wird ein Aufschlag von 10 % auf den Preis der offiziellen Web-Kasse erhoben, einschlie\u00dflich Mehrwertsteuer.<\/p>\n<p>Der Verkauf von Tickets ist endg\u00fcltig und erlaubt keine Stornierung durch den Nutzer, aus welchem Grund auch immer.<\/p>\n<p>Die Preise und die Verf\u00fcgbarkeit der Tickets sind g\u00fcltig und garantiert, bis die Tickets ausverkauft sind. Druckfehler oder Preis\u00e4nderungen durch das Unternehmen, das die Stierkampfveranstaltung organisiert und die Stierkampfarena verwaltet (im Folgenden &#8222;der Veranstalter&#8220;), sind ausgeschlossen. Im letzteren Fall muss sich der Nutzer mit seinen Anspr\u00fcchen an den Veranstalter wenden.  <\/p>\n<p>Buchungen werden nach dem Prinzip &#8222;Wer zuerst kommt, mahlt zuerst&#8220; behandelt. Wir werden immer versuchen, aufeinanderfolgende Sitzpl\u00e4tze zuzuweisen, und werden den Kunden kontaktieren, um ihn \u00fcber etwaige Probleme in dieser Hinsicht zu informieren (die im Falle von Mehrfachverk\u00e4ufen von Karten auftreten k\u00f6nnen), und werden dann alternative Karten anbieten (z.B. f\u00fcr einen anderen Bereich oder in zwei Reihen usw.). Wir k\u00f6nnen dem Benutzer jedoch nicht garantieren, dass aufeinanderfolgende Pl\u00e4tze verf\u00fcgbar sind, insbesondere bei einem Kauf von mehr als 4 Pl\u00e4tzen. Wenn eine Neuzuweisung nicht m\u00f6glich ist, gelten die Karten als vom Nutzer fest gekauft.   <\/p>\n<p>F\u00fcr den Fall, dass der Nutzer ein Ticket gekauft hat, obwohl die Pl\u00e4tze ausverkauft sind, wird der vom Nutzer gezahlte Betrag innerhalb von f\u00fcnf (5) Tagen ab dem Tag, an dem dieser Umstand mitgeteilt wird, zur\u00fcckerstattet. Der Nutzer erkennt ausdr\u00fccklich an, dass er keinen Anspruch auf eine zus\u00e4tzliche Erstattung in Form einer Entsch\u00e4digung oder \u00c4hnlichem hat. <\/p>\n<p>Wir bieten oder verwalten keine Buchungen mit speziellen Rabatten, wie z.B. f\u00fcr Gruppen, Rentner, Jugendliche, Menschen mit Behinderungen, da der Preis nur f\u00fcr Erwachsene gilt.<\/p>\n<h3><strong>TICKETING.<\/strong><\/h3>\n<p>Der Nutzer erwirbt die Eintrittskarte beim Veranstalter, die ihm einige Tage vor dem Datum der Veranstaltung per E-Mail im pdf-Format zusammen mit unserer Quittung oder Rechnung, die unsere Verwaltungsgeb\u00fchren enth\u00e4lt, zugesandt wird.  <\/p>\n<p><b>EINKAUFSMETHODEN<\/b><\/p>\n<p>Der Nutzer kann mit Visa oder Mastercard \u00fcber unsere 100% sichere Plattform <strong>via Stripe <\/strong>bezahlen <strong>. <\/strong>Das System fragt den Benutzer nach der Kartennummer, dem G\u00fcltigkeitsdatum und dem CCV (3 Ziffern auf der R\u00fcckseite der Karte). Ihre Bank kann Ihnen auch einen speziellen Code schicken, um Ihren Online-Einkauf zu best\u00e4tigen. <\/p>\n<p>Unter keinen Umst\u00e4nden werden wir Ihre Bankdaten aufbewahren, da diese von den beauftragten sicheren Zahlungsplattformen verwaltet werden. Es liegt in der Verantwortung des Nutzers, die Nutzungsbedingungen und Datenschutzrichtlinien dieser Zahlungsplattformen sorgf\u00e4ltig zu lesen, bevor er die Zahlung vornimmt. <\/p>\n<p><strong>R\u00dcCKGABE.<\/strong><\/p>\n<p>Die R\u00fcckerstattung des Betrags der gekauften Karten ist nicht zul\u00e4ssig. Die Unm\u00f6glichkeit, einer Vorstellung beizuwohnen, oder ein Irrtum des Nutzers beim Kauf sind keine g\u00fcltigen Gr\u00fcnde f\u00fcr die R\u00fcckerstattung des gezahlten Betrags. <\/p>\n<p>Als offizielle Verkaufsstelle werden die zum Verkauf angebotenen Eintrittskarten direkt von der Verwaltungsgesellschaft der Stierkampfarena von Marbella (d.h. vom Veranstalter) ausgestellt. Der Benutzer erh\u00e4lt die offizielle Eintrittskarte von der Gesellschaft per E-Mail im PDF-Format. <\/p>\n<p>Im Falle von \u00c4nderungen, die nach dem Kauf der Tickets eintreten, wie z.B. (aber nicht beschr\u00e4nkt auf): \u00c4nderung des Datums, der Uhrzeit, der Besetzung, Auswechslungen, Stornierungen und\/oder jedes anderen Ereignisses. Der Nutzer erkennt ausdr\u00fccklich an, dass jegliche Anspr\u00fcche direkt beim Veranstalter geltend gemacht werden m\u00fcssen. <\/p>\n<p>Jede R\u00fcckerstattung unterliegt den Bedingungen des Veranstalters und den Bestimmungen der geltenden Gesetzgebung. Voraussetzung ist in jedem Fall, dass die offizielle Eintrittskarte vollst\u00e4ndig, unversehrt und nicht manipuliert oder besch\u00e4digt ist.<\/p>\n<p>Die R\u00fcckerstattung der Eintrittskarte im Falle einer Aussetzung, Verschiebung oder \u00c4nderung beginnt und endet zu dem Zeitpunkt, der vom Veranstalter an der offiziellen Kasse des Veranstalters angegeben wird, und gem\u00e4\u00df den auf der R\u00fcckseite jeder offiziellen Eintrittskarte angegebenen Bedingungen.<\/p>\n<p>Wird die Show nach ihrem Beginn aus Gr\u00fcnden, die nicht dem Veranstalter zuzuschreiben sind, oder wegen schlechten Wetters abgebrochen, nachdem der erste Bulle in die Manege gebracht wurde, hat der Nutzer keinen Anspruch auf eine R\u00fcckerstattung.<\/p>\n<p>Nur wenn der Veranstalter ausdr\u00fccklich die R\u00fcckgabe der Tickets anordnet, kann der Ticketbetrag zur\u00fcckerstattet werden (nicht aber die Verwaltungsgeb\u00fchren der Ticketplattform und die unseres Unternehmens). Solche Stornierungen treten in der Regel in F\u00e4llen wie Stornierungen und Termin\u00e4nderungen auf. <\/p>\n<p>MINDESTENS oder MENSCHEN MIT BEHINDERUNGEN<\/p>\n<p>Wir stellen keine Karten f\u00fcr Gruppen wie Minderj\u00e4hrige oder Menschen mit Behinderungen, Rentner oder Inhaber eines Jugendausweises aus. Dazu m\u00fcssen Sie sich direkt an die Kasse des Veranstalters in der Stierkampfarena von Marbella wenden. <\/p>\n<p><strong>RECHT AUF EINLASS<\/strong><\/p>\n<p>Der Veranstalter beh\u00e4lt sich das Recht auf Einlass vor und kann das Publikum am Eingang zur Stierkampfarena durchsuchen. Das Mitf\u00fchren von Gegenst\u00e4nden, die als gef\u00e4hrlich angesehen werden k\u00f6nnten, ist nicht gestattet. Der Zutritt mit Speisen und Getr\u00e4nken ist ebenfalls generell nicht gestattet.  <\/p>\n<p>Es liegt in der Verantwortung des Veranstalters, den Zutritt zum Stierkampf zu erm\u00f6glichen, sobald dieser begonnen hat, sowie das Betreten und Verlassen des Gel\u00e4ndes w\u00e4hrend des Stierkampfes zu erm\u00f6glichen.<\/p>\n<p>Jede Reklamation \u00fcber die Durchf\u00fchrung, Unterbrechung, \u00c4nderung oder Absage der Show muss an den Veranstalter gerichtet werden, und der Nutzer muss die Eintrittskarte zur Vorlage aufbewahren.<\/p>\n<p>Jegliche Anspr\u00fcche des Nutzers sind direkt beim Veranstalter geltend zu machen. Der Nutzer wird darauf hingewiesen, dass die Verantwortung f\u00fcr die Veranstaltung allein beim Veranstalter liegt. <\/p>\n<p><strong>ANWENDBARES RECHT UND GERICHTSBARKEIT.<\/strong><\/p>\n<p>Die vorliegenden Einkaufsbedingungen unterliegen dem spanischen Recht. Die Parteien unterwerfen sich zur Beilegung von Konflikten den Gerichten des Wohnsitzes des Nutzers und verzichten auf jede andere Zust\u00e4ndigkeit, gem\u00e4\u00df den Bestimmungen der geltenden Gesetzgebung. Wenn die Nutzer ihren Wohnsitz au\u00dferhalb des spanischen Staatsgebiets haben, gelten die Bestimmungen der geltenden gesetzlichen Vorschriften \u00fcber die zust\u00e4ndige Gerichtsbarkeit, andernfalls unterwerfen sich die Parteien den Gerichten der Hauptstadt Madrid.  <\/p>\n<p>&nbsp;<\/p>\n<h3>DATENSCHUTZ<\/h3>\n<p>Die Informationen oder pers\u00f6nlichen Daten, die Sie uns zur Verf\u00fcgung stellen, werden in \u00dcbereinstimmung mit den Bestimmungen der <a href=\"https:\/\/www.toroshopping.com\/politica-de-privacidad\/\"><strong>Datenschutzrichtlinie<\/strong><\/a>. Durch die Nutzung dieser Website stimmen Sie der Verarbeitung dieser Informationen und Daten zu und erkl\u00e4ren, dass alle Informationen oder Daten, die Sie uns zur Verf\u00fcgung stellen, wahrheitsgem\u00e4\u00df sind und der Realit\u00e4t entsprechen. <\/p>\n<p>&nbsp;<\/p>\n<h3>\u00c4NDERUNGEN<\/h3>\n<p>DER EIGENT\u00dcMER beh\u00e4lt sich das Recht vor, unangek\u00fcndigte \u00c4nderungen im Web vorzunehmen, die er f\u00fcr angemessen h\u00e4lt, kann Inhalte und Dienstleistungen, die \u00fcber das Web angeboten werden, \u00e4ndern, l\u00f6schen oder hinzuf\u00fcgen, sowie die Art und Weise, in der sie pr\u00e4sentiert oder lokalisiert werden.<br \/>Obwohl DER EIGENT\u00dcMER alle Anstrengungen unternimmt, um die im Web enthaltenen Informationen zu aktualisieren und fehlerfrei zu halten, garantiert er nicht f\u00fcr ihre Genauigkeit und Aktualisierung. Es wird auch nicht garantiert, dass ein bestimmtes Ergebnis oder ein bestimmter Zweck erreicht wird, so dass der Zugang und die Nutzung der Website in der alleinigen Verantwortung der Nutzer und Kunden liegt. <\/p>\n<p>&nbsp;<\/p>\n<h3>RECHTLICHE MASSNAHMEN<\/h3>\n<p>DER EIGENT\u00dcMER wird den Versto\u00df gegen diese Nutzungsbedingungen sowie jede missbr\u00e4uchliche Nutzung der Website oder ihrer Inhalte, die Verletzung der Rechte, die ihm oder seinen Lizenzgebern zustehen, insbesondere die des geistigen und gewerblichen Eigentums, mit allen zivil- und strafrechtlichen Mitteln verfolgen, die ihm gesetzlich zustehen k\u00f6nnen.<\/p>\n<p>&nbsp;<\/p>\n<h3>AUSSERGERICHTLICHE BEILEGUNG VON STREITIGKEITEN<\/h3>\n<p>Dar\u00fcber hinaus wird gem\u00e4\u00df Artikel 14 der EU-Verordnung 524\/2013 \u00fcber die Beilegung von Verbraucherstreitigkeiten ein direkter Link zu einer Online-Streitbeilegungsplattform bereitgestellt:<br \/>https:\/\/ec.europa.eu\/consumers\/odr\/main\/index.cfm<\/p>\n<p>&nbsp;<\/p>\n<h3>ANWENDBARES RECHT UND GERICHTSBARKEIT<\/h3>\n<p>F\u00fcr alle Streitigkeiten oder Konflikte, die sich aus diesen Bedingungen ergeben k\u00f6nnten, gilt spanisches Recht. F\u00fcr die Beilegung von Rechtsstreitigkeiten sind die Gerichte des Wohnsitzes des Nutzers oder Kunden zust\u00e4ndig. <\/p>\n<h3>KUNDENBETREUUNG<\/h3>\n<p>Sie k\u00f6nnen uns \u00fcber den Chat auf der Website oder \u00fcber die folgende E-Mail-Adresse kontaktieren: info@plazatorosmarbella.com<\/p>\n<p>Wir werden Ihre Anfragen so schnell wie m\u00f6glich beantworten.<\/p>\n<\/div><\/div><\/div><\/div><\/div><\/div><\/section>\n","protected":false},"excerpt":{"rendered":"Allgemeine Bedingungen und Konditionen https:\/\/plazatorosmarbella.com (im Folgenden die Website) ist eine Website von Toroshopping, S.L., im Folgenden DER EIGENT\u00dcMER, mit CIF\/NIF n\u00ba: B92950146 und eingetragenem Sitz in: Centro Melior Vasari. Urbanizaci\u00f3n La Alzambra, 3, Local 1, C.P. 29660 &#8211; Marbella (M\u00e1laga). Der Zugang, die Vervielf\u00e4ltigung und die Nutzung der Dienste der Website setzt die vorherige...","protected":false},"author":2,"featured_media":0,"parent":0,"menu_order":0,"comment_status":"closed","ping_status":"closed","template":"","meta":{"footnotes":""},"class_list":["post-9726","page","type-page","status-publish","hentry"],"yoast_head":"<!-- This site is optimized with the Yoast SEO plugin v27.4 - https:\/\/yoast.com\/product\/yoast-seo-wordpress\/ -->\n<title>Allgemeine Bedingungen und Konditionen - Plaza Toros Marbella<\/title>\n<meta name=\"robots\" content=\"noindex, follow\" \/>\n<meta property=\"og:locale\" content=\"de_DE\" \/>\n<meta property=\"og:type\" content=\"article\" \/>\n<meta property=\"og:title\" content=\"Allgemeine Bedingungen und Konditionen - Plaza Toros Marbella\" \/>\n<meta property=\"og:url\" content=\"https:\/\/plazatorosmarbella.com\/de\/allgemeine-bedingungen-und-konditionen\/\" \/>\n<meta property=\"og:site_name\" content=\"Plaza Toros Marbella\" \/>\n<meta property=\"article:modified_time\" content=\"2026-04-20T14:28:57+00:00\" \/>\n<meta name=\"twitter:card\" content=\"summary_large_image\" \/>\n<meta name=\"twitter:label1\" content=\"Gesch\u00e4tzte Lesezeit\" \/>\n\t<meta name=\"twitter:data1\" content=\"12\u00a0Minuten\" \/>\n<script type=\"application\/ld+json\" class=\"yoast-schema-graph\">{\"@context\":\"https:\\\/\\\/schema.org\",\"@graph\":[{\"@type\":\"WebPage\",\"@id\":\"https:\\\/\\\/plazatorosmarbella.com\\\/de\\\/allgemeine-bedingungen-und-konditionen\\\/\",\"url\":\"https:\\\/\\\/plazatorosmarbella.com\\\/de\\\/allgemeine-bedingungen-und-konditionen\\\/\",\"name\":\"Allgemeine Bedingungen und Konditionen - Plaza Toros Marbella\",\"isPartOf\":{\"@id\":\"https:\\\/\\\/plazatorosmarbella.com\\\/#website\"},\"datePublished\":\"2024-05-17T10:22:17+00:00\",\"dateModified\":\"2026-04-20T14:28:57+00:00\",\"breadcrumb\":{\"@id\":\"https:\\\/\\\/plazatorosmarbella.com\\\/de\\\/allgemeine-bedingungen-und-konditionen\\\/#breadcrumb\"},\"inLanguage\":\"de\",\"potentialAction\":[{\"@type\":\"ReadAction\",\"target\":[\"https:\\\/\\\/plazatorosmarbella.com\\\/de\\\/allgemeine-bedingungen-und-konditionen\\\/\"]}]},{\"@type\":\"BreadcrumbList\",\"@id\":\"https:\\\/\\\/plazatorosmarbella.com\\\/de\\\/allgemeine-bedingungen-und-konditionen\\\/#breadcrumb\",\"itemListElement\":[{\"@type\":\"ListItem\",\"position\":1,\"name\":\"Portada\",\"item\":\"https:\\\/\\\/plazatorosmarbella.com\\\/de\\\/\"},{\"@type\":\"ListItem\",\"position\":2,\"name\":\"Allgemeine Bedingungen und Konditionen\"}]},{\"@type\":\"WebSite\",\"@id\":\"https:\\\/\\\/plazatorosmarbella.com\\\/#website\",\"url\":\"https:\\\/\\\/plazatorosmarbella.com\\\/\",\"name\":\"Plaza Toros Marbella\",\"description\":\"P\u00e1gina Plaza de Toros de Marbella\",\"potentialAction\":[{\"@type\":\"SearchAction\",\"target\":{\"@type\":\"EntryPoint\",\"urlTemplate\":\"https:\\\/\\\/plazatorosmarbella.com\\\/?s={search_term_string}\"},\"query-input\":{\"@type\":\"PropertyValueSpecification\",\"valueRequired\":true,\"valueName\":\"search_term_string\"}}],\"inLanguage\":\"de\"}]}<\/script>\n<!-- \/ Yoast SEO plugin. -->","yoast_head_json":{"title":"Allgemeine Bedingungen und Konditionen - Plaza Toros Marbella","robots":{"index":"noindex","follow":"follow"},"og_locale":"de_DE","og_type":"article","og_title":"Allgemeine Bedingungen und Konditionen - Plaza Toros Marbella","og_url":"https:\/\/plazatorosmarbella.com\/de\/allgemeine-bedingungen-und-konditionen\/","og_site_name":"Plaza Toros Marbella","article_modified_time":"2026-04-20T14:28:57+00:00","twitter_card":"summary_large_image","twitter_misc":{"Gesch\u00e4tzte Lesezeit":"12\u00a0Minuten"},"schema":{"@context":"https:\/\/schema.org","@graph":[{"@type":"WebPage","@id":"https:\/\/plazatorosmarbella.com\/de\/allgemeine-bedingungen-und-konditionen\/","url":"https:\/\/plazatorosmarbella.com\/de\/allgemeine-bedingungen-und-konditionen\/","name":"Allgemeine Bedingungen und Konditionen - Plaza Toros Marbella","isPartOf":{"@id":"https:\/\/plazatorosmarbella.com\/#website"},"datePublished":"2024-05-17T10:22:17+00:00","dateModified":"2026-04-20T14:28:57+00:00","breadcrumb":{"@id":"https:\/\/plazatorosmarbella.com\/de\/allgemeine-bedingungen-und-konditionen\/#breadcrumb"},"inLanguage":"de","potentialAction":[{"@type":"ReadAction","target":["https:\/\/plazatorosmarbella.com\/de\/allgemeine-bedingungen-und-konditionen\/"]}]},{"@type":"BreadcrumbList","@id":"https:\/\/plazatorosmarbella.com\/de\/allgemeine-bedingungen-und-konditionen\/#breadcrumb","itemListElement":[{"@type":"ListItem","position":1,"name":"Portada","item":"https:\/\/plazatorosmarbella.com\/de\/"},{"@type":"ListItem","position":2,"name":"Allgemeine Bedingungen und Konditionen"}]},{"@type":"WebSite","@id":"https:\/\/plazatorosmarbella.com\/#website","url":"https:\/\/plazatorosmarbella.com\/","name":"Plaza Toros Marbella","description":"P\u00e1gina Plaza de Toros de Marbella","potentialAction":[{"@type":"SearchAction","target":{"@type":"EntryPoint","urlTemplate":"https:\/\/plazatorosmarbella.com\/?s={search_term_string}"},"query-input":{"@type":"PropertyValueSpecification","valueRequired":true,"valueName":"search_term_string"}}],"inLanguage":"de"}]}},"_links":{"self":[{"href":"https:\/\/plazatorosmarbella.com\/de\/wp-json\/wp\/v2\/pages\/9726","targetHints":{"allow":["GET"]}}],"collection":[{"href":"https:\/\/plazatorosmarbella.com\/de\/wp-json\/wp\/v2\/pages"}],"about":[{"href":"https:\/\/plazatorosmarbella.com\/de\/wp-json\/wp\/v2\/types\/page"}],"author":[{"embeddable":true,"href":"https:\/\/plazatorosmarbella.com\/de\/wp-json\/wp\/v2\/users\/2"}],"replies":[{"embeddable":true,"href":"https:\/\/plazatorosmarbella.com\/de\/wp-json\/wp\/v2\/comments?post=9726"}],"version-history":[{"count":10,"href":"https:\/\/plazatorosmarbella.com\/de\/wp-json\/wp\/v2\/pages\/9726\/revisions"}],"predecessor-version":[{"id":9745,"href":"https:\/\/plazatorosmarbella.com\/de\/wp-json\/wp\/v2\/pages\/9726\/revisions\/9745"}],"wp:attachment":[{"href":"https:\/\/plazatorosmarbella.com\/de\/wp-json\/wp\/v2\/media?parent=9726"}],"curies":[{"name":"wp","href":"https:\/\/api.w.org\/{rel}","templated":true}]}}