{"id":9725,"date":"2024-08-28T12:55:40","date_gmt":"2024-08-28T10:55:40","guid":{"rendered":"https:\/\/plazatorosmarbella.com\/stierkampf-shop\/"},"modified":"2026-04-20T16:28:48","modified_gmt":"2026-04-20T14:28:48","slug":"stierkampf-shop","status":"publish","type":"page","link":"https:\/\/plazatorosmarbella.com\/de\/stierkampf-shop\/","title":{"rendered":"Stierkampf Shop"},"content":{"rendered":"<section class=\"l-section wpb_row height_medium\"><div class=\"l-section-h i-cf\"><div class=\"g-cols vc_row via_grid cols_1 laptops-cols_inherit tablets-cols_inherit mobiles-cols_1 valign_top type_default stacking_default\"><div class=\"wpb_column vc_column_container\"><div class=\"vc_column-inner\"><div class=\"wpb_text_column\"><div class=\"wpb_wrapper\"><h1 style=\"text-align: center;\">Stierkampf Shop Marbella<\/h1>\n<p style=\"text-align: center;\">Entdecken Sie alle unsere handgefertigten Stierkampfprodukte<\/p>\n<\/div><\/div><div class=\"w-separator size_medium\"><\/div><div class=\"g-cols wpb_row via_grid cols_3 laptops-cols_inherit tablets-cols_inherit mobiles-cols_1 valign_top type_default stacking_default\" style=\"--columns-gap:3rem;\"><div class=\"wpb_column vc_column_container\"><div class=\"vc_column-inner\"><div class=\"w-image align_none\"><a target=\"_blank\" rel=\"nofollow\" href=\"https:\/\/www.toroshopping.com\/categoria-producto\/juguetes-taurinos\/\" aria-label=\"juguetes-taurinos-2\" class=\"w-image-h\"><img decoding=\"async\" width=\"680\" height=\"910\" src=\"https:\/\/plazatorosmarbella.com\/wp-content\/uploads\/2024\/08\/juguetes-taurinos-2.jpg\" class=\"attachment-full size-full\" alt=\"\" loading=\"lazy\" srcset=\"https:\/\/plazatorosmarbella.com\/wp-content\/uploads\/2024\/08\/juguetes-taurinos-2.jpg 680w, https:\/\/plazatorosmarbella.com\/wp-content\/uploads\/2024\/08\/juguetes-taurinos-2-224x300.jpg 224w, https:\/\/plazatorosmarbella.com\/wp-content\/uploads\/2024\/08\/juguetes-taurinos-2-600x803.jpg 600w\" sizes=\"auto, (max-width: 680px) 100vw, 680px\" \/><\/a><\/div><\/div><\/div><div class=\"wpb_column vc_column_container\"><div class=\"vc_column-inner\"><div class=\"w-image align_none\"><a target=\"_blank\" rel=\"nofollow\" href=\"https:\/\/www.toroshopping.com\/categoria-producto\/accesorios-de-moda-taurina\/bisuteria-taurina\/\" aria-label=\"Bisuteria-taurina\" class=\"w-image-h\"><img decoding=\"async\" width=\"680\" height=\"910\" src=\"https:\/\/plazatorosmarbella.com\/wp-content\/uploads\/2024\/08\/Bisuteria-taurina.jpg\" class=\"attachment-full size-full\" alt=\"\" loading=\"lazy\" srcset=\"https:\/\/plazatorosmarbella.com\/wp-content\/uploads\/2024\/08\/Bisuteria-taurina.jpg 680w, https:\/\/plazatorosmarbella.com\/wp-content\/uploads\/2024\/08\/Bisuteria-taurina-224x300.jpg 224w, https:\/\/plazatorosmarbella.com\/wp-content\/uploads\/2024\/08\/Bisuteria-taurina-600x803.jpg 600w\" sizes=\"auto, (max-width: 680px) 100vw, 680px\" \/><\/a><\/div><\/div><\/div><div class=\"wpb_column vc_column_container\"><div class=\"vc_column-inner\"><div class=\"w-image align_none\"><a target=\"_blank\" rel=\"nofollow\" href=\"https:\/\/www.toroshopping.com\/categoria-producto\/trajes-de-luces\/\" aria-label=\"trajes-de-luces\" class=\"w-image-h\"><img decoding=\"async\" width=\"680\" height=\"910\" src=\"https:\/\/plazatorosmarbella.com\/wp-content\/uploads\/2024\/08\/trajes-de-luces.jpg\" class=\"attachment-full size-full\" alt=\"\" loading=\"lazy\" srcset=\"https:\/\/plazatorosmarbella.com\/wp-content\/uploads\/2024\/08\/trajes-de-luces.jpg 680w, https:\/\/plazatorosmarbella.com\/wp-content\/uploads\/2024\/08\/trajes-de-luces-224x300.jpg 224w, https:\/\/plazatorosmarbella.com\/wp-content\/uploads\/2024\/08\/trajes-de-luces-600x803.jpg 600w\" sizes=\"auto, (max-width: 680px) 100vw, 680px\" \/><\/a><\/div><\/div><\/div><\/div><div class=\"w-separator size_medium\"><\/div><div class=\"g-cols wpb_row via_grid cols_3 laptops-cols_inherit tablets-cols_inherit mobiles-cols_1 valign_top type_default stacking_default\" style=\"--columns-gap:3rem;\"><div class=\"wpb_column vc_column_container\"><div class=\"vc_column-inner\"><div class=\"w-image align_none\"><a target=\"_blank\" rel=\"nofollow\" href=\"https:\/\/www.toroshopping.com\/categoria-producto\/arte-y-decoracion\/\" aria-label=\"decoracion-taurina\" class=\"w-image-h\"><img decoding=\"async\" width=\"680\" height=\"910\" src=\"https:\/\/plazatorosmarbella.com\/wp-content\/uploads\/2024\/08\/decoracion-taurina.jpg\" class=\"attachment-full size-full\" alt=\"\" loading=\"lazy\" srcset=\"https:\/\/plazatorosmarbella.com\/wp-content\/uploads\/2024\/08\/decoracion-taurina.jpg 680w, https:\/\/plazatorosmarbella.com\/wp-content\/uploads\/2024\/08\/decoracion-taurina-224x300.jpg 224w, https:\/\/plazatorosmarbella.com\/wp-content\/uploads\/2024\/08\/decoracion-taurina-600x803.jpg 600w\" sizes=\"auto, (max-width: 680px) 100vw, 680px\" \/><\/a><\/div><\/div><\/div><div class=\"wpb_column vc_column_container\"><div class=\"vc_column-inner\"><div class=\"w-image align_none\"><a target=\"_blank\" rel=\"nofollow\" href=\"https:\/\/www.toroshopping.com\/categoria-producto\/moda-taurina\/\" aria-label=\"Ropa-taurina\" class=\"w-image-h\"><img decoding=\"async\" width=\"680\" height=\"910\" src=\"https:\/\/plazatorosmarbella.com\/wp-content\/uploads\/2024\/08\/Ropa-taurina.jpg\" class=\"attachment-full size-full\" alt=\"\" loading=\"lazy\" srcset=\"https:\/\/plazatorosmarbella.com\/wp-content\/uploads\/2024\/08\/Ropa-taurina.jpg 680w, https:\/\/plazatorosmarbella.com\/wp-content\/uploads\/2024\/08\/Ropa-taurina-224x300.jpg 224w, https:\/\/plazatorosmarbella.com\/wp-content\/uploads\/2024\/08\/Ropa-taurina-600x803.jpg 600w\" sizes=\"auto, (max-width: 680px) 100vw, 680px\" \/><\/a><\/div><\/div><\/div><div class=\"wpb_column vc_column_container\"><div class=\"vc_column-inner\"><div class=\"w-image align_none\"><a target=\"_blank\" rel=\"nofollow\" href=\"https:\/\/www.toroshopping.com\/actividades-taurinas\/\" aria-label=\"actividades-taurinas-2\" class=\"w-image-h\"><img decoding=\"async\" width=\"680\" height=\"910\" src=\"https:\/\/plazatorosmarbella.com\/wp-content\/uploads\/2024\/08\/actividades-taurinas-2.jpg\" class=\"attachment-full size-full\" alt=\"\" loading=\"lazy\" srcset=\"https:\/\/plazatorosmarbella.com\/wp-content\/uploads\/2024\/08\/actividades-taurinas-2.jpg 680w, https:\/\/plazatorosmarbella.com\/wp-content\/uploads\/2024\/08\/actividades-taurinas-2-224x300.jpg 224w, https:\/\/plazatorosmarbella.com\/wp-content\/uploads\/2024\/08\/actividades-taurinas-2-600x803.jpg 600w\" sizes=\"auto, (max-width: 680px) 100vw, 680px\" \/><\/a><\/div><\/div><\/div><\/div><\/div><\/div><\/div><\/div><\/section><section class=\"l-section wpb_row height_medium\"><div class=\"l-section-h i-cf\"><div class=\"g-cols vc_row via_grid cols_1 laptops-cols_inherit tablets-cols_inherit mobiles-cols_1 valign_top type_default stacking_default\"><div class=\"wpb_column vc_column_container\"><div class=\"vc_column-inner\"><div class=\"wpb_text_column\"><div class=\"wpb_wrapper\"><h2><strong>Stierkampf Online Shop in Marbella: Tradition und Stierkampfkunst an einem Ort<\/strong><\/h2>\n<p>Entdecken Sie in unserem Online-Stierkampf-Shop in Marbella ein einzigartiges Einkaufserlebnis, bei dem Tradition und Leidenschaft f\u00fcr die Kunst des Stierkampfes zusammenkommen. Wir bieten Ihnen eine exklusive Auswahl an Stierkampfprodukten, von Umh\u00e4ngen und Kr\u00fccken bis hin zu Stierkampfkost\u00fcmen und Accessoires, die f\u00fcr echte Stierkampf-Enthusiasten bestimmt sind. Jeder Artikel spiegelt die reiche Geschichte und das Erbe dieser edlen Kunst wider, die Sie jetzt in die Hand nehmen k\u00f6nnen.<\/p>\n<\/div><\/div><div class=\"w-separator size_large\"><\/div><div class=\"g-cols wpb_row via_grid cols_2 laptops-cols_inherit tablets-cols_inherit mobiles-cols_1 valign_top type_default stacking_default\" style=\"--columns-gap:3rem;\"><div class=\"wpb_column vc_column_container\"><div class=\"vc_column-inner\"><div class=\"w-tabs style_default switch_click accordion has_scrolling\" style=\"--sections-title-size:inherit\"><div class=\"w-tabs-sections titles-align_none icon_chevron cpos_right\"><div class=\"w-tabs-section\" id=\"f435\"><button class=\"w-tabs-section-header\" aria-controls=\"content-f435\" aria-expanded=\"false\"><div class=\"w-tabs-section-title\">Qualit\u00e4tsprodukte f\u00fcr den Stierkampf in Marbella<\/div><div class=\"w-tabs-section-control\"><\/div><\/button><div  class=\"w-tabs-section-content\" id=\"content-f435\"><div class=\"w-tabs-section-content-h i-cf\"><div class=\"wpb_text_column\"><div class=\"wpb_wrapper\"><p>In unserem Online-Shop ist Qualit\u00e4t unsere Priorit\u00e4t. Wir arbeiten mit renommierten Kunsthandwerkern und Herstellern zusammen, die unsere Leidenschaft f\u00fcr den Stierkampf teilen. Hier finden Sie Produkte aus den besten Materialien, die f\u00fcr Stierkampfprofis, Sammler und Liebhaber gleicherma\u00dfen ideal sind. Ob Sie nun einen Stierkampfanzug f\u00fcr einen besonderen Anlass oder eine Capote f\u00fcr das Training suchen, in unserem Shop finden Sie, was Sie brauchen.<\/p>\n<\/div><\/div><\/div><\/div><\/div><div class=\"w-tabs-section\" id=\"f5ea\"><button class=\"w-tabs-section-header\" aria-controls=\"content-f5ea\" aria-expanded=\"false\"><div class=\"w-tabs-section-title\">Ihre Referenz f\u00fcr Stierkampfprodukte in Marbella<\/div><div class=\"w-tabs-section-control\"><\/div><\/button><div  class=\"w-tabs-section-content\" id=\"content-f5ea\"><div class=\"w-tabs-section-content-h i-cf\"><div class=\"wpb_text_column\"><div class=\"wpb_wrapper\"><p>Wir haben uns dank unseres Engagements und unserer Hingabe f\u00fcr unsere Kunden als Referenzgesch\u00e4ft in Marbella etabliert. Wir bieten Ihnen ein unvergleichliches Einkaufserlebnis, mit pers\u00f6nlicher Betreuung und schneller Lieferung in jede Ecke Spaniens. Unser Ziel ist es, Sie mit allem zu versorgen, was Sie brauchen, um den Stierkampf mit der gleichen Leidenschaft zu leben, mit der er entstanden ist.<\/p>\n<\/div><\/div><\/div><\/div><\/div><\/div><\/div><\/div><\/div><div class=\"wpb_column vc_column_container\"><div class=\"vc_column-inner\"><div class=\"w-tabs style_default switch_click accordion has_scrolling\" style=\"--sections-title-size:inherit\"><div class=\"w-tabs-sections titles-align_none icon_chevron cpos_right\"><div class=\"w-tabs-section\" id=\"m09c\"><button class=\"w-tabs-section-header\" aria-controls=\"content-m09c\" aria-expanded=\"false\"><div class=\"w-tabs-section-title\">Vorteile beim Kauf in unserem Stierkampf Online Shop<\/div><div class=\"w-tabs-section-control\"><\/div><\/button><div  class=\"w-tabs-section-content\" id=\"content-m09c\"><div class=\"w-tabs-section-content-h i-cf\"><div class=\"wpb_text_column\"><div class=\"wpb_wrapper\"><ul>\n<li><strong>Exklusive Auswahl:<\/strong> Wir haben eine Reihe einzigartiger Produkte, die aufgrund ihrer Qualit\u00e4t und Authentizit\u00e4t ausgew\u00e4hlt wurden.<\/li>\n<li><strong>Kundenservice:<\/strong> Wir bieten Ihnen einen engen und pers\u00f6nlichen Service und helfen Ihnen, den perfekten Artikel zu finden.<\/li>\n<li><strong>Versand in ganz Spanien:<\/strong> Ganz gleich, wo Sie sich befinden, wir bringen die Stierkampftradition zu Ihnen nach Hause.<\/li>\n<li><strong>Sicheres Einkaufen:<\/strong> Unsere Plattform garantiert einfaches, schnelles und sicheres Einkaufen, so dass Sie Ihre Produkte mit vollem Vertrauen kaufen k\u00f6nnen.<\/li>\n<\/ul>\n<\/div><\/div><\/div><\/div><\/div><div class=\"w-tabs-section\" id=\"n24d\"><button class=\"w-tabs-section-header\" aria-controls=\"content-n24d\" aria-expanded=\"false\"><div class=\"w-tabs-section-title\">Entdecken Sie unsere Stierkampf-Kollektion in Marbella<\/div><div class=\"w-tabs-section-control\"><\/div><\/button><div  class=\"w-tabs-section-content\" id=\"content-n24d\"><div class=\"w-tabs-section-content-h i-cf\"><div class=\"wpb_text_column\"><div class=\"wpb_wrapper\"><p>Wir laden alle Liebhaber des Stierkampfes ein, unseren Online-Stierkampf-Shop in Marbella zu erkunden. Hier finden Sie Produkte, die nicht nur funktionell sind, sondern auch die Kunst und Kultur des Stierkampfes feiern. Besuchen Sie uns und nehmen Sie ein St\u00fcck der Welt des Stierkampfes mit, mit der Qualit\u00e4t und Authentizit\u00e4t, die Sie verdienen.<\/p>\n<\/div><\/div><\/div><\/div><\/div><\/div><\/div><\/div><\/div><\/div><\/div><\/div><\/div><\/div><\/section>\n","protected":false},"excerpt":{"rendered":"Stierkampf Shop Marbella Entdecken Sie alle unsere handgefertigten Stierkampfprodukte Stierkampf Online Shop in Marbella: Tradition und Stierkampfkunst an einem Ort Entdecken Sie in unserem Online-Stierkampf-Shop in Marbella ein einzigartiges Einkaufserlebnis, bei dem Tradition und Leidenschaft f\u00fcr die Kunst des Stierkampfes zusammenkommen. Wir bieten Ihnen eine exklusive Auswahl an Stierkampfprodukten, von Umh\u00e4ngen und Kr\u00fccken bis hin...","protected":false},"author":2,"featured_media":0,"parent":0,"menu_order":0,"comment_status":"closed","ping_status":"closed","template":"","meta":{"footnotes":""},"class_list":["post-9725","page","type-page","status-publish","hentry"],"yoast_head":"<!-- This site is optimized with the Yoast SEO plugin v27.4 - https:\/\/yoast.com\/product\/yoast-seo-wordpress\/ -->\n<title>Stierkampf Online Shop von Marbella| Stierkampf Produkte<\/title>\n<meta name=\"description\" content=\"Stierkampf-Online-Shop, spezialisiert auf alle Arten von Stierkampfprodukten f\u00fcr Amateure oder Profis in Marbella [Artesan\u00edas Taurinas].\" \/>\n<meta name=\"robots\" content=\"index, follow, max-snippet:-1, max-image-preview:large, max-video-preview:-1\" \/>\n<link rel=\"canonical\" href=\"https:\/\/plazatorosmarbella.com\/de\/stierkampf-shop\/\" \/>\n<meta property=\"og:locale\" content=\"de_DE\" \/>\n<meta property=\"og:type\" content=\"article\" \/>\n<meta property=\"og:title\" content=\"Stierkampf Online Shop von Marbella| Stierkampf Produkte\" \/>\n<meta property=\"og:description\" content=\"Stierkampf-Online-Shop, spezialisiert auf alle Arten von Stierkampfprodukten f\u00fcr Amateure oder Profis in Marbella [Artesan\u00edas Taurinas].\" \/>\n<meta property=\"og:url\" content=\"https:\/\/plazatorosmarbella.com\/de\/stierkampf-shop\/\" \/>\n<meta property=\"og:site_name\" content=\"Plaza Toros Marbella\" \/>\n<meta property=\"article:modified_time\" content=\"2026-04-20T14:28:48+00:00\" \/>\n<meta name=\"twitter:card\" content=\"summary_large_image\" \/>\n<meta name=\"twitter:label1\" content=\"Gesch\u00e4tzte Lesezeit\" \/>\n\t<meta name=\"twitter:data1\" content=\"4\u00a0Minute\" \/>\n<script type=\"application\/ld+json\" class=\"yoast-schema-graph\">{\"@context\":\"https:\\\/\\\/schema.org\",\"@graph\":[{\"@type\":\"WebPage\",\"@id\":\"https:\\\/\\\/plazatorosmarbella.com\\\/de\\\/stierkampf-shop\\\/\",\"url\":\"https:\\\/\\\/plazatorosmarbella.com\\\/de\\\/stierkampf-shop\\\/\",\"name\":\"Stierkampf Online Shop von Marbella| Stierkampf Produkte\",\"isPartOf\":{\"@id\":\"https:\\\/\\\/plazatorosmarbella.com\\\/de\\\/#website\"},\"datePublished\":\"2024-08-28T10:55:40+00:00\",\"dateModified\":\"2026-04-20T14:28:48+00:00\",\"description\":\"Stierkampf-Online-Shop, spezialisiert auf alle Arten von Stierkampfprodukten f\u00fcr Amateure oder Profis in Marbella [Artesan\u00edas Taurinas].\",\"breadcrumb\":{\"@id\":\"https:\\\/\\\/plazatorosmarbella.com\\\/de\\\/stierkampf-shop\\\/#breadcrumb\"},\"inLanguage\":\"de\",\"potentialAction\":[{\"@type\":\"ReadAction\",\"target\":[\"https:\\\/\\\/plazatorosmarbella.com\\\/de\\\/stierkampf-shop\\\/\"]}]},{\"@type\":\"BreadcrumbList\",\"@id\":\"https:\\\/\\\/plazatorosmarbella.com\\\/de\\\/stierkampf-shop\\\/#breadcrumb\",\"itemListElement\":[{\"@type\":\"ListItem\",\"position\":1,\"name\":\"Portada\",\"item\":\"https:\\\/\\\/plazatorosmarbella.com\\\/de\\\/\"},{\"@type\":\"ListItem\",\"position\":2,\"name\":\"Stierkampf Shop\"}]},{\"@type\":\"WebSite\",\"@id\":\"https:\\\/\\\/plazatorosmarbella.com\\\/de\\\/#website\",\"url\":\"https:\\\/\\\/plazatorosmarbella.com\\\/de\\\/\",\"name\":\"Plaza Toros Marbella\",\"description\":\"P\u00e1gina Plaza de Toros de Marbella\",\"potentialAction\":[{\"@type\":\"SearchAction\",\"target\":{\"@type\":\"EntryPoint\",\"urlTemplate\":\"https:\\\/\\\/plazatorosmarbella.com\\\/de\\\/?s={search_term_string}\"},\"query-input\":{\"@type\":\"PropertyValueSpecification\",\"valueRequired\":true,\"valueName\":\"search_term_string\"}}],\"inLanguage\":\"de\"}]}<\/script>\n<!-- \/ Yoast SEO plugin. -->","yoast_head_json":{"title":"Stierkampf Online Shop von Marbella| Stierkampf Produkte","description":"Stierkampf-Online-Shop, spezialisiert auf alle Arten von Stierkampfprodukten f\u00fcr Amateure oder Profis in Marbella [Artesan\u00edas Taurinas].","robots":{"index":"index","follow":"follow","max-snippet":"max-snippet:-1","max-image-preview":"max-image-preview:large","max-video-preview":"max-video-preview:-1"},"canonical":"https:\/\/plazatorosmarbella.com\/de\/stierkampf-shop\/","og_locale":"de_DE","og_type":"article","og_title":"Stierkampf Online Shop von Marbella| Stierkampf Produkte","og_description":"Stierkampf-Online-Shop, spezialisiert auf alle Arten von Stierkampfprodukten f\u00fcr Amateure oder Profis in Marbella [Artesan\u00edas Taurinas].","og_url":"https:\/\/plazatorosmarbella.com\/de\/stierkampf-shop\/","og_site_name":"Plaza Toros Marbella","article_modified_time":"2026-04-20T14:28:48+00:00","twitter_card":"summary_large_image","twitter_misc":{"Gesch\u00e4tzte Lesezeit":"4\u00a0Minute"},"schema":{"@context":"https:\/\/schema.org","@graph":[{"@type":"WebPage","@id":"https:\/\/plazatorosmarbella.com\/de\/stierkampf-shop\/","url":"https:\/\/plazatorosmarbella.com\/de\/stierkampf-shop\/","name":"Stierkampf Online Shop von Marbella| Stierkampf Produkte","isPartOf":{"@id":"https:\/\/plazatorosmarbella.com\/de\/#website"},"datePublished":"2024-08-28T10:55:40+00:00","dateModified":"2026-04-20T14:28:48+00:00","description":"Stierkampf-Online-Shop, spezialisiert auf alle Arten von Stierkampfprodukten f\u00fcr Amateure oder Profis in Marbella [Artesan\u00edas Taurinas].","breadcrumb":{"@id":"https:\/\/plazatorosmarbella.com\/de\/stierkampf-shop\/#breadcrumb"},"inLanguage":"de","potentialAction":[{"@type":"ReadAction","target":["https:\/\/plazatorosmarbella.com\/de\/stierkampf-shop\/"]}]},{"@type":"BreadcrumbList","@id":"https:\/\/plazatorosmarbella.com\/de\/stierkampf-shop\/#breadcrumb","itemListElement":[{"@type":"ListItem","position":1,"name":"Portada","item":"https:\/\/plazatorosmarbella.com\/de\/"},{"@type":"ListItem","position":2,"name":"Stierkampf Shop"}]},{"@type":"WebSite","@id":"https:\/\/plazatorosmarbella.com\/de\/#website","url":"https:\/\/plazatorosmarbella.com\/de\/","name":"Plaza Toros Marbella","description":"P\u00e1gina Plaza de Toros de Marbella","potentialAction":[{"@type":"SearchAction","target":{"@type":"EntryPoint","urlTemplate":"https:\/\/plazatorosmarbella.com\/de\/?s={search_term_string}"},"query-input":{"@type":"PropertyValueSpecification","valueRequired":true,"valueName":"search_term_string"}}],"inLanguage":"de"}]}},"_links":{"self":[{"href":"https:\/\/plazatorosmarbella.com\/de\/wp-json\/wp\/v2\/pages\/9725","targetHints":{"allow":["GET"]}}],"collection":[{"href":"https:\/\/plazatorosmarbella.com\/de\/wp-json\/wp\/v2\/pages"}],"about":[{"href":"https:\/\/plazatorosmarbella.com\/de\/wp-json\/wp\/v2\/types\/page"}],"author":[{"embeddable":true,"href":"https:\/\/plazatorosmarbella.com\/de\/wp-json\/wp\/v2\/users\/2"}],"replies":[{"embeddable":true,"href":"https:\/\/plazatorosmarbella.com\/de\/wp-json\/wp\/v2\/comments?post=9725"}],"version-history":[{"count":2,"href":"https:\/\/plazatorosmarbella.com\/de\/wp-json\/wp\/v2\/pages\/9725\/revisions"}],"predecessor-version":[{"id":9728,"href":"https:\/\/plazatorosmarbella.com\/de\/wp-json\/wp\/v2\/pages\/9725\/revisions\/9728"}],"wp:attachment":[{"href":"https:\/\/plazatorosmarbella.com\/de\/wp-json\/wp\/v2\/media?parent=9725"}],"curies":[{"name":"wp","href":"https:\/\/api.w.org\/{rel}","templated":true}]}}