{"id":9721,"date":"2024-05-16T10:56:20","date_gmt":"2024-05-16T08:56:20","guid":{"rendered":"https:\/\/plazatorosmarbella.com\/datenschutzbestimmungen\/"},"modified":"2026-04-20T16:28:45","modified_gmt":"2026-04-20T14:28:45","slug":"datenschutzbestimmungen","status":"publish","type":"page","link":"https:\/\/plazatorosmarbella.com\/de\/datenschutzbestimmungen\/","title":{"rendered":"Datenschutzbestimmungen"},"content":{"rendered":"<section class=\"l-section wpb_row height_medium\"><div class=\"l-section-h i-cf\"><div class=\"g-cols vc_row via_grid cols_1 laptops-cols_inherit tablets-cols_inherit mobiles-cols_1 valign_top type_default stacking_default\"><div class=\"wpb_column vc_column_container\"><div class=\"vc_column-inner\"><div class=\"wpb_text_column\"><div class=\"wpb_wrapper\"><h1>Datenschutzbestimmungen<\/h1>\n<h3>Schutz personenbezogener Daten gem\u00e4\u00df der GDPR<\/h3>\n<p>Toroshopping, S.L. informiert in Anwendung der geltenden Gesetzgebung zum <a href=\"https:\/\/protecciondatos-lopd.com\/auditoria\/proteccion-datos\/\" target=\"_blank\" rel=\"noopener\" data-saferedirecturl=\"https:\/\/www.google.com\/url?q=https:\/\/protecciondatos-lopd.com\/auditoria\/proteccion-datos\/&amp;source=gmail&amp;ust=1693983469555000&amp;usg=AOvVaw06cAt1rQmvPvcyiRrzyEtd\">Schutz personenbezogener Daten<\/a>, dass die \u00fcber die Formulare auf der Website https:\/\/plazatorosmarbella.com\/ erhobenen personenbezogenen Daten in die spezifischen automatisierten Dateien der Nutzer der Dienstleistungen von Toroshopping, S.L. aufgenommen werden.<\/p>\n<p>Die Erhebung und automatisierte Verarbeitung personenbezogener Daten dient dem Zweck der Pflege der Gesch\u00e4ftsbeziehung und der Erf\u00fcllung von Aufgaben der Information, Schulung, Beratung und anderer Aktivit\u00e4ten von Toroshopping, SL.<\/p>\n<p>Diese Daten werden nur an diejenigen Stellen weitergegeben, die f\u00fcr den alleinigen Zweck der Erf\u00fcllung des vorgenannten Zwecks erforderlich sind.<\/p>\n<p>Toroshopping, S.L. ergreift die notwendigen Ma\u00dfnahmen, um die Sicherheit, Integrit\u00e4t und Vertraulichkeit der Daten gem\u00e4\u00df den Bestimmungen der Verordnung (EU) 2016\/679 des Europ\u00e4ischen Parlaments und des Rates vom 27. April 2016 zum Schutz nat\u00fcrlicher Personen bei der Verarbeitung personenbezogener Daten und zum freien Datenverkehr und zur Aufhebung der alten LOPD, dem neuen Organgesetz 3\/2018 vom 5. Dezember \u00fcber den Datenschutz und die Garantie digitaler Rechte (LOPDGDDD) zu gew\u00e4hrleisten.<\/p>\n<p>Der Nutzer kann jederzeit die in der oben genannten Verordnung (EU) anerkannten Rechte auf Auskunft, Widerspruch, Berichtigung, L\u00f6schung, Einschr\u00e4nkung und \u00dcbertragbarkeit aus\u00fcben. Diese Rechte kann der Nutzer aus\u00fcben, indem er eine E-Mail an <a href=\"mailto:info@toroshopping.com\" target=\"_blank\" rel=\"noopener\">info@toroshopping.com<\/a> oder an die folgende Adresse sendet: Centro Melior Vasari. Urbanizaci\u00f3n La Alzambra, 3, Local 1, C.P. 29660 &#8211; Marbella (M\u00e1laga).  <\/p>\n<p>Der Benutzer erkl\u00e4rt, dass alle von ihm angegebenen Daten wahrheitsgetreu und korrekt sind, und verpflichtet sich, sie auf dem neuesten Stand zu halten und Toroshopping, S.L. alle \u00c4nderungen mitzuteilen.<\/p>\n<h5><strong>Zweck der Verarbeitung von personenbezogenen Daten:<\/strong><\/h5>\n<p><strong>Zu welchen Zwecken verarbeiten wir Ihre pers\u00f6nlichen Daten?<\/strong><\/p>\n<p>Toroshopping, S.L. verarbeitet Ihre pers\u00f6nlichen Daten, die \u00fcber die Website https:\/\/plazatorosmarbella.com\/ gesammelt wurden, f\u00fcr folgende Zwecke:<\/p>\n<ol>\n<li>Die Einhaltung der handels-, arbeits-, gesellschafts- und buchhalterischen Verpflichtungen des Unternehmens.<\/li>\n<li>Seine Dienstleistungen entsprechend den besonderen Bed\u00fcrfnissen der Kunden zu erbringen, um die von ihm abgeschlossenen Vertr\u00e4ge zu erf\u00fcllen.<\/li>\n<li>Zusendung von kommerziellen Informationen und Newslettern \u00fcber neue Dienstleistungen, die auf der Website und in der Branche angeboten werden.<\/li>\n<li>Um die auf der Website angebotenen Produkte zu kaufen.<\/li>\n<li>Um die vom Benutzer in Auftrag gegebenen Dienstleistungen zu erbringen.<\/li>\n<li>Versenden Sie Werbeinformationen auf elektronischem Wege.<\/li>\n<li>Geben Sie die vom Benutzer \u00fcber das Kontaktformular angeforderten Informationen ein.<\/li>\n<\/ol>\n<p>Wir erinnern Sie daran, dass Sie der Zusendung kommerzieller Mitteilungen jederzeit widersprechen k\u00f6nnen, indem Sie eine E-Mail an die oben genannte Adresse senden.<\/p>\n<p>Die Felder in diesen Registern m\u00fcssen ausgef\u00fcllt werden, und es ist unm\u00f6glich, die angegebenen Zwecke zu erf\u00fcllen, wenn diese Daten nicht bereitgestellt werden.<\/p>\n<p><strong>Wie lange werden die erfassten pers\u00f6nlichen Daten aufbewahrt?<\/strong><\/p>\n<p>Die zur Verf\u00fcgung gestellten personenbezogenen Daten werden so lange aufbewahrt, wie die Gesch\u00e4ftsbeziehung aufrechterhalten wird oder Sie deren L\u00f6schung nicht verlangen, sowie f\u00fcr den Zeitraum, f\u00fcr den sich aus den erbrachten Dienstleistungen rechtliche Verpflichtungen ergeben k\u00f6nnen.<\/p>\n<h5>Legitimation:<\/h5>\n<p>Die Verarbeitung Ihrer Daten erfolgt auf den folgenden Rechtsgrundlagen, die sie legitimieren:<\/p>\n<ol>\n<li>Die Anfrage nach Informationen und\/oder die Inanspruchnahme der Dienstleistungen von Toroshopping, S.L., deren Bedingungen Ihnen in jedem Fall vor einem eventuellen Vertragsabschluss zur Verf\u00fcgung gestellt werden.<\/li>\n<li>Freie, spezifische, informierte und unmissverst\u00e4ndliche Zustimmung, sofern wir Sie informieren, indem wir Ihnen diese Datenschutzerkl\u00e4rung zur Verf\u00fcgung stellen, die Sie, wenn Sie damit einverstanden sind, nach dem Lesen durch eine Erkl\u00e4rung oder eine eindeutige best\u00e4tigende Handlung, wie das Ankreuzen eines daf\u00fcr vorgesehenen K\u00e4stchens, akzeptieren k\u00f6nnen.<\/li>\n<\/ol>\n<p>Wenn Sie uns Ihre Daten nicht, falsch oder unvollst\u00e4ndig zur Verf\u00fcgung stellen, k\u00f6nnen wir Ihre Anfrage nicht bearbeiten, so dass es uns nicht m\u00f6glich ist, Ihnen die angeforderten Informationen zur Verf\u00fcgung zu stellen oder den Vertrag \u00fcber die Dienstleistungen auszuf\u00fchren.<\/p>\n<h5>Zielgruppe:<\/h5>\n<p>Die Daten werden nicht an Dritte au\u00dferhalb von Toroshopping, S.L. weitergegeben, es sei denn, Sie sind gesetzlich dazu verpflichtet.<\/p>\n<h5>Von den Nutzern der Dienste gesammelte Daten<\/h5>\n<p>In F\u00e4llen, in denen der Benutzer Dateien mit personenbezogenen Daten auf gemeinsam genutzten Hosting-Servern ablegt, ist Toroshopping, S.L. nicht verantwortlich f\u00fcr die Nichteinhaltung der RGPD durch den Benutzer.<\/p>\n<h5>Rechte an geistigem Eigentum  <\/h5>\n<p>Toroshopping, S.L. ist Inhaber aller Urheberrechte, geistigen und gewerblichen Eigentumsrechte, des Know-hows und aller anderen Rechte im Zusammenhang mit den Inhalten der Website https:\/\/plazatorosmarbella.com und den darin angebotenen Dienstleistungen sowie der f\u00fcr ihre Umsetzung erforderlichen Programme und der damit verbundenen Informationen.<\/p>\n<p>Die Vervielf\u00e4ltigung, Ver\u00f6ffentlichung und\/oder jede andere als rein private Nutzung des Inhalts der Website https:\/\/plazatorosmarbella.com ist ohne vorherige schriftliche Zustimmung nicht gestattet.<\/p>\n<h5>Software Geistiges Eigentum<\/h5>\n<p>Der Benutzer muss die von Toroshopping, S.L. zur Verf\u00fcgung gestellte Software von Dritten respektieren, auch wenn sie kostenlos und\/oder \u00f6ffentlich zug\u00e4nglich ist.<\/p>\n<p>Toroshopping, S.L. verf\u00fcgt \u00fcber die notwendigen Verwertungs- und geistigen Eigentumsrechte an der Software.<\/p>\n<p>Der Nutzer erwirbt keine Rechte oder Lizenzen an der vertragsgegenst\u00e4ndlichen Dienstleistung, an der f\u00fcr die Erbringung der Dienstleistung erforderlichen Software sowie an den technischen Informationen zur \u00dcberwachung der Dienstleistung, mit Ausnahme der f\u00fcr die Erf\u00fcllung der vertragsgegenst\u00e4ndlichen Dienstleistungen erforderlichen Rechte und Lizenzen und nur f\u00fcr die Dauer der vertragsgegenst\u00e4ndlichen Dienstleistungen.<\/p>\n<p>F\u00fcr jede Handlung, die \u00fcber die Erf\u00fcllung des Vertrages hinausgeht, ben\u00f6tigt der Benutzer eine schriftliche Genehmigung von Toroshopping, S.L.. Dem Benutzer ist es untersagt, auf die Konfiguration, die Struktur und die Dateien der Server von Toroshopping, S.L. zuzugreifen, sie zu ver\u00e4ndern oder einzusehen. Er tr\u00e4gt die zivil- und strafrechtliche Verantwortung f\u00fcr jeden Vorfall, der sich auf den Servern und den Sicherheitssystemen als direkte Folge einer fahrl\u00e4ssigen oder b\u00f6swilligen Handlung seinerseits ereignet.<\/p>\n<h5>Geistiges Eigentum an gehosteten Inhalten<\/h5>\n<p>Die Nutzung der von Toroshopping, S.L. bereitgestellten Dienste und insbesondere die Nutzung der folgenden Elemente unter Versto\u00df gegen die Gesetzgebung zum geistigen Eigentum:<\/p>\n<ol>\n<li>Nutzung, die gegen das spanische Recht verst\u00f6\u00dft oder die Rechte Dritter verletzt.<\/li>\n<li>Die Ver\u00f6ffentlichung oder \u00dcbermittlung von Inhalten, die nach Meinung von Toroshopping, S.L. gewaltt\u00e4tig, obsz\u00f6n, beleidigend, illegal, rassistisch, fremdenfeindlich oder diffamierend sind.<\/li>\n<li>Cracks, Software-Seriennummern oder andere Inhalte, die die geistigen Eigentumsrechte Dritter verletzen.<\/li>\n<li>Die Erhebung und\/oder Nutzung personenbezogener Daten anderer Nutzer ohne deren ausdr\u00fcckliche Zustimmung oder unter Versto\u00df gegen die Bestimmungen der Verordnung (EU) 2016\/679 des Europ\u00e4ischen Parlaments und des Rates vom 27. April 2016 zum Schutz nat\u00fcrlicher Personen bei der Verarbeitung personenbezogener Daten und zum freien Datenverkehr.<\/li>\n<li>Die Verwendung des Mailservers und der E-Mail-Adressen der Domain f\u00fcr den Versand unerw\u00fcnschter Massen-E-Mails.<\/li>\n<\/ol>\n<p>Der Nutzer tr\u00e4gt die volle Verantwortung f\u00fcr den Inhalt seiner Website, die \u00fcbermittelten und gespeicherten Informationen, die Hypertext-Links, die Anspr\u00fcche Dritter und die rechtlichen Schritte in Bezug auf das geistige Eigentum, die Rechte Dritter und den Schutz von Minderj\u00e4hrigen.<\/p>\n<p>Der Benutzer ist f\u00fcr die Einhaltung der geltenden Gesetze und Vorschriften sowie der Regeln f\u00fcr den Betrieb des Online-Dienstes, des elektronischen Handels, des Urheberrechts, der Aufrechterhaltung der \u00f6ffentlichen Ordnung sowie der allgemeinen Grunds\u00e4tze der Internetnutzung verantwortlich.<\/p>\n<p>Der Benutzer entsch\u00e4digt Toroshopping, S.L. f\u00fcr die Kosten, die Toroshopping, S.L. in jedem Fall entstehen, f\u00fcr den der Benutzer verantwortlich ist, einschlie\u00dflich der Anwalts- und Gerichtskosten, auch im Falle einer nicht endg\u00fcltigen Gerichtsentscheidung.<\/p>\n<h5>Schutz von gehosteten Informationen<\/h5>\n<p>Toroshopping, S.L. erstellt Sicherungskopien der auf seinen Servern gehosteten Inhalte, ist jedoch nicht f\u00fcr den Verlust oder das versehentliche L\u00f6schen von Daten durch Benutzer verantwortlich. Toroshopping, S.L. garantiert auch nicht die vollst\u00e4ndige Wiederherstellung der von den Nutzern gel\u00f6schten Daten, da diese Daten in der Zeit seit der letzten Sicherung gel\u00f6scht und\/oder ver\u00e4ndert worden sein k\u00f6nnten. <\/p>\n<p>Die angebotenen Dienstleistungen, mit Ausnahme spezifischer Backup-Dienste, beinhalten nicht den Ersatz der Inhalte, die in den von Toroshopping, S.L. erstellten Sicherungskopien enthalten sind, wenn dieser Verlust dem Benutzer zuzuschreiben ist; in diesem Fall wird eine Geb\u00fchr je nach Komplexit\u00e4t und Umfang der Wiederherstellung festgelegt, immer mit vorheriger Zustimmung des Benutzers.<\/p>\n<p>Die Wiederherstellung gel\u00f6schter Daten ist nur dann im Preis des Dienstes enthalten, wenn der Verlust der Inhalte auf Ursachen zur\u00fcckzuf\u00fchren ist, die Toroshopping, S.L. zuzuschreiben sind.<\/p>\n<h5>Kommerzielle Kommunikationen<\/h5>\n<p>In Anwendung des LSSI. Toroshopping, S.L. versendet keine Werbe- oder verkaufsf\u00f6rdernden Mitteilungen per E-Mail oder \u00fcber andere gleichwertige elektronische Kommunikationsmittel, die nicht zuvor angefordert oder von den Empf\u00e4ngern ausdr\u00fccklich genehmigt wurden. <\/p>\n<p>Im Falle von Nutzern, mit denen eine fr\u00fchere Vertragsbeziehung besteht, ist Toroshopping, S.L. berechtigt, kommerzielle Mitteilungen \u00fcber Produkte oder Dienstleistungen von Toroshopping, S.L. zu versenden, die denen \u00e4hnlich sind, die urspr\u00fcnglich mit dem Kunden vereinbart wurden.<\/p>\n<p>In jedem Fall kann der Nutzer, nachdem er seine Identit\u00e4t nachgewiesen hat, verlangen, dass ihm \u00fcber die Kan\u00e4le des Kundendienstes keine weiteren kommerziellen Informationen zugesandt werden.<\/p>\n<\/div><\/div><\/div><\/div><\/div><\/div><\/section>\n","protected":false},"excerpt":{"rendered":"Datenschutzbestimmungen Schutz personenbezogener Daten gem\u00e4\u00df der GDPR Toroshopping, S.L. informiert in Anwendung der geltenden Gesetzgebung zum Schutz personenbezogener Daten, dass die \u00fcber die Formulare auf der Website https:\/\/plazatorosmarbella.com\/ erhobenen personenbezogenen Daten in die spezifischen automatisierten Dateien der Nutzer der Dienstleistungen von Toroshopping, S.L. aufgenommen werden. Die Erhebung und automatisierte Verarbeitung personenbezogener Daten dient dem Zweck...","protected":false},"author":2,"featured_media":0,"parent":0,"menu_order":0,"comment_status":"closed","ping_status":"open","template":"","meta":{"footnotes":""},"class_list":["post-9721","page","type-page","status-publish","hentry"],"yoast_head":"<!-- This site is optimized with the Yoast SEO plugin v27.4 - https:\/\/yoast.com\/product\/yoast-seo-wordpress\/ -->\n<title>Datenschutzbestimmungen - Plaza Toros Marbella<\/title>\n<meta name=\"robots\" content=\"noindex, follow\" \/>\n<meta property=\"og:locale\" content=\"de_DE\" \/>\n<meta property=\"og:type\" content=\"article\" \/>\n<meta property=\"og:title\" content=\"Datenschutzbestimmungen - Plaza Toros Marbella\" \/>\n<meta property=\"og:url\" content=\"https:\/\/plazatorosmarbella.com\/de\/datenschutzbestimmungen\/\" \/>\n<meta property=\"og:site_name\" content=\"Plaza Toros Marbella\" \/>\n<meta property=\"article:modified_time\" content=\"2026-04-20T14:28:45+00:00\" \/>\n<meta name=\"twitter:card\" content=\"summary_large_image\" \/>\n<meta name=\"twitter:label1\" content=\"Gesch\u00e4tzte Lesezeit\" \/>\n\t<meta name=\"twitter:data1\" content=\"7\u00a0Minuten\" \/>\n<script type=\"application\/ld+json\" class=\"yoast-schema-graph\">{\"@context\":\"https:\\\/\\\/schema.org\",\"@graph\":[{\"@type\":\"WebPage\",\"@id\":\"https:\\\/\\\/plazatorosmarbella.com\\\/de\\\/datenschutzbestimmungen\\\/\",\"url\":\"https:\\\/\\\/plazatorosmarbella.com\\\/de\\\/datenschutzbestimmungen\\\/\",\"name\":\"Datenschutzbestimmungen - Plaza Toros Marbella\",\"isPartOf\":{\"@id\":\"https:\\\/\\\/plazatorosmarbella.com\\\/#website\"},\"datePublished\":\"2024-05-16T08:56:20+00:00\",\"dateModified\":\"2026-04-20T14:28:45+00:00\",\"breadcrumb\":{\"@id\":\"https:\\\/\\\/plazatorosmarbella.com\\\/de\\\/datenschutzbestimmungen\\\/#breadcrumb\"},\"inLanguage\":\"de\",\"potentialAction\":[{\"@type\":\"ReadAction\",\"target\":[\"https:\\\/\\\/plazatorosmarbella.com\\\/de\\\/datenschutzbestimmungen\\\/\"]}]},{\"@type\":\"BreadcrumbList\",\"@id\":\"https:\\\/\\\/plazatorosmarbella.com\\\/de\\\/datenschutzbestimmungen\\\/#breadcrumb\",\"itemListElement\":[{\"@type\":\"ListItem\",\"position\":1,\"name\":\"Portada\",\"item\":\"https:\\\/\\\/plazatorosmarbella.com\\\/de\\\/\"},{\"@type\":\"ListItem\",\"position\":2,\"name\":\"Datenschutzbestimmungen\"}]},{\"@type\":\"WebSite\",\"@id\":\"https:\\\/\\\/plazatorosmarbella.com\\\/#website\",\"url\":\"https:\\\/\\\/plazatorosmarbella.com\\\/\",\"name\":\"Plaza Toros Marbella\",\"description\":\"P\u00e1gina Plaza de Toros de Marbella\",\"potentialAction\":[{\"@type\":\"SearchAction\",\"target\":{\"@type\":\"EntryPoint\",\"urlTemplate\":\"https:\\\/\\\/plazatorosmarbella.com\\\/?s={search_term_string}\"},\"query-input\":{\"@type\":\"PropertyValueSpecification\",\"valueRequired\":true,\"valueName\":\"search_term_string\"}}],\"inLanguage\":\"de\"}]}<\/script>\n<!-- \/ Yoast SEO plugin. -->","yoast_head_json":{"title":"Datenschutzbestimmungen - Plaza Toros Marbella","robots":{"index":"noindex","follow":"follow"},"og_locale":"de_DE","og_type":"article","og_title":"Datenschutzbestimmungen - Plaza Toros Marbella","og_url":"https:\/\/plazatorosmarbella.com\/de\/datenschutzbestimmungen\/","og_site_name":"Plaza Toros Marbella","article_modified_time":"2026-04-20T14:28:45+00:00","twitter_card":"summary_large_image","twitter_misc":{"Gesch\u00e4tzte Lesezeit":"7\u00a0Minuten"},"schema":{"@context":"https:\/\/schema.org","@graph":[{"@type":"WebPage","@id":"https:\/\/plazatorosmarbella.com\/de\/datenschutzbestimmungen\/","url":"https:\/\/plazatorosmarbella.com\/de\/datenschutzbestimmungen\/","name":"Datenschutzbestimmungen - Plaza Toros Marbella","isPartOf":{"@id":"https:\/\/plazatorosmarbella.com\/#website"},"datePublished":"2024-05-16T08:56:20+00:00","dateModified":"2026-04-20T14:28:45+00:00","breadcrumb":{"@id":"https:\/\/plazatorosmarbella.com\/de\/datenschutzbestimmungen\/#breadcrumb"},"inLanguage":"de","potentialAction":[{"@type":"ReadAction","target":["https:\/\/plazatorosmarbella.com\/de\/datenschutzbestimmungen\/"]}]},{"@type":"BreadcrumbList","@id":"https:\/\/plazatorosmarbella.com\/de\/datenschutzbestimmungen\/#breadcrumb","itemListElement":[{"@type":"ListItem","position":1,"name":"Portada","item":"https:\/\/plazatorosmarbella.com\/de\/"},{"@type":"ListItem","position":2,"name":"Datenschutzbestimmungen"}]},{"@type":"WebSite","@id":"https:\/\/plazatorosmarbella.com\/#website","url":"https:\/\/plazatorosmarbella.com\/","name":"Plaza Toros Marbella","description":"P\u00e1gina Plaza de Toros de Marbella","potentialAction":[{"@type":"SearchAction","target":{"@type":"EntryPoint","urlTemplate":"https:\/\/plazatorosmarbella.com\/?s={search_term_string}"},"query-input":{"@type":"PropertyValueSpecification","valueRequired":true,"valueName":"search_term_string"}}],"inLanguage":"de"}]}},"_links":{"self":[{"href":"https:\/\/plazatorosmarbella.com\/de\/wp-json\/wp\/v2\/pages\/9721","targetHints":{"allow":["GET"]}}],"collection":[{"href":"https:\/\/plazatorosmarbella.com\/de\/wp-json\/wp\/v2\/pages"}],"about":[{"href":"https:\/\/plazatorosmarbella.com\/de\/wp-json\/wp\/v2\/types\/page"}],"author":[{"embeddable":true,"href":"https:\/\/plazatorosmarbella.com\/de\/wp-json\/wp\/v2\/users\/2"}],"replies":[{"embeddable":true,"href":"https:\/\/plazatorosmarbella.com\/de\/wp-json\/wp\/v2\/comments?post=9721"}],"version-history":[{"count":1,"href":"https:\/\/plazatorosmarbella.com\/de\/wp-json\/wp\/v2\/pages\/9721\/revisions"}],"predecessor-version":[{"id":9722,"href":"https:\/\/plazatorosmarbella.com\/de\/wp-json\/wp\/v2\/pages\/9721\/revisions\/9722"}],"wp:attachment":[{"href":"https:\/\/plazatorosmarbella.com\/de\/wp-json\/wp\/v2\/media?parent=9721"}],"curies":[{"name":"wp","href":"https:\/\/api.w.org\/{rel}","templated":true}]}}