{"id":4863,"date":"2024-05-17T10:37:06","date_gmt":"2024-05-17T08:37:06","guid":{"rendered":"https:\/\/plazatorosmarbella.com\/informationen-zum-arena\/"},"modified":"2025-07-25T11:50:54","modified_gmt":"2025-07-25T09:50:54","slug":"informationen-zum-arena","status":"publish","type":"page","link":"https:\/\/plazatorosmarbella.com\/de\/informationen-zum-arena\/","title":{"rendered":"Informationen zum Arena"},"content":{"rendered":"<section class=\"l-section wpb_row height_huge width_custom color_secondary with_img\" style=\"--site-content-width:900px;\"><div class=\"l-section-img\" role=\"img\" aria-label=\"Pr\u00e4sidentschaft der Stierkampfarena von Marbella\" data-img-width=\"1200\" data-img-height=\"900\" style=\"background-image: url(https:\/\/plazatorosmarbella.com\/wp-content\/uploads\/2024\/05\/Plaza-de-toros-de-marbella.webp);\"><\/div><div class=\"l-section-overlay\" style=\"background:rgba(0,0,0,0.65)\"><\/div><div class=\"l-section-h i-cf\"><div class=\"g-cols vc_row via_grid cols_1 laptops-cols_inherit tablets-cols_inherit mobiles-cols_1 valign_top type_default stacking_default\"><div class=\"wpb_column vc_column_container\"><div class=\"vc_column-inner\"><div class=\"w-separator size_medium\"><\/div><h1 class=\"w-text us_custom_eb849559\"><span class=\"w-text-h\"><span class=\"w-text-value\">Informationen zur Stierkampfarena<\/span><\/span><\/h1><\/div><\/div><\/div><\/div><\/section><section class=\"l-section wpb_row height_medium\"><div class=\"l-section-h i-cf\"><div class=\"g-cols vc_row via_grid cols_1 laptops-cols_inherit tablets-cols_inherit mobiles-cols_1 valign_top type_default stacking_default\"><div class=\"wpb_column vc_column_container\"><div class=\"vc_column-inner\"><div class=\"wpb_text_column\"><div class=\"wpb_wrapper\"><p><strong>Willkommen in der Stierkampfarena von Marbella,<\/strong> einem symboltr\u00e4chtigen Ort, der nicht nur ein wesentlicher Bestandteil der andalusischen Stierkampftradition ist, sondern auch ein lebendiges Symbol der reichen Geschichte und Kultur unserer Stadt. Auf dieser Seite laden wir Sie ein, mehr \u00fcber die faszinierenden Besonderheiten unserer Stierkampfarena, ihre reiche und lebendige Geschichte und die aufregenden Ereignisse zu erfahren, die sie zu einem unverzichtbaren Treffpunkt f\u00fcr Liebhaber der Stierkampfkultur und -tradition gemacht haben.<\/p>\n<\/div><\/div><\/div><\/div><\/div><\/div><\/section><section class=\"l-section wpb_row height_auto\"><div class=\"l-section-h i-cf\"><div class=\"g-cols vc_row via_grid cols_2 laptops-cols_inherit tablets-cols_1 mobiles-cols_1 valign_middle type_default reversed stacking_default\" style=\"--columns-gap:0px;\"><div class=\"wpb_column vc_column_container us_custom_07fcfd71 has_bg_color stretched\"><div class=\"vc_column-inner\"><\/div><\/div><div class=\"wpb_column vc_column_container\"><div class=\"vc_column-inner\"><div class=\"w-separator size_huge\"><\/div><div class=\"wpb_text_column us_custom_525019aa\"><div class=\"wpb_wrapper\"><h3>Urspr\u00fcnge des Platzes<\/h3>\n<p>Die Stierkampfarena wurde vom <strong> fl\u00e4mischen Architekten Enrique P\u00e9rez Comendador <\/strong> entworfen und <strong> am 11. Juni 1964<\/strong> w\u00e4hrend der Feierlichkeiten zu San Bernab\u00e9, dem Schutzpatron von Marbella, eingeweiht. Dieser Platz wurde in den 1960er Jahren angelegt, als die Stadt begann, sich zu einem wichtigen Touristenziel an der Costa del Sol zu entwickeln.<\/p>\n<p>Der Bau der Stierkampfarena von Marbella wurde durch den Wunsch motiviert, der Stadt einen Raum zu bieten, der dem Stierkampf gewidmet ist, einer Tradition, die tief in der andalusischen Kultur verwurzelt ist. Die Schaffung des Platzes entsprach dem Bed\u00fcrfnis, diesen Touristen und Einheimischen einen Ort zu bieten, an dem sie Stierk\u00e4mpfe und andere kulturelle Veranstaltungen genie\u00dfen k\u00f6nnen.<\/p>\n<\/div><\/div><div class=\"w-separator size_huge\"><\/div><\/div><\/div><\/div><\/div><\/section><section class=\"l-section wpb_row height_medium\"><div class=\"l-section-h i-cf\"><div class=\"g-cols vc_row via_grid cols_1 laptops-cols_inherit tablets-cols_inherit mobiles-cols_1 valign_top type_default stacking_default\"><div class=\"wpb_column vc_column_container\"><div class=\"vc_column-inner\"><h2 class=\"w-text\"><span class=\"w-text-h\"><span class=\"w-text-value\">Architektur und Design<\/span><\/span><\/h2><div class=\"w-separator size_large\"><\/div><div class=\"w-tabs layout_ver navwidth_auto navpos_left style_trendy switch_click\" style=\"--sections-title-size:1.6em\" data-accordion-at-width=\"1024\"><div class=\"w-tabs-list items_3 align_none\" style=\"font-family:var(--h1-font-family);font-weight:700;line-height:1.7;\"><div class=\"w-tabs-list-h\"><button class=\"w-tabs-item active defined-active\" aria-controls=\"content-k687\" aria-expanded=\"true\"><span class=\"w-tabs-item-title\">Eigenschaften<\/span><\/button><button class=\"w-tabs-item\" aria-controls=\"content-webe\" aria-expanded=\"false\"><span class=\"w-tabs-item-title\">F\u00e4higkeit<\/span><\/button><button class=\"w-tabs-item\" aria-controls=\"content-e6a7\" aria-expanded=\"false\"><span class=\"w-tabs-item-title\">Artikel<\/span><\/button><\/div><\/div><div class=\"w-tabs-sections titles-align_none icon_chevron cpos_right\"><div class=\"w-tabs-section active\" id=\"k687\"><button class=\"w-tabs-section-header active\" aria-controls=\"content-k687\" aria-expanded=\"true\"><h4 class=\"w-tabs-section-title\">Eigenschaften<\/h4><div class=\"w-tabs-section-control\"><\/div><\/button><div  class=\"w-tabs-section-content\" id=\"content-k687\"><div class=\"w-tabs-section-content-h i-cf\"><div class=\"g-cols wpb_row via_grid cols_2 laptops-cols_inherit tablets-cols_inherit mobiles-cols_1 valign_middle type_default stacking_default\" style=\"--columns-gap:3rem;\"><div class=\"wpb_column vc_column_container\"><div class=\"vc_column-inner\"><div class=\"w-image has_ratio align_none\"><div class=\"w-image-h\"><div style=\"padding-bottom:66.6667%\"><\/div><img decoding=\"async\" width=\"1024\" height=\"768\" src=\"https:\/\/plazatorosmarbella.com\/wp-content\/uploads\/2024\/05\/Plaza-de-toros-de-marbella-1024x768.webp\" class=\"attachment-large size-large\" alt=\"Pr\u00e4sidentschaft der Stierkampfarena von Marbella\" loading=\"lazy\" \/><\/div><\/div><\/div><\/div><div class=\"wpb_column vc_column_container\"><div class=\"vc_column-inner\"><div class=\"wpb_text_column\"><div class=\"wpb_wrapper\"><h3>Architektur und Design<\/h3>\n<p>Die Stierkampfarena hat eine kreisf\u00f6rmige Form mit einer breiten Arena von 50 Metern Durchmesser, die mit Albero bedeckt ist und von jedem Punkt aus eine hervorragende Sicht bietet. Die abgestuften Trib\u00fcnen, VIP-Logen und Absperrungen sorgen f\u00fcr Komfort und beste Sicht auf die Messe.<\/p>\n<p>Die Fassade kombiniert traditionelle andalusische Elemente wie Rundb\u00f6gen und schmiedeeiserne Gitter, wobei die Farben Wei\u00df und Albero vorherrschen.<\/p>\n<\/div><\/div><\/div><\/div><\/div><\/div><\/div><\/div><div class=\"w-tabs-section\" id=\"webe\"><button class=\"w-tabs-section-header\" aria-controls=\"content-webe\" aria-expanded=\"false\"><h4 class=\"w-tabs-section-title\">F\u00e4higkeit<\/h4><div class=\"w-tabs-section-control\"><\/div><\/button><div  class=\"w-tabs-section-content\" id=\"content-webe\"><div class=\"w-tabs-section-content-h i-cf\"><div class=\"g-cols wpb_row via_grid cols_2 laptops-cols_inherit tablets-cols_inherit mobiles-cols_1 valign_middle type_default stacking_default\" style=\"--columns-gap:3rem;\"><div class=\"wpb_column vc_column_container\"><div class=\"vc_column-inner\"><div class=\"w-image has_ratio align_none\"><div class=\"w-image-h\"><div style=\"padding-bottom:66.6667%\"><\/div><img decoding=\"async\" width=\"880\" height=\"495\" src=\"https:\/\/plazatorosmarbella.com\/wp-content\/uploads\/2024\/05\/Plaza-de-toros-marbella.webp\" class=\"attachment-large size-large\" alt=\"\" loading=\"lazy\" \/><\/div><\/div><\/div><\/div><div class=\"wpb_column vc_column_container\"><div class=\"vc_column-inner\"><div class=\"wpb_text_column\"><div class=\"wpb_wrapper\"><h3>Architektur des Arenas<\/h3>\n<p>Die Stierkampfarena bietet Platz f\u00fcr etwa 7.000 Zuschauer. Sein Design zeichnet sich durch traditionelle andalusische Linien und Farben aus. Hervorzuheben sind die breiten Stromleitungen und die Architektur, die von allen Standorten aus eine gute Sicht erm\u00f6glicht.<\/p>\n<p>&nbsp;<\/p>\n<\/div><\/div><\/div><\/div><\/div><\/div><\/div><\/div><div class=\"w-tabs-section\" id=\"e6a7\"><button class=\"w-tabs-section-header\" aria-controls=\"content-e6a7\" aria-expanded=\"false\"><h4 class=\"w-tabs-section-title\">Artikel<\/h4><div class=\"w-tabs-section-control\"><\/div><\/button><div  class=\"w-tabs-section-content\" id=\"content-e6a7\"><div class=\"w-tabs-section-content-h i-cf\"><div class=\"g-cols wpb_row via_grid cols_2 laptops-cols_inherit tablets-cols_inherit mobiles-cols_1 valign_middle type_default stacking_default\" style=\"--columns-gap:3rem;\"><div class=\"wpb_column vc_column_container\"><div class=\"vc_column-inner\"><div class=\"w-image has_ratio align_none\"><div class=\"w-image-h\"><div style=\"padding-bottom:66.6667%\"><\/div><img decoding=\"async\" width=\"1024\" height=\"576\" src=\"https:\/\/plazatorosmarbella.com\/wp-content\/uploads\/2024\/05\/Tendidos-plaza-toros-de-Marbella-1024x576.webp\" class=\"attachment-large size-large\" alt=\"\" loading=\"lazy\" \/><\/div><\/div><\/div><\/div><div class=\"wpb_column vc_column_container\"><div class=\"vc_column-inner\"><div class=\"wpb_text_column\"><div class=\"wpb_wrapper\"><h3>Andere R\u00e4ume<\/h3>\n<p>Der Platz verf\u00fcgt \u00fcber mehrere Eing\u00e4nge und Dienstleistungen wie Toiletten und Imbissst\u00e4nde sowie eine Krankenstation. Haupts\u00e4chlich f\u00fcr Stierk\u00e4mpfe konzipiert, finden hier auch Konzerte, Flamenco-Shows und Festivals statt und zeichnen sich durch seine Vielseitigkeit und Akustik aus.<\/p>\n<\/div><\/div><\/div><\/div><\/div><\/div><\/div><\/div><\/div><\/div><\/div><\/div><\/div><\/div><\/section><section class=\"l-section wpb_row height_medium\"><div class=\"l-section-h i-cf\"><div class=\"g-cols vc_row via_grid cols_1 laptops-cols_inherit tablets-cols_inherit mobiles-cols_1 valign_top type_default stacking_default\"><div class=\"wpb_column vc_column_container\"><div class=\"vc_column-inner\"><div class=\"wpb_text_column\"><div class=\"wpb_wrapper\"><h3>Die Stierkampfarena heute<\/h3>\n<p>Obwohl in der Stierkampfarena in der Vergangenheit nur Stierkampfveranstaltungen im Innenbereich stattfanden, k\u00f6nnen Sie heute an allen Arten von Veranstaltungen teilnehmen. Die Stierkampfarena von Marbella wurde in einen Mehrzweckraum umgewandelt, in dem Stierkampfbegeisterte und die breite \u00d6ffentlichkeit die besten Shows der Stadt erleben k\u00f6nnen.<\/p>\n<\/div><\/div><div class=\"w-separator size_large\"><\/div><div class=\"g-cols wpb_row via_grid cols_2 laptops-cols_inherit tablets-cols_inherit mobiles-cols_1 valign_middle type_default stacking_default\" style=\"--columns-gap:3rem;\"><div class=\"wpb_column vc_column_container\"><div class=\"vc_column-inner\"><div class=\"w-image align_none\"><div class=\"w-image-h\"><img decoding=\"async\" width=\"667\" height=\"375\" src=\"https:\/\/plazatorosmarbella.com\/wp-content\/uploads\/2024\/05\/Corrida-de-toros-Marbella.jpg\" class=\"attachment-large size-large\" alt=\"Stierkampf in Marbella\" loading=\"lazy\" srcset=\"https:\/\/plazatorosmarbella.com\/wp-content\/uploads\/2024\/05\/Corrida-de-toros-Marbella.jpg 667w, https:\/\/plazatorosmarbella.com\/wp-content\/uploads\/2024\/05\/Corrida-de-toros-Marbella-600x337.jpg 600w, https:\/\/plazatorosmarbella.com\/wp-content\/uploads\/2024\/05\/Corrida-de-toros-Marbella-300x169.jpg 300w\" sizes=\"auto, (max-width: 667px) 100vw, 667px\" \/><\/div><\/div><\/div><\/div><div class=\"wpb_column vc_column_container\"><div class=\"vc_column-inner\"><div class=\"wpb_text_column us_custom_4481559d\"><div class=\"wpb_wrapper\"><h4>Konzerte<\/h4>\n<p>Die Stierkampfarena wird zu einer B\u00fchne, auf der alle Arten von Veranstaltungen stattfinden, wie Konzerte, visuelle Spektakel oder Festivals im Allgemeinen. Seine Vielseitigkeit und die gro\u00dfen R\u00e4ume erm\u00f6glichen die Ausrichtung von Veranstaltungen aller Art.<\/p>\n<\/div><\/div><div class=\"w-separator size_medium\"><\/div><div class=\"wpb_text_column us_custom_4481559d\"><div class=\"wpb_wrapper\"><h4>Stierk\u00e4mpfe<\/h4>\n<p>Seit 2015 finden in der Stierkampfarena von Marbella aufgrund des Verbots in der Stadt keine Stierk\u00e4mpfe mehr statt. Im Jahr 2024 werden sie jedoch wieder stattfinden. Der Stierkampf kehrte im Juni 2024 mit einem Stierkampf namens \u201eReeinauguration\u201c zur\u00fcck, bei dem auch das 60-j\u00e4hrige Jubil\u00e4um des Platzes gefeiert wurde.<\/p>\n<\/div><\/div><\/div><\/div><\/div><\/div><\/div><\/div><\/div><\/section><section class=\"l-section wpb_row us_custom_402551d6 height_medium width_custom color_footer-bottom with_shape\" style=\"--site-content-width:1000px;\"><div class=\"l-section-shape type_custom pos_top\" style=\"height:50%;\"><svg xmlns=\"http:\/\/www.w3.org\/2000\/svg\" viewBox=\"0 0 64 8\" preserveAspectRatio=\"none\" width=\"100%\" height=\"100%\">\r\n\t<path fill=\"currentColor\" d=\"M64 8 L0 8 L0 0 L64 0 Z\"\/>\r\n<\/svg><\/div><div class=\"l-section-h i-cf\"><div class=\"g-cols vc_row via_grid cols_1 laptops-cols_inherit tablets-cols_inherit mobiles-cols_1 valign_top type_default stacking_default\"><div class=\"wpb_column vc_column_container us_custom_9cf479d2\"><div class=\"vc_column-inner\"><div class=\"g-cols wpb_row us_custom_40059dd0 has_text_color via_grid cols_custom laptops-cols_inherit tablets-cols_3-2 mobiles-cols_1 valign_middle type_default stacking_default\" style=\"--columns-gap:2rem;--custom-columns:2.5fr 2fr 1.5fr\"><div class=\"wpb_column vc_column_container\"><div class=\"vc_column-inner\"><div class=\"w-text us_custom_f379e5e9\"><span class=\"w-text-h\"><span class=\"w-text-value\">M\u00f6chten Sie eine Stierkampfarena besuchen?<\/span><\/span><\/div><\/div><\/div><div class=\"wpb_column vc_column_container us_custom_e28183d5\"><div class=\"vc_column-inner\"><div class=\"w-text us_custom_e5db0a2d has_text_color\"><span class=\"w-text-h\"><span class=\"w-text-value\">Stierkampfarena von M\u00e1laga + Immersive Museumstour<\/span><\/span><\/div><div class=\"w-text\"><span class=\"w-text-h\"><span class=\"w-text-value\">Von \u20ac14<\/span><\/span><\/div><\/div><\/div><div class=\"wpb_column vc_column_container us_custom_ecbbf48f\"><div class=\"vc_column-inner\"><div class=\"w-btn-wrapper default_align_right laptops_align_right tablets_align_left mobiles_align_center\"><a class=\"w-btn us-btn-style_1 us_custom_b4198c51\" target=\"_blank\" href=\"https:\/\/lamalaguetatour.com\"><span class=\"w-btn-label\">Mehr Infos und Reservierungen<\/span><\/a><\/div><\/div><\/div><\/div><\/div><\/div><\/div><\/div><\/section>\n","protected":false},"excerpt":{"rendered":"Informationen zur StierkampfarenaWillkommen in der Stierkampfarena von Marbella, einem symboltr\u00e4chtigen Ort, der nicht nur ein wesentlicher Bestandteil der andalusischen Stierkampftradition ist, sondern auch ein lebendiges Symbol der reichen Geschichte und Kultur unserer Stadt. Auf dieser Seite laden wir Sie ein, mehr \u00fcber die faszinierenden Besonderheiten unserer Stierkampfarena, ihre reiche und lebendige Geschichte und die aufregenden...","protected":false},"author":2,"featured_media":0,"parent":0,"menu_order":0,"comment_status":"closed","ping_status":"closed","template":"","meta":{"footnotes":""},"class_list":["post-4863","page","type-page","status-publish","hentry"],"yoast_head":"<!-- This site is optimized with the Yoast SEO plugin v27.4 - https:\/\/yoast.com\/product\/yoast-seo-wordpress\/ -->\n<title>\u25b7 Informationen \u00fcber die Stierkampfarena Marbella | Offizielle Website<\/title>\n<meta name=\"description\" content=\"Erfahren Sie alles \u00fcber die Stierkampfarena von Marbella: Baujahr, Kuriosit\u00e4ten, aktuelle Nutzung, kommende Veranstaltungen.\" \/>\n<meta name=\"robots\" content=\"index, follow, max-snippet:-1, max-image-preview:large, max-video-preview:-1\" \/>\n<link rel=\"canonical\" href=\"https:\/\/plazatorosmarbella.com\/de\/informationen-zum-arena\/\" \/>\n<meta property=\"og:locale\" content=\"de_DE\" \/>\n<meta property=\"og:type\" content=\"article\" \/>\n<meta property=\"og:title\" content=\"\u25b7 Informationen \u00fcber die Stierkampfarena Marbella | Offizielle Website\" \/>\n<meta property=\"og:description\" content=\"Erfahren Sie alles \u00fcber die Stierkampfarena von Marbella: Baujahr, Kuriosit\u00e4ten, aktuelle Nutzung, kommende Veranstaltungen.\" \/>\n<meta property=\"og:url\" content=\"https:\/\/plazatorosmarbella.com\/de\/informationen-zum-arena\/\" \/>\n<meta property=\"og:site_name\" content=\"Plaza Toros Marbella\" \/>\n<meta property=\"article:modified_time\" content=\"2025-07-25T09:50:54+00:00\" \/>\n<meta name=\"twitter:card\" content=\"summary_large_image\" \/>\n<meta name=\"twitter:label1\" content=\"Gesch\u00e4tzte Lesezeit\" \/>\n\t<meta name=\"twitter:data1\" content=\"7\u00a0Minuten\" \/>\n<script type=\"application\/ld+json\" class=\"yoast-schema-graph\">{\"@context\":\"https:\\\/\\\/schema.org\",\"@graph\":[{\"@type\":\"WebPage\",\"@id\":\"https:\\\/\\\/plazatorosmarbella.com\\\/de\\\/informationen-zum-arena\\\/\",\"url\":\"https:\\\/\\\/plazatorosmarbella.com\\\/de\\\/informationen-zum-arena\\\/\",\"name\":\"\u25b7 Informationen \u00fcber die Stierkampfarena Marbella | Offizielle Website\",\"isPartOf\":{\"@id\":\"https:\\\/\\\/plazatorosmarbella.com\\\/#website\"},\"datePublished\":\"2024-05-17T08:37:06+00:00\",\"dateModified\":\"2025-07-25T09:50:54+00:00\",\"description\":\"Erfahren Sie alles \u00fcber die Stierkampfarena von Marbella: Baujahr, Kuriosit\u00e4ten, aktuelle Nutzung, kommende Veranstaltungen.\",\"breadcrumb\":{\"@id\":\"https:\\\/\\\/plazatorosmarbella.com\\\/de\\\/informationen-zum-arena\\\/#breadcrumb\"},\"inLanguage\":\"de\",\"potentialAction\":[{\"@type\":\"ReadAction\",\"target\":[\"https:\\\/\\\/plazatorosmarbella.com\\\/de\\\/informationen-zum-arena\\\/\"]}]},{\"@type\":\"BreadcrumbList\",\"@id\":\"https:\\\/\\\/plazatorosmarbella.com\\\/de\\\/informationen-zum-arena\\\/#breadcrumb\",\"itemListElement\":[{\"@type\":\"ListItem\",\"position\":1,\"name\":\"Portada\",\"item\":\"https:\\\/\\\/plazatorosmarbella.com\\\/de\\\/\"},{\"@type\":\"ListItem\",\"position\":2,\"name\":\"Informationen zum Arena\"}]},{\"@type\":\"WebSite\",\"@id\":\"https:\\\/\\\/plazatorosmarbella.com\\\/#website\",\"url\":\"https:\\\/\\\/plazatorosmarbella.com\\\/\",\"name\":\"Plaza Toros Marbella\",\"description\":\"P\u00e1gina Plaza de Toros de Marbella\",\"potentialAction\":[{\"@type\":\"SearchAction\",\"target\":{\"@type\":\"EntryPoint\",\"urlTemplate\":\"https:\\\/\\\/plazatorosmarbella.com\\\/?s={search_term_string}\"},\"query-input\":{\"@type\":\"PropertyValueSpecification\",\"valueRequired\":true,\"valueName\":\"search_term_string\"}}],\"inLanguage\":\"de\"}]}<\/script>\n<!-- \/ Yoast SEO plugin. -->","yoast_head_json":{"title":"\u25b7 Informationen \u00fcber die Stierkampfarena Marbella | Offizielle Website","description":"Erfahren Sie alles \u00fcber die Stierkampfarena von Marbella: Baujahr, Kuriosit\u00e4ten, aktuelle Nutzung, kommende Veranstaltungen.","robots":{"index":"index","follow":"follow","max-snippet":"max-snippet:-1","max-image-preview":"max-image-preview:large","max-video-preview":"max-video-preview:-1"},"canonical":"https:\/\/plazatorosmarbella.com\/de\/informationen-zum-arena\/","og_locale":"de_DE","og_type":"article","og_title":"\u25b7 Informationen \u00fcber die Stierkampfarena Marbella | Offizielle Website","og_description":"Erfahren Sie alles \u00fcber die Stierkampfarena von Marbella: Baujahr, Kuriosit\u00e4ten, aktuelle Nutzung, kommende Veranstaltungen.","og_url":"https:\/\/plazatorosmarbella.com\/de\/informationen-zum-arena\/","og_site_name":"Plaza Toros Marbella","article_modified_time":"2025-07-25T09:50:54+00:00","twitter_card":"summary_large_image","twitter_misc":{"Gesch\u00e4tzte Lesezeit":"7\u00a0Minuten"},"schema":{"@context":"https:\/\/schema.org","@graph":[{"@type":"WebPage","@id":"https:\/\/plazatorosmarbella.com\/de\/informationen-zum-arena\/","url":"https:\/\/plazatorosmarbella.com\/de\/informationen-zum-arena\/","name":"\u25b7 Informationen \u00fcber die Stierkampfarena Marbella | Offizielle Website","isPartOf":{"@id":"https:\/\/plazatorosmarbella.com\/#website"},"datePublished":"2024-05-17T08:37:06+00:00","dateModified":"2025-07-25T09:50:54+00:00","description":"Erfahren Sie alles \u00fcber die Stierkampfarena von Marbella: Baujahr, Kuriosit\u00e4ten, aktuelle Nutzung, kommende Veranstaltungen.","breadcrumb":{"@id":"https:\/\/plazatorosmarbella.com\/de\/informationen-zum-arena\/#breadcrumb"},"inLanguage":"de","potentialAction":[{"@type":"ReadAction","target":["https:\/\/plazatorosmarbella.com\/de\/informationen-zum-arena\/"]}]},{"@type":"BreadcrumbList","@id":"https:\/\/plazatorosmarbella.com\/de\/informationen-zum-arena\/#breadcrumb","itemListElement":[{"@type":"ListItem","position":1,"name":"Portada","item":"https:\/\/plazatorosmarbella.com\/de\/"},{"@type":"ListItem","position":2,"name":"Informationen zum Arena"}]},{"@type":"WebSite","@id":"https:\/\/plazatorosmarbella.com\/#website","url":"https:\/\/plazatorosmarbella.com\/","name":"Plaza Toros Marbella","description":"P\u00e1gina Plaza de Toros de Marbella","potentialAction":[{"@type":"SearchAction","target":{"@type":"EntryPoint","urlTemplate":"https:\/\/plazatorosmarbella.com\/?s={search_term_string}"},"query-input":{"@type":"PropertyValueSpecification","valueRequired":true,"valueName":"search_term_string"}}],"inLanguage":"de"}]}},"_links":{"self":[{"href":"https:\/\/plazatorosmarbella.com\/de\/wp-json\/wp\/v2\/pages\/4863","targetHints":{"allow":["GET"]}}],"collection":[{"href":"https:\/\/plazatorosmarbella.com\/de\/wp-json\/wp\/v2\/pages"}],"about":[{"href":"https:\/\/plazatorosmarbella.com\/de\/wp-json\/wp\/v2\/types\/page"}],"author":[{"embeddable":true,"href":"https:\/\/plazatorosmarbella.com\/de\/wp-json\/wp\/v2\/users\/2"}],"replies":[{"embeddable":true,"href":"https:\/\/plazatorosmarbella.com\/de\/wp-json\/wp\/v2\/comments?post=4863"}],"version-history":[{"count":15,"href":"https:\/\/plazatorosmarbella.com\/de\/wp-json\/wp\/v2\/pages\/4863\/revisions"}],"predecessor-version":[{"id":8701,"href":"https:\/\/plazatorosmarbella.com\/de\/wp-json\/wp\/v2\/pages\/4863\/revisions\/8701"}],"wp:attachment":[{"href":"https:\/\/plazatorosmarbella.com\/de\/wp-json\/wp\/v2\/media?parent=4863"}],"curies":[{"name":"wp","href":"https:\/\/api.w.org\/{rel}","templated":true}]}}