{"id":4795,"date":"2024-05-17T12:01:40","date_gmt":"2024-05-17T10:01:40","guid":{"rendered":"https:\/\/plazatorosmarbella.com\/liefertermin-provisionen-und-retouren\/"},"modified":"2024-07-17T11:39:28","modified_gmt":"2024-07-17T09:39:28","slug":"liefertermin-provisionen-und-retouren","status":"publish","type":"page","link":"https:\/\/plazatorosmarbella.com\/de\/liefertermin-provisionen-und-retouren\/","title":{"rendered":"Liefertermin, Provisionen und Retouren"},"content":{"rendered":"<section class=\"l-section wpb_row height_medium\"><div class=\"l-section-h i-cf\"><div class=\"g-cols vc_row via_grid cols_1 laptops-cols_inherit tablets-cols_inherit mobiles-cols_1 valign_top type_default stacking_default\"><div class=\"wpb_column vc_column_container\"><div class=\"vc_column-inner\"><div class=\"wpb_text_column\"><div class=\"wpb_wrapper\"><h1>LIEFERTERMIN UND PROVISIONEN F\u00dcR TICKETS<\/h1>\n<\/div><\/div><div class=\"w-separator size_medium\"><\/div><div class=\"g-cols wpb_row via_grid cols_1 laptops-cols_inherit tablets-cols_inherit mobiles-cols_1 valign_top type_default stacking_default\" style=\"--columns-gap:3rem;\"><div class=\"wpb_column vc_column_container\"><div class=\"vc_column-inner\"><div class=\"wpb_text_column\"><div class=\"wpb_wrapper\"><h3>Lieferdatum:<\/h3>\n<p>Die Tickets werden einige Tage vor der Stierkampfveranstaltung im PDF-Format per E-Mail verschickt. Wir empfehlen Ihnen, Ihren Spam-Ordner zu \u00fcberpr\u00fcfen.<\/p>\n<\/div><\/div><div class=\"wpb_text_column\"><div class=\"wpb_wrapper\"><h3>Verkaufsprovisionen<\/h3>\n<p>In den Tickets ist bereits eine Provision von 10 % der Ausstellungskosten + 10 % der Verwaltungskosten enthalten. Beim Kauf Ihres Tickets m\u00fcssen Sie nichts weiter bezahlen.<\/p>\n<\/div><\/div><div class=\"wpb_text_column\"><div class=\"wpb_wrapper\"><h3>Kehrt zur\u00fcck<\/h3>\n<div>\n<div>LEinlass zum Veranstaltungsort und ggf. R\u00fcckerstattung des Betrags gem\u00e4\u00df der geltenden Gesetzgebung. (Art. 70 RTG) setzt voraus, dass die offizielle Eintragung vollst\u00e4ndig, vollst\u00e4ndig und nicht manipuliert ist.<\/div>\n<\/div>\n<div><\/div>\n<div>\n<div>Die Frist f\u00fcr die R\u00fcckerstattung des Betrags beginnt mit der Bekanntgabe der Aussetzung, Verschiebung oder \u00c4nderung und endet 4 Tage nach dem f\u00fcr die Feier der Show festgelegten Datum bzw. 1 Stunde vor Beginn der Show im Falle einer \u00c4nderung ( Art. 70 RTG).<\/div>\n<div><\/div>\n<div>Wird die Show aus Gr\u00fcnden, die nicht vom Unternehmen zu vertreten sind, oder aufgrund von schlechtem Wetter unterbrochen, hat der Zuschauer, sobald der erste Bulle die Manege betritt, keinen Anspruch auf R\u00fcckerstattung (Art. 70 RTA).<\/div>\n<\/div>\n<\/div><\/div><\/div><\/div><\/div><div class=\"w-separator size_medium\"><\/div><div class=\"w-hwrapper valign_top align_none\" style=\"--hwrapper-gap:1.2rem\"><div class=\"w-btn-wrapper align_none\"><a class=\"w-btn us-btn-style_1\" href=\"https:\/\/plazatorosmarbella.com\/de\/bull-tickets\/\"><span class=\"w-btn-label\">Tickets kaufen<\/span><\/a><\/div><div class=\"w-btn-wrapper align_none\"><a class=\"w-btn us-btn-style_1\" href=\"https:\/\/plazatorosmarbella.com\/de\/cart\/\"><span class=\"w-btn-label\">Zum Einkaufskorb gehen<\/span><\/a><\/div><\/div><\/div><\/div><\/div><\/div><\/section>\n","protected":false},"excerpt":{"rendered":"LIEFERTERMIN UND PROVISIONEN F\u00dcR TICKETS Lieferdatum: Die Tickets werden einige Tage vor der Stierkampfveranstaltung im PDF-Format per E-Mail verschickt. Wir empfehlen Ihnen, Ihren Spam-Ordner zu \u00fcberpr\u00fcfen. Verkaufsprovisionen In den Tickets ist bereits eine Provision von 10 % der Ausstellungskosten + 10 % der Verwaltungskosten enthalten. Beim Kauf Ihres Tickets m\u00fcssen Sie nichts weiter bezahlen. Kehrt...","protected":false},"author":2,"featured_media":0,"parent":0,"menu_order":0,"comment_status":"closed","ping_status":"closed","template":"","meta":{"footnotes":""},"class_list":["post-4795","page","type-page","status-publish","hentry"],"yoast_head":"<!-- This site is optimized with the Yoast SEO plugin v27.5 - https:\/\/yoast.com\/product\/yoast-seo-wordpress\/ -->\n<title>Liefertermin, Provisionen und Retouren - Plaza Toros Marbella<\/title>\n<meta name=\"robots\" content=\"noindex, follow\" \/>\n<meta property=\"og:locale\" content=\"de_DE\" \/>\n<meta property=\"og:type\" content=\"article\" \/>\n<meta property=\"og:title\" content=\"Liefertermin, Provisionen und Retouren - Plaza Toros Marbella\" \/>\n<meta property=\"og:url\" content=\"https:\/\/plazatorosmarbella.com\/de\/liefertermin-provisionen-und-retouren\/\" \/>\n<meta property=\"og:site_name\" content=\"Plaza Toros Marbella\" \/>\n<meta property=\"article:modified_time\" content=\"2024-07-17T09:39:28+00:00\" \/>\n<meta name=\"twitter:card\" content=\"summary_large_image\" \/>\n<meta name=\"twitter:label1\" content=\"Gesch\u00e4tzte Lesezeit\" \/>\n\t<meta name=\"twitter:data1\" content=\"1\u00a0Minute\" \/>\n<script type=\"application\/ld+json\" class=\"yoast-schema-graph\">{\"@context\":\"https:\\\/\\\/schema.org\",\"@graph\":[{\"@type\":\"WebPage\",\"@id\":\"https:\\\/\\\/plazatorosmarbella.com\\\/de\\\/liefertermin-provisionen-und-retouren\\\/\",\"url\":\"https:\\\/\\\/plazatorosmarbella.com\\\/de\\\/liefertermin-provisionen-und-retouren\\\/\",\"name\":\"Liefertermin, Provisionen und Retouren - Plaza Toros Marbella\",\"isPartOf\":{\"@id\":\"https:\\\/\\\/plazatorosmarbella.com\\\/de\\\/#website\"},\"datePublished\":\"2024-05-17T10:01:40+00:00\",\"dateModified\":\"2024-07-17T09:39:28+00:00\",\"breadcrumb\":{\"@id\":\"https:\\\/\\\/plazatorosmarbella.com\\\/de\\\/liefertermin-provisionen-und-retouren\\\/#breadcrumb\"},\"inLanguage\":\"de\",\"potentialAction\":[{\"@type\":\"ReadAction\",\"target\":[\"https:\\\/\\\/plazatorosmarbella.com\\\/de\\\/liefertermin-provisionen-und-retouren\\\/\"]}]},{\"@type\":\"BreadcrumbList\",\"@id\":\"https:\\\/\\\/plazatorosmarbella.com\\\/de\\\/liefertermin-provisionen-und-retouren\\\/#breadcrumb\",\"itemListElement\":[{\"@type\":\"ListItem\",\"position\":1,\"name\":\"Portada\",\"item\":\"https:\\\/\\\/plazatorosmarbella.com\\\/de\\\/\"},{\"@type\":\"ListItem\",\"position\":2,\"name\":\"Liefertermin, Provisionen und Retouren\"}]},{\"@type\":\"WebSite\",\"@id\":\"https:\\\/\\\/plazatorosmarbella.com\\\/de\\\/#website\",\"url\":\"https:\\\/\\\/plazatorosmarbella.com\\\/de\\\/\",\"name\":\"Plaza Toros Marbella\",\"description\":\"P\u00e1gina Plaza de Toros de Marbella\",\"potentialAction\":[{\"@type\":\"SearchAction\",\"target\":{\"@type\":\"EntryPoint\",\"urlTemplate\":\"https:\\\/\\\/plazatorosmarbella.com\\\/de\\\/?s={search_term_string}\"},\"query-input\":{\"@type\":\"PropertyValueSpecification\",\"valueRequired\":true,\"valueName\":\"search_term_string\"}}],\"inLanguage\":\"de\"}]}<\/script>\n<!-- \/ Yoast SEO plugin. -->","yoast_head_json":{"title":"Liefertermin, Provisionen und Retouren - Plaza Toros Marbella","robots":{"index":"noindex","follow":"follow"},"og_locale":"de_DE","og_type":"article","og_title":"Liefertermin, Provisionen und Retouren - Plaza Toros Marbella","og_url":"https:\/\/plazatorosmarbella.com\/de\/liefertermin-provisionen-und-retouren\/","og_site_name":"Plaza Toros Marbella","article_modified_time":"2024-07-17T09:39:28+00:00","twitter_card":"summary_large_image","twitter_misc":{"Gesch\u00e4tzte Lesezeit":"1\u00a0Minute"},"schema":{"@context":"https:\/\/schema.org","@graph":[{"@type":"WebPage","@id":"https:\/\/plazatorosmarbella.com\/de\/liefertermin-provisionen-und-retouren\/","url":"https:\/\/plazatorosmarbella.com\/de\/liefertermin-provisionen-und-retouren\/","name":"Liefertermin, Provisionen und Retouren - Plaza Toros Marbella","isPartOf":{"@id":"https:\/\/plazatorosmarbella.com\/de\/#website"},"datePublished":"2024-05-17T10:01:40+00:00","dateModified":"2024-07-17T09:39:28+00:00","breadcrumb":{"@id":"https:\/\/plazatorosmarbella.com\/de\/liefertermin-provisionen-und-retouren\/#breadcrumb"},"inLanguage":"de","potentialAction":[{"@type":"ReadAction","target":["https:\/\/plazatorosmarbella.com\/de\/liefertermin-provisionen-und-retouren\/"]}]},{"@type":"BreadcrumbList","@id":"https:\/\/plazatorosmarbella.com\/de\/liefertermin-provisionen-und-retouren\/#breadcrumb","itemListElement":[{"@type":"ListItem","position":1,"name":"Portada","item":"https:\/\/plazatorosmarbella.com\/de\/"},{"@type":"ListItem","position":2,"name":"Liefertermin, Provisionen und Retouren"}]},{"@type":"WebSite","@id":"https:\/\/plazatorosmarbella.com\/de\/#website","url":"https:\/\/plazatorosmarbella.com\/de\/","name":"Plaza Toros Marbella","description":"P\u00e1gina Plaza de Toros de Marbella","potentialAction":[{"@type":"SearchAction","target":{"@type":"EntryPoint","urlTemplate":"https:\/\/plazatorosmarbella.com\/de\/?s={search_term_string}"},"query-input":{"@type":"PropertyValueSpecification","valueRequired":true,"valueName":"search_term_string"}}],"inLanguage":"de"}]}},"_links":{"self":[{"href":"https:\/\/plazatorosmarbella.com\/de\/wp-json\/wp\/v2\/pages\/4795","targetHints":{"allow":["GET"]}}],"collection":[{"href":"https:\/\/plazatorosmarbella.com\/de\/wp-json\/wp\/v2\/pages"}],"about":[{"href":"https:\/\/plazatorosmarbella.com\/de\/wp-json\/wp\/v2\/types\/page"}],"author":[{"embeddable":true,"href":"https:\/\/plazatorosmarbella.com\/de\/wp-json\/wp\/v2\/users\/2"}],"replies":[{"embeddable":true,"href":"https:\/\/plazatorosmarbella.com\/de\/wp-json\/wp\/v2\/comments?post=4795"}],"version-history":[{"count":2,"href":"https:\/\/plazatorosmarbella.com\/de\/wp-json\/wp\/v2\/pages\/4795\/revisions"}],"predecessor-version":[{"id":4797,"href":"https:\/\/plazatorosmarbella.com\/de\/wp-json\/wp\/v2\/pages\/4795\/revisions\/4797"}],"wp:attachment":[{"href":"https:\/\/plazatorosmarbella.com\/de\/wp-json\/wp\/v2\/media?parent=4795"}],"curies":[{"name":"wp","href":"https:\/\/api.w.org\/{rel}","templated":true}]}}